{"id":166,"date":"2021-06-01T12:10:02","date_gmt":"2021-06-01T10:10:02","guid":{"rendered":"https:\/\/consumers-views.com\/sk\/?page_id=166"},"modified":"2021-06-01T12:10:02","modified_gmt":"2021-06-01T10:10:02","slug":"zasady-ochrany-osobnych-udajov","status":"publish","type":"page","link":"https:\/\/consumers-views.com\/sk\/zasady-ochrany-osobnych-udajov\/","title":{"rendered":"Z\u00e1sady ochrany osobn\u00fdch \u00fadajov"},"content":{"rendered":"\n<p><strong>1 V\u0161eobecn\u00e9 inform\u00e1cie<\/strong><\/p>\n\n\n\n<ol class=\"wp-block-list\"><li>Tieto z\u00e1sady sa vz\u0165ahuj\u00fa na webov\u00fa str\u00e1nku, ktor\u00e1 funguje na adrese url: <strong>consumers-views.com\/sk\/<\/strong><\/li><li>Prev\u00e1dzkovate\u013e je spr\u00e1vcom va\u0161ich osobn\u00fdch \u00fadajov v s\u00favislosti s \u00fadajmi, ktor\u00e9 ste dobrovo\u013ene poskytli v r\u00e1mci Slu\u017eby.<\/li><li>Slu\u017eba pou\u017e\u00edva osobn\u00e9 \u00fadaje na tieto \u00fa\u010dely:<ul><li>Spustenie syst\u00e9mu koment\u00e1rov<\/li><li>Vybavovanie dopytov prostredn\u00edctvom formul\u00e1ra<\/li><li>Predlo\u017eenie ponuky alebo inform\u00e1ci\u00ed<\/li><li>Slu\u017eba pln\u00ed funkcie z\u00edskavania inform\u00e1ci\u00ed o pou\u017e\u00edvate\u013eoch a ich spr\u00e1van\u00ed nasleduj\u00facim sp\u00f4sobom:<\/li><\/ul><\/li><\/ol>\n\n\n\n<ol class=\"wp-block-list\"><li>Prostredn\u00edctvom \u00fadajov dobrovo\u013ene zadan\u00fdch vo formul\u00e1roch, ktor\u00e9 s\u00fa vlo\u017een\u00e9 do syst\u00e9mov prev\u00e1dzkovate\u013ea.<\/li><li>Ukladan\u00edm s\u00faborov cookie (tzv. &#8222;cookies&#8220;) do v\u00e1\u0161ho koncov\u00e9ho zariadenia.<\/li><\/ol>\n\n\n\n<p><strong>2 Vybran\u00e9 met\u00f3dy ochrany \u00fadajov pou\u017e\u00edvan\u00e9 prev\u00e1dzkovate\u013eom<\/strong><\/p>\n\n\n\n<ol class=\"wp-block-list\"><li>Miesta na prihlasovanie a zad\u00e1vanie osobn\u00fdch \u00fadajov s\u00fa chr\u00e1nen\u00e9 v prenosovej vrstve (certifik\u00e1t SSL). T\u00fdm sa zabezpe\u010d\u00ed, \u017ee osobn\u00e9 a prihlasovacie \u00fadaje zadan\u00e9 na webovej lokalite s\u00fa v po\u010d\u00edta\u010di pou\u017e\u00edvate\u013ea za\u0161ifrovan\u00e9 a mo\u017eno ich pre\u010d\u00edta\u0165 len na cie\u013eovom serveri.<\/li><li>Hesl\u00e1 pou\u017e\u00edvate\u013eov sa ukladaj\u00fa v hashovanej podobe. Ha\u0161ovacia funkcia funguje jednosmerne &#8211; nie je mo\u017en\u00e9 ju obr\u00e1ti\u0165, \u010do je v s\u00fa\u010dasnosti modern\u00fd \u0161tandard ukladania pou\u017e\u00edvate\u013esk\u00fdch hesiel.<\/li><li>Prev\u00e1dzkovate\u013e pravidelne men\u00ed svoje administrat\u00edvne hesl\u00e1.<\/li><li>V z\u00e1ujme ochrany \u00fadajov Prev\u00e1dzkovate\u013e pravidelne vytv\u00e1ra z\u00e1lo\u017en\u00e9 k\u00f3pie.<\/li><li>D\u00f4le\u017eit\u00fdm prvkom ochrany \u00fadajov je pravideln\u00e1 aktualiz\u00e1cia ak\u00e9hoko\u013evek softv\u00e9ru, ktor\u00fd prev\u00e1dzkovate\u013e pou\u017e\u00edva na spracovanie osobn\u00fdch \u00fadajov, \u010do znamen\u00e1 najm\u00e4 pravideln\u00e9 aktualiz\u00e1cie programov\u00fdch komponentov.<\/li><\/ol>\n\n\n\n<p><strong>3. hosting<\/strong><\/p>\n\n\n\n<ol class=\"wp-block-list\"><li>Slu\u017eba je umiestnen\u00e1 (technicky udr\u017eiavan\u00e1) na serveri prev\u00e1dzkovate\u013ea: ovh.com<\/li><li>Hostite\u013esk\u00e1 spolo\u010dnos\u0165:<ul><li>uplat\u0148uje opatrenia na ochranu pred stratou \u00fadajov (napr. diskov\u00e9 polia, pravideln\u00e9 bezpe\u010dnostn\u00e9 k\u00f3pie),<\/li><li>uplat\u0148ova\u0165 vhodn\u00e9 opatrenia na ochranu spracovate\u013esk\u00fdch miest v pr\u00edpade po\u017eiaru (napr. \u0161peci\u00e1lne protipo\u017eiarne syst\u00e9my),<\/li><li>uplat\u0148uje primeran\u00e9 opatrenia na ochranu spracovate\u013esk\u00fdch syst\u00e9mov v pr\u00edpade n\u00e1hleho v\u00fdpadku elektrickej energie (napr. dvojit\u00e9 elektrick\u00e9 vedenie, gener\u00e1tory, z\u00e1lo\u017en\u00e9 syst\u00e9my UPS),<\/li><li>uplat\u0148ova\u0165 opatrenia na fyzick\u00fa ochranu pr\u00edstupu na miesta spracovania \u00fadajov (napr. kontrola pr\u00edstupu, monitorovanie),<\/li><li>uplat\u0148uje opatrenia na zabezpe\u010denie vhodn\u00fdch podmienok prostredia pre servery ako s\u00fa\u010das\u0165 syst\u00e9mu spracovania \u00fadajov (napr. kontrola podmienok prostredia, \u0161pecializovan\u00e9 klimatiza\u010dn\u00e9 syst\u00e9my),<\/li><li>uplat\u0148uje organiza\u010dn\u00e9 opatrenia na zabezpe\u010denie najvy\u0161\u0161ieho mo\u017en\u00e9ho stup\u0148a ochrany a d\u00f4vernosti (\u0161kolenia, intern\u00e9 predpisy, z\u00e1sady pou\u017e\u00edvania hesiel at\u010f.),<\/li><li>vymenovala \u00faradn\u00edka pre ochranu \u00fadajov.<\/li><\/ul><\/li><li>Hostingov\u00e1 spolo\u010dnos\u0165 vedie protokoly na \u00farovni servera, aby zabezpe\u010dila technick\u00fa spo\u013eahlivos\u0165. Protokoly sa m\u00f4\u017eu uklada\u0165:<ul><li>zdroje definovan\u00e9 identifik\u00e1torom URL (adresy po\u017eadovan\u00fdch zdrojov &#8211; str\u00e1nok, s\u00faborov),<\/li><li>\u010das, k\u00fdm pr\u00edde vy\u0161etrovanie,<\/li><li>\u010das na odoslanie odpovede,<\/li><li>n\u00e1zov klientskej stanice &#8211; identifik\u00e1cia realizovan\u00e1 protokolom HTTP,<\/li><li>inform\u00e1cie o chyb\u00e1ch, ktor\u00e9 sa vyskytli po\u010das vykon\u00e1vania transakci\u00ed HTTP,<\/li><li>URL str\u00e1nky, ktor\u00fa pou\u017e\u00edvate\u013e predt\u00fdm nav\u0161t\u00edvil (odkaz na odkaz) &#8211; v pr\u00edpade, \u017ee pr\u00edstup k slu\u017ebe bol uskuto\u010dnen\u00fd prostredn\u00edctvom odkazu,<\/li><li>inform\u00e1cie o va\u0161om prehliada\u010di,<\/li><li>Inform\u00e1cie o IP adrese,<\/li><li>Diagnostick\u00e9 inform\u00e1cie t\u00fdkaj\u00face sa procesu samostatn\u00e9ho objedn\u00e1vania slu\u017eieb prostredn\u00edctvom z\u00e1znamn\u00edkov na webovej str\u00e1nke,<\/li><li>inform\u00e1cie t\u00fdkaj\u00face sa spracovania elektronickej po\u0161ty adresovanej a odoslanej Prev\u00e1dzkovate\u013eom.<\/li><\/ul><\/li><\/ol>\n\n\n\n<p><strong>4. va\u0161e pr\u00e1va a \u010fal\u0161ie inform\u00e1cie o pou\u017e\u00edvan\u00ed va\u0161ich \u00fadajov<\/strong><\/p>\n\n\n\n<ol class=\"wp-block-list\"><li>V niektor\u00fdch situ\u00e1ci\u00e1ch m\u00e1 spr\u00e1vca pr\u00e1vo prenies\u0165 va\u0161e osobn\u00e9 \u00fadaje in\u00fdm pr\u00edjemcom, ak je to potrebn\u00e9 na plnenie zmluvy uzavretej s vami alebo na plnenie povinnost\u00ed spr\u00e1vcu. Toto sa vz\u0165ahuje na tak\u00e9to skupiny pr\u00edjemcov:<ul><li>hostingov\u00e1 spolo\u010dnos\u0165 na z\u00e1klade d\u00f4very<\/li><li>opr\u00e1vnen\u00ed zamestnanci a spolupracovn\u00edci, ktor\u00ed pou\u017e\u00edvaj\u00fa \u00fadaje na dosiahnutie \u00fa\u010delu webovej str\u00e1nky.<\/li><\/ul><\/li><li>Va\u0161e osobn\u00e9 \u00fadaje Spr\u00e1vca sprac\u00fava najdlh\u0161ie po dobu nevyhnutn\u00fa na v\u00fdkon s\u00favisiacich \u010dinnost\u00ed uveden\u00fdch v osobitn\u00fdch predpisoch (napr. na vedenie \u00fa\u010dtovn\u00edctva). Pokia\u013e ide o marketingov\u00e9 \u00fadaje, \u00fadaje sa nesprac\u00favaj\u00fa dlh\u0161ie ako 3 roky.<\/li><li>M\u00e1te pr\u00e1vo po\u017eadova\u0165 od spr\u00e1vcu:<ul><li>pr\u00edstup k va\u0161im osobn\u00fdm \u00fadajom,<\/li><li>ich korigend\u00e1,<\/li><li>vymazania,<\/li><li>obmedzenia spracovania,<\/li><li>a prenos d\u00e1t.<\/li><\/ul><\/li><li>M\u00e1te pr\u00e1vo namieta\u0165 proti sprac\u00favaniu osobn\u00fdch \u00fadajov uveden\u00e9mu v bode 3.3 c) sprac\u00favania osobn\u00fdch \u00fadajov na \u00fa\u010dely uplatnenia opr\u00e1vnen\u00fdch z\u00e1ujmov spr\u00e1vcu vr\u00e1tane profilovania, ale pr\u00e1vo namieta\u0165 sa neuplatn\u00ed, ak existuj\u00fa d\u00f4le\u017eit\u00e9 opr\u00e1vnen\u00e9 d\u00f4vody na sprac\u00favanie, z\u00e1ujmy, pr\u00e1va a slobody, ktor\u00e9 preva\u017euj\u00fa nad va\u0161imi z\u00e1ujmami, najm\u00e4 na preukazovanie, uplat\u0148ovanie alebo obhajovanie va\u0161ich n\u00e1rokov.<\/li><li>Poskytnutie osobn\u00fdch \u00fadajov je dobrovo\u013en\u00e9, ale nevyhnutn\u00e9 na prev\u00e1dzku slu\u017eby.<\/li><li>M\u00f4\u017eete podlieha\u0165 automatizovan\u00fdm rozhodovac\u00edm \u010dinnostiam, vr\u00e1tane profilovania, s cie\u013eom poskytova\u0165 slu\u017eby pod\u013ea zmluvy a vykon\u00e1va\u0165 priamy marketing zo strany spr\u00e1vcu.<\/li><li>Osobn\u00e9 \u00fadaje sa nepren\u00e1\u0161aj\u00fa z tret\u00edch kraj\u00edn v zmysle predpisov o ochrane \u00fadajov. To znamen\u00e1, \u017ee ich neodosielame mimo Eur\u00f3pskej \u00fanie.<\/li><\/ol>\n\n\n\n<p><strong>5. inform\u00e1cie vo formul\u00e1roch<\/strong><\/p>\n\n\n\n<ol class=\"wp-block-list\"><li>Slu\u017eba zhroma\u017e\u010fuje inform\u00e1cie dobrovo\u013ene poskytnut\u00e9 pou\u017e\u00edvate\u013eom vr\u00e1tane pr\u00edpadn\u00fdch osobn\u00fdch \u00fadajov.<\/li><li>Slu\u017eba m\u00f4\u017ee uklada\u0165 inform\u00e1cie o parametroch pripojenia (\u010dasov\u00e1 pe\u010diatka, IP adresa).<\/li><li>Slu\u017eba m\u00f4\u017ee v niektor\u00fdch pr\u00edpadoch ulo\u017ei\u0165 inform\u00e1cie na u\u013eah\u010denie prepojenia \u00fadajov vo formul\u00e1ri s e-mailovou adresou pou\u017e\u00edvate\u013ea, ktor\u00fd formul\u00e1r vyp\u013a\u0148a. V takom pr\u00edpade sa e-mailov\u00e1 adresa pou\u017e\u00edvate\u013ea zobraz\u00ed v url adrese str\u00e1nky obsahuj\u00facej formul\u00e1r.<\/li><li>\u00dadaje uveden\u00e9 vo formul\u00e1ri sa sprac\u00favaj\u00fa na \u00fa\u010del vypl\u00fdvaj\u00faci z funkcie konkr\u00e9tneho formul\u00e1ra, napr. na vybavenie \u017eiadosti o slu\u017ebu alebo obchodn\u00fd kontakt, registr\u00e1ciu slu\u017eieb at\u010f. Kontext a opis formul\u00e1ra zaka\u017ed\u00fdm jasne uv\u00e1dzaj\u00fa, na \u010do sa pou\u017e\u00edva.<\/li><\/ol>\n\n\n\n<p><strong>6 Denn\u00edky spr\u00e1vcov<\/strong><\/p>\n\n\n\n<ol class=\"wp-block-list\"><li>Inform\u00e1cie o spr\u00e1van\u00ed pou\u017e\u00edvate\u013eov na str\u00e1nke m\u00f4\u017eu by\u0165 predmetom prihl\u00e1senia. Tieto \u00fadaje sa pou\u017e\u00edvaj\u00fa na spr\u00e1vu slu\u017eby.<\/li><\/ol>\n\n\n\n<p><strong>7 d\u00f4le\u017eit\u00fdch marketingov\u00fdch techn\u00edk<\/strong><\/p>\n\n\n\n<ol class=\"wp-block-list\"><li>Prev\u00e1dzkovate\u013e pou\u017e\u00edva \u0161tatistick\u00fa anal\u00fdzu n\u00e1v\u0161tevnosti webov\u00fdch str\u00e1nok prostredn\u00edctvom slu\u017eby Google Analytics. Prev\u00e1dzkovate\u013e neposkytuje osobn\u00e9 \u00fadaje prev\u00e1dzkovate\u013eovi tejto slu\u017eby, ale len anonymizovan\u00e9 inform\u00e1cie. Slu\u017eba je zalo\u017een\u00e1 na pou\u017e\u00edvan\u00ed s\u00faborov cookie vo va\u0161om koncovom zariaden\u00ed.<\/li><li>Prev\u00e1dzkovate\u013e pou\u017e\u00edva techniky remarketingu, ktor\u00e9 umo\u017e\u0148uj\u00fa priradi\u0165 reklamn\u00e9 spr\u00e1vy k spr\u00e1vaniu pou\u017e\u00edvate\u013ea na webovej lokalite, \u010do m\u00f4\u017ee vzbudzova\u0165 dojem, \u017ee sa na sledovanie pou\u017e\u00edvate\u013ea pou\u017e\u00edvaj\u00fa jeho osobn\u00e9 \u00fadaje, ale v praxi nedoch\u00e1dza k prenosu \u017eiadnych osobn\u00fdch \u00fadajov od prev\u00e1dzkovate\u013ea k prev\u00e1dzkovate\u013eom reklamy. Technologickou podmienkou tak\u00fdchto \u010dinnost\u00ed je, aby boli povolen\u00e9 s\u00fabory cookie.<\/li><li>Prev\u00e1dzkovate\u013e pou\u017e\u00edva rie\u0161enie, ktor\u00e9 sk\u00fama spr\u00e1vanie pou\u017e\u00edvate\u013eov vytv\u00e1ran\u00edm tepeln\u00fdch m\u00e1p a zaznamen\u00e1van\u00edm spr\u00e1vania na webovej str\u00e1nke. Tieto inform\u00e1cie sa pred odoslan\u00edm poskytovate\u013eovi slu\u017eieb anonymizuj\u00fa, aby nevedel, ktorej osoby sa t\u00fdkaj\u00fa. Nezaznamen\u00e1vaj\u00fa sa najm\u00e4 hesl\u00e1 a in\u00e9 osobn\u00e9 \u00fadaje.<\/li><\/ol>\n\n\n\n<p><strong>8. inform\u00e1cie o s\u00faboroch cookie<\/strong><\/p>\n\n\n\n<ol class=\"wp-block-list\"><li>Webov\u00e1 str\u00e1nka pou\u017e\u00edva s\u00fabory cookie.<\/li><li>S\u00fabory cookie (tzv. &#8222;cookies&#8220;) s\u00fa IT \u00fadaje, najm\u00e4 textov\u00e9 s\u00fabory, ktor\u00e9 sa ukladaj\u00fa do koncov\u00e9ho zariadenia pou\u017e\u00edvate\u013ea slu\u017eby a s\u00fa ur\u010den\u00e9 na pou\u017e\u00edvanie webov\u00fdch str\u00e1nok webovej str\u00e1nky. S\u00fabory cookie zvy\u010dajne obsahuj\u00fa n\u00e1zov webovej str\u00e1nky, z ktorej poch\u00e1dzaj\u00fa, \u010das, kedy s\u00fa ulo\u017een\u00e9 v koncovom zariaden\u00ed, a jedine\u010dn\u00e9 \u010d\u00edslo.<\/li><li>Subjektom, ktor\u00fd umiest\u0148uje s\u00fabory cookie do koncov\u00e9ho zariadenia pou\u017e\u00edvate\u013ea slu\u017eby a z\u00edskava k nim pr\u00edstup, je prev\u00e1dzkovate\u013e slu\u017eby.<\/li><li>S\u00fabory cookie sa pou\u017e\u00edvaj\u00fa na tieto \u00fa\u010dely:<ol><li>udr\u017eiavanie rel\u00e1cie pou\u017e\u00edvate\u013ea slu\u017eby (po prihl\u00e1sen\u00ed), v\u010faka \u010domu nemus\u00ed pou\u017e\u00edvate\u013e na ka\u017edej podstr\u00e1nke slu\u017eby znovu zad\u00e1va\u0165 svoje prihlasovacie meno a heslo;<\/li><li>dosiahnutie cie\u013eov uveden\u00fdch vy\u0161\u0161ie v \u010dasti &#8222;Pr\u00edslu\u0161n\u00e9 marketingov\u00e9 techniky&#8220;;<\/li><\/ol><\/li><li>Slu\u017eba pou\u017e\u00edva dva z\u00e1kladn\u00e9 typy s\u00faborov cookie: S\u00fabory cookie &#8222;rel\u00e1cie&#8220; (session cookies) a &#8222;trval\u00e9&#8220; (persistent cookies). S\u00fabory &#8222;session&#8220; s\u00fa do\u010dasn\u00e9 s\u00fabory, ktor\u00e9 sa ukladaj\u00fa v koncovom zariaden\u00ed pou\u017e\u00edvate\u013ea a\u017e do odhl\u00e1senia, opustenia webovej str\u00e1nky alebo vypnutia softv\u00e9ru (webov\u00e9ho prehliada\u010da). &#8222;Trval\u00e9&#8220; s\u00fabory cookie sa ukladaj\u00fa v koncovom zariaden\u00ed pou\u017e\u00edvate\u013ea na dobu uveden\u00fa v parametroch s\u00faborov cookie alebo k\u00fdm ich pou\u017e\u00edvate\u013e nevyma\u017ee.<\/li><li>Softv\u00e9r na prehliadanie webov\u00fdch str\u00e1nok (webov\u00fd prehliada\u010d) zvy\u010dajne \u0161tandardne umo\u017e\u0148uje uklada\u0165 s\u00fabory cookie do koncov\u00e9ho zariadenia pou\u017e\u00edvate\u013ea. Pou\u017e\u00edvatelia slu\u017eieb m\u00f4\u017eu v tejto oblasti zmeni\u0165 svoje nastavenia. Internetov\u00fd prehliada\u010d umo\u017e\u0148uje s\u00fabory cookie vymaza\u0165. S\u00fabory cookie je mo\u017en\u00e9 aj automaticky blokova\u0165. Podrobn\u00e9 inform\u00e1cie o tejto t\u00e9me sa nach\u00e1dzaj\u00fa v n\u00e1povede alebo dokument\u00e1cii internetov\u00e9ho prehliada\u010da.<\/li><li>Obmedzenia pou\u017e\u00edvania s\u00faborov cookie m\u00f4\u017eu ovplyvni\u0165 niektor\u00e9 funkcie dostupn\u00e9 na webovej lokalite.<\/li><li>S\u00fabory cookie umiestnen\u00e9 v koncovom zariaden\u00ed pou\u017e\u00edvate\u013ea webovej str\u00e1nky m\u00f4\u017eu pou\u017e\u00edva\u0165 aj subjekty spolupracuj\u00face s prev\u00e1dzkovate\u013eom webovej str\u00e1nky, najm\u00e4 spolo\u010dnosti: Google (Google Inc. so s\u00eddlom v USA), Facebook (Facebook Inc. so s\u00eddlom v USA), Twitter (Twitter Inc. so s\u00eddlom v USA).<\/li><\/ol>\n\n\n\n<p><strong>9) Spr\u00e1va s\u00faborov cookie &#8211; ako udeli\u0165 a odvola\u0165 s\u00fahlas v praxi?<\/strong><\/p>\n\n\n\n<ol class=\"wp-block-list\"><li>Ak nechcete dost\u00e1va\u0165 s\u00fabory cookie, m\u00f4\u017eete zmeni\u0165 nastavenia prehliada\u010da. Vyhradzujeme si pr\u00e1vo zak\u00e1za\u0165 pou\u017e\u00edvanie s\u00faborov cookie potrebn\u00fdch na overovacie procesy, bezpe\u010dnos\u0165, udr\u017eiavanie preferenci\u00ed pou\u017e\u00edvate\u013eov m\u00f4\u017ee s\u0165a\u017eova\u0165 a v krajnom pr\u00edpade m\u00f4\u017ee zabr\u00e1ni\u0165 pou\u017e\u00edvaniu webov\u00fdch str\u00e1nok<\/li><\/ol>\n","protected":false},"excerpt":{"rendered":"<p>1 V\u0161eobecn\u00e9 inform\u00e1cie Tieto z\u00e1sady sa vz\u0165ahuj\u00fa na webov\u00fa str\u00e1nku, ktor\u00e1 funguje na adrese url: consumers-views.com\/sk\/ Prev\u00e1dzkovate\u013e je spr\u00e1vcom va\u0161ich osobn\u00fdch \u00fadajov v s\u00favislosti s \u00fadajmi, ktor\u00e9 ste dobrovo\u013ene poskytli v r\u00e1mci Slu\u017eby. Slu\u017eba pou\u017e\u00edva osobn\u00e9 \u00fadaje na tieto \u00fa\u010dely: Spustenie syst\u00e9mu koment\u00e1rov Vybavovanie dopytov prostredn\u00edctvom formul\u00e1ra Predlo\u017eenie ponuky alebo inform\u00e1ci\u00ed Slu\u017eba pln\u00ed funkcie z\u00edskavania [&hellip;]<\/p>\n","protected":false},"author":1,"featured_media":0,"parent":0,"menu_order":0,"comment_status":"closed","ping_status":"closed","template":"","meta":{"footnotes":""},"class_list":["post-166","page","type-page","status-publish","hentry","box-post"],"_links":{"self":[{"href":"https:\/\/consumers-views.com\/sk\/wp-json\/wp\/v2\/pages\/166","targetHints":{"allow":["GET"]}}],"collection":[{"href":"https:\/\/consumers-views.com\/sk\/wp-json\/wp\/v2\/pages"}],"about":[{"href":"https:\/\/consumers-views.com\/sk\/wp-json\/wp\/v2\/types\/page"}],"author":[{"embeddable":true,"href":"https:\/\/consumers-views.com\/sk\/wp-json\/wp\/v2\/users\/1"}],"replies":[{"embeddable":true,"href":"https:\/\/consumers-views.com\/sk\/wp-json\/wp\/v2\/comments?post=166"}],"version-history":[{"count":1,"href":"https:\/\/consumers-views.com\/sk\/wp-json\/wp\/v2\/pages\/166\/revisions"}],"predecessor-version":[{"id":167,"href":"https:\/\/consumers-views.com\/sk\/wp-json\/wp\/v2\/pages\/166\/revisions\/167"}],"wp:attachment":[{"href":"https:\/\/consumers-views.com\/sk\/wp-json\/wp\/v2\/media?parent=166"}],"curies":[{"name":"wp","href":"https:\/\/api.w.org\/{rel}","templated":true}]}}