{"id":198,"date":"2021-06-02T15:09:36","date_gmt":"2021-06-02T13:09:36","guid":{"rendered":"https:\/\/consumers-views.com\/si\/?page_id=198"},"modified":"2021-06-22T10:51:46","modified_gmt":"2021-06-22T08:51:46","slug":"o-nas","status":"publish","type":"page","link":"https:\/\/consumers-views.com\/si\/o-nas\/","title":{"rendered":"O nas"},"content":{"rendered":"\n<p>Iskanje pravega zdravstvenega izdelka na vedno bolj rasto\u010dem trgu ni majhna te\u017eava, prav tako kot iskanje potrebnih informacij na svetovnem spletu. Na\u0161o spletno stran smo ustvarili, da bi vam olaj\u0161ali iskanje in pokazali, kaj lahko pomaga pri \u0161tevilnih boleznih in kateri pripravki bodo pomagali pri njihovem zdravljenju. Na spletni strani zbiramo in urejamo informacije, pri \u010demer uporabljamo le preverjene vire, mnenja najbolj\u0161ih in cenjenih strokovnjakov s tega podro\u010dja.<\/p>\n\n\n\n<p>Vredno je prebrati \u010dlanke na\u0161e uredni\u0161ke ekipe, ki za vas vsak dan med drugim testira prehranska dopolnila, ki pomagajo pri huj\u0161anju, mo\u0161kih te\u017eavah ali drugih pogostih boleznih. Ne trdimo, da o tem vemo vse, vendar nenehno pridobivamo potrebno znanje, tako da vsak bralec, ki obi\u0161\u010de na\u0161o spletno stran, ve, kaj je zanj najbolj\u0161e. Vabimo vas, da si preberete svoje pripombe in komentarje ter jih posredujete. Va\u0161e pripombe in komentarji so vedno dobrodo\u0161li in z veseljem bomo nanje odgovorili.<\/p>\n\n\n\n<h2 class=\"wp-block-heading\">Kamila Lewandowska<\/h2>\n\n\n\n<div class=\"wp-block-image\"><figure class=\"alignleft size-large is-resized\"><figure id=\"attachment_202\" class=\"alignnone width-full\" style=\"width: 316px;\"><img loading=\"lazy\" decoding=\"async\" data-caption=\"\" src=\"https:\/\/consumers-views.com\/si\/wp-content\/uploads\/2021\/06\/Kamila-Lewandowska-631x1024.jpg\" alt=\"\" class=\"wp-image-202\" width=\"316\" height=\"512\" title=\"\" srcset=\"https:\/\/consumers-views.com\/si\/wp-content\/uploads\/2021\/06\/Kamila-Lewandowska-631x1024.jpg 631w, https:\/\/consumers-views.com\/si\/wp-content\/uploads\/2021\/06\/Kamila-Lewandowska-185x300.jpg 185w, https:\/\/consumers-views.com\/si\/wp-content\/uploads\/2021\/06\/Kamila-Lewandowska-768x1247.jpg 768w, https:\/\/consumers-views.com\/si\/wp-content\/uploads\/2021\/06\/Kamila-Lewandowska-946x1536.jpg 946w, https:\/\/consumers-views.com\/si\/wp-content\/uploads\/2021\/06\/Kamila-Lewandowska-15x24.jpg 15w, https:\/\/consumers-views.com\/si\/wp-content\/uploads\/2021\/06\/Kamila-Lewandowska-22x36.jpg 22w, https:\/\/consumers-views.com\/si\/wp-content\/uploads\/2021\/06\/Kamila-Lewandowska-30x48.jpg 30w, https:\/\/consumers-views.com\/si\/wp-content\/uploads\/2021\/06\/Kamila-Lewandowska.jpg 924w\" sizes=\"auto, (max-width: 316px) 100vw, 316px\" \/><\/figure><\/figure><\/div>\n\n\n\n<p>Moje ime je Kamila Lewandowska. Sem magistrica znanosti s podro\u010dja dietetike in diplomantka Univerze za zdravje, lepoto in izobra\u017eevanje v Poznanu. Spodbujanje zdravega na\u010dina \u017eivljenja. Vsakodnevno delam kot dietetik v domu za ostarele v Torunju in vodim zasebno prakso v dieteti\u010dni pisarni. Svojim pacientom pomagam spremeniti mi\u0161ljenje, da zdrava prehrana ni no\u010dna mora. Cenim preprosto, hitro in zdravo kuhinjo. Ves \u010das se trudim poglabljati svoje znanje na podro\u010dju dietetike, zato sem se \u017ee udele\u017eila \u0161tevilnih te\u010dajev, ki mi to omogo\u010dajo. V prostem \u010dasu rada potujem, aktivno pre\u017eivljam \u010das na rolerjih in berem knjige.<\/p>\n\n\n\n<hr class=\"wp-block-separator\"\/>\n\n\n\n<h2 class=\"wp-block-heading\">Aleksandra Dziura<\/h2>\n\n\n\n<div class=\"wp-block-image\"><figure class=\"alignleft size-large is-resized\"><figure id=\"attachment_204\" class=\"alignnone width-full\" style=\"width: 350px;\"><img loading=\"lazy\" decoding=\"async\" data-caption=\"\" src=\"https:\/\/consumers-views.com\/si\/wp-content\/uploads\/2021\/06\/Aleksandra-Dziura-699x1024.jpg\" alt=\"\" class=\"wp-image-204\" width=\"350\" height=\"512\" title=\"\" srcset=\"https:\/\/consumers-views.com\/si\/wp-content\/uploads\/2021\/06\/Aleksandra-Dziura-699x1024.jpg 699w, https:\/\/consumers-views.com\/si\/wp-content\/uploads\/2021\/06\/Aleksandra-Dziura-205x300.jpg 205w, https:\/\/consumers-views.com\/si\/wp-content\/uploads\/2021\/06\/Aleksandra-Dziura-768x1126.jpg 768w, https:\/\/consumers-views.com\/si\/wp-content\/uploads\/2021\/06\/Aleksandra-Dziura-1048x1536.jpg 1048w, https:\/\/consumers-views.com\/si\/wp-content\/uploads\/2021\/06\/Aleksandra-Dziura-16x24.jpg 16w, https:\/\/consumers-views.com\/si\/wp-content\/uploads\/2021\/06\/Aleksandra-Dziura-25x36.jpg 25w, https:\/\/consumers-views.com\/si\/wp-content\/uploads\/2021\/06\/Aleksandra-Dziura-33x48.jpg 33w, https:\/\/consumers-views.com\/si\/wp-content\/uploads\/2021\/06\/Aleksandra-Dziura.jpg 924w\" sizes=\"auto, (max-width: 350px) 100vw, 350px\" \/><\/figure><\/figure><\/div>\n\n\n\n<p>Diplomantka dodiplomskega in magistrskega \u0161tudija dietetike na Medicinski univerzi v Var\u0161avi, ustanoviteljica klinike NutriAid, dieteti\u010darka v Centru za \u0161portno medicino. Udele\u017eenec strokovnega podiplomskega programa za \u0161portno prehrano IOPN Diploma in Performance Nutrition. Opravila je ve\u010d specializiranih usposabljanj, ki so jih organizirale poljske in tuje ustanove, vklju\u010dno s \u0161estmese\u010dnim te\u010dajem &#8220;Dieta z nizko vsebnostjo FODMAP pri IBS&#8221;, ki ga je vodila avstralska univerza Monash. Avtor \u010dlankov, knjig in poljudnoznanstvenih e-knjig.<\/p>\n\n\n\n<hr class=\"wp-block-separator\"\/>\n\n\n\n<h2 class=\"wp-block-heading\">Piotr Koz\u0142owski<\/h2>\n\n\n\n<div class=\"wp-block-image\"><figure class=\"alignleft size-large\"><figure id=\"attachment_205\" class=\"alignnone width-full text-columns-nobreak\" style=\"width: ;\"><img loading=\"lazy\" decoding=\"async\" width=\"305\" height=\"508\" data-caption=\"\" src=\"https:\/\/consumers-views.com\/si\/wp-content\/uploads\/2021\/06\/PiotrK3.jpg\" alt=\"\" class=\"wp-image-205\" title=\"\" srcset=\"https:\/\/consumers-views.com\/si\/wp-content\/uploads\/2021\/06\/PiotrK3.jpg 305w, https:\/\/consumers-views.com\/si\/wp-content\/uploads\/2021\/06\/PiotrK3-180x300.jpg 180w, https:\/\/consumers-views.com\/si\/wp-content\/uploads\/2021\/06\/PiotrK3-14x24.jpg 14w, https:\/\/consumers-views.com\/si\/wp-content\/uploads\/2021\/06\/PiotrK3-22x36.jpg 22w, https:\/\/consumers-views.com\/si\/wp-content\/uploads\/2021\/06\/PiotrK3-29x48.jpg 29w\" sizes=\"auto, (max-width: 305px) 100vw, 305px\" \/><\/figure><\/figure><\/div>\n\n\n\n<p>Moja strast je vse, kar je povezano z zdravim \u017eivljenjskim slogom. Z dietetiko in sorodnimi temami se ukvarjam \u017ee skoraj 10 let in v tem \u010dasu sem opravila \u0161tevilne strokovne te\u010daje na tem podro\u010dju. To mi je dalo veliko znanja in trdno podlago za oblikovanje na\u010del zdrave prehrane, ki sem jih najprej preizkusil na sebi. Tudi sama sem se borila s prekomerno telesno te\u017eo in ko razli\u010dne naklju\u010dne diete niso prinesle nobenega u\u010dinka, sem se odlo\u010dila, da se te teme lotim strokovno, in kon\u010dno mi je uspelo shuj\u0161ati.<\/p>\n\n\n\n<p>Od takrat sem za\u010del razvijati svojo strast in postopoma sem huj\u0161anju dodal \u0161e druge zdravstvene vidike. Najprej fizi\u010dna aktivnost, brez katere ne morete sanjati o izgubi te\u017ee, nato pa vpra\u0161anja, povezana s te\u017eavami, ki prizadenejo veliko \u0161tevilo mo\u0161kih, kar povzro\u010da zmanj\u0161anje libida ali pospe\u0161eno ple\u0161avost. I\u0161\u010dem nova prehranska dopolnila za huj\u0161anje in izbolj\u0161anje splo\u0161nega zdravja, pri pregledu pa njihovo sestavo raz\u010dlenim na prve dejavnike in vam opi\u0161em delovanje posameznih u\u010dinkovin. Strastno se ukvarjam tudi z zeli\u0161\u010darstvom in vedno znova odkrivam in opisujem rastline, ki lahko uspe\u0161no nadomestijo ve\u010dino umetnih sestavin priljubljenih zdravil.<\/p>\n\n\n\n<hr class=\"wp-block-separator\"\/>\n\n\n\n<h2 class=\"wp-block-heading\">Karolina Wieczorek<\/h2>\n\n\n\n<div class=\"wp-block-image\"><figure class=\"alignleft size-large is-resized\"><figure id=\"attachment_206\" class=\"alignnone width-full\" style=\"width: 288px;\"><img loading=\"lazy\" decoding=\"async\" data-caption=\"\" src=\"https:\/\/consumers-views.com\/si\/wp-content\/uploads\/2021\/06\/Karolina2.jpg\" alt=\"\" class=\"wp-image-206\" width=\"288\" height=\"481\" title=\"\" srcset=\"https:\/\/consumers-views.com\/si\/wp-content\/uploads\/2021\/06\/Karolina2.jpg 384w, https:\/\/consumers-views.com\/si\/wp-content\/uploads\/2021\/06\/Karolina2-180x300.jpg 180w, https:\/\/consumers-views.com\/si\/wp-content\/uploads\/2021\/06\/Karolina2-14x24.jpg 14w, https:\/\/consumers-views.com\/si\/wp-content\/uploads\/2021\/06\/Karolina2-22x36.jpg 22w, https:\/\/consumers-views.com\/si\/wp-content\/uploads\/2021\/06\/Karolina2-29x48.jpg 29w\" sizes=\"auto, (max-width: 288px) 100vw, 288px\" \/><\/figure><\/figure><\/div>\n\n\n\n<p>Sem navdu\u0161enec nad aktivnim \u017eivljenjem in naravno prehrano. Vsak dan izbolj\u0161ujem svoje telo in duha &#8211; te\u010dem, treniram v telovadnici, hodim, meditiram, se poglabljam v skrivnosti zdrave, lahke, a okusne in aromati\u010dne kuhinje. Moje \u017eivljenje je bilo videti povsem druga\u010de. V\u010dasih sem vodila tipi\u010dno sede\u010d na\u010din \u017eivljenja &#8211; delala sem za ra\u010dunalnikom, nisem se ukvarjala s \u0161portom, minimalno \u010dasa sem pre\u017eivela na prostem, u\u017eivala sem nezdravo hrano, na tone kave \u2026 Ko sem spoznala, da pomanjkanje gibanja in slaba prehrana katastrofalno vplivata na mojo lepoto, zdravje, razpolo\u017eenje in kondicijo, sem se odlo\u010dila vse spremeniti!<\/p>\n\n\n\n<p>Najprej sem spremenil na\u010din prehranjevanja in v svoj urnik uvedel redne sprehode po parkih, travnikih in gozdovih. S\u010dasoma me je naravno, zdravo \u017eivljenje popolnoma prevzelo. Za\u010dela sem prebirati strokovno literaturo o dietetiki, oblikovanju telesa in iskati zanimiva dejstva o negi ko\u017ee. To znanje sem uporabila v praksi &#8211; uspelo mi je ustvariti sanjsko postavo, postati v popolni formi, trajno izbolj\u0161ati razpolo\u017eenje ter mo\u010dno izbolj\u0161ati stanje ko\u017ee in las.<\/p>\n\n\n\n<p>Danes svoje izku\u0161nje in znanje o zdravju, lepoti in oblikovanju telesa ter modeliranju delim z objavljanjem \u010dlankov na tematskih portalih in blogih. V mojih besedilih lahko najdete zanimive in koristne nasvete o tem, kako \u017eiveti zdravo in vitalno ter kako se u\u010dinkovito boriti proti pomanjkljivostim postave in lepote. Pi\u0161em tudi ocene zanimivih prehranskih dopolnil, kozmetike in zdravil. Vabim vas k branju!<\/p>\n","protected":false},"excerpt":{"rendered":"<p>Iskanje pravega zdravstvenega izdelka na vedno bolj rasto\u010dem trgu ni majhna te\u017eava, prav tako kot iskanje potrebnih informacij na svetovnem spletu. Na\u0161o spletno stran smo ustvarili, da bi vam olaj\u0161ali iskanje in pokazali, kaj lahko pomaga pri \u0161tevilnih boleznih in kateri pripravki bodo pomagali pri njihovem zdravljenju. Na spletni strani zbiramo in urejamo informacije, pri [&hellip;]<\/p>\n","protected":false},"author":1,"featured_media":0,"parent":0,"menu_order":0,"comment_status":"closed","ping_status":"closed","template":"","meta":{"footnotes":""},"class_list":["post-198","page","type-page","status-publish","hentry","box-post"],"_links":{"self":[{"href":"https:\/\/consumers-views.com\/si\/wp-json\/wp\/v2\/pages\/198","targetHints":{"allow":["GET"]}}],"collection":[{"href":"https:\/\/consumers-views.com\/si\/wp-json\/wp\/v2\/pages"}],"about":[{"href":"https:\/\/consumers-views.com\/si\/wp-json\/wp\/v2\/types\/page"}],"author":[{"embeddable":true,"href":"https:\/\/consumers-views.com\/si\/wp-json\/wp\/v2\/users\/1"}],"replies":[{"embeddable":true,"href":"https:\/\/consumers-views.com\/si\/wp-json\/wp\/v2\/comments?post=198"}],"version-history":[{"count":6,"href":"https:\/\/consumers-views.com\/si\/wp-json\/wp\/v2\/pages\/198\/revisions"}],"predecessor-version":[{"id":297,"href":"https:\/\/consumers-views.com\/si\/wp-json\/wp\/v2\/pages\/198\/revisions\/297"}],"wp:attachment":[{"href":"https:\/\/consumers-views.com\/si\/wp-json\/wp\/v2\/media?parent=198"}],"curies":[{"name":"wp","href":"https:\/\/api.w.org\/{rel}","templated":true}]}}