{"id":166,"date":"2021-06-01T12:20:26","date_gmt":"2021-06-01T10:20:26","guid":{"rendered":"https:\/\/consumers-views.com\/si\/?page_id=166"},"modified":"2021-06-01T12:20:26","modified_gmt":"2021-06-01T10:20:26","slug":"politika-zasebnosti","status":"publish","type":"page","link":"https:\/\/consumers-views.com\/si\/politika-zasebnosti\/","title":{"rendered":"Politika zasebnosti"},"content":{"rendered":"\n<p><strong>1 Splo\u0161ne informacije<\/strong><\/p>\n\n\n\n<ol class=\"wp-block-list\"><li>Ta pravilnik velja za spletno mesto, ki deluje na naslovu url: <strong>consumers-views.com\/si\/<\/strong><\/li><li>Upravljavec je upravljavec va\u0161ih osebnih podatkov v zvezi s podatki, ki jih prostovoljno posredujete v okviru storitve.<\/li><li>Storitev uporablja osebne podatke za naslednje namene:<ul><li>Vodenje sistema za komentiranje<\/li><li>Obravnava poizvedb z obrazcem<\/li><li>Predstavitev ponudbe ali informacij<\/li><li>Storitev opravlja funkcije pridobivanja informacij o uporabnikih in njihovem vedenju na naslednji na\u010din:<\/li><\/ul><\/li><\/ol>\n\n\n\n<ol class=\"wp-block-list\"><li>S podatki, ki jih prostovoljno vnesete v obrazce, ki so vneseni v sisteme upravljavca.<\/li><li>s shranjevanjem pi\u0161kotkov (tako imenovanih &#8220;pi\u0161kotkov&#8221;) na va\u0161i terminalski opremi.<\/li><\/ol>\n\n\n\n<p><strong>2 Izbrane metode varstva podatkov, ki jih uporablja upravljavec<\/strong><\/p>\n\n\n\n<ol class=\"wp-block-list\"><li>Mesta za prijavo in vnos osebnih podatkov so za\u0161\u010ditena v prenosni plasti (certifikat SSL). To zagotavlja, da so osebni podatki in podatki za prijavo, vneseni na spletnem mestu, \u0161ifrirani v uporabnikovem ra\u010dunalniku in jih je mogo\u010de prebrati le na ciljnem stre\u017eniku.<\/li><li>Uporabni\u0161ka gesla so shranjena v hashirani obliki. Funkcija hash deluje enosmerno &#8211; ni je mogo\u010de obrniti, kar je trenutno sodobni standard za shranjevanje uporabni\u0161kih gesel.<\/li><li>Upravljavec redno spreminja svoja administrativna gesla.<\/li><li>Operater za za\u0161\u010dito podatkov redno izdeluje varnostne kopije.<\/li><li>Pomemben element varstva podatkov je redno posodabljanje programske opreme, ki jo upravljavec uporablja za obdelavo osebnih podatkov, kar pomeni zlasti redno posodabljanje programskih komponent.<\/li><\/ol>\n\n\n\n<p><strong>3. gostovanje<\/strong><\/p>\n\n\n\n<ol class=\"wp-block-list\"><li>Storitev se nahaja (tehni\u010dno vzdr\u017euje) na stre\u017eniku operaterja: ovh.com<\/li><li>Podjetje za gostovanje:<ul><li>uporablja ukrepe za za\u0161\u010dito pred izgubo podatkov (npr. diskovna polja, redne varnostne kopije),<\/li><li>uporaba ustreznih ukrepov za za\u0161\u010dito predelovalnih obratov v primeru po\u017eara (npr. posebni sistemi za ga\u0161enje po\u017eara),<\/li><li>uporablja ustrezne ukrepe za za\u0161\u010dito obdelovalnih sistemov v primeru nenadnega izpada elektri\u010dne energije (npr. dvojni napajalni vodi, generatorji, rezervni sistemi UPS),<\/li><li>uporabo ukrepov za fizi\u010dno za\u0161\u010dito dostopa do mest obdelave podatkov (npr. nadzor dostopa, spremljanje),<\/li><li>uporablja ukrepe za zagotavljanje ustreznih okoljskih pogojev za stre\u017enike kot del sistema za obdelavo podatkov (npr. nadzor okoljskih pogojev, specializirani klimatski sistemi),<\/li><li>uporablja organizacijske ukrepe za zagotavljanje najvi\u0161je mo\u017ene stopnje za\u0161\u010dite in zaupnosti (usposabljanje, notranji predpisi, pravila o geslih itd.),<\/li><li>je imenovala poobla\u0161\u010denca za varstvo podatkov.<\/li><\/ul><\/li><li>Podjetje za gostovanje vodi dnevnike na ravni stre\u017enika, da zagotovi tehni\u010dno zanesljivost. Dnevniki se lahko shranijo:<ul><li>viri, dolo\u010deni z identifikatorjem URL (naslovi zahtevanih virov &#8211; strani, datotek),<\/li><li>\u010das za prihod poizvedbe,<\/li><li>\u010das za po\u0161iljanje odgovora,<\/li><li>ime odjemalske postaje &#8211; identifikacija, ki jo izvaja protokol HTTP,<\/li><li>informacije o napakah, ki so se pojavile med izvajanjem transakcij HTTP,<\/li><li>URL strani, ki jo je uporabnik predhodno obiskal (referen\u010dna povezava), \u010de je do storitve dostopal prek povezave,<\/li><li>informacije o va\u0161em brskalniku,<\/li><li>Informacije o naslovu IP,<\/li><li>Diagnosti\u010dne informacije, povezane s postopkom samostojnega naro\u010danja storitev prek zapisovalnikov na spletnem mestu,<\/li><li>informacije, povezane z obdelavo elektronske po\u0161te, ki je naslovljena na upravljavca in jo ta po\u0161ilja.<\/li><\/ul><\/li><\/ol>\n\n\n\n<p><strong>4. va\u0161e pravice in dodatne informacije o uporabi va\u0161ih podatkov<\/strong><\/p>\n\n\n\n<ol class=\"wp-block-list\"><li>V nekaterih primerih ima upravljavec pravico, da va\u0161e osebne podatke posreduje drugim prejemnikom, \u010de je to potrebno za izpolnitev pogodbe, sklenjene z vami, ali za izpolnitev obveznosti upravljavca. To velja za tak\u0161ne skupine prejemnikov:<ul><li>podjetje za gostovanje na podlagi zaupanja.<\/li><li>poobla\u0161\u010deni zaposleni in sodelavci, ki podatke uporabljajo za doseganje namena spletnega mesta.<\/li><\/ul><\/li><li>Va\u0161e osebne podatke upravljavec obdeluje najve\u010d toliko \u010dasa, kolikor je to potrebno za izvajanje povezanih dejavnosti, dolo\u010denih v posebnih predpisih (npr. o ra\u010dunovodstvu). Kar zadeva podatke o tr\u017eenju, se podatki ne obdelujejo ve\u010d kot 3 leta.<\/li><li>Od upravitelja imate pravico zahtevati:<ul><li>dostop do va\u0161ih osebnih podatkov,<\/li><li>njihove popravke,<\/li><li>izbrisi,<\/li><li>omejitve obdelave,<\/li><li>in prenos podatkov.<\/li><\/ul><\/li><li>Imate pravico, da ugovarjate obdelavi osebnih podatkov, navedeni v to\u010dki 3.3 c), in sicer obdelavi osebnih podatkov za uresni\u010devanje zakonitih interesov, za katere si prizadeva upravljavec, vklju\u010dno z oblikovanjem profilov, vendar se pravica do ugovora ne bo izvajala, \u010de obstajajo pomembni zakoniti razlogi za obdelavo, interesi, pravice in svobo\u0161\u010dine, ki prevladajo nad va\u0161imi interesi, zlasti za uveljavljanje, izvajanje ali obrambo va\u0161ih zahtevkov.<\/li><li>Zagotavljanje osebnih podatkov je prostovoljno, vendar je potrebno za delovanje storitve.<\/li><li>Za zagotavljanje storitev v skladu s pogodbo in izvajanje neposrednega tr\u017eenja s strani upravitelja se lahko izvajajo dejavnosti avtomatiziranega sprejemanja odlo\u010ditev, vklju\u010dno z oblikovanjem profilov.<\/li><li>Osebni podatki se ne prena\u0161ajo iz tretjih dr\u017eav v smislu predpisov o varstvu podatkov. To pomeni, da jih ne po\u0161iljamo izven Evropske unije.<\/li><\/ol>\n\n\n\n<p><strong>5. informacije v obrazcih<\/strong><\/p>\n\n\n\n<ol class=\"wp-block-list\"><li>Storitev zbira informacije, ki jih uporabnik prostovoljno posreduje, vklju\u010dno z morebitnimi osebnimi podatki.<\/li><li>Storitev lahko shrani informacije o parametrih povezave (\u010dasovni \u017eig, naslov IP).<\/li><li>Storitev lahko v nekaterih primerih shrani informacije, ki olaj\u0161ajo povezavo podatkov v obrazcu z e-po\u0161tnim naslovom uporabnika, ki izpolnjuje obrazec. V tem primeru se uporabnikov e-po\u0161tni naslov prika\u017ee v url naslovu strani, ki vsebuje obrazec.<\/li><li>Podatki, posredovani v obrazcu, se obdelujejo za namen, ki izhaja iz funkcije dolo\u010denega obrazca, npr. za obdelavo zahtevka za storitev ali poslovni stik, registracijo storitev itd. Vsaki\u010d je v kontekstu in opisu obrazca jasno navedeno, za kaj se obrazec uporablja.<\/li><\/ol>\n\n\n\n<p><strong>6 Dnevniki upraviteljev<\/strong><\/p>\n\n\n\n<ol class=\"wp-block-list\"><li>Podatki o vedenju uporabnikov na spletnem mestu so lahko predmet prijave. Ti podatki se uporabljajo za upravljanje storitve.<\/li><\/ol>\n\n\n\n<p><strong>7 pomembnih tehnik tr\u017eenja<\/strong><\/p>\n\n\n\n<ol class=\"wp-block-list\"><li>Upravljavec uporablja statisti\u010dno analizo prometa na spletnem mestu prek storitve Google Analytics. Upravljavec upravljavcu te storitve ne posreduje osebnih podatkov, temve\u010d le anonimizirane informacije. Storitev temelji na uporabi pi\u0161kotkov na va\u0161i terminalski opremi.<\/li><li>Upravljavec uporablja tehnike ponovnega tr\u017eenja, ki omogo\u010dajo usklajevanje oglasnih sporo\u010dil z vedenjem uporabnika na spletnem mestu, zaradi \u010desar se lahko zdi, da se za sledenje uporabnika uporabljajo njegovi osebni podatki, vendar v praksi upravljavec upravljavcem ogla\u0161evanja ne posreduje nobenih osebnih podatkov. Tehnolo\u0161ki pogoj za tak\u0161na dejanja je, da so pi\u0161kotki omogo\u010deni.<\/li><li>Operater uporablja re\u0161itev, ki raziskuje vedenje uporabnikov z ustvarjanjem toplotnih zemljevidov in bele\u017eenjem vedenja na spletnem mestu. Te informacije so anonimizirane, preden se po\u0161ljejo ponudniku storitev, tako da ta ne ve, na katerega posameznika se nana\u0161ajo. Zlasti gesla in drugi osebni podatki se ne bele\u017eijo.<\/li><\/ol>\n\n\n\n<p><strong>8. informacije o pi\u0161kotkih<\/strong><\/p>\n\n\n\n<ol class=\"wp-block-list\"><li>Spletno mesto uporablja pi\u0161kotke.<\/li><li>Datoteke pi\u0161kotkov (tako imenovani &#8220;pi\u0161kotki&#8221;) so podatki IT, zlasti besedilne datoteke, ki se shranijo v kon\u010dno napravo uporabnika storitev in so namenjene uporabi spletnih strani spletnega mesta. Pi\u0161kotki obi\u010dajno vsebujejo ime spletnega mesta, s katerega prihajajo, \u010das, ko so shranjeni v kon\u010dni napravi, in edinstveno \u0161tevilko.<\/li><li>Subjekt, ki name\u0161\u010da pi\u0161kotke na kon\u010dno napravo uporabnika storitve in pridobi dostop do njih, je upravljavec storitve.<\/li><li>Pi\u0161kotki se uporabljajo za naslednje namene:<ol><li>vzdr\u017eevanje seje uporabnika storitve (po prijavi), zaradi \u010desar uporabniku na vsaki podstrani storitve ni treba ponovno vnesti svojega uporabni\u0161kega imena in gesla;<\/li><li>doseganje ciljev, navedenih zgoraj v poglavju &#8220;Ustrezne tr\u017eenjske tehnike&#8221;;<\/li><\/ol><\/li><li>Storitev uporablja dve osnovni vrsti pi\u0161kotkov: &#8220;sejne&#8221; pi\u0161kotke (sejni pi\u0161kotki) in &#8220;trajne&#8221; pi\u0161kotke (trajni pi\u0161kotki). Sejni&#8221; pi\u0161kotki so za\u010dasne datoteke, ki so shranjene v uporabnikovi kon\u010dni napravi do odjave, zapustitve spletnega mesta ali izklopa programske opreme (spletnega brskalnika). &#8220;Trajni&#8221; pi\u0161kotki so shranjeni v uporabnikovi terminalski napravi za \u010das, dolo\u010den v parametrih pi\u0161kotkov, ali dokler jih uporabnik ne izbri\u0161e.<\/li><li>Programska oprema za brskanje po spletu (spletni brskalnik) obi\u010dajno privzeto omogo\u010da shranjevanje pi\u0161kotkov v uporabnikovo kon\u010dno napravo. Uporabniki storitev lahko na tem podro\u010dju spremenijo svoje nastavitve. Spletni brskalnik omogo\u010da brisanje pi\u0161kotkov. Prav tako je mogo\u010de samodejno blokirati pi\u0161kotke. Podrobne informacije o tem so na voljo v pomo\u010di ali dokumentaciji internetnega brskalnika.<\/li><li>Omejitve uporabe pi\u0161kotkov lahko vplivajo na nekatere funkcije, ki so na voljo na spletnem mestu.<\/li><li>Pi\u0161kotke, name\u0161\u010dene v kon\u010dno napravo uporabnika spletnega mesta, lahko uporabljajo tudi subjekti, ki sodelujejo z upravljavcem spletnega mesta, zlasti podjetja: Google (Google Inc. s sede\u017eem v ZDA), Facebook (Facebook Inc. s sede\u017eem v ZDA), Twitter (Twitter Inc. s sede\u017eem v ZDA).<\/li><\/ol>\n\n\n\n<p><strong>9) Upravljanje pi\u0161kotkov &#8211; kako dati in preklicati soglasje v praksi?<\/strong><\/p>\n\n\n\n<ol class=\"wp-block-list\"><li>\u010ce ne \u017eelite prejemati pi\u0161kotkov, lahko spremenite nastavitve brskalnika. Pridr\u017eujemo si pravico, da onemogo\u010dimo uporabo pi\u0161kotkov, ki so potrebni za postopke preverjanja pristnosti, varnost, vzdr\u017eevanje uporabni\u0161kih nastavitev, lahko ote\u017eijo in v skrajnih primerih prepre\u010dijo uporabo spletnih mest<\/li><\/ol>\n","protected":false},"excerpt":{"rendered":"<p>1 Splo\u0161ne informacije Ta pravilnik velja za spletno mesto, ki deluje na naslovu url: consumers-views.com\/si\/ Upravljavec je upravljavec va\u0161ih osebnih podatkov v zvezi s podatki, ki jih prostovoljno posredujete v okviru storitve. Storitev uporablja osebne podatke za naslednje namene: Vodenje sistema za komentiranje Obravnava poizvedb z obrazcem Predstavitev ponudbe ali informacij Storitev opravlja funkcije pridobivanja [&hellip;]<\/p>\n","protected":false},"author":1,"featured_media":0,"parent":0,"menu_order":0,"comment_status":"closed","ping_status":"closed","template":"","meta":{"footnotes":""},"class_list":["post-166","page","type-page","status-publish","hentry","box-post"],"_links":{"self":[{"href":"https:\/\/consumers-views.com\/si\/wp-json\/wp\/v2\/pages\/166","targetHints":{"allow":["GET"]}}],"collection":[{"href":"https:\/\/consumers-views.com\/si\/wp-json\/wp\/v2\/pages"}],"about":[{"href":"https:\/\/consumers-views.com\/si\/wp-json\/wp\/v2\/types\/page"}],"author":[{"embeddable":true,"href":"https:\/\/consumers-views.com\/si\/wp-json\/wp\/v2\/users\/1"}],"replies":[{"embeddable":true,"href":"https:\/\/consumers-views.com\/si\/wp-json\/wp\/v2\/comments?post=166"}],"version-history":[{"count":1,"href":"https:\/\/consumers-views.com\/si\/wp-json\/wp\/v2\/pages\/166\/revisions"}],"predecessor-version":[{"id":167,"href":"https:\/\/consumers-views.com\/si\/wp-json\/wp\/v2\/pages\/166\/revisions\/167"}],"wp:attachment":[{"href":"https:\/\/consumers-views.com\/si\/wp-json\/wp\/v2\/media?parent=166"}],"curies":[{"name":"wp","href":"https:\/\/api.w.org\/{rel}","templated":true}]}}