{"id":197,"date":"2021-06-02T15:14:55","date_gmt":"2021-06-02T13:14:55","guid":{"rendered":"https:\/\/consumers-views.com\/se\/?page_id=197"},"modified":"2021-06-22T10:49:27","modified_gmt":"2021-06-22T08:49:27","slug":"om-oss","status":"publish","type":"page","link":"https:\/\/consumers-views.com\/se\/om-oss\/","title":{"rendered":"Om oss"},"content":{"rendered":"\n<p>Att hitta r\u00e4tt h\u00e4lsoprodukt p\u00e5 den st\u00e4ndigt v\u00e4xande marknaden \u00e4r inget litet problem, liksom att hitta den information du beh\u00f6ver p\u00e5 den globala webben. Vi har skapat v\u00e5r webbplats f\u00f6r att g\u00f6ra det l\u00e4ttare f\u00f6r dig och f\u00f6r att visa dig vad som kan fungera f\u00f6r m\u00e5nga sjukdomar och vilka preparat som kan hj\u00e4lpa till med behandlingen. P\u00e5 webbplatsen samlar vi in och organiserar information och anv\u00e4nder endast bepr\u00f6vade k\u00e4llor, \u00e5sikter fr\u00e5n de b\u00e4sta och mest uppskattade specialisterna p\u00e5 omr\u00e5det.<\/p>\n\n\n\n<p>Det \u00e4r v\u00e4rt att l\u00e4sa artiklarna som skrivits av v\u00e5r redaktion, som varje dag testar f\u00f6r dig bland annat kosttillskott som hj\u00e4lper till med viktminskning, mansproblem eller andra vanliga sjukdomar. Vi p\u00e5st\u00e5r inte att vi vet allt om det, men vi samlar hela tiden p\u00e5 oss den kunskap som beh\u00f6vs f\u00f6r att varje l\u00e4sare som bes\u00f6ker v\u00e5r webbplats ska veta vad som \u00e4r b\u00e4st f\u00f6r honom eller henne. Vi bjuder in dig att l\u00e4sa och dela med dig av dina kommentarer och synpunkter. Dina kommentarer och synpunkter \u00e4r alltid v\u00e4lkomna och vi svarar g\u00e4rna p\u00e5 dem.<\/p>\n\n\n\n<h2 class=\"wp-block-heading\">Kamila Lewandowska<\/h2>\n\n\n\n<div class=\"wp-block-image\"><figure class=\"alignleft size-large is-resized\"><figure id=\"attachment_201\" class=\"alignnone width-full\" style=\"width: 316px;\"><img loading=\"lazy\" decoding=\"async\" data-caption=\"\" src=\"https:\/\/consumers-views.com\/se\/wp-content\/uploads\/2021\/06\/Kamila-Lewandowska-631x1024.jpg\" alt=\"\" class=\"wp-image-201\" width=\"316\" height=\"512\" title=\"\" srcset=\"https:\/\/consumers-views.com\/se\/wp-content\/uploads\/2021\/06\/Kamila-Lewandowska-631x1024.jpg 631w, https:\/\/consumers-views.com\/se\/wp-content\/uploads\/2021\/06\/Kamila-Lewandowska-185x300.jpg 185w, https:\/\/consumers-views.com\/se\/wp-content\/uploads\/2021\/06\/Kamila-Lewandowska-768x1247.jpg 768w, https:\/\/consumers-views.com\/se\/wp-content\/uploads\/2021\/06\/Kamila-Lewandowska-946x1536.jpg 946w, https:\/\/consumers-views.com\/se\/wp-content\/uploads\/2021\/06\/Kamila-Lewandowska-15x24.jpg 15w, https:\/\/consumers-views.com\/se\/wp-content\/uploads\/2021\/06\/Kamila-Lewandowska-22x36.jpg 22w, https:\/\/consumers-views.com\/se\/wp-content\/uploads\/2021\/06\/Kamila-Lewandowska-30x48.jpg 30w, https:\/\/consumers-views.com\/se\/wp-content\/uploads\/2021\/06\/Kamila-Lewandowska.jpg 924w\" sizes=\"auto, (max-width: 316px) 100vw, 316px\" \/><\/figure><\/figure><\/div>\n\n\n\n<p>Jag heter Kamila Lewandowska. Jag har en magisterexamen i dietik och har tagit examen fr\u00e5n University of Health, Beauty and Education i Poznan. Fr\u00e4mjar en h\u00e4lsosam livsstil. Jag arbetar dagligen som dietist p\u00e5 v\u00e5rdhemmet i Toru\u0144 och jag driver min privata praktik p\u00e5 dietistkontoret. Jag hj\u00e4lper mina patienter att \u00e4ndra sin inst\u00e4llning, att h\u00e4lsosam kost inte \u00e4r en mardr\u00f6m. Jag uppskattar enkla, snabba och h\u00e4lsosamma r\u00e4tter. Jag f\u00f6rs\u00f6ker hela tiden f\u00f6rdjupa mina kunskaper inom dietetik, s\u00e5 jag har redan deltagit i m\u00e5nga kurser som g\u00f6r det m\u00f6jligt f\u00f6r mig att g\u00f6ra det. P\u00e5 fritiden \u00e4lskar jag att resa, \u00e5ka rullskridskor och l\u00e4sa b\u00f6cker.<\/p>\n\n\n\n<hr class=\"wp-block-separator\"\/>\n\n\n\n<h2 class=\"wp-block-heading\">Aleksandra Dziura<\/h2>\n\n\n\n<div class=\"wp-block-image\"><figure class=\"alignleft size-large is-resized\"><figure id=\"attachment_203\" class=\"alignnone width-full\" style=\"width: 350px;\"><img loading=\"lazy\" decoding=\"async\" data-caption=\"\" src=\"https:\/\/consumers-views.com\/se\/wp-content\/uploads\/2021\/06\/Aleksandra-Dziura-699x1024.jpg\" alt=\"\" class=\"wp-image-203\" width=\"350\" height=\"512\" title=\"\" srcset=\"https:\/\/consumers-views.com\/se\/wp-content\/uploads\/2021\/06\/Aleksandra-Dziura-699x1024.jpg 699w, https:\/\/consumers-views.com\/se\/wp-content\/uploads\/2021\/06\/Aleksandra-Dziura-205x300.jpg 205w, https:\/\/consumers-views.com\/se\/wp-content\/uploads\/2021\/06\/Aleksandra-Dziura-768x1126.jpg 768w, https:\/\/consumers-views.com\/se\/wp-content\/uploads\/2021\/06\/Aleksandra-Dziura-1048x1536.jpg 1048w, https:\/\/consumers-views.com\/se\/wp-content\/uploads\/2021\/06\/Aleksandra-Dziura-16x24.jpg 16w, https:\/\/consumers-views.com\/se\/wp-content\/uploads\/2021\/06\/Aleksandra-Dziura-25x36.jpg 25w, https:\/\/consumers-views.com\/se\/wp-content\/uploads\/2021\/06\/Aleksandra-Dziura-33x48.jpg 33w, https:\/\/consumers-views.com\/se\/wp-content\/uploads\/2021\/06\/Aleksandra-Dziura.jpg 924w\" sizes=\"auto, (max-width: 350px) 100vw, 350px\" \/><\/figure><\/figure><\/div>\n\n\n\n<p>Kandidat- och magisterexamen i dietik vid medicinska universitetet i Warszawa, grundare av NutriAid-kliniken, dietist vid Sports Medicine Centre. Deltagare i expertutbildningen i idrottsnutrition IOPN Diploma in Performance Nutrition. Hon har genomf\u00f6rt ett antal specialutbildningar som anordnats av polska och utl\u00e4ndska institutioner, bland annat en sexm\u00e5naderskurs &#8221;The low FODMAP diet for IBS&#8221; som anordnades av det australiensiska Monash University. F\u00f6rfattare av artiklar, b\u00f6cker och popul\u00e4rvetenskapliga e-b\u00f6cker.<\/p>\n\n\n\n<hr class=\"wp-block-separator\"\/>\n\n\n\n<h2 class=\"wp-block-heading\">Piotr Koz\u0142owski<\/h2>\n\n\n\n<div class=\"wp-block-image\"><figure class=\"alignleft size-large\"><figure id=\"attachment_204\" class=\"alignnone width-full text-columns-nobreak\" style=\"width: ;\"><img loading=\"lazy\" decoding=\"async\" width=\"305\" height=\"508\" data-caption=\"\" src=\"https:\/\/consumers-views.com\/se\/wp-content\/uploads\/2021\/06\/PiotrK3.jpg\" alt=\"\" class=\"wp-image-204\" title=\"\" srcset=\"https:\/\/consumers-views.com\/se\/wp-content\/uploads\/2021\/06\/PiotrK3.jpg 305w, https:\/\/consumers-views.com\/se\/wp-content\/uploads\/2021\/06\/PiotrK3-180x300.jpg 180w, https:\/\/consumers-views.com\/se\/wp-content\/uploads\/2021\/06\/PiotrK3-14x24.jpg 14w, https:\/\/consumers-views.com\/se\/wp-content\/uploads\/2021\/06\/PiotrK3-22x36.jpg 22w, https:\/\/consumers-views.com\/se\/wp-content\/uploads\/2021\/06\/PiotrK3-29x48.jpg 29w\" sizes=\"auto, (max-width: 305px) 100vw, 305px\" \/><\/figure><\/figure><\/div>\n\n\n\n<p>Min passion \u00e4r allt som har med en h\u00e4lsosam livsstil att g\u00f6ra. Jag har sysslat med kostvetenskap och relaterade \u00e4mnen i n\u00e4stan 10 \u00e5r och under den tiden har jag genomf\u00f6rt m\u00e5nga yrkeskurser inom detta omr\u00e5de. Detta gav mig mycket kunskap och en solid grund f\u00f6r att formulera principerna f\u00f6r h\u00e4lsosam kost, som jag f\u00f6rst provade p\u00e5 mig sj\u00e4lv. Jag k\u00e4mpade sj\u00e4lv med \u00f6vervikt och n\u00e4r olika slumpm\u00e4ssiga dieter inte gav n\u00e5gon effekt best\u00e4mde jag mig f\u00f6r att ta itu med \u00e4mnet p\u00e5 ett professionellt s\u00e4tt och lyckades \u00e4ntligen g\u00e5 ner i vikt.<\/p>\n\n\n\n<p>Fr\u00e5n och med d\u00e5 b\u00f6rjade jag utveckla min passion och gradvis lade jag till andra h\u00e4lsoaspekter till viktnedg\u00e5ngen. F\u00f6rst och fr\u00e4mst fysisk aktivitet, utan vilken du inte kan dr\u00f6mma om att g\u00e5 ner i vikt, och sedan fr\u00e5gor som \u00e4r kopplade till problem som p\u00e5verkar ett stort antal m\u00e4n, vilket leder till minskad libido eller accelererad skallighet. Jag letar efter nya kosttillskott, b\u00e5de f\u00f6r viktminskning och f\u00f6r att f\u00f6rb\u00e4ttra den allm\u00e4nna h\u00e4lsan, och n\u00e4r jag granskar dem bryter jag ner deras sammans\u00e4ttning i f\u00f6rsta faktorer och beskriver de enskilda aktiva \u00e4mnenas verkan f\u00f6r dig. Jag brinner ocks\u00e5 f\u00f6r \u00f6rtmedicin och jag forts\u00e4tter att hitta och beskriva v\u00e4xter som framg\u00e5ngsrikt kan ers\u00e4tta de flesta av de konstgjorda ingredienserna i popul\u00e4ra mediciner.<\/p>\n\n\n\n<hr class=\"wp-block-separator\"\/>\n\n\n\n<h2 class=\"wp-block-heading\">Karolina Wieczorek<\/h2>\n\n\n\n<div class=\"wp-block-image\"><figure class=\"alignleft size-large is-resized\"><figure id=\"attachment_205\" class=\"alignnone width-full\" style=\"width: 288px;\"><img loading=\"lazy\" decoding=\"async\" data-caption=\"\" src=\"https:\/\/consumers-views.com\/se\/wp-content\/uploads\/2021\/06\/Karolina2.jpg\" alt=\"\" class=\"wp-image-205\" width=\"288\" height=\"481\" title=\"\" srcset=\"https:\/\/consumers-views.com\/se\/wp-content\/uploads\/2021\/06\/Karolina2.jpg 384w, https:\/\/consumers-views.com\/se\/wp-content\/uploads\/2021\/06\/Karolina2-180x300.jpg 180w, https:\/\/consumers-views.com\/se\/wp-content\/uploads\/2021\/06\/Karolina2-14x24.jpg 14w, https:\/\/consumers-views.com\/se\/wp-content\/uploads\/2021\/06\/Karolina2-22x36.jpg 22w, https:\/\/consumers-views.com\/se\/wp-content\/uploads\/2021\/06\/Karolina2-29x48.jpg 29w\" sizes=\"auto, (max-width: 288px) 100vw, 288px\" \/><\/figure><\/figure><\/div>\n\n\n\n<p>Jag \u00e4r en entusiast av aktivt liv och naturlig kost. Varje dag f\u00f6rb\u00e4ttrar jag min kropp och mitt sinne &#8211; jag springer, tr\u00e4nar p\u00e5 gymmet, promenerar, mediterar, f\u00f6rdjupar mig i det sunda, l\u00e4tta, men \u00e4nd\u00e5 smakfulla och aromatiska k\u00f6kets arkaner. Mitt liv s\u00e5g helt annorlunda ut tidigare. Jag brukade leva en typisk stillasittande livsstil &#8211; jobb vid datorn, ingen sport, minimalt med tid utomhus, skr\u00e4pmat, massor av kaffe\u2026 N\u00e4r jag ins\u00e5g att bristen p\u00e5 r\u00f6relse och d\u00e5lig kost har en katastrofal effekt p\u00e5 min sk\u00f6nhet, h\u00e4lsa, hum\u00f6r och kondition, best\u00e4mde jag mig f\u00f6r att f\u00f6r\u00e4ndra allt!<\/p>\n\n\n\n<p>Till att b\u00f6rja med \u00e4ndrade jag min kosth\u00e5llning och inf\u00f6rde regelbundna promenader i parker, \u00e4ngar och skogar i mitt schema. Med tiden tog det naturliga, h\u00e4lsosamma livet helt och h\u00e5llet \u00f6verhanden. Jag b\u00f6rjade utforska facklitteratur om kost, kroppsformning och s\u00f6kte efter intressanta fakta om hudv\u00e5rd. Jag omsatte den h\u00e4r kunskapen i praktiken &#8211; jag lyckades skapa min dr\u00f6mfigur, komma i perfekt form, f\u00f6rb\u00e4ttra mitt hum\u00f6r permanent och kraftigt f\u00f6rb\u00e4ttra min hud och mitt h\u00e5r.<\/p>\n\n\n\n<p>Idag delar jag med mig av mina erfarenheter och kunskaper om h\u00e4lsa, sk\u00f6nhet, kroppstr\u00e4ning och modellering genom att publicera artiklar p\u00e5 tematiska portaler och bloggar. I mina texter hittar du intressanta och anv\u00e4ndbara r\u00e5d om hur du kan leva ett h\u00e4lsosamt och livskraftigt liv och hur du effektivt kan bek\u00e4mpa figur- och sk\u00f6nhetsbrister. Jag skriver ocks\u00e5 recensioner av intressanta kosttillskott, kosmetika och medicinska preparat. Jag inbjuder dig att l\u00e4sa!<\/p>\n","protected":false},"excerpt":{"rendered":"<p>Att hitta r\u00e4tt h\u00e4lsoprodukt p\u00e5 den st\u00e4ndigt v\u00e4xande marknaden \u00e4r inget litet problem, liksom att hitta den information du beh\u00f6ver p\u00e5 den globala webben. Vi har skapat v\u00e5r webbplats f\u00f6r att g\u00f6ra det l\u00e4ttare f\u00f6r dig och f\u00f6r att visa dig vad som kan fungera f\u00f6r m\u00e5nga sjukdomar och vilka preparat som kan hj\u00e4lpa till [&hellip;]<\/p>\n","protected":false},"author":1,"featured_media":0,"parent":0,"menu_order":0,"comment_status":"closed","ping_status":"closed","template":"","meta":{"footnotes":""},"class_list":["post-197","page","type-page","status-publish","hentry","box-post"],"_links":{"self":[{"href":"https:\/\/consumers-views.com\/se\/wp-json\/wp\/v2\/pages\/197","targetHints":{"allow":["GET"]}}],"collection":[{"href":"https:\/\/consumers-views.com\/se\/wp-json\/wp\/v2\/pages"}],"about":[{"href":"https:\/\/consumers-views.com\/se\/wp-json\/wp\/v2\/types\/page"}],"author":[{"embeddable":true,"href":"https:\/\/consumers-views.com\/se\/wp-json\/wp\/v2\/users\/1"}],"replies":[{"embeddable":true,"href":"https:\/\/consumers-views.com\/se\/wp-json\/wp\/v2\/comments?post=197"}],"version-history":[{"count":5,"href":"https:\/\/consumers-views.com\/se\/wp-json\/wp\/v2\/pages\/197\/revisions"}],"predecessor-version":[{"id":294,"href":"https:\/\/consumers-views.com\/se\/wp-json\/wp\/v2\/pages\/197\/revisions\/294"}],"wp:attachment":[{"href":"https:\/\/consumers-views.com\/se\/wp-json\/wp\/v2\/media?parent=197"}],"curies":[{"name":"wp","href":"https:\/\/api.w.org\/{rel}","templated":true}]}}