{"id":166,"date":"2021-06-01T12:23:40","date_gmt":"2021-06-01T10:23:40","guid":{"rendered":"https:\/\/consumers-views.com\/se\/?page_id=166"},"modified":"2021-06-01T12:23:40","modified_gmt":"2021-06-01T10:23:40","slug":"integritetspolicy","status":"publish","type":"page","link":"https:\/\/consumers-views.com\/se\/integritetspolicy\/","title":{"rendered":"Integritetspolicy"},"content":{"rendered":"\n<p>\n<strong>1\nAllm\u00e4n information<\/strong><\/p>\n\n\n\n<ol class=\"wp-block-list\"><li> Denna policy g\u00e4ller f\u00f6r webbplatsen, som drivs p\u00e5 adressen: <strong>consumers-views.com\/se\/ <\/strong><\/li><li>Operat\u00f6ren \u00e4r administrat\u00f6r av dina personuppgifter n\u00e4r det g\u00e4ller de uppgifter som frivilligt l\u00e4mnas i tj\u00e4nsten. <\/li><li>Tj\u00e4nsten anv\u00e4nder personuppgifter f\u00f6r f\u00f6ljande \u00e4ndam\u00e5l: <ul><li>Att k\u00f6ra ett kommentarsystem <\/li><li>Hantering av f\u00f6rfr\u00e5gningar med hj\u00e4lp av formul\u00e4r <\/li><li>Presentation av ett erbjudande eller information <\/li><li>Tj\u00e4nsten utf\u00f6r funktionerna f\u00f6r att f\u00e5 information om anv\u00e4ndarna och deras beteende p\u00e5 f\u00f6ljande s\u00e4tt:  <\/li><\/ul><\/li><\/ol>\n\n\n\n<ol class=\"wp-block-list\"><li>\n\tGenom\n\tde uppgifter som frivilligt anges i formul\u00e4ret och som f\u00f6rs in i\n\tOperat\u00f6rens system.\n\t<\/li><li>Genom\n\tatt lagra cookies (s\u00e5 kallade &#8221;cookies&#8221;) p\u00e5 din\n\tterminalutrustning.\n<\/li><\/ol>\n\n\n\n<p>\n<strong>2\nUtvalda metoder f\u00f6r dataskydd som anv\u00e4nds av operat\u00f6ren<\/strong><\/p>\n\n\n\n<ol class=\"wp-block-list\"><li>\n\tPlatserna\n\tf\u00f6r inloggning och inmatning av personuppgifter \u00e4r skyddade i\n\t\u00f6verf\u00f6ringsskiktet (SSL-certifikat). Detta garanterar att de\n\tpersonuppgifter och inloggningsuppgifter som anges p\u00e5 webbplatsen\n\tkrypteras p\u00e5 anv\u00e4ndarens dator och endast kan l\u00e4sas p\u00e5\n\tm\u00e5lservern.\n\t<\/li><li>Anv\u00e4ndarens\n\tl\u00f6senord lagras i hashad form. Hashfunktionen fungerar enkelriktat\n\t&#8211; det \u00e4r inte m\u00f6jligt att v\u00e4nda den, vilket f\u00f6r n\u00e4rvarande \u00e4r\n\tden moderna standarden f\u00f6r lagring av anv\u00e4ndarl\u00f6senord.\n\t<\/li><li>Operat\u00f6ren\n\t\u00e4ndrar regelbundet sina administrativa l\u00f6senord.\n\t<\/li><li>F\u00f6r\n\tatt skydda uppgifterna g\u00f6r operat\u00f6ren regelbundet s\u00e4kerhetskopior.\n\t<\/li><li>En\n\tviktig del av dataskyddet \u00e4r regelbunden uppdatering av all\n\tprogramvara som anv\u00e4nds av operat\u00f6ren f\u00f6r att behandla\n\tpersonuppgifter, vilket i synnerhet inneb\u00e4r regelbundna\n\tuppdateringar av programmeringskomponenter.\n<\/li><\/ol>\n\n\n\n<p>\n<strong>3.\nv\u00e4rdskap<\/strong><\/p>\n\n\n\n<ol class=\"wp-block-list\"><li> Tj\u00e4nsten finns (tekniskt sett) p\u00e5 operat\u00f6rens server: ovh.com. <\/li><li>V\u00e4rdf\u00f6retag: <ul><li>till\u00e4mpar \u00e5tg\u00e4rder f\u00f6r att skydda mot dataf\u00f6rluster (t.ex. diskar, regelbundna s\u00e4kerhetskopior), <\/li><li>till\u00e4mpa l\u00e4mpliga \u00e5tg\u00e4rder f\u00f6r att skydda bearbetningsanl\u00e4ggningar i h\u00e4ndelse av brand (t.ex. s\u00e4rskilda brandbek\u00e4mpningssystem), <\/li><li>Till\u00e4mpar l\u00e4mpliga \u00e5tg\u00e4rder f\u00f6r att skydda bearbetningsystemen i h\u00e4ndelse av pl\u00f6tsliga str\u00f6mavbrott (t.ex. dubbla kraftledningar, generatorer, UPS-backup-system), <\/li><li>vidta \u00e5tg\u00e4rder f\u00f6r att fysiskt skydda tillg\u00e5ngen till databehandlingsanl\u00e4ggningar (t.ex. \u00e5tkomstkontroll, \u00f6vervakning), <\/li><li>Till\u00e4mpar \u00e5tg\u00e4rder f\u00f6r att s\u00e4kerst\u00e4lla l\u00e4mpliga milj\u00f6f\u00f6rh\u00e5llanden f\u00f6r servrar som ing\u00e5r i ett databehandlingssystem (t.ex. kontroll av milj\u00f6f\u00f6rh\u00e5llanden, specialiserade luftkonditioneringssystem), <\/li><li>till\u00e4mpar organisatoriska \u00e5tg\u00e4rder f\u00f6r att s\u00e4kerst\u00e4lla h\u00f6gsta m\u00f6jliga skydd och konfidentialitet (utbildning, interna best\u00e4mmelser, l\u00f6senordspolicy etc.), <\/li><li>har utsett ett dataskyddsombud.  <\/li><\/ul><\/li><li>V\u00e4rdf\u00f6retaget f\u00f6r loggar p\u00e5 serverniv\u00e5 f\u00f6r att s\u00e4kerst\u00e4lla teknisk tillf\u00f6rlitlighet. Loggar kan sparas: <ul><li>Resurser som definieras av URL-identifieraren (adresser till beg\u00e4rda resurser &#8211; sidor, filer), <\/li><li>tid f\u00f6r att f\u00e5 in en f\u00f6rfr\u00e5gan, <\/li><li>tid f\u00f6r att skicka svaret, <\/li><li>Client Station Name &#8211; identifiering som implementeras av HTTP-protokollet, <\/li><li>information om fel som intr\u00e4ffade under utf\u00f6randet av HTTP-transaktioner, <\/li><li>URL:en f\u00f6r den sida som anv\u00e4ndaren tidigare bes\u00f6kt (referer-l\u00e4nk) &#8211; i de fall d\u00e5 \u00e5tkomsten till tj\u00e4nsten skedde via en l\u00e4nk, <\/li><li>information om din webbl\u00e4sare, <\/li><li>Information om IP-adresser, <\/li><li>Diagnostisk information om processen f\u00f6r sj\u00e4lvbest\u00e4llning av tj\u00e4nster genom inspelare p\u00e5 webbplatsen, <\/li><li>Information om hanteringen av elektronisk post som \u00e4r riktad till och skickas av operat\u00f6ren.  <\/li><\/ul><\/li><\/ol>\n\n\n\n<p>\n<strong>4.\ndina r\u00e4ttigheter och ytterligare information om anv\u00e4ndningen av\ndina uppgifter<\/strong><\/p>\n\n\n\n<ol class=\"wp-block-list\"><li>\n\tI\n\tvissa situationer har administrat\u00f6ren r\u00e4tt att \u00f6verf\u00f6ra dina\n\tpersonuppgifter till andra mottagare om det \u00e4r n\u00f6dv\u00e4ndigt f\u00f6r\n\tatt fullg\u00f6ra det avtal som ing\u00e5tts med dig eller f\u00f6r att uppfylla\n\tadministrat\u00f6rens skyldigheter. Detta g\u00e4ller s\u00e5dana grupper av\n\tmottagare:\n\t<ul><li>v\u00e4rdf\u00f6retag\n\t\tp\u00e5 f\u00f6rtroendebasis\n\t\t<\/li><li>auktoriserade\n\t\tanst\u00e4llda och medarbetare som anv\u00e4nder uppgifterna f\u00f6r att uppn\u00e5\n\t\twebbplatsens syfte\n\t<\/li><\/ul>\n\t<\/li><li>Dina\n\tpersonuppgifter behandlas av administrat\u00f6ren inte l\u00e4ngre \u00e4n vad\n\tsom \u00e4r n\u00f6dv\u00e4ndigt f\u00f6r att utf\u00f6ra de relaterade aktiviteter som\n\tanges i separata best\u00e4mmelser (t.ex. bokf\u00f6ring). N\u00e4r det g\u00e4ller\n\tmarknadsf\u00f6ringsuppgifter kommer uppgifterna inte att behandlas i\n\tmer \u00e4n tre \u00e5r.\n\t<\/li><li>Du\n\thar r\u00e4tt att kr\u00e4va att administrat\u00f6ren ska g\u00f6ra det:\n\t<ul><li>tillg\u00e5ng\n\t\ttill din personliga information,\n\t\t<\/li><li>deras\n\t\tr\u00e4ttelser,\n\t\t<\/li><li>strykningar,\n\t\t<\/li><li>restriktioner\n\t\tf\u00f6r bearbetning,\n\t\t<\/li><li>och\n\t\tdata\u00f6verf\u00f6ring.\n\t<\/li><\/ul>\n\t<\/li><li>Du\n\thar r\u00e4tt att inv\u00e4nda mot den behandling av personuppgifter som\n\tanges i punkt 3.3 c mot behandling av personuppgifter f\u00f6r att\n\ttillvarata administrat\u00f6rens legitima intressen, inklusive\n\tprofilering, men r\u00e4tten till inv\u00e4ndning kommer inte att ut\u00f6vas om\n\tdet finns viktiga legitima sk\u00e4l f\u00f6r behandlingen, intressen,\n\tr\u00e4ttigheter och friheter som v\u00e4ger tyngre \u00e4n dina intressen, i\n\tsynnerhet f\u00f6r att fastst\u00e4lla, driva eller f\u00f6rsvara dina krav.\n\t<\/li><li>Det\n\t\u00e4r frivilligt att l\u00e4mna personuppgifter, men det \u00e4r n\u00f6dv\u00e4ndigt\n\tf\u00f6r att kunna anv\u00e4nda tj\u00e4nsten.\n\t<\/li><li>Du\n\tkan bli f\u00f6rem\u00e5l f\u00f6r automatiserat beslutsfattande, inklusive\n\tprofilering, f\u00f6r att tillhandah\u00e5lla tj\u00e4nster enligt avtalet och\n\tf\u00f6r att genomf\u00f6ra direktmarknadsf\u00f6ring av administrat\u00f6ren.\n\t<\/li><li>Personuppgifter\n\t\u00f6verf\u00f6rs inte fr\u00e5n tredje land i den mening som avses i\n\tdataskyddsbest\u00e4mmelserna. Detta inneb\u00e4r att vi inte skickar dem\n\tutanf\u00f6r Europeiska unionen.\n<\/li><\/ol>\n\n\n\n<p>\n<strong>5.\nuppgifter i blanketterna<\/strong><\/p>\n\n\n\n<ol class=\"wp-block-list\"><li>\n\tTj\u00e4nsten\n\tsamlar in information som anv\u00e4ndaren frivilligt tillhandah\u00e5ller,\n\tinklusive eventuella personuppgifter.\n\t<\/li><li>Tj\u00e4nsten\n\tkan spara information om anslutningsparametrarna (tidsst\u00e4mpel,\n\tIP-adress).\n\t<\/li><li>Tj\u00e4nsten\n\tkan i vissa fall spara information f\u00f6r att underl\u00e4tta kopplingen\n\tav uppgifterna i formul\u00e4ret till e-postadressen f\u00f6r den anv\u00e4ndare\n\tsom fyller i formul\u00e4ret. I detta fall visas anv\u00e4ndarens\n\te-postadress i webbadressen f\u00f6r den sida som inneh\u00e5ller\n\tformul\u00e4ret.\n\t<\/li><li>De\n\tuppgifter som l\u00e4mnas i formul\u00e4ret behandlas i det syfte som f\u00f6ljer\n\tav funktionen hos ett visst formul\u00e4r, t.ex. f\u00f6r att hantera en\n\tbeg\u00e4ran om tj\u00e4nster eller en aff\u00e4rskontakt, registrera tj\u00e4nster\n\tosv. Varje g\u00e5ng framg\u00e5r det tydligt av sammanhanget och\n\tbeskrivningen av formul\u00e4ret vad det anv\u00e4nds f\u00f6r.\n<\/li><\/ol>\n\n\n\n<p>\n<strong>6\nLoggar f\u00f6r administrat\u00f6rer<\/strong><\/p>\n\n\n\n<ol class=\"wp-block-list\"><li>\n\tInformation\n\tom anv\u00e4ndarnas beteende p\u00e5 webbplatsen kan vara f\u00f6rem\u00e5l f\u00f6r\n\tinloggning. Dessa uppgifter anv\u00e4nds f\u00f6r att administrera tj\u00e4nsten.\n<\/li><\/ol>\n\n\n\n<p>\n<strong>7\nViktiga marknadsf\u00f6ringstekniker<\/strong><\/p>\n\n\n\n<ol class=\"wp-block-list\"><li>\n\tOperat\u00f6ren\n\tanv\u00e4nder statistisk analys av trafiken p\u00e5 webbplatsen med hj\u00e4lp\n\tav Google Analytics. Verksamhetsut\u00f6varen l\u00e4mnar inte vidare\n\tpersonuppgifter till den som tillhandah\u00e5ller denna tj\u00e4nst, utan\n\tendast anonymiserad information. Tj\u00e4nsten bygger p\u00e5 anv\u00e4ndning av\n\tcookies i din terminalutrustning.\n\t<\/li><li>Operat\u00f6ren\n\tanv\u00e4nder remarketingtekniker som g\u00f6r det m\u00f6jligt att matcha\n\treklambudskap med anv\u00e4ndarens beteende p\u00e5 webbplatsen, vilket kan\n\tge sken av att anv\u00e4ndarens personuppgifter anv\u00e4nds f\u00f6r att sp\u00e5ra\n\tanv\u00e4ndaren, men i praktiken \u00f6verf\u00f6rs inga personuppgifter fr\u00e5n\n\tOperat\u00f6ren till reklamoperat\u00f6rerna. Det tekniska villkoret f\u00f6r\n\ts\u00e5dana \u00e5tg\u00e4rder \u00e4r att cookies \u00e4r aktiverade.\n\t<\/li><li>Operat\u00f6ren\n\tanv\u00e4nder en l\u00f6sning som unders\u00f6ker anv\u00e4ndarnas beteende genom\n\tatt skapa v\u00e4rmekartor och registrera beteendet p\u00e5 webbplatsen.\n\tDenna information anonymiseras innan den skickas till\n\ttj\u00e4nsteleverant\u00f6ren s\u00e5 att denne inte vet vilken person det r\u00f6r\n\tsig om. Framf\u00f6r allt registreras inte l\u00f6senord och andra\n\tpersonuppgifter.\n<\/li><\/ol>\n\n\n\n<p>\n<strong>8.\ninformation om cookies<\/strong><\/p>\n\n\n\n<ol class=\"wp-block-list\"><li>\n\tWebbplatsen\n\tanv\u00e4nder cookies.\n\t<\/li><li>Cookie-filer\n\t(s\u00e5 kallade &#8221;cookies&#8221;) \u00e4r IT-data, i synnerhet\n\ttextfiler, som lagras i Tj\u00e4nstanv\u00e4ndarens slutenhet och som \u00e4r\n\tutformade f\u00f6r att anv\u00e4nda webbplatsens webbplatser. Cookies\n\tinneh\u00e5ller vanligen namnet p\u00e5 den webbplats fr\u00e5n vilken de\n\tkommer, den tid de lagras i terminalutrustningen och ett unikt\n\tnummer.\n\t<\/li><li>Tj\u00e4nstens\n\toperat\u00f6r \u00e4r den som placerar cookies p\u00e5 Tj\u00e4nstens anv\u00e4ndares\n\tslutenhet och f\u00e5r tillg\u00e5ng till dem.\n\t<\/li><li>Cookies\n\tanv\u00e4nds f\u00f6r f\u00f6ljande \u00e4ndam\u00e5l:\n\t<ol><li>uppr\u00e4tth\u00e5ller\n\t\tanv\u00e4ndarsessionen f\u00f6r tj\u00e4nsten (efter inloggning), vilket g\u00f6r\n\t\tatt anv\u00e4ndaren inte beh\u00f6ver ange sitt anv\u00e4ndarnamn och l\u00f6senord\n\t\tp\u00e5 nytt p\u00e5 varje undersida i tj\u00e4nsten;\n\t\t<\/li><li>uppn\u00e5endet\n\t\tav de m\u00e5l som anges ovan under &#8221;Relevanta\n\t\tmarknadsf\u00f6ringsmetoder&#8221;;\n\t<\/li><\/ol>\n\t<\/li><li>Tj\u00e4nsten\n\tanv\u00e4nder tv\u00e5 grundl\u00e4ggande typer av cookies: Det finns tv\u00e5\n\tgrundl\u00e4ggande typer av cookies: &#8221;sessionscookies&#8221;\n\t(sessionscookies) och &#8221;permanenta&#8221; (permanenta cookies).\n\tSessionscookies \u00e4r tillf\u00e4lliga filer som lagras i anv\u00e4ndarens\n\tterminal tills anv\u00e4ndaren loggar ut, l\u00e4mnar webbplatsen eller\n\tst\u00e4nger av programvaran (webbl\u00e4saren). &#8221;Permanenta&#8221;\n\tcookies lagras i anv\u00e4ndarens terminalutrustning under den tid som\n\tanges i parametrarna f\u00f6r cookies eller tills de raderas av\n\tanv\u00e4ndaren.\n\t<\/li><li>Programvara\n\tf\u00f6r webbsurfning (webbl\u00e4sare) till\u00e5ter vanligtvis som standard\n\tatt cookies lagras i anv\u00e4ndarens terminal. Tj\u00e4nstens anv\u00e4ndare\n\tkan \u00e4ndra sina inst\u00e4llningar p\u00e5 detta omr\u00e5de. Webbl\u00e4saren g\u00f6r\n\tdet m\u00f6jligt att radera cookies. Det \u00e4r ocks\u00e5 m\u00f6jligt att\n\tautomatiskt blockera cookies. Detaljerad information om detta \u00e4mne\n\tfinns i hj\u00e4lpen eller dokumentationen f\u00f6r webbl\u00e4saren.\n\t<\/li><li>Begr\u00e4nsningar\n\tav anv\u00e4ndningen av cookies kan p\u00e5verka vissa funktioner p\u00e5\n\twebbplatsen.\n\t<\/li><li>Cookies\n\tsom placeras i webbplatsanv\u00e4ndarens slutenhet kan ocks\u00e5 anv\u00e4ndas\n\tav enheter som samarbetar med webbplatsens operat\u00f6r, i synnerhet\n\tf\u00f6retag: Google (Google Inc. med s\u00e4te i USA), Facebook (Facebook\n\tInc. med s\u00e4te i USA), Twitter (Twitter Inc. med s\u00e4te i USA).\n<\/li><\/ol>\n\n\n\n<p>\n<strong>9)\nCookiehantering &#8211; hur ger och \u00e5terkallar man samtycke i praktiken?<\/strong><\/p>\n\n\n\n<ol class=\"wp-block-list\"><li>\n\tOm\n\tdu inte vill ta emot cookies kan du \u00e4ndra inst\u00e4llningarna i din\n\twebbl\u00e4sare. Vi f\u00f6rbeh\u00e5ller oss r\u00e4tten att inaktivera\n\tanv\u00e4ndningen av cookies som \u00e4r n\u00f6dv\u00e4ndiga f\u00f6r\n\tautentiseringsprocesser, s\u00e4kerhet, uppr\u00e4tth\u00e5llande av\n\tanv\u00e4ndarpreferenser kan g\u00f6ra det sv\u00e5rt, och i extrema fall kan\n\tf\u00f6rhindra anv\u00e4ndningen av webbplatser.\n<\/li><\/ol>\n","protected":false},"excerpt":{"rendered":"<p>1 Allm\u00e4n information Denna policy g\u00e4ller f\u00f6r webbplatsen, som drivs p\u00e5 adressen: consumers-views.com\/se\/ Operat\u00f6ren \u00e4r administrat\u00f6r av dina personuppgifter n\u00e4r det g\u00e4ller de uppgifter som frivilligt l\u00e4mnas i tj\u00e4nsten. Tj\u00e4nsten anv\u00e4nder personuppgifter f\u00f6r f\u00f6ljande \u00e4ndam\u00e5l: Att k\u00f6ra ett kommentarsystem Hantering av f\u00f6rfr\u00e5gningar med hj\u00e4lp av formul\u00e4r Presentation av ett erbjudande eller information Tj\u00e4nsten utf\u00f6r funktionerna [&hellip;]<\/p>\n","protected":false},"author":1,"featured_media":0,"parent":0,"menu_order":0,"comment_status":"closed","ping_status":"closed","template":"","meta":{"footnotes":""},"class_list":["post-166","page","type-page","status-publish","hentry","box-post"],"_links":{"self":[{"href":"https:\/\/consumers-views.com\/se\/wp-json\/wp\/v2\/pages\/166","targetHints":{"allow":["GET"]}}],"collection":[{"href":"https:\/\/consumers-views.com\/se\/wp-json\/wp\/v2\/pages"}],"about":[{"href":"https:\/\/consumers-views.com\/se\/wp-json\/wp\/v2\/types\/page"}],"author":[{"embeddable":true,"href":"https:\/\/consumers-views.com\/se\/wp-json\/wp\/v2\/users\/1"}],"replies":[{"embeddable":true,"href":"https:\/\/consumers-views.com\/se\/wp-json\/wp\/v2\/comments?post=166"}],"version-history":[{"count":1,"href":"https:\/\/consumers-views.com\/se\/wp-json\/wp\/v2\/pages\/166\/revisions"}],"predecessor-version":[{"id":167,"href":"https:\/\/consumers-views.com\/se\/wp-json\/wp\/v2\/pages\/166\/revisions\/167"}],"wp:attachment":[{"href":"https:\/\/consumers-views.com\/se\/wp-json\/wp\/v2\/media?parent=166"}],"curies":[{"name":"wp","href":"https:\/\/api.w.org\/{rel}","templated":true}]}}