{"id":201,"date":"2021-06-02T15:18:55","date_gmt":"2021-06-02T13:18:55","guid":{"rendered":"https:\/\/consumers-views.com\/ro\/?page_id=201"},"modified":"2021-06-22T11:20:24","modified_gmt":"2021-06-22T09:20:24","slug":"despre-noi","status":"publish","type":"page","link":"https:\/\/consumers-views.com\/ro\/despre-noi\/","title":{"rendered":"Despre noi"},"content":{"rendered":"\n<p>G\u0103sirea produsului de s\u0103n\u0103tate potrivit pe o pia\u021b\u0103 \u00een continu\u0103 cre\u0219tere nu este o problem\u0103 minor\u0103, la fel ca \u0219i g\u0103sirea informa\u021biilor de care ave\u021bi nevoie pe internet. Am creat site-ul nostru web pentru a v\u0103 u\u0219ura munca \u0219i pentru a v\u0103 ar\u0103ta ce poate func\u021biona \u00een cazul multor afec\u021biuni \u0219i ce preparate v\u0103 vor ajuta \u00een tratamentul acestora. Pe site colect\u0103m \u0219i organiz\u0103m informa\u021bii, folosind doar surse dovedite, opinii ale celor mai buni \u0219i aprecia\u021bi speciali\u0219ti \u00een domeniu.<\/p>\n\n\n\n<p>Merit\u0103 s\u0103 citi\u021bi articolele scrise de redac\u021bia noastr\u0103, care \u00een fiecare zi testeaz\u0103 pentru dumneavoastr\u0103, printre altele, suplimentele alimentare care ajut\u0103 la pierderea \u00een greutate, problemele b\u0103rba\u021bilor sau alte afec\u021biuni comune. Nu pretindem c\u0103 \u0219tim totul despre aceasta, dar dob\u00e2ndim \u00een mod constant cuno\u0219tin\u021bele necesare, astfel \u00eenc\u00e2t fiecare cititor care viziteaz\u0103 site-ul nostru s\u0103 \u0219tie ce este mai bine pentru el. V\u0103 invit\u0103m s\u0103 citi\u021bi \u0219i s\u0103 \u00eemp\u0103rt\u0103\u0219i\u021bi comentariile \u0219i observa\u021biile dumneavoastr\u0103. Comentariile \u0219i observa\u021biile dumneavoastr\u0103 sunt \u00eentotdeauna binevenite \u0219i v\u0103 vom r\u0103spunde cu pl\u0103cere.<\/p>\n\n\n\n<h2 class=\"wp-block-heading\">Kamila Lewandowska<\/h2>\n\n\n\n<div class=\"wp-block-image\"><figure class=\"alignleft size-large is-resized\"><figure id=\"attachment_205\" class=\"alignnone width-full\" style=\"width: 316px;\"><img loading=\"lazy\" decoding=\"async\" data-caption=\"\" src=\"https:\/\/consumers-views.com\/ro\/wp-content\/uploads\/2021\/06\/Kamila-Lewandowska-631x1024.jpg\" alt=\"\" class=\"wp-image-205\" width=\"316\" height=\"512\" title=\"\" srcset=\"https:\/\/consumers-views.com\/ro\/wp-content\/uploads\/2021\/06\/Kamila-Lewandowska-631x1024.jpg 631w, https:\/\/consumers-views.com\/ro\/wp-content\/uploads\/2021\/06\/Kamila-Lewandowska-185x300.jpg 185w, https:\/\/consumers-views.com\/ro\/wp-content\/uploads\/2021\/06\/Kamila-Lewandowska-768x1247.jpg 768w, https:\/\/consumers-views.com\/ro\/wp-content\/uploads\/2021\/06\/Kamila-Lewandowska-946x1536.jpg 946w, https:\/\/consumers-views.com\/ro\/wp-content\/uploads\/2021\/06\/Kamila-Lewandowska-15x24.jpg 15w, https:\/\/consumers-views.com\/ro\/wp-content\/uploads\/2021\/06\/Kamila-Lewandowska-22x36.jpg 22w, https:\/\/consumers-views.com\/ro\/wp-content\/uploads\/2021\/06\/Kamila-Lewandowska-30x48.jpg 30w, https:\/\/consumers-views.com\/ro\/wp-content\/uploads\/2021\/06\/Kamila-Lewandowska.jpg 924w\" sizes=\"auto, (max-width: 316px) 100vw, 316px\" \/><\/figure><\/figure><\/div>\n\n\n\n<p>Numele meu este Kamila Lewandowska. Sunt masterand\u0103 \u00een dietetic\u0103 \u0219i absolvent\u0103 a Universit\u0103\u021bii de S\u0103n\u0103tate, Frumuse\u021be \u0219i Educa\u021bie din Poznan. Promotor al unui stil de via\u021b\u0103 s\u0103n\u0103tos. Zilnic, lucrez ca dietetician la C\u0103minul de b\u0103tr\u00e2ni din Toru\u0144 \u0219i \u00eemi desf\u0103\u0219or activitatea privat\u0103 la cabinetul de dietetic\u0103. \u00cei ajut pe pacien\u021bii mei s\u0103 \u00ee\u0219i schimbe p\u0103rerea, c\u0103 o alimenta\u021bie s\u0103n\u0103toas\u0103 nu este un co\u0219mar. Apreciez buc\u0103t\u0103ria simpl\u0103, rapid\u0103 \u0219i s\u0103n\u0103toas\u0103. Tot timpul \u00eencerc s\u0103 \u00eemi aprofundez cuno\u0219tin\u021bele \u00een domeniul dieteticii, a\u0219a c\u0103 am participat deja la multe cursuri care \u00eemi permit acest lucru. \u00cen timpul meu liber \u00eemi place s\u0103 c\u0103l\u0103toresc, s\u0103 m\u0103 dau cu rolele \u0219i s\u0103 citesc c\u0103r\u021bi.<\/p>\n\n\n\n<hr class=\"wp-block-separator\"\/>\n\n\n\n<h2 class=\"wp-block-heading\">Aleksandra Dziura<\/h2>\n\n\n\n<div class=\"wp-block-image\"><figure class=\"alignleft size-large is-resized\"><figure id=\"attachment_207\" class=\"alignnone width-full\" style=\"width: 350px;\"><img loading=\"lazy\" decoding=\"async\" data-caption=\"\" src=\"https:\/\/consumers-views.com\/ro\/wp-content\/uploads\/2021\/06\/Aleksandra-Dziura-699x1024.jpg\" alt=\"\" class=\"wp-image-207\" width=\"350\" height=\"512\" title=\"\" srcset=\"https:\/\/consumers-views.com\/ro\/wp-content\/uploads\/2021\/06\/Aleksandra-Dziura-699x1024.jpg 699w, https:\/\/consumers-views.com\/ro\/wp-content\/uploads\/2021\/06\/Aleksandra-Dziura-205x300.jpg 205w, https:\/\/consumers-views.com\/ro\/wp-content\/uploads\/2021\/06\/Aleksandra-Dziura-768x1126.jpg 768w, https:\/\/consumers-views.com\/ro\/wp-content\/uploads\/2021\/06\/Aleksandra-Dziura-1048x1536.jpg 1048w, https:\/\/consumers-views.com\/ro\/wp-content\/uploads\/2021\/06\/Aleksandra-Dziura-16x24.jpg 16w, https:\/\/consumers-views.com\/ro\/wp-content\/uploads\/2021\/06\/Aleksandra-Dziura-25x36.jpg 25w, https:\/\/consumers-views.com\/ro\/wp-content\/uploads\/2021\/06\/Aleksandra-Dziura-33x48.jpg 33w, https:\/\/consumers-views.com\/ro\/wp-content\/uploads\/2021\/06\/Aleksandra-Dziura.jpg 924w\" sizes=\"auto, (max-width: 350px) 100vw, 350px\" \/><\/figure><\/figure><\/div>\n\n\n\n<p>Absolvent\u0103 a studiilor de licen\u021b\u0103 \u0219i de masterat \u00een dietetic\u0103 la Universitatea de Medicin\u0103 din Var\u0219ovia, fondatoare a clinicii NutriAid, dietetician la Centrul de Medicin\u0103 Sportiv\u0103. Participant la programul postuniversitar de expertiz\u0103 \u00een nutri\u021bie sportiv\u0103 IOPN Diploma \u00een nutri\u021bie de performan\u021b\u0103. A absolvit o serie de cursuri de formare specializat\u0103, organizate de institu\u021bii poloneze \u0219i str\u0103ine, inclusiv un curs de \u0219ase luni intitulat &#8222;Dieta cu con\u021binut sc\u0103zut de FODMAP pentru IBS&#8221;, organizat de Universitatea australian\u0103 Monash. Autor de articole, c\u0103r\u021bi \u0219i c\u0103r\u021bi electronice de popularizare a \u0219tiin\u021bei.<\/p>\n\n\n\n<hr class=\"wp-block-separator\"\/>\n\n\n\n<h2 class=\"wp-block-heading\">Piotr Koz\u0142owski<\/h2>\n\n\n\n<div class=\"wp-block-image\"><figure class=\"alignleft size-large\"><figure id=\"attachment_208\" class=\"alignnone width-full text-columns-nobreak\" style=\"width: ;\"><img loading=\"lazy\" decoding=\"async\" width=\"305\" height=\"508\" data-caption=\"\" src=\"https:\/\/consumers-views.com\/ro\/wp-content\/uploads\/2021\/06\/PiotrK3.jpg\" alt=\"\" class=\"wp-image-208\" title=\"\" srcset=\"https:\/\/consumers-views.com\/ro\/wp-content\/uploads\/2021\/06\/PiotrK3.jpg 305w, https:\/\/consumers-views.com\/ro\/wp-content\/uploads\/2021\/06\/PiotrK3-180x300.jpg 180w, https:\/\/consumers-views.com\/ro\/wp-content\/uploads\/2021\/06\/PiotrK3-14x24.jpg 14w, https:\/\/consumers-views.com\/ro\/wp-content\/uploads\/2021\/06\/PiotrK3-22x36.jpg 22w, https:\/\/consumers-views.com\/ro\/wp-content\/uploads\/2021\/06\/PiotrK3-29x48.jpg 29w\" sizes=\"auto, (max-width: 305px) 100vw, 305px\" \/><\/figure><\/figure><\/div>\n\n\n\n<p>Pasiunea mea este tot ceea ce \u021bine de un stil de via\u021b\u0103 s\u0103n\u0103tos. M\u0103 ocup de dietetic\u0103 \u0219i de subiecte conexe de aproape 10 ani, timp \u00een care am absolvit mai multe cursuri profesionale \u00een acest domeniu. Acest lucru mi-a oferit o mul\u021bime de cuno\u0219tin\u021be, o baz\u0103 solid\u0103 pentru a formula principiile unei alimenta\u021bii s\u0103n\u0103toase, pe care am \u00eencercat-o pentru prima dat\u0103 pe mine \u00eensumi. \u0218i eu m\u0103 luptam cu excesul de greutate \u0219i, c\u00e2nd diverse diete aleatorii nu au avut niciun efect, am decis s\u0103 abordez acest subiect \u00een mod profesionist \u0219i, \u00een cele din urm\u0103, am reu\u0219it s\u0103 sl\u0103besc.<\/p>\n\n\n\n<p>Din acel moment am \u00eenceput s\u0103-mi dezvolt pasiunea \u0219i, treptat, am ad\u0103ugat \u0219i alte aspecte legate de s\u0103n\u0103tate la sl\u0103bit. \u00cen primul r\u00e2nd, activitatea fizic\u0103, f\u0103r\u0103 de care nu pute\u021bi visa s\u0103 pierde\u021bi \u00een greutate, \u0219i apoi problemele legate de problemele care afecteaz\u0103 un num\u0103r mare de b\u0103rba\u021bi, provoc\u00e2nd o sc\u0103dere a libidoului sau o chelie accelerat\u0103. Caut noi suplimente alimentare, at\u00e2t pentru pierderea \u00een greutate, c\u00e2t \u0219i pentru \u00eembun\u0103t\u0103\u021birea st\u0103rii generale de s\u0103n\u0103tate, iar atunci c\u00e2nd le analizez, le despart compozi\u021bia \u00een primii factori, descriind pentru dumneavoastr\u0103 ac\u021biunea substan\u021belor active individuale. Sunt, de asemenea, pasionat de fitoterapie \u0219i continui s\u0103 g\u0103sesc \u0219i s\u0103 descriu plante care pot \u00eenlocui cu succes majoritatea ingredientelor artificiale din medicamentele populare.<\/p>\n\n\n\n<hr class=\"wp-block-separator\"\/>\n\n\n\n<h2 class=\"wp-block-heading\">Karolina Wieczorek<\/h2>\n\n\n\n<div class=\"wp-block-image\"><figure class=\"alignleft size-large is-resized\"><figure id=\"attachment_209\" class=\"alignnone width-full\" style=\"width: 288px;\"><img loading=\"lazy\" decoding=\"async\" data-caption=\"\" src=\"https:\/\/consumers-views.com\/ro\/wp-content\/uploads\/2021\/06\/Karolina2.jpg\" alt=\"\" class=\"wp-image-209\" width=\"288\" height=\"481\" title=\"\" srcset=\"https:\/\/consumers-views.com\/ro\/wp-content\/uploads\/2021\/06\/Karolina2.jpg 384w, https:\/\/consumers-views.com\/ro\/wp-content\/uploads\/2021\/06\/Karolina2-180x300.jpg 180w, https:\/\/consumers-views.com\/ro\/wp-content\/uploads\/2021\/06\/Karolina2-14x24.jpg 14w, https:\/\/consumers-views.com\/ro\/wp-content\/uploads\/2021\/06\/Karolina2-22x36.jpg 22w, https:\/\/consumers-views.com\/ro\/wp-content\/uploads\/2021\/06\/Karolina2-29x48.jpg 29w\" sizes=\"auto, (max-width: 288px) 100vw, 288px\" \/><\/figure><\/figure><\/div>\n\n\n\n<p>Sunt un entuziast al vie\u021bii active \u0219i al alimenta\u021biei naturale. \u00cen fiecare zi \u00eemi \u00eembun\u0103t\u0103\u021besc corpul \u0219i mintea &#8211; alerg, m\u0103 antrenez la sal\u0103, m\u0103 plimb, meditez, m\u0103 ad\u00e2ncesc \u00een arcanul buc\u0103t\u0103riei s\u0103n\u0103toase, u\u0219oare, dar gustoase \u0219i aromate. Via\u021ba mea era complet diferit\u0103. Obi\u0219nuiam s\u0103 duc un stil de via\u021b\u0103 tipic sedentar &#8211; lucram la calculator, nu f\u0103ceam sport, petreceam foarte pu\u021bin timp \u00een aer liber, m\u00e2ncam junk food, beam tone de cafea\u2026 C\u00e2nd mi-am dat seama c\u0103 lipsa de mi\u0219care \u0219i o diet\u0103 proast\u0103 au un efect dezastruos asupra frumuse\u021bii, s\u0103n\u0103t\u0103\u021bii, dispozi\u021biei \u0219i st\u0103rii mele de spirit, am decis s\u0103 schimb totul!<\/p>\n\n\n\n<p>La \u00eenceput mi-am modificat stilul alimentar \u0219i am introdus \u00een programul meu plimb\u0103ri regulate \u00een parcuri, pe paji\u0219ti \u0219i p\u0103duri. Cu timpul, via\u021ba natural\u0103 \u0219i s\u0103n\u0103toas\u0103 m-a absorbit complet. Am \u00eenceput s\u0103 explorez literatura de specialitate \u00een materie de dietetic\u0103, de modelare corporal\u0103 \u0219i s\u0103 caut informa\u021bii interesante despre \u00eengrijirea pielii. Am pus \u00een practic\u0103 aceste cuno\u0219tin\u021be &#8211; am reu\u0219it s\u0103-mi creez silueta de vis, s\u0103 fiu \u00een form\u0103 perfect\u0103, s\u0103-mi \u00eembun\u0103t\u0103\u021besc permanent starea de spirit \u0219i s\u0103-mi \u00eembun\u0103t\u0103\u021besc puternic starea pielii \u0219i a p\u0103rului.<\/p>\n\n\n\n<p>Ast\u0103zi \u00eemi \u00eemp\u0103rt\u0103\u0219esc experien\u021ba \u0219i cuno\u0219tin\u021bele despre s\u0103n\u0103tate, frumuse\u021be, body training \u0219i modeling prin publicarea de articole pe portaluri tematice \u0219i bloguri. \u00cen textele mele pute\u021bi g\u0103si sfaturi interesante \u0219i utile despre cum s\u0103 tr\u0103i\u021bi o via\u021b\u0103 s\u0103n\u0103toas\u0103 \u0219i vital\u0103 \u0219i cum s\u0103 lupta\u021bi eficient \u00eempotriva imperfec\u021biunilor de siluet\u0103 \u0219i de frumuse\u021be. De asemenea, scriu recenzii despre suplimente alimentare, produse cosmetice \u0219i preparate medicamentoase interesante. V\u0103 invit s\u0103 citi\u021bi!<\/p>\n","protected":false},"excerpt":{"rendered":"<p>G\u0103sirea produsului de s\u0103n\u0103tate potrivit pe o pia\u021b\u0103 \u00een continu\u0103 cre\u0219tere nu este o problem\u0103 minor\u0103, la fel ca \u0219i g\u0103sirea informa\u021biilor de care ave\u021bi nevoie pe internet. Am creat site-ul nostru web pentru a v\u0103 u\u0219ura munca \u0219i pentru a v\u0103 ar\u0103ta ce poate func\u021biona \u00een cazul multor afec\u021biuni \u0219i ce preparate v\u0103 vor [&hellip;]<\/p>\n","protected":false},"author":1,"featured_media":0,"parent":0,"menu_order":0,"comment_status":"closed","ping_status":"closed","template":"","meta":{"footnotes":""},"class_list":["post-201","page","type-page","status-publish","hentry","box-post"],"_links":{"self":[{"href":"https:\/\/consumers-views.com\/ro\/wp-json\/wp\/v2\/pages\/201","targetHints":{"allow":["GET"]}}],"collection":[{"href":"https:\/\/consumers-views.com\/ro\/wp-json\/wp\/v2\/pages"}],"about":[{"href":"https:\/\/consumers-views.com\/ro\/wp-json\/wp\/v2\/types\/page"}],"author":[{"embeddable":true,"href":"https:\/\/consumers-views.com\/ro\/wp-json\/wp\/v2\/users\/1"}],"replies":[{"embeddable":true,"href":"https:\/\/consumers-views.com\/ro\/wp-json\/wp\/v2\/comments?post=201"}],"version-history":[{"count":5,"href":"https:\/\/consumers-views.com\/ro\/wp-json\/wp\/v2\/pages\/201\/revisions"}],"predecessor-version":[{"id":299,"href":"https:\/\/consumers-views.com\/ro\/wp-json\/wp\/v2\/pages\/201\/revisions\/299"}],"wp:attachment":[{"href":"https:\/\/consumers-views.com\/ro\/wp-json\/wp\/v2\/media?parent=201"}],"curies":[{"name":"wp","href":"https:\/\/api.w.org\/{rel}","templated":true}]}}