{"id":166,"date":"2021-06-01T12:07:36","date_gmt":"2021-06-01T10:07:36","guid":{"rendered":"https:\/\/consumers-views.com\/ro\/?page_id=166"},"modified":"2021-06-01T12:07:36","modified_gmt":"2021-06-01T10:07:36","slug":"politica-de-confidentialitate","status":"publish","type":"page","link":"https:\/\/consumers-views.com\/ro\/politica-de-confidentialitate\/","title":{"rendered":"Politica de confiden\u021bialitate"},"content":{"rendered":"\n<p><strong>1 Informa\u021bii generale<\/strong><\/p>\n\n\n\n<ol class=\"wp-block-list\"><li>Aceast\u0103 politic\u0103 se aplic\u0103 site-ului web, care func\u021bioneaz\u0103 la adresa url: <strong>consumers-views.com\/ro\/<\/strong><\/li><li>Operatorul este administratorul datelor dumneavoastr\u0103 cu caracter personal \u00een ceea ce prive\u0219te datele furnizate \u00een mod voluntar \u00een cadrul Serviciului.<\/li><li>Serviciul utilizeaz\u0103 datele cu caracter personal \u00een urm\u0103toarele scopuri:<ul><li>Func\u021bionarea unui sistem de comentarii<\/li><li>Tratarea cererilor de informa\u021bii prin formular<\/li><li>Prezentarea unei oferte sau a unor informa\u021bii<\/li><li>Serviciul \u00eendepline\u0219te func\u021biile de ob\u021binere a informa\u021biilor despre utilizatori \u0219i despre comportamentul acestora, dup\u0103 cum urmeaz\u0103:<\/li><\/ul><\/li><\/ol>\n\n\n\n<ol class=\"wp-block-list\"><li>Prin intermediul datelor introduse \u00een mod voluntar \u00een formulare, care sunt introduse \u00een sistemele operatorului.<\/li><li>Prin stocarea de module cookie (a\u0219a-numitele &#8222;cookies&#8221;) pe echipamentul dumneavoastr\u0103 terminal.<\/li><\/ol>\n\n\n\n<p><strong>2 Metode selectate de protec\u021bie a datelor utilizate de operator<\/strong><\/p>\n\n\n\n<ol class=\"wp-block-list\"><li>Locurile de autentificare \u0219i de introducere a datelor personale sunt protejate \u00een stratul de transmisie (certificat SSL). Acest lucru asigur\u0103 faptul c\u0103 datele personale \u0219i datele de conectare introduse pe site-ul web sunt criptate pe computerul utilizatorului \u0219i pot fi citite doar pe serverul \u021bint\u0103.<\/li><li>Parolele de utilizator sunt stocate \u00eentr-o form\u0103 ha\u0219urat\u0103. Func\u021bia hash func\u021bioneaz\u0103 unidirec\u021bional &#8211; nu este posibil\u0103 inversarea acesteia, ceea ce reprezint\u0103 \u00een prezent standardul modern pentru stocarea parolelor de utilizator.<\/li><li>Operatorul \u00ee\u0219i schimb\u0103 periodic parolele administrative.<\/li><li>Pentru a proteja datele, operatorul face \u00een mod regulat copii de siguran\u021b\u0103.<\/li><li>Un element important al protec\u021biei datelor este actualizarea periodic\u0103 a oric\u0103rui software utilizat de operator pentru prelucrarea datelor cu caracter personal, ceea ce \u00eenseamn\u0103, \u00een special, actualiz\u0103ri periodice ale componentelor de programare.<\/li><\/ol>\n\n\n\n<p><strong>3. g\u0103zduire<\/strong><\/p>\n\n\n\n<ol class=\"wp-block-list\"><li>Serviciul este g\u0103zduit (\u00eentre\u021binut din punct de vedere tehnic) pe serverul operatorului: ovh.com.<\/li><li>Compania de g\u0103zduire:<ul><li>aplic\u0103 m\u0103suri de protec\u021bie \u00eempotriva pierderilor de date (de exemplu, matrice de discuri, copii de securitate regulate),<\/li><li>s\u0103 aplice m\u0103suri adecvate pentru a proteja locurile de prelucrare \u00een caz de incendiu (de exemplu, sisteme speciale de stingere a incendiilor),<\/li><li>aplic\u0103 m\u0103suri adecvate pentru a proteja sistemele de procesare \u00een cazul unei pene de curent bru\u0219te (de exemplu, linii de alimentare duble, generatoare, sisteme de rezerv\u0103 UPS),<\/li><li>s\u0103 aplice m\u0103suri de protec\u021bie fizic\u0103 a accesului la locurile de prelucrare a datelor (de exemplu, controlul accesului, monitorizarea),<\/li><li>aplic\u0103 m\u0103suri pentru a asigura condi\u021bii de mediu adecvate pentru serverele care fac parte dintr-un sistem de prelucrare a datelor (de exemplu, controlul condi\u021biilor de mediu, sisteme specializate de climatizare),<\/li><li>aplic\u0103 m\u0103suri organizatorice pentru a asigura cel mai \u00eenalt grad posibil de protec\u021bie \u0219i confiden\u021bialitate (formare, reglement\u0103ri interne, politici privind parolele etc.),<\/li><li>a numit un responsabil cu protec\u021bia datelor.<\/li><\/ul><\/li><li>Compania de g\u0103zduire p\u0103streaz\u0103 jurnale la nivelul serverului pentru a asigura fiabilitatea tehnic\u0103. Jurnalele pot fi salvate:<ul><li>resursele definite prin identificatorul URL (adresele resurselor solicitate &#8211; pagini, fi\u0219iere),<\/li><li>timp pentru ca ancheta s\u0103 soseasc\u0103,<\/li><li>timp pentru a trimite r\u0103spunsul,<\/li><li>numele sta\u021biei clientului &#8211; identificare implementat\u0103 de protocolul HTTP,<\/li><li>informa\u021bii privind erorile ap\u0103rute \u00een timpul execut\u0103rii tranzac\u021biilor HTTP,<\/li><li>URL-ul paginii vizitate anterior de c\u0103tre utilizator (referrer link) &#8211; \u00een cazul \u00een care accesul la serviciu a fost f\u0103cut prin intermediul unui link,<\/li><li>informa\u021bii despre browserul dumneavoastr\u0103,<\/li><li>Informa\u021bii privind adresa IP,<\/li><li>Informa\u021bii de diagnosticare legate de procesul de autocomand\u0103 de servicii prin intermediul \u00eenregistratoarelor de pe site-ul web,<\/li><li>informa\u021bii legate de gestionarea coresponden\u021bei electronice adresate \u0219i trimise de c\u0103tre operator.<\/li><\/ul><\/li><\/ol>\n\n\n\n<p><strong>4. drepturile dumneavoastr\u0103 \u0219i informa\u021bii suplimentare privind utilizarea datelor dumneavoastr\u0103<\/strong><\/p>\n\n\n\n<ol class=\"wp-block-list\"><li>\u00cen anumite situa\u021bii, administratorul are dreptul de a transfera datele dumneavoastr\u0103 cu caracter personal c\u0103tre al\u021bi destinatari, dac\u0103 acest lucru este necesar pentru a executa contractul \u00eencheiat cu dumneavoastr\u0103 sau pentru a \u00eendeplini obliga\u021biile administratorului. Acest lucru se aplic\u0103 unor astfel de grupuri de destinatari:<ul><li>companie de g\u0103zduire pe baz\u0103 de \u00eencredere<\/li><li>angaja\u021bii \u0219i asocia\u021bii autoriza\u021bi care utilizeaz\u0103 datele pentru a atinge scopul site-ului web<\/li><\/ul><\/li><li>Administratorul nu prelucreaz\u0103 datele dumneavoastr\u0103 cu caracter personal mai mult timp dec\u00e2t este necesar pentru a efectua activit\u0103\u021bile aferente specificate \u00een regulamente separate (de exemplu, privind contabilitatea). \u00cen ceea ce prive\u0219te datele de marketing, datele nu vor fi prelucrate pentru mai mult de 3 ani.<\/li><li>Ave\u021bi dreptul de a solicita administratorului:<ul><li>accesul la informa\u021biile dumneavoastr\u0103 personale,<\/li><li>rectific\u0103rile acestora,<\/li><li>\u0219tergeri,<\/li><li>restric\u021bii de prelucrare,<\/li><li>\u0219i transferul de date.<\/li><\/ul><\/li><li>Ave\u021bi dreptul de a v\u0103 opune prelucr\u0103rii datelor cu caracter personal indicate la punctul 3.3 c) la prelucrarea datelor cu caracter personal \u00een vederea exercit\u0103rii intereselor legitime urm\u0103rite de administrator, inclusiv crearea de profiluri, dar dreptul de opozi\u021bie nu va fi exercitat dac\u0103 exist\u0103 motive legitime importante pentru prelucrare, interese, drepturi \u0219i libert\u0103\u021bi care prevaleaz\u0103 asupra intereselor dumneavoastr\u0103, \u00een special pentru a stabili, urm\u0103ri sau ap\u0103ra preten\u021biile dumneavoastr\u0103.<\/li><li>Furnizarea datelor cu caracter personal este voluntar\u0103, dar este necesar\u0103 pentru func\u021bionarea Serviciului.<\/li><li>Este posibil s\u0103 face\u021bi obiectul unor activit\u0103\u021bi de luare automat\u0103 a deciziilor, inclusiv crearea de profiluri, \u00een vederea furniz\u0103rii de servicii \u00een temeiul contractului \u0219i a efectu\u0103rii de marketing direct de c\u0103tre Administrator.<\/li><li>Datele cu caracter personal nu sunt transferate din \u021b\u0103ri ter\u021be \u00een sensul reglement\u0103rilor privind protec\u021bia datelor. Acest lucru \u00eenseamn\u0103 c\u0103 nu le trimitem \u00een afara Uniunii Europene.<\/li><\/ol>\n\n\n\n<p><strong>5. informa\u021biile din formulare<\/strong><\/p>\n\n\n\n<ol class=\"wp-block-list\"><li>Serviciul colecteaz\u0103 informa\u021bii furnizate \u00een mod voluntar de c\u0103tre utilizator, inclusiv date cu caracter personal, dac\u0103 este cazul.<\/li><li>Serviciul poate salva informa\u021bii despre parametrii de conectare (data \u0219i ora, adresa IP).<\/li><li>\u00cen unele cazuri, serviciul poate salva informa\u021bii pentru a facilita asocierea datelor din formular cu adresa de e-mail a utilizatorului care completeaz\u0103 formularul. \u00cen acest caz, adresa de e-mail a utilizatorului apare \u00een interiorul url-ului paginii care con\u021bine formularul.<\/li><li>Datele furnizate \u00een formular sunt prelucrate \u00een scopul care rezult\u0103 din func\u021bia unui anumit formular, de exemplu, pentru a gestiona o cerere de servicii sau un contact comercial, pentru a \u00eenregistra servicii etc. De fiecare dat\u0103, contextul \u0219i descrierea formularului indic\u0103 \u00een mod clar pentru ce este utilizat.<\/li><\/ol>\n\n\n\n<p><strong>6 Jurnalele administratorilor<\/strong><\/p>\n\n\n\n<ol class=\"wp-block-list\"><li>Informa\u021biile despre comportamentul utilizatorilor pe site pot face obiectul unei autentific\u0103ri. Aceste date sunt utilizate pentru a administra serviciul.<\/li><\/ol>\n\n\n\n<p><strong>7 Tehnici importante de marketing<\/strong><\/p>\n\n\n\n<ol class=\"wp-block-list\"><li>Operatorul utilizeaz\u0103 analiza statistic\u0103 a traficului pe site-ul web prin intermediul Google Analytics. Operatorul nu transmite date cu caracter personal c\u0103tre operatorul acestui serviciu, ci doar informa\u021bii anonime. Serviciul se bazeaz\u0103 pe utilizarea de cookie-uri pe echipamentul dumneavoastr\u0103 terminal.<\/li><li>Operatorul utilizeaz\u0103 tehnici de remarketing care permit corelarea mesajelor publicitare cu comportamentul utilizatorului pe site-ul web, ceea ce poate da iluzia c\u0103 datele cu caracter personal ale utilizatorului sunt utilizate pentru a urm\u0103ri utilizatorul, dar, \u00een practic\u0103, nu exist\u0103 niciun transfer de date cu caracter personal de la operator c\u0103tre operatorii de publicitate. Condi\u021bia tehnologic\u0103 pentru astfel de ac\u021biuni este ca modulele cookie s\u0103 fie activate.<\/li><li>Operatorul folose\u0219te o solu\u021bie care investigheaz\u0103 comportamentul utilizatorilor prin crearea de h\u0103r\u021bi de c\u0103ldur\u0103 \u0219i \u00eenregistrarea comportamentului pe site. Aceste informa\u021bii sunt anonimizate \u00eenainte de a fi trimise furnizorului de servicii, astfel \u00eenc\u00e2t acesta s\u0103 nu \u0219tie despre ce persoan\u0103 este vorba. \u00cen special, parolele \u0219i alte date cu caracter personal nu sunt \u00eenregistrate.<\/li><\/ol>\n\n\n\n<p><strong>8. informa\u021bii despre cookie-uri<\/strong><\/p>\n\n\n\n<ol class=\"wp-block-list\"><li>Site-ul web utilizeaz\u0103 cookie-uri.<\/li><li>Fi\u0219ierele cookie (a\u0219a-numitele &#8222;cookie-uri&#8221;) sunt date IT, \u00een special fi\u0219iere text, care sunt stocate \u00een dispozitivul final al utilizatorului de servicii \u0219i sunt concepute pentru a utiliza site-urile web ale site-ului. Cookie-urile con\u021bin, de obicei, numele site-ului web de pe care provin, perioada \u00een care sunt stocate \u00een echipamentul terminal \u0219i un num\u0103r unic.<\/li><li>Subiectul care plaseaz\u0103 cookie-uri pe dispozitivul final al utilizatorului serviciului \u0219i ob\u021bine acces la acestea este operatorul serviciului.<\/li><li>Cookie-urile sunt utilizate \u00een urm\u0103toarele scopuri:<ol><li>men\u021binerea sesiunii de utilizator al serviciului (dup\u0103 conectare), datorit\u0103 c\u0103reia utilizatorul nu trebuie s\u0103 \u00ee\u0219i introduc\u0103 din nou numele de utilizator \u0219i parola pe fiecare subpagin\u0103 a serviciului;<\/li><li>realizarea obiectivelor stabilite mai sus la rubrica &#8222;Tehnici de marketing relevante&#8221;;<\/li><\/ol><\/li><li>Serviciul utilizeaz\u0103 dou\u0103 tipuri de cookie-uri de baz\u0103: &#8222;de sesiune&#8221; (cookie-uri de sesiune) \u0219i &#8222;permanente&#8221; (cookie-uri persistente). Cookie-urile &#8222;de sesiune&#8221; sunt fi\u0219iere temporare, care sunt stocate \u00een dispozitivul terminal al utilizatorului p\u00e2n\u0103 la deconectare, p\u0103r\u0103sirea site-ului web sau oprirea software-ului (browser web). Fi\u0219ierele cookie &#8222;persistente&#8221; sunt stocate \u00een echipamentul terminal al utilizatorului pentru perioada de timp specificat\u0103 \u00een parametrii cookie-urilor sau p\u00e2n\u0103 c\u00e2nd sunt \u0219terse de c\u0103tre utilizator.<\/li><li>De obicei, software-ul de navigare pe internet (browser web) permite \u00een mod implicit stocarea de cookie-uri \u00een terminalul utilizatorului. Utilizatorii serviciilor pot modifica set\u0103rile \u00een acest domeniu. Browserul de internet v\u0103 permite s\u0103 \u0219terge\u021bi cookie-urile. De asemenea, este posibil\u0103 blocarea automat\u0103 a cookie-urilor. Informa\u021bii detaliate pe aceast\u0103 tem\u0103 sunt con\u021binute \u00een ajutorul sau documenta\u021bia browserului de internet.<\/li><li>Restric\u021biile privind utilizarea modulelor cookie pot afecta anumite caracteristici disponibile pe site-ul web.<\/li><li>Cookie-urile plasate \u00een dispozitivul final al utilizatorului site-ului web pot fi utilizate \u0219i de entit\u0103\u021bi care coopereaz\u0103 cu operatorul site-ului web, \u00een special de companii: Google (Google Inc. cu sediul \u00een SUA), Facebook (Facebook Inc. cu sediul \u00een SUA), Twitter (Twitter Inc. cu sediul \u00een SUA).<\/li><\/ol>\n\n\n\n<p><strong>9) Gestionarea cookie-urilor &#8211; cum se d\u0103 \u0219i se retrage consim\u021b\u0103m\u00e2ntul \u00een practic\u0103?<\/strong><\/p>\n\n\n\n<ol class=\"wp-block-list\"><li>Dac\u0103 nu dori\u021bi s\u0103 primi\u021bi cookie-uri, pute\u021bi modifica set\u0103rile browserului dumneavoastr\u0103. Ne rezerv\u0103m dreptul de a dezactiva utilizarea modulelor cookie necesare pentru procesele de autentificare, securitate, men\u021binerea preferin\u021belor utilizatorului poate \u00eengreuna, iar \u00een cazuri extreme poate \u00eempiedica utilizarea site-urilor web<\/li><\/ol>\n","protected":false},"excerpt":{"rendered":"<p>1 Informa\u021bii generale Aceast\u0103 politic\u0103 se aplic\u0103 site-ului web, care func\u021bioneaz\u0103 la adresa url: consumers-views.com\/ro\/ Operatorul este administratorul datelor dumneavoastr\u0103 cu caracter personal \u00een ceea ce prive\u0219te datele furnizate \u00een mod voluntar \u00een cadrul Serviciului. Serviciul utilizeaz\u0103 datele cu caracter personal \u00een urm\u0103toarele scopuri: Func\u021bionarea unui sistem de comentarii Tratarea cererilor de informa\u021bii prin formular [&hellip;]<\/p>\n","protected":false},"author":1,"featured_media":0,"parent":0,"menu_order":0,"comment_status":"closed","ping_status":"closed","template":"","meta":{"footnotes":""},"class_list":["post-166","page","type-page","status-publish","hentry","box-post"],"_links":{"self":[{"href":"https:\/\/consumers-views.com\/ro\/wp-json\/wp\/v2\/pages\/166","targetHints":{"allow":["GET"]}}],"collection":[{"href":"https:\/\/consumers-views.com\/ro\/wp-json\/wp\/v2\/pages"}],"about":[{"href":"https:\/\/consumers-views.com\/ro\/wp-json\/wp\/v2\/types\/page"}],"author":[{"embeddable":true,"href":"https:\/\/consumers-views.com\/ro\/wp-json\/wp\/v2\/users\/1"}],"replies":[{"embeddable":true,"href":"https:\/\/consumers-views.com\/ro\/wp-json\/wp\/v2\/comments?post=166"}],"version-history":[{"count":1,"href":"https:\/\/consumers-views.com\/ro\/wp-json\/wp\/v2\/pages\/166\/revisions"}],"predecessor-version":[{"id":167,"href":"https:\/\/consumers-views.com\/ro\/wp-json\/wp\/v2\/pages\/166\/revisions\/167"}],"wp:attachment":[{"href":"https:\/\/consumers-views.com\/ro\/wp-json\/wp\/v2\/media?parent=166"}],"curies":[{"name":"wp","href":"https:\/\/api.w.org\/{rel}","templated":true}]}}