{"id":197,"date":"2021-06-02T15:20:58","date_gmt":"2021-06-02T13:20:58","guid":{"rendered":"https:\/\/consumers-views.com\/pt\/?page_id=197"},"modified":"2021-06-22T11:20:31","modified_gmt":"2021-06-22T09:20:31","slug":"sobre-nos","status":"publish","type":"page","link":"https:\/\/consumers-views.com\/pt\/sobre-nos\/","title":{"rendered":"Sobre n\u00f3s"},"content":{"rendered":"\n<p>Encontrar o produto de sa\u00fade certo no mercado em constante crescimento n\u00e3o \u00e9 um problema pequeno, assim como encontrar a informa\u00e7\u00e3o de que necessita na rede global. Cri\u00e1mos o nosso website para lhe facilitar e mostrar-lhe o que pode funcionar para muitas doen\u00e7as e quais os preparativos que ajudar\u00e3o no seu tratamento. No site recolhemos e organizamos informa\u00e7\u00f5es, utilizando apenas fontes comprovadas, opini\u00f5es dos melhores e mais valiosos especialistas na \u00e1rea.<\/p>\n\n\n\n<p>Vale a pena ler os artigos escritos pela nossa equipa editorial, que todos os dias lhe testa, entre outras coisas, suplementos alimentares que ajudam na perda de peso, problemas masculinos ou outros males comuns. N\u00e3o afirmamos saber tudo sobre o assunto, mas estamos constantemente a ganhar o conhecimento necess\u00e1rio, de modo que cada leitor que visita o nosso site sabe o que \u00e9 melhor para ele. Convidamo-lo a ler e a partilhar os seus coment\u00e1rios e observa\u00e7\u00f5es. Os seus coment\u00e1rios e observa\u00e7\u00f5es s\u00e3o sempre bem-vindos e teremos todo o prazer em responder-lhes.<\/p>\n\n\n\n<h2 class=\"wp-block-heading\">Kamila Lewandowska<\/h2>\n\n\n\n<div class=\"wp-block-image\"><figure class=\"alignleft size-large is-resized\"><figure id=\"attachment_201\" class=\"alignnone width-full\" style=\"width: 316px;\"><img loading=\"lazy\" decoding=\"async\" data-caption=\"\" src=\"https:\/\/consumers-views.com\/pt\/wp-content\/uploads\/2021\/06\/Kamila-Lewandowska-631x1024.jpg\" alt=\"\" class=\"wp-image-201\" width=\"316\" height=\"512\" title=\"\" srcset=\"https:\/\/consumers-views.com\/pt\/wp-content\/uploads\/2021\/06\/Kamila-Lewandowska-631x1024.jpg 631w, https:\/\/consumers-views.com\/pt\/wp-content\/uploads\/2021\/06\/Kamila-Lewandowska-185x300.jpg 185w, https:\/\/consumers-views.com\/pt\/wp-content\/uploads\/2021\/06\/Kamila-Lewandowska-768x1247.jpg 768w, https:\/\/consumers-views.com\/pt\/wp-content\/uploads\/2021\/06\/Kamila-Lewandowska-946x1536.jpg 946w, https:\/\/consumers-views.com\/pt\/wp-content\/uploads\/2021\/06\/Kamila-Lewandowska-15x24.jpg 15w, https:\/\/consumers-views.com\/pt\/wp-content\/uploads\/2021\/06\/Kamila-Lewandowska-22x36.jpg 22w, https:\/\/consumers-views.com\/pt\/wp-content\/uploads\/2021\/06\/Kamila-Lewandowska-30x48.jpg 30w, https:\/\/consumers-views.com\/pt\/wp-content\/uploads\/2021\/06\/Kamila-Lewandowska.jpg 924w\" sizes=\"auto, (max-width: 316px) 100vw, 316px\" \/><\/figure><\/figure><\/div>\n\n\n\n<p>O meu nome \u00e9 Kamila Lewandowska. Sou Mestre em Diet\u00e9tica e licenciado pela Universidade de Sa\u00fade, Beleza e Educa\u00e7\u00e3o de Poznan. Promotor de um estilo de vida saud\u00e1vel. Diariamente, trabalho como dietista no lar de idosos em Toru\u0144 e dirijo o meu consult\u00f3rio particular no consult\u00f3rio de dietetismo. Ajudo os meus pacientes a mudar de ideias, que uma alimenta\u00e7\u00e3o saud\u00e1vel n\u00e3o \u00e9 um pesadelo. Aprecio uma cozinha simples, r\u00e1pida e saud\u00e1vel. Tento sempre aprofundar os meus conhecimentos no campo da diet\u00e9tica, pelo que j\u00e1 participei em muitos cursos que me permitem faz\u00ea-lo. No meu tempo livre adoro viajar, passar tempo activamente em patins de rodas e ler livros.<\/p>\n\n\n\n<hr class=\"wp-block-separator\"\/>\n\n\n\n<h2 class=\"wp-block-heading\">Aleksandra Dziura<\/h2>\n\n\n\n<div class=\"wp-block-image\"><figure class=\"alignleft size-large is-resized\"><figure id=\"attachment_203\" class=\"alignnone width-full\" style=\"width: 350px;\"><img loading=\"lazy\" decoding=\"async\" data-caption=\"\" src=\"https:\/\/consumers-views.com\/pt\/wp-content\/uploads\/2021\/06\/Aleksandra-Dziura-699x1024.jpg\" alt=\"\" class=\"wp-image-203\" width=\"350\" height=\"512\" title=\"\" srcset=\"https:\/\/consumers-views.com\/pt\/wp-content\/uploads\/2021\/06\/Aleksandra-Dziura-699x1024.jpg 699w, https:\/\/consumers-views.com\/pt\/wp-content\/uploads\/2021\/06\/Aleksandra-Dziura-205x300.jpg 205w, https:\/\/consumers-views.com\/pt\/wp-content\/uploads\/2021\/06\/Aleksandra-Dziura-768x1126.jpg 768w, https:\/\/consumers-views.com\/pt\/wp-content\/uploads\/2021\/06\/Aleksandra-Dziura-1048x1536.jpg 1048w, https:\/\/consumers-views.com\/pt\/wp-content\/uploads\/2021\/06\/Aleksandra-Dziura-16x24.jpg 16w, https:\/\/consumers-views.com\/pt\/wp-content\/uploads\/2021\/06\/Aleksandra-Dziura-25x36.jpg 25w, https:\/\/consumers-views.com\/pt\/wp-content\/uploads\/2021\/06\/Aleksandra-Dziura-33x48.jpg 33w, https:\/\/consumers-views.com\/pt\/wp-content\/uploads\/2021\/06\/Aleksandra-Dziura.jpg 924w\" sizes=\"auto, (max-width: 350px) 100vw, 350px\" \/><\/figure><\/figure><\/div>\n\n\n\n<p>Licenciado e Mestre em Diet\u00e9tica pela Universidade de Medicina de Vars\u00f3via, fundador da cl\u00ednica NutriAid, dietista do Centro de Medicina do Desporto. Participante do programa de p\u00f3s-gradua\u00e7\u00e3o especializada em nutri\u00e7\u00e3o desportiva IOPN Diploma em nutri\u00e7\u00e3o de desempenho. Completou uma s\u00e9rie de forma\u00e7\u00f5es especializadas, organizadas por institui\u00e7\u00f5es polacas e estrangeiras, incluindo um curso de seis meses &#8220;The low FODMAP diet for IBS&#8221;, conduzido pela Universidade Australiana de Monash. Autor de artigos, livros e livros electr\u00f3nicos de ci\u00eancia populares.<\/p>\n\n\n\n<hr class=\"wp-block-separator\"\/>\n\n\n\n<h2 class=\"wp-block-heading\">Piotr Koz\u0142owski<\/h2>\n\n\n\n<div class=\"wp-block-image\"><figure class=\"alignleft size-large\"><figure id=\"attachment_204\" class=\"alignnone width-full text-columns-nobreak\" style=\"width: ;\"><img loading=\"lazy\" decoding=\"async\" width=\"305\" height=\"508\" data-caption=\"\" src=\"https:\/\/consumers-views.com\/pt\/wp-content\/uploads\/2021\/06\/PiotrK3.jpg\" alt=\"\" class=\"wp-image-204\" title=\"\" srcset=\"https:\/\/consumers-views.com\/pt\/wp-content\/uploads\/2021\/06\/PiotrK3.jpg 305w, https:\/\/consumers-views.com\/pt\/wp-content\/uploads\/2021\/06\/PiotrK3-180x300.jpg 180w, https:\/\/consumers-views.com\/pt\/wp-content\/uploads\/2021\/06\/PiotrK3-14x24.jpg 14w, https:\/\/consumers-views.com\/pt\/wp-content\/uploads\/2021\/06\/PiotrK3-22x36.jpg 22w, https:\/\/consumers-views.com\/pt\/wp-content\/uploads\/2021\/06\/PiotrK3-29x48.jpg 29w\" sizes=\"auto, (max-width: 305px) 100vw, 305px\" \/><\/figure><\/figure><\/div>\n\n\n\n<p>A minha paix\u00e3o \u00e9 tudo o que est\u00e1 relacionado com um estilo de vida saud\u00e1vel. Lido com diet\u00e9tica e t\u00f3picos relacionados h\u00e1 quase 10 anos e durante esse tempo completei muitos cursos profissionais nesta \u00e1rea. Isto deu-me muitos conhecimentos, uma base s\u00f3lida para formular os princ\u00edpios de uma alimenta\u00e7\u00e3o saud\u00e1vel, que eu pr\u00f3prio experimentei pela primeira vez. Eu pr\u00f3prio costumava lutar com o excesso de peso, e quando v\u00e1rias dietas aleat\u00f3rias n\u00e3o davam qualquer efeito, decidi abordar este assunto de forma profissional e finalmente consegui perder peso.<\/p>\n\n\n\n<p>A partir desse momento comecei a desenvolver a minha paix\u00e3o e gradualmente acrescentei outros aspectos de sa\u00fade \u00e0 perda de peso. Primeiro, actividade f\u00edsica, sem a qual n\u00e3o se pode sonhar em perder peso, e depois problemas ligados a problemas que afectam um grande n\u00famero de homens, causando uma diminui\u00e7\u00e3o da libido ou uma careca acelerada. Procuro novos suplementos alimentares, tanto para a perda de peso como para a melhoria da sa\u00fade em geral, e ao rev\u00ea-los decomponho a sua composi\u00e7\u00e3o em primeiros factores, descrevendo a ac\u00e7\u00e3o de subst\u00e2ncias activas individuais para si. Tamb\u00e9m sou apaixonado pela medicina herbal e continuo a encontrar e a descrever plantas que podem substituir com sucesso a maioria dos ingredientes artificiais dos medicamentos populares.<\/p>\n\n\n\n<hr class=\"wp-block-separator\"\/>\n\n\n\n<h2 class=\"wp-block-heading\">Karolina Wieczorek<\/h2>\n\n\n\n<div class=\"wp-block-image\"><figure class=\"alignleft size-large is-resized\"><figure id=\"attachment_205\" class=\"alignnone width-full\" style=\"width: 288px;\"><img loading=\"lazy\" decoding=\"async\" data-caption=\"\" src=\"https:\/\/consumers-views.com\/pt\/wp-content\/uploads\/2021\/06\/Karolina2.jpg\" alt=\"\" class=\"wp-image-205\" width=\"288\" height=\"481\" title=\"\" srcset=\"https:\/\/consumers-views.com\/pt\/wp-content\/uploads\/2021\/06\/Karolina2.jpg 384w, https:\/\/consumers-views.com\/pt\/wp-content\/uploads\/2021\/06\/Karolina2-180x300.jpg 180w, https:\/\/consumers-views.com\/pt\/wp-content\/uploads\/2021\/06\/Karolina2-14x24.jpg 14w, https:\/\/consumers-views.com\/pt\/wp-content\/uploads\/2021\/06\/Karolina2-22x36.jpg 22w, https:\/\/consumers-views.com\/pt\/wp-content\/uploads\/2021\/06\/Karolina2-29x48.jpg 29w\" sizes=\"auto, (max-width: 288px) 100vw, 288px\" \/><\/figure><\/figure><\/div>\n\n\n\n<p>Sou um entusiasta da vida activa e da nutri\u00e7\u00e3o natural. Todos os dias melhoro o meu corpo e a minha mente &#8211; corro, treino no gin\u00e1sio, caminho, medito, mergulho nos arcanos da cozinha saud\u00e1vel, leve, mas saborosa e arom\u00e1tica. A minha vida costumava parecer completamente diferente. Eu costumava levar um estilo de vida tipicamente sedent\u00e1rio &#8211; trabalhar no computador, nenhum desporto, tempo m\u00ednimo passado ao ar livre, comida de pl\u00e1stico, toneladas de caf\u00e9\u2026 Quando percebi que a falta de movimento e uma m\u00e1 alimenta\u00e7\u00e3o t\u00eam um efeito desastroso na minha beleza, sa\u00fade, humor e condi\u00e7\u00e3o, decidi mudar tudo!<\/p>\n\n\n\n<p>No in\u00edcio modifiquei o meu estilo de alimenta\u00e7\u00e3o e introduzi caminhadas regulares em parques, prados e florestas na minha agenda. Com o tempo, a vida natural e saud\u00e1vel absorveu-me completamente. Comecei a explorar literatura profissional sobre diet\u00e9tica, modela\u00e7\u00e3o corporal e procura de factos interessantes sobre cuidados com a pele. Pus este conhecimento em pr\u00e1tica &#8211; consegui criar a minha figura de sonho, ficar em perfeita forma, melhorar permanentemente o meu humor e melhorar fortemente o estado da minha pele e cabelo.<\/p>\n\n\n\n<p>Hoje partilho a minha experi\u00eancia e conhecimentos sobre sa\u00fade, beleza e forma\u00e7\u00e3o e modelagem corporal, publicando artigos em portais tem\u00e1ticos e blogs. Nos meus textos pode encontrar conselhos interessantes e \u00fateis sobre como viver uma vida saud\u00e1vel e vital e como lutar eficazmente contra as imperfei\u00e7\u00f5es da figura e da beleza. Tamb\u00e9m escrevo revis\u00f5es de suplementos diet\u00e9ticos, cosm\u00e9ticos e prepara\u00e7\u00f5es medicinais interessantes. Convido-vos a ler!<\/p>\n","protected":false},"excerpt":{"rendered":"<p>Encontrar o produto de sa\u00fade certo no mercado em constante crescimento n\u00e3o \u00e9 um problema pequeno, assim como encontrar a informa\u00e7\u00e3o de que necessita na rede global. Cri\u00e1mos o nosso website para lhe facilitar e mostrar-lhe o que pode funcionar para muitas doen\u00e7as e quais os preparativos que ajudar\u00e3o no seu tratamento. No site recolhemos [&hellip;]<\/p>\n","protected":false},"author":1,"featured_media":0,"parent":0,"menu_order":0,"comment_status":"closed","ping_status":"closed","template":"","meta":{"footnotes":""},"class_list":["post-197","page","type-page","status-publish","hentry","box-post"],"_links":{"self":[{"href":"https:\/\/consumers-views.com\/pt\/wp-json\/wp\/v2\/pages\/197","targetHints":{"allow":["GET"]}}],"collection":[{"href":"https:\/\/consumers-views.com\/pt\/wp-json\/wp\/v2\/pages"}],"about":[{"href":"https:\/\/consumers-views.com\/pt\/wp-json\/wp\/v2\/types\/page"}],"author":[{"embeddable":true,"href":"https:\/\/consumers-views.com\/pt\/wp-json\/wp\/v2\/users\/1"}],"replies":[{"embeddable":true,"href":"https:\/\/consumers-views.com\/pt\/wp-json\/wp\/v2\/comments?post=197"}],"version-history":[{"count":19,"href":"https:\/\/consumers-views.com\/pt\/wp-json\/wp\/v2\/pages\/197\/revisions"}],"predecessor-version":[{"id":316,"href":"https:\/\/consumers-views.com\/pt\/wp-json\/wp\/v2\/pages\/197\/revisions\/316"}],"wp:attachment":[{"href":"https:\/\/consumers-views.com\/pt\/wp-json\/wp\/v2\/media?parent=197"}],"curies":[{"name":"wp","href":"https:\/\/api.w.org\/{rel}","templated":true}]}}