{"id":166,"date":"2021-06-01T12:05:21","date_gmt":"2021-06-01T10:05:21","guid":{"rendered":"https:\/\/consumers-views.com\/pt\/?page_id=166"},"modified":"2021-06-01T12:05:21","modified_gmt":"2021-06-01T10:05:21","slug":"politica-de-privacidade","status":"publish","type":"page","link":"https:\/\/consumers-views.com\/pt\/politica-de-privacidade\/","title":{"rendered":"Pol\u00edtica de privacidade"},"content":{"rendered":"\n<p><strong>1 Informa\u00e7\u00f5es gerais<\/strong><\/p>\n\n\n\n<ol class=\"wp-block-list\"><li>Esta pol\u00edtica aplica-se ao site, que funciona na url: <strong>consumers-views.com\/pt\/<\/strong><\/li><li>O Operador \u00e9 o Administrador dos seus dados pessoais em rela\u00e7\u00e3o aos dados fornecidos voluntariamente no Servi\u00e7o.<\/li><li>O servi\u00e7o utiliza dados pessoais para os seguintes fins:<ul><li>Sistema de coment\u00e1rios<\/li><li>Tratamento das consultas por formul\u00e1rio<\/li><li>Apresenta\u00e7\u00e3o de uma oferta ou informa\u00e7\u00e3o<\/li><li>O servi\u00e7o desempenha as fun\u00e7\u00f5es de obten\u00e7\u00e3o de informa\u00e7\u00e3o sobre os utilizadores e o seu comportamento da seguinte forma:<\/li><\/ul><\/li><\/ol>\n\n\n\n<ol class=\"wp-block-list\"><li>Atrav\u00e9s dos dados introduzidos voluntariamente nos formul\u00e1rios, que s\u00e3o introduzidos nos sistemas do Operador.<\/li><li>Ao armazenar cookies (os chamados &#8220;cookies&#8221;) no seu equipamento terminal.<\/li><\/ol>\n\n\n\n<p><strong>2 M\u00e9todos seleccionados de protec\u00e7\u00e3o de dados utilizados pelo operador<\/strong><\/p>\n\n\n\n<ol class=\"wp-block-list\"><li>Os locais para iniciar sess\u00e3o e introduzir dados pessoais est\u00e3o protegidos na camada de transmiss\u00e3o (certificado SSL). Isto assegura que os dados pessoais e de login introduzidos no site s\u00e3o codificados no computador do utilizador e s\u00f3 podem ser lidos no servidor de destino.<\/li><li>As senhas dos usu\u00e1rios s\u00e3o armazenadas em forma de hash. A fun\u00e7\u00e3o hash funciona de forma unidireccional &#8211; n\u00e3o \u00e9 poss\u00edvel invert\u00ea-la, que \u00e9 actualmente a norma moderna para armazenar as palavras-passe dos utilizadores.<\/li><li>O Operador altera periodicamente as suas palavras-passe administrativas.<\/li><li>A fim de proteger os dados, o operador faz regularmente c\u00f3pias de seguran\u00e7a.<\/li><li>Um elemento importante da protec\u00e7\u00e3o de dados \u00e9 a actualiza\u00e7\u00e3o regular de qualquer software utilizado pelo operador para processar dados pessoais, o que significa, nomeadamente, actualiza\u00e7\u00f5es regulares dos componentes de programa\u00e7\u00e3o.<\/li><\/ol>\n\n\n\n<p><strong>3. Alojamento<\/strong><\/p>\n\n\n\n<ol class=\"wp-block-list\"><li>O servi\u00e7o est\u00e1 alojado (tecnicamente mantido) no servidor do operador: ovh.com<\/li><li>Empresa anfitri\u00e3:<ul><li>aplica medidas de protec\u00e7\u00e3o contra a perda de dados (por exemplo, matrizes de disco, c\u00f3pias de seguran\u00e7a regulares),<\/li><li>aplicar medidas adequadas para proteger os locais de processamento em caso de inc\u00eandio (por exemplo, sistemas especiais de combate a inc\u00eandios),<\/li><li>aplica medidas adequadas para proteger os sistemas de processamento em caso de falha s\u00fabita de energia (por exemplo, linhas el\u00e9ctricas duplas, geradores, sistemas UPS de reserva),<\/li><li>aplicar medidas para proteger fisicamente o acesso aos locais de tratamento de dados (por exemplo, controlo de acesso, monitoriza\u00e7\u00e3o),<\/li><li>aplica medidas para garantir condi\u00e7\u00f5es ambientais adequadas aos servidores como parte de um sistema de processamento de dados (por exemplo, controlo das condi\u00e7\u00f5es ambientais, sistemas de ar condicionado especializados),<\/li><li>aplica disposi\u00e7\u00f5es organizacionais para assegurar o mais elevado grau poss\u00edvel de protec\u00e7\u00e3o e confidencialidade (forma\u00e7\u00e3o, regulamentos internos, pol\u00edticas de senhas, etc.),<\/li><li>nomeou um respons\u00e1vel pela protec\u00e7\u00e3o de dados.<\/li><\/ul><\/li><li>A empresa de alojamento mant\u00e9m registos ao n\u00edvel do servidor para garantir a fiabilidade t\u00e9cnica. Os registos podem ser guardados:<ul><li>recursos definidos pelo identificador URL (endere\u00e7os dos recursos solicitados &#8211; p\u00e1ginas, ficheiros),<\/li><li>tempo para que o inqu\u00e9rito chegue,<\/li><li>tempo para enviar a resposta,<\/li><li>nome da esta\u00e7\u00e3o cliente &#8211; identifica\u00e7\u00e3o implementada pelo protocolo HTTP,<\/li><li>informa\u00e7\u00f5es sobre erros que ocorreram durante a execu\u00e7\u00e3o de transac\u00e7\u00f5es HTTP,<\/li><li>o URL da p\u00e1gina visitada anteriormente pelo utilizador (link de refer\u00eancia) &#8211; no caso em que o acesso ao Servi\u00e7o foi feito atrav\u00e9s de um link,<\/li><li>informa\u00e7\u00e3o sobre o seu navegador,<\/li><li>Informa\u00e7\u00f5es sobre o endere\u00e7o IP,<\/li><li>Informa\u00e7\u00e3o de diagn\u00f3stico relacionada com o processo de auto-ordena\u00e7\u00e3o de servi\u00e7os atrav\u00e9s de gravadores no website,<\/li><li>informa\u00e7\u00f5es relacionadas com o tratamento do correio electr\u00f3nico endere\u00e7ado e enviado pelo Operador.<\/li><\/ul><\/li><\/ol>\n\n\n\n<p><strong>4. Os seus direitos e informa\u00e7\u00f5es adicionais sobre a utiliza\u00e7\u00e3o dos seus dados<\/strong><\/p>\n\n\n\n<ol class=\"wp-block-list\"><li>Em algumas situa\u00e7\u00f5es, o Administrador tem o direito de transferir os seus dados pessoais para outros destinat\u00e1rios se tal for necess\u00e1rio para a execu\u00e7\u00e3o do contrato celebrado consigo ou para o cumprimento das obriga\u00e7\u00f5es do Administrador. Isto aplica-se a esses grupos de benefici\u00e1rios:<ul><li>empresa de acolhimento numa base fiduci\u00e1ria<\/li><li>empregados e associados autorizados que utilizam os dados para atingir o objectivo do s\u00edtio web<\/li><\/ul><\/li><li>Os seus dados pessoais n\u00e3o s\u00e3o tratados pelo Administrador mais do que o necess\u00e1rio para realizar as actividades conexas especificadas em regulamentos separados (por exemplo, em mat\u00e9ria de contabilidade). No que diz respeito aos dados de marketing, o tratamento dos dados n\u00e3o ser\u00e1 efectuado durante mais de 3 anos.<\/li><li>Tem o direito de exigir do administrador:<ul><li>acesso \u00e0s suas informa\u00e7\u00f5es pessoais,<\/li><li>as suas rectifica\u00e7\u00f5es,<\/li><li>supress\u00f5es,<\/li><li>restri\u00e7\u00f5es de processamento,<\/li><li>e transfer\u00eancia de dados.<\/li><\/ul><\/li><li>Tem o direito de se opor ao tratamento indicado no ponto 3.3 c) ao tratamento de dados pessoais a fim de exercer os interesses leg\u00edtimos prosseguidos pelo Administrador, incluindo a defini\u00e7\u00e3o de perfis, mas o direito de oposi\u00e7\u00e3o n\u00e3o ser\u00e1 exercido se existirem fundamentos jur\u00eddicos v\u00e1lidos para o tratamento, interesses, direitos e liberdades que se sobreponham a si, nomeadamente para estabelecer, fazer valer ou defender pretens\u00f5es.<\/li><li>O fornecimento de dados pessoais \u00e9 volunt\u00e1rio, mas necess\u00e1rio para o funcionamento do Servi\u00e7o.<\/li><li>Pode estar sujeito a actividades automatizadas de tomada de decis\u00e3o, incluindo a defini\u00e7\u00e3o de perfis, a fim de prestar servi\u00e7os ao abrigo do contrato e de efectuar a comercializa\u00e7\u00e3o directa pelo Administrador.<\/li><li>Os dados pessoais n\u00e3o s\u00e3o transferidos de pa\u00edses terceiros na acep\u00e7\u00e3o dos regulamentos relativos \u00e0 protec\u00e7\u00e3o de dados. Isto significa que n\u00e3o os enviamos para fora da Uni\u00e3o Europeia.<\/li><\/ol>\n\n\n\n<p><strong>5. Informa\u00e7\u00f5es constantes dos formul\u00e1rios<\/strong><\/p>\n\n\n\n<ol class=\"wp-block-list\"><li>O servi\u00e7o recolhe informa\u00e7\u00e3o voluntariamente fornecida pelo utilizador, incluindo dados pessoais, se os houver.<\/li><li>O servi\u00e7o pode guardar informa\u00e7\u00f5es sobre os par\u00e2metros de liga\u00e7\u00e3o (carimbo de hora, endere\u00e7o IP).<\/li><li>O servi\u00e7o, em alguns casos, pode guardar informa\u00e7\u00f5es para facilitar a liga\u00e7\u00e3o dos dados do formul\u00e1rio ao endere\u00e7o de correio electr\u00f3nico do utilizador que o preencheu. Neste caso, o endere\u00e7o de e-mail do utilizador aparece dentro da url da p\u00e1gina que cont\u00e9m o formul\u00e1rio.<\/li><li>Os dados fornecidos no formul\u00e1rio s\u00e3o tratados para os fins resultantes da fun\u00e7\u00e3o de um determinado formul\u00e1rio, por exemplo, para tratar um pedido de servi\u00e7o ou contacto comercial, servi\u00e7os de registo, etc. Cada vez que o contexto e a descri\u00e7\u00e3o do formul\u00e1rio indicam claramente para que \u00e9 utilizado.<\/li><\/ol>\n\n\n\n<p><strong>6 Registos dos administradores<\/strong><\/p>\n\n\n\n<ol class=\"wp-block-list\"><li>As informa\u00e7\u00f5es sobre o comportamento do utilizador no site podem estar sujeitas a login. Estes dados s\u00e3o utilizados para administrar o servi\u00e7o.<\/li><\/ol>\n\n\n\n<p><strong>7 T\u00e9cnicas de marketing importantes<\/strong><\/p>\n\n\n\n<ol class=\"wp-block-list\"><li>O operador utiliza a an\u00e1lise estat\u00edstica do tr\u00e1fego do website atrav\u00e9s do Google Analytics. O operador n\u00e3o transmite os dados pessoais ao operador deste servi\u00e7o, mas apenas informa\u00e7\u00f5es an\u00f3nimas. O servi\u00e7o \u00e9 baseado na utiliza\u00e7\u00e3o de cookies no seu equipamento terminal.<\/li><li>O Operador utiliza t\u00e9cnicas de remarketing que permitem fazer corresponder as mensagens publicit\u00e1rias ao comportamento do utilizador no website, o que pode dar a ilus\u00e3o de que os dados pessoais do utilizador s\u00e3o utilizados para seguir o utilizador, mas na pr\u00e1tica n\u00e3o h\u00e1 transfer\u00eancia de quaisquer dados pessoais do Operador para os operadores publicit\u00e1rios. A condi\u00e7\u00e3o tecnol\u00f3gica para tais ac\u00e7\u00f5es \u00e9 que os cookies estejam activados.<\/li><li>O operador utiliza uma solu\u00e7\u00e3o que investiga o comportamento dos utilizadores, criando mapas de calor e registando o comportamento no s\u00edtio Web. Estas informa\u00e7\u00f5es s\u00e3o an\u00f3nimas antes de serem enviadas ao prestador de servi\u00e7os, para que este n\u00e3o saiba a que pessoa se referem. Em particular, as senhas e outros dados pessoais n\u00e3o s\u00e3o registados.<\/li><\/ol>\n\n\n\n<p><strong>8. Informa\u00e7\u00f5es sobre cookies<\/strong><\/p>\n\n\n\n<ol class=\"wp-block-list\"><li>O site utiliza cookies.<\/li><li>Os ficheiros cookie (os chamados &#8220;cookies&#8221;) s\u00e3o dados inform\u00e1ticos, em particular ficheiros de texto, que s\u00e3o armazenados no dispositivo final do Utilizador do Servi\u00e7o e s\u00e3o concebidos para utilizar os websites do Website. Os cookies cont\u00eam geralmente o nome do site de onde prov\u00eam, o tempo em que s\u00e3o armazenados no equipamento terminal e um n\u00famero \u00fanico.<\/li><li>O sujeito que coloca cookies no dispositivo final do Utilizador do Servi\u00e7o e obt\u00e9m acesso aos mesmos \u00e9 o Operador do Servi\u00e7o.<\/li><li>Os cookies s\u00e3o utilizados para os seguintes fins:<ol><li>manuten\u00e7\u00e3o da sess\u00e3o do utilizador do Servi\u00e7o (ap\u00f3s o login), gra\u00e7as \u00e0 qual o utilizador n\u00e3o tem de reintroduzir o seu login e password em cada subp\u00e1gina do Servi\u00e7o;<\/li><li>a realiza\u00e7\u00e3o dos objectivos acima definidos em &#8220;T\u00e9cnicas de comercializa\u00e7\u00e3o pertinentes&#8221;;<\/li><\/ol><\/li><li>O Servi\u00e7o utiliza dois tipos b\u00e1sicos de cookies: &#8220;cookies de &#8220;sess\u00e3o (cookies de sess\u00e3o) e &#8220;permanente&#8221;. (cookies persistentes). Os &#8220;Session&#8221; cookies s\u00e3o ficheiros tempor\u00e1rios, que s\u00e3o armazenados no dispositivo terminal do utilizador at\u00e9 ao momento em que este sai do site ou desliga o software (browser). Os cookies &#8220;persistentes&#8221; s\u00e3o armazenados no equipamento terminal do Utilizador durante o tempo especificado nos par\u00e2metros dos cookies ou at\u00e9 serem apagados pelo Utilizador.<\/li><li>O software de navega\u00e7\u00e3o web (web browser) permite normalmente, por defeito, armazenar cookies no dispositivo terminal do utilizador. Os utilizadores dos servi\u00e7os podem alterar as suas defini\u00e7\u00f5es nesta \u00e1rea. O navegador da Internet permite-lhe eliminar cookies. Tamb\u00e9m \u00e9 poss\u00edvel bloquear automaticamente os cookies. Informa\u00e7\u00f5es detalhadas sobre este assunto est\u00e3o contidas na ajuda ou na documenta\u00e7\u00e3o do navegador da Internet.<\/li><li>As restri\u00e7\u00f5es \u00e0 utiliza\u00e7\u00e3o de cookies podem afectar algumas funcionalidades dispon\u00edveis no Website.<\/li><li>Os cookies colocados no dispositivo final do Website do Utilizador podem tamb\u00e9m ser utilizados por entidades que cooperam com o operador do Website, em particular empresas: Google (Google Inc. com sede nos EUA), Facebook (Facebook Inc. com sede nos EUA), Twitter (Twitter Inc. com sede nos EUA).<\/li><\/ol>\n\n\n\n<p><strong>9) Gest\u00e3o de bolachas &#8211; como dar e retirar o consentimento na pr\u00e1tica?<\/strong><\/p>\n\n\n\n<ol class=\"wp-block-list\"><li>Se n\u00e3o quiser receber cookies, pode alterar as defini\u00e7\u00f5es do seu browser. Reservamo-nos o direito de desactivar a utiliza\u00e7\u00e3o de cookies necess\u00e1rios aos processos de autentica\u00e7\u00e3o, a seguran\u00e7a, a manuten\u00e7\u00e3o das prefer\u00eancias dos utilizadores pode dificultar e, em casos extremos, pode impedir a utiliza\u00e7\u00e3o de websites<\/li><\/ol>\n","protected":false},"excerpt":{"rendered":"<p>1 Informa\u00e7\u00f5es gerais Esta pol\u00edtica aplica-se ao site, que funciona na url: consumers-views.com\/pt\/ O Operador \u00e9 o Administrador dos seus dados pessoais em rela\u00e7\u00e3o aos dados fornecidos voluntariamente no Servi\u00e7o. O servi\u00e7o utiliza dados pessoais para os seguintes fins: Sistema de coment\u00e1rios Tratamento das consultas por formul\u00e1rio Apresenta\u00e7\u00e3o de uma oferta ou informa\u00e7\u00e3o O servi\u00e7o [&hellip;]<\/p>\n","protected":false},"author":1,"featured_media":0,"parent":0,"menu_order":0,"comment_status":"closed","ping_status":"closed","template":"","meta":{"footnotes":""},"class_list":["post-166","page","type-page","status-publish","hentry","box-post"],"_links":{"self":[{"href":"https:\/\/consumers-views.com\/pt\/wp-json\/wp\/v2\/pages\/166","targetHints":{"allow":["GET"]}}],"collection":[{"href":"https:\/\/consumers-views.com\/pt\/wp-json\/wp\/v2\/pages"}],"about":[{"href":"https:\/\/consumers-views.com\/pt\/wp-json\/wp\/v2\/types\/page"}],"author":[{"embeddable":true,"href":"https:\/\/consumers-views.com\/pt\/wp-json\/wp\/v2\/users\/1"}],"replies":[{"embeddable":true,"href":"https:\/\/consumers-views.com\/pt\/wp-json\/wp\/v2\/comments?post=166"}],"version-history":[{"count":1,"href":"https:\/\/consumers-views.com\/pt\/wp-json\/wp\/v2\/pages\/166\/revisions"}],"predecessor-version":[{"id":167,"href":"https:\/\/consumers-views.com\/pt\/wp-json\/wp\/v2\/pages\/166\/revisions\/167"}],"wp:attachment":[{"href":"https:\/\/consumers-views.com\/pt\/wp-json\/wp\/v2\/media?parent=166"}],"curies":[{"name":"wp","href":"https:\/\/api.w.org\/{rel}","templated":true}]}}