{"id":197,"date":"2021-06-02T15:22:52","date_gmt":"2021-06-02T13:22:52","guid":{"rendered":"https:\/\/consumers-views.com\/nl\/?page_id=197"},"modified":"2021-06-22T11:20:37","modified_gmt":"2021-06-22T09:20:37","slug":"over-ons","status":"publish","type":"page","link":"https:\/\/consumers-views.com\/nl\/over-ons\/","title":{"rendered":"Over ons"},"content":{"rendered":"\n<p>Het vinden van het juiste gezondheidsproduct op de steeds groeiende markt is geen klein probleem, en dat geldt ook voor het vinden van de informatie die u nodig hebt op het wereldwijde web. Wij hebben onze website gemaakt om het u gemakkelijker te maken en u te laten zien wat voor veel kwalen kan werken en welke preparaten helpen bij de behandeling ervan. Op de site verzamelen en ordenen wij informatie, waarbij wij alleen gebruik maken van beproefde bronnen, adviezen van de beste en gewaardeerde specialisten op dit gebied.<\/p>\n\n\n\n<p>Het is de moeite waard de artikelen van onze redactie te lezen, die elke dag voor u onder andere voedingssupplementen test die helpen bij gewichtsverlies, mannenproblemen of andere veel voorkomende kwalen. Wij beweren niet dat wij er alles over weten, maar wij vergaren voortdurend de nodige kennis, zodat elke lezer die onze site bezoekt, weet wat het beste voor hem is. Uw op- en aanmerkingen zijn altijd welkom en wij zullen er graag op ingaan.<\/p>\n\n\n\n<h2 class=\"wp-block-heading\">Kamila Lewandowska<\/h2>\n\n\n\n<div class=\"wp-block-image\"><figure class=\"alignleft size-large is-resized\"><figure id=\"attachment_202\" class=\"alignnone width-full\" style=\"width: 316px;\"><img loading=\"lazy\" decoding=\"async\" data-caption=\"\" src=\"https:\/\/consumers-views.com\/nl\/wp-content\/uploads\/2021\/06\/Kamila-Lewandowska-631x1024.jpg\" alt=\"\" class=\"wp-image-202\" width=\"316\" height=\"512\" title=\"\" srcset=\"https:\/\/consumers-views.com\/nl\/wp-content\/uploads\/2021\/06\/Kamila-Lewandowska-631x1024.jpg 631w, https:\/\/consumers-views.com\/nl\/wp-content\/uploads\/2021\/06\/Kamila-Lewandowska-185x300.jpg 185w, https:\/\/consumers-views.com\/nl\/wp-content\/uploads\/2021\/06\/Kamila-Lewandowska-768x1247.jpg 768w, https:\/\/consumers-views.com\/nl\/wp-content\/uploads\/2021\/06\/Kamila-Lewandowska-946x1536.jpg 946w, https:\/\/consumers-views.com\/nl\/wp-content\/uploads\/2021\/06\/Kamila-Lewandowska-15x24.jpg 15w, https:\/\/consumers-views.com\/nl\/wp-content\/uploads\/2021\/06\/Kamila-Lewandowska-22x36.jpg 22w, https:\/\/consumers-views.com\/nl\/wp-content\/uploads\/2021\/06\/Kamila-Lewandowska-30x48.jpg 30w, https:\/\/consumers-views.com\/nl\/wp-content\/uploads\/2021\/06\/Kamila-Lewandowska.jpg 924w\" sizes=\"auto, (max-width: 316px) 100vw, 316px\" \/><\/figure><\/figure><\/div>\n\n\n\n<p>Mijn naam is Kamila Lewandowska. Ik ben een Master of Science in Dietetics en afgestudeerd aan de Universiteit voor Gezondheid, Schoonheid en Educatie in Poznan. Bevorderaar van een gezonde levensstijl. Dagelijks werk ik als di\u00ebtiste in het verpleeghuis in Toru\u0144 en voer ik mijn priv\u00e9praktijk in het di\u00ebtistenbureau. Ik help mijn pati\u00ebnten om hun gedachten te veranderen, dat gezond eten geen nachtmerrie is. Ik hou van eenvoudige, snelle en gezonde gerechten. Ik probeer steeds mijn kennis op het gebied van de di\u00ebtetiek te verdiepen en heb dan ook al aan vele cursussen deelgenomen die mij daartoe in staat stellen. In mijn vrije tijd hou ik van reizen, actief rolschaatsen en boeken lezen.<br><br><br><br><br><\/p>\n\n\n\n<hr class=\"wp-block-separator\"\/>\n\n\n\n<h2 class=\"wp-block-heading\">Aleksandra Dziura<\/h2>\n\n\n\n<div class=\"wp-block-image\"><figure class=\"alignleft size-large is-resized\"><figure id=\"attachment_203\" class=\"alignnone width-full\" style=\"width: 350px;\"><img loading=\"lazy\" decoding=\"async\" data-caption=\"\" src=\"https:\/\/consumers-views.com\/nl\/wp-content\/uploads\/2021\/06\/Aleksandra-Dziura-699x1024.jpg\" alt=\"\" class=\"wp-image-203\" width=\"350\" height=\"512\" title=\"\" srcset=\"https:\/\/consumers-views.com\/nl\/wp-content\/uploads\/2021\/06\/Aleksandra-Dziura-699x1024.jpg 699w, https:\/\/consumers-views.com\/nl\/wp-content\/uploads\/2021\/06\/Aleksandra-Dziura-205x300.jpg 205w, https:\/\/consumers-views.com\/nl\/wp-content\/uploads\/2021\/06\/Aleksandra-Dziura-768x1126.jpg 768w, https:\/\/consumers-views.com\/nl\/wp-content\/uploads\/2021\/06\/Aleksandra-Dziura-1048x1536.jpg 1048w, https:\/\/consumers-views.com\/nl\/wp-content\/uploads\/2021\/06\/Aleksandra-Dziura-16x24.jpg 16w, https:\/\/consumers-views.com\/nl\/wp-content\/uploads\/2021\/06\/Aleksandra-Dziura-25x36.jpg 25w, https:\/\/consumers-views.com\/nl\/wp-content\/uploads\/2021\/06\/Aleksandra-Dziura-33x48.jpg 33w, https:\/\/consumers-views.com\/nl\/wp-content\/uploads\/2021\/06\/Aleksandra-Dziura.jpg 924w\" sizes=\"auto, (max-width: 350px) 100vw, 350px\" \/><\/figure><\/figure><\/div>\n\n\n\n<p>Afgestudeerd als bachelor en master in de di\u00ebtetiek aan de Medische Universiteit van Warschau, oprichter van de NutriAid-kliniek, di\u00ebtist aan het Centrum voor Sportgeneeskunde. Deelnemer aan het postgraduaatprogramma voor deskundigen op het gebied van sportvoeding IOPN Diploma in Performance Nutrition. Zij heeft een aantal gespecialiseerde opleidingen gevolgd, georganiseerd door Poolse en buitenlandse instellingen, waaronder een zes maanden durende cursus &#8220;Het lage FODMAP dieet voor IBS&#8221;, gegeven door de Australische Monash Universiteit. Auteur van artikelen, boeken en populair-wetenschappelijke e-boeken.<br><br><br><br><br><\/p>\n\n\n\n<hr class=\"wp-block-separator\"\/>\n\n\n\n<h2 class=\"wp-block-heading\">Piotr Koz\u0142owski<\/h2>\n\n\n\n<div class=\"wp-block-image\"><figure class=\"alignleft size-large\"><figure id=\"attachment_204\" class=\"alignnone width-full text-columns-nobreak\" style=\"width: ;\"><img loading=\"lazy\" decoding=\"async\" width=\"305\" height=\"508\" data-caption=\"\" src=\"https:\/\/consumers-views.com\/nl\/wp-content\/uploads\/2021\/06\/PiotrK3.jpg\" alt=\"\" class=\"wp-image-204\" title=\"\" srcset=\"https:\/\/consumers-views.com\/nl\/wp-content\/uploads\/2021\/06\/PiotrK3.jpg 305w, https:\/\/consumers-views.com\/nl\/wp-content\/uploads\/2021\/06\/PiotrK3-180x300.jpg 180w, https:\/\/consumers-views.com\/nl\/wp-content\/uploads\/2021\/06\/PiotrK3-14x24.jpg 14w, https:\/\/consumers-views.com\/nl\/wp-content\/uploads\/2021\/06\/PiotrK3-22x36.jpg 22w, https:\/\/consumers-views.com\/nl\/wp-content\/uploads\/2021\/06\/PiotrK3-29x48.jpg 29w\" sizes=\"auto, (max-width: 305px) 100vw, 305px\" \/><\/figure><\/figure><\/div>\n\n\n\n<p>Mijn passie is alles wat met een gezonde levensstijl te maken heeft. Ik houd me al bijna 10 jaar bezig met di\u00ebtetiek en aanverwante onderwerpen en in die tijd heb ik vele professionele cursussen op dit gebied gevolgd. Dit heeft mij veel kennis gegeven, een solide basis om de beginselen van gezonde voeding te formuleren, die ik eerst op mezelf heb uitgeprobeerd. Vroeger worstelde ik zelf met overgewicht, en toen verschillende willekeurige di\u00ebten geen effect hadden, besloot ik dit onderwerp professioneel aan te pakken en slaagde ik er eindelijk in gewicht te verliezen.<\/p>\n\n\n\n<p>Vanaf dat moment begon ik mijn passie te ontwikkelen en geleidelijk aan voegde ik andere gezondheidsaspecten toe aan het afvallen. In de eerste plaats lichamelijke activiteit, zonder welke u niet kunt dromen van gewichtsverlies, en vervolgens kwesties die verband houden met problemen die een groot aantal mannen treffen, waardoor een afname van het libido of versnelde kaalheid wordt veroorzaakt. Ik ga op zoek naar nieuwe voedingssupplementen, zowel voor gewichtsverlies als ter verbetering van de algemene gezondheid, en bij de bespreking daarvan splits ik de samenstelling op in eerste factoren, waarbij ik de werking van de afzonderlijke werkzame stoffen voor u beschrijf. Ik ben ook gepassioneerd door kruidengeneeskunde en ik blijf planten vinden en beschrijven die met succes de meeste kunstmatige ingredi\u00ebnten van populaire geneesmiddelen kunnen vervangen.<\/p>\n\n\n\n<hr class=\"wp-block-separator\"\/>\n\n\n\n<h2 class=\"wp-block-heading\">Karolina Wieczorek<\/h2>\n\n\n\n<div class=\"wp-block-image\"><figure class=\"alignleft size-large is-resized\"><figure id=\"attachment_205\" class=\"alignnone width-full\" style=\"width: 288px;\"><img loading=\"lazy\" decoding=\"async\" data-caption=\"\" src=\"https:\/\/consumers-views.com\/nl\/wp-content\/uploads\/2021\/06\/Karolina2.jpg\" alt=\"\" class=\"wp-image-205\" width=\"288\" height=\"481\" title=\"\" srcset=\"https:\/\/consumers-views.com\/nl\/wp-content\/uploads\/2021\/06\/Karolina2.jpg 384w, https:\/\/consumers-views.com\/nl\/wp-content\/uploads\/2021\/06\/Karolina2-180x300.jpg 180w, https:\/\/consumers-views.com\/nl\/wp-content\/uploads\/2021\/06\/Karolina2-14x24.jpg 14w, https:\/\/consumers-views.com\/nl\/wp-content\/uploads\/2021\/06\/Karolina2-22x36.jpg 22w, https:\/\/consumers-views.com\/nl\/wp-content\/uploads\/2021\/06\/Karolina2-29x48.jpg 29w\" sizes=\"auto, (max-width: 288px) 100vw, 288px\" \/><\/figure><\/figure><\/div>\n\n\n\n<p>Ik ben een liefhebber van actief leven en natuurlijke voeding. Elke dag verbeter ik mijn lichaam en geest &#8211; ik loop hard, train in de sportschool, wandel, mediteer, verdiep me in het arcana van de gezonde, lichte, maar smakelijke en aromatische keuken. Mijn leven zag er vroeger heel anders uit. Vroeger had ik een typische sedentaire levensstijl &#8211; werken achter de computer, niet sporten, weinig tijd buiten doorbrengen, junkfood, veel koffie\u2026 Toen ik besefte dat het gebrek aan beweging en een slecht dieet een rampzalig effect hadden op mijn schoonheid, gezondheid, humeur en conditie, besloot ik om alles te veranderen!<\/p>\n\n\n\n<p>In het begin paste ik mijn eetgewoonten aan en voerde ik regelmatige wandelingen in parken, weiden en bossen in mijn schema in. Met de tijd nam het natuurlijke, gezonde leven me helemaal in beslag. Ik begon de vakliteratuur over di\u00ebtetiek en lichaamsvorming te bestuderen en op zoek te gaan naar interessante feiten over huidverzorging. Ik bracht deze kennis in de praktijk &#8211; ik slaagde erin mijn droomfiguur te cre\u00ebren, in perfecte vorm te komen, mijn humeur blijvend te verbeteren en de conditie van mijn huid en haar sterk te verbeteren.<\/p>\n\n\n\n<p>Vandaag deel ik mijn ervaring en kennis over gezondheid, schoonheids- en lichaamstraining en modellenwerk door artikelen te publiceren op thematische portaalsites en blogs. In mijn teksten vindt u interessante en nuttige adviezen over hoe u gezond en vitaal kunt leven en hoe u figuur- en schoonheidsfoutjes effectief kunt bestrijden. Ik schrijf ook reviews van interessante voedingssupplementen, cosmetica en medicinale preparaten. Ik nodig je uit om te lezen!<\/p>\n","protected":false},"excerpt":{"rendered":"<p>Het vinden van het juiste gezondheidsproduct op de steeds groeiende markt is geen klein probleem, en dat geldt ook voor het vinden van de informatie die u nodig hebt op het wereldwijde web. Wij hebben onze website gemaakt om het u gemakkelijker te maken en u te laten zien wat voor veel kwalen kan werken [&hellip;]<\/p>\n","protected":false},"author":1,"featured_media":0,"parent":0,"menu_order":0,"comment_status":"closed","ping_status":"closed","template":"","meta":{"footnotes":""},"class_list":["post-197","page","type-page","status-publish","hentry","box-post"],"_links":{"self":[{"href":"https:\/\/consumers-views.com\/nl\/wp-json\/wp\/v2\/pages\/197","targetHints":{"allow":["GET"]}}],"collection":[{"href":"https:\/\/consumers-views.com\/nl\/wp-json\/wp\/v2\/pages"}],"about":[{"href":"https:\/\/consumers-views.com\/nl\/wp-json\/wp\/v2\/types\/page"}],"author":[{"embeddable":true,"href":"https:\/\/consumers-views.com\/nl\/wp-json\/wp\/v2\/users\/1"}],"replies":[{"embeddable":true,"href":"https:\/\/consumers-views.com\/nl\/wp-json\/wp\/v2\/comments?post=197"}],"version-history":[{"count":5,"href":"https:\/\/consumers-views.com\/nl\/wp-json\/wp\/v2\/pages\/197\/revisions"}],"predecessor-version":[{"id":295,"href":"https:\/\/consumers-views.com\/nl\/wp-json\/wp\/v2\/pages\/197\/revisions\/295"}],"wp:attachment":[{"href":"https:\/\/consumers-views.com\/nl\/wp-json\/wp\/v2\/media?parent=197"}],"curies":[{"name":"wp","href":"https:\/\/api.w.org\/{rel}","templated":true}]}}