{"id":166,"date":"2021-06-01T11:55:35","date_gmt":"2021-06-01T09:55:35","guid":{"rendered":"https:\/\/consumers-views.com\/lv\/?page_id=166"},"modified":"2021-06-01T11:55:35","modified_gmt":"2021-06-01T09:55:35","slug":"konfidencialitates-politika","status":"publish","type":"page","link":"https:\/\/consumers-views.com\/lv\/konfidencialitates-politika\/","title":{"rendered":"Konfidencialit\u0101tes politika"},"content":{"rendered":"\n<p><strong>1 Visp\u0101r\u012bga inform\u0101cija<\/strong><\/p>\n\n\n\n<ol class=\"wp-block-list\"><li>\u0160\u012b politika attiecas uz t\u012bmek\u013ca vietni, kas darbojas ar url: <strong>consumers-views.com\/lv\/<\/strong><\/li><li>Operators ir j\u016bsu personas datu p\u0101rzinis attiec\u012bb\u0101 uz Pakalpojum\u0101 br\u012bvpr\u0101t\u012bgi sniegtajiem datiem.<\/li><li>Pakalpojums izmanto personas datus \u0161\u0101diem nol\u016bkiem:<ul><li>Koment\u0101ru sist\u0113mas darbin\u0101\u0161ana<\/li><li>Piepras\u012bjumu apstr\u0101de ar veidlapu<\/li><li>Pied\u0101v\u0101juma vai inform\u0101cijas snieg\u0161ana<\/li><li>Pakalpojums veic inform\u0101cijas ieg\u016b\u0161anas funkcijas par lietot\u0101jiem un vi\u0146u uzved\u012bbu \u0161\u0101di:<\/li><\/ul><\/li><\/ol>\n\n\n\n<ol class=\"wp-block-list\"><li>Izmantojot veidlap\u0101s br\u012bvpr\u0101t\u012bgi ievad\u012btos datus, kas tiek ievad\u012bti operatora sist\u0113m\u0101s.<\/li><li>Uzglab\u0101jot s\u012bkfailus (t\u0101 sauktos &#8220;s\u012bkfailus&#8221;) j\u016bsu gala iek\u0101rt\u0101.<\/li><\/ol>\n\n\n\n<p><strong>2 Izv\u0113l\u0113t\u0101s datu aizsardz\u012bbas metodes, ko izmanto operators<\/strong><\/p>\n\n\n\n<ol class=\"wp-block-list\"><li>Vietas, kur\u0101s notiek pieteik\u0161an\u0101s un personas datu ievad\u012b\u0161ana, ir aizsarg\u0101tas p\u0101rraides sl\u0101n\u012b (SSL sertifik\u0101ts). Tas nodro\u0161ina, ka t\u012bmek\u013ca vietn\u0113 ievad\u012btie personas un pieteik\u0161an\u0101s dati tiek \u0161ifr\u0113ti lietot\u0101ja dator\u0101 un tos var nolas\u012bt tikai m\u0113r\u0137a server\u012b.<\/li><li>Lietot\u0101ju paroles tiek saglab\u0101tas hashed veid\u0101. Hes\u0113\u0161anas funkcija darbojas vienvirziena virzien\u0101 &#8211; to nav iesp\u0113jams apgriezt, kas pa\u0161laik ir m\u016bsdienu lietot\u0101ja paro\u013cu glab\u0101\u0161anas standarts.<\/li><li>Operators periodiski maina administrat\u012bv\u0101s paroles.<\/li><li>Lai aizsarg\u0101tu datus, Operators regul\u0101ri veido dubl\u0113jumkopijas.<\/li><li>Svar\u012bgs datu aizsardz\u012bbas elements ir regul\u0101ra atjaunin\u0101\u0161ana jebkurai programmat\u016brai, ko operators izmanto personas datu apstr\u0101dei, kas jo \u012bpa\u0161i noz\u012bm\u0113 regul\u0101ru programm\u0113\u0161anas komponentu atjaunin\u0101\u0161anu.<\/li><\/ol>\n\n\n\n<p><strong>3. hostings<\/strong><\/p>\n\n\n\n<ol class=\"wp-block-list\"><li>Pakalpojums tiek izvietots (tehniski uztur\u0113ts) operatora server\u012b: ovh.com.<\/li><li>Hostinga uz\u0146\u0113mums:<ul><li>piem\u0113ro datu zudumu aizsardz\u012bbas pas\u0101kumus (piem\u0113ram, disku mas\u012bvi, regul\u0101ras dro\u0161\u012bbas kopijas),<\/li><li>piem\u0113rot atbilsto\u0161us pas\u0101kumus, lai aizsarg\u0101tu p\u0101rstr\u0101des vietas ugunsgr\u0113ka gad\u012bjum\u0101 (piem\u0113ram, \u012bpa\u0161as ugunsdz\u0113s\u012bbas sist\u0113mas),<\/li><li>piem\u0113ro atbilsto\u0161us pas\u0101kumus, lai aizsarg\u0101tu apstr\u0101des sist\u0113mas p\u0113k\u0161\u0146a str\u0101vas padeves p\u0101rtraukuma gad\u012bjum\u0101 (piem\u0113ram, dubultas elektrol\u012bnijas, \u0123eneratori, UPS rezerves sist\u0113mas),<\/li><li>piem\u0113rot pas\u0101kumus, lai fiziski aizsarg\u0101tu piek\u013cuvi datu apstr\u0101des viet\u0101m (piem\u0113ram, piek\u013cuves kontrole, uzraudz\u012bba),<\/li><li>piem\u0113ro pas\u0101kumus, lai nodro\u0161in\u0101tu atbilsto\u0161us vides apst\u0101k\u013cus serveriem k\u0101 datu apstr\u0101des sist\u0113mas da\u013cai (piem\u0113ram, vides apst\u0101k\u013cu kontrole, specializ\u0113tas gaisa kondicion\u0113\u0161anas sist\u0113mas),<\/li><li>piem\u0113ro organizatoriskos pas\u0101kumus, lai nodro\u0161in\u0101tu p\u0113c iesp\u0113jas augst\u0101ku aizsardz\u012bbas un konfidencialit\u0101tes pak\u0101pi (apm\u0101c\u012bba, iek\u0161\u0113jie noteikumi, paro\u013cu politika u. c.),<\/li><li>ir iec\u0113lusi datu aizsardz\u012bbas inspektoru.<\/li><\/ul><\/li><li>Lai nodro\u0161in\u0101tu tehnisko uzticam\u012bbu, hostinga uz\u0146\u0113mums servera l\u012bmen\u012b saglab\u0101 \u017eurn\u0101lus. \u017durn\u0101lus var saglab\u0101t:<ul><li>resursi, ko nosaka URL identifikators (piepras\u012bto resursu &#8211; lapu, failu &#8211; adreses),<\/li><li>Laiks, kad tiks sa\u0146emts piepras\u012bjums,<\/li><li>laiks, lai nos\u016bt\u012btu atbildi,<\/li><li>klienta stacijas nosaukums &#8211; HTTP protokola \u012bstenot\u0101 identifik\u0101cija,<\/li><li>inform\u0101ciju par k\u013c\u016bd\u0101m, kas radu\u0161\u0101s HTTP transakciju izpildes laik\u0101,<\/li><li>lietot\u0101ja iepriek\u0161 apmekl\u0113t\u0101s lapas URL (atsauces saite) &#8211; gad\u012bjum\u0101, ja piek\u013cuve Pakalpojumam tika veikta, izmantojot saiti,<\/li><li>inform\u0101ciju par p\u0101rl\u016bkprogrammu,<\/li><li>IP adreses inform\u0101cija,<\/li><li>Diagnostikas inform\u0101cija, kas saist\u012bta ar pakalpojumu pa\u0161apmekl\u0113\u0161anas procesu, izmantojot ierakst\u012b\u0161anas ier\u012bces t\u012bmek\u013ca vietn\u0113,<\/li><li>inform\u0101ciju, kas saist\u012bta ar Operatoram adres\u0113t\u0101 un Operatora nos\u016bt\u012bt\u0101 elektronisk\u0101 pasta apstr\u0101di.<\/li><\/ul><\/li><\/ol>\n\n\n\n<p><strong>4. j\u016bsu ties\u012bbas un papildu inform\u0101cija par j\u016bsu datu izmanto\u0161anu.<\/strong><\/p>\n\n\n\n<ol class=\"wp-block-list\"><li>Da\u017e\u0101s situ\u0101cij\u0101s Administratoram ir ties\u012bbas nos\u016bt\u012bt j\u016bsu personas datus citiem sa\u0146\u0113m\u0113jiem, ja tas ir nepiecie\u0161ams, lai izpild\u012btu ar jums nosl\u0113gto l\u012bgumu vai izpild\u012btu Administratora saist\u012bbas. Tas attiecas uz \u0161\u0101d\u0101m sa\u0146\u0113m\u0113ju grup\u0101m:<ul><li>hostinga uz\u0146\u0113mums, kas darbojas uz uztic\u012bbas pamata.<\/li><li>pilnvarotiem darbiniekiem un sadarb\u012bbas partneriem, kuri izmanto datus, lai sasniegtu t\u012bmek\u013ca vietnes m\u0113r\u0137i.<\/li><\/ul><\/li><li>J\u016bsu personas datus Administrators apstr\u0101d\u0101 ne ilg\u0101k, k\u0101 tas ir nepiecie\u0161ams, lai veiktu ar to saist\u012bt\u0101s darb\u012bbas, kas noteiktas atsevi\u0161\u0137os noteikumos (piem\u0113ram, gr\u0101matved\u012bb\u0101). Attiec\u012bb\u0101 uz m\u0101rketinga datiem dati netiks apstr\u0101d\u0101ti ilg\u0101k par 3 gadiem.<\/li><li>Jums ir ties\u012bbas piepras\u012bt no administratora:<ul><li>piek\u013cuvi j\u016bsu personiskajai inform\u0101cijai,<\/li><li>to k\u013c\u016bdu labojumi,<\/li><li>sv\u012btrojumi,<\/li><li>apstr\u0101des ierobe\u017eojumi,<\/li><li>un datu p\u0101rs\u016bt\u012b\u0161anu.<\/li><\/ul><\/li><li>Jums ir ties\u012bbas iebilst pret 3.3. punkta c) apak\u0161punkt\u0101 nor\u0101d\u012bto personas datu apstr\u0101di, lai \u012bstenotu P\u0101rzi\u0146a likum\u012bg\u0101s intereses, tostarp profil\u0113\u0161anu, ta\u010du ties\u012bbas iebilst netiks \u012bstenotas, ja past\u0101v svar\u012bgs le\u0123it\u012bms apstr\u0101des pamatojums, intereses, ties\u012bbas un br\u012bv\u012bbas, kas ir svar\u012bg\u0101kas par j\u016bsu interes\u0113m, jo \u012bpa\u0161i, lai celtu, \u012bstenotu vai aizst\u0101v\u0113tu j\u016bsu pras\u012bbas.<\/li><li>Personas datu snieg\u0161ana ir br\u012bvpr\u0101t\u012bga, bet nepiecie\u0161ama Pakalpojuma darb\u012bbai.<\/li><li>Jums var tikt piem\u0113rotas automatiz\u0113tas l\u0113mumu pie\u0146em\u0161anas darb\u012bbas, tostarp profil\u0113\u0161ana, lai sniegtu l\u012bgum\u0101 paredz\u0113tos pakalpojumus un veiktu tie\u0161o m\u0101rketingu, ko veic Administrators.<\/li><li>Personas dati netiek p\u0101rs\u016bt\u012bti no tre\u0161\u0101m valst\u012bm datu aizsardz\u012bbas noteikumu izpratn\u0113. Tas noz\u012bm\u0113, ka m\u0113s tos nes\u016bt\u0101m \u0101rpus Eiropas Savien\u012bbas.<\/li><\/ol>\n\n\n\n<p><strong>5. inform\u0101cija veidlap\u0101s<\/strong><\/p>\n\n\n\n<ol class=\"wp-block-list\"><li>Pakalpojums apkopo lietot\u0101ja br\u012bvpr\u0101t\u012bgi sniegto inform\u0101ciju, tostarp personas datus, ja t\u0101di ir.<\/li><li>Pakalpojums var saglab\u0101t inform\u0101ciju par savienojuma parametriem (laika z\u012bmogs, IP adrese).<\/li><li>Da\u017eos gad\u012bjumos pakalpojums var saglab\u0101t inform\u0101ciju, lai atvieglotu veidlapas datu sasaisti ar veidlapas aizpild\u012bt\u0101ja e-pasta adresi. \u0160\u0101d\u0101 gad\u012bjum\u0101 lietot\u0101ja e-pasta adrese par\u0101d\u0101s veidlapu saturo\u0161\u0101s lapas url adres\u0113.<\/li><li>Veidlap\u0101 sniegtie dati tiek apstr\u0101d\u0101ti m\u0113r\u0137im, kas izriet no konkr\u0113t\u0101s veidlapas funkcijas, piem\u0113ram, lai apstr\u0101d\u0101tu pakalpojuma piepras\u012bjumu vai biznesa kontaktu, re\u0123istr\u0113tu pakalpojumus utt. Katru reizi veidlapas kontekst\u0101 un aprakst\u0101 ir skaidri nor\u0101d\u012bts, k\u0101dam nol\u016bkam t\u0101 tiek izmantota.<\/li><\/ol>\n\n\n\n<p><strong>6 Administratoru \u017eurn\u0101li<\/strong><\/p>\n\n\n\n<ol class=\"wp-block-list\"><li>Inform\u0101cija par lietot\u0101ja uzved\u012bbu vietn\u0113 var tikt pak\u013cauta pieteik\u0161an\u0101s. \u0160ie dati tiek izmantoti pakalpojuma administr\u0113\u0161anai.<\/li><\/ol>\n\n\n\n<p><strong>7 svar\u012bgas m\u0101rketinga metodes<\/strong><\/p>\n\n\n\n<ol class=\"wp-block-list\"><li>Operators izmanto t\u012bmek\u013ca vietnes datpl\u016bsmas statistisko anal\u012bzi, izmantojot Google Analytics. Operators \u0161\u0101 pakalpojuma operatoram nenodod personas datus, bet tikai anonimiz\u0113tu inform\u0101ciju. Pakalpojuma pamat\u0101 ir s\u012bkdat\u0146u izmanto\u0161ana j\u016bsu gala iek\u0101rt\u0101.<\/li><li>Operators izmanto rem\u0101rketinga metodes, kas \u013cauj saska\u0146ot rekl\u0101mas zi\u0146ojumus ar lietot\u0101ja uzved\u012bbu t\u012bmek\u013ca vietn\u0113, kas var rad\u012bt il\u016bziju, ka lietot\u0101ja personas dati tiek izmantoti, lai izsekotu lietot\u0101ju, ta\u010du praks\u0113 Operators nenodod nek\u0101dus personas datus rekl\u0101mas operatoriem. Tehnolo\u0123iskais nosac\u012bjums \u0161\u0101d\u0101m darb\u012bb\u0101m ir tas, ka ir iesp\u0113jotas s\u012bkdatnes.<\/li><li>Operators izmanto risin\u0101jumu, kas p\u0113ta lietot\u0101ju uzved\u012bbu, veidojot siltuma kartes un re\u0123istr\u0113jot uzved\u012bbu t\u012bmek\u013ca vietn\u0113. Pirms nos\u016bt\u012b\u0161anas pakalpojumu sniedz\u0113jam \u0161\u012b inform\u0101cija tiek anonimiz\u0113ta, lai tas nezin\u0101tu, uz kuru personu t\u0101 attiecas. Jo \u012bpa\u0161i netiek re\u0123istr\u0113tas paroles un citi personas dati.<\/li><\/ol>\n\n\n\n<p><strong>8. inform\u0101cija par s\u012bkfailiem<\/strong><\/p>\n\n\n\n<ol class=\"wp-block-list\"><li>T\u012bmek\u013ca vietn\u0113 tiek izmantotas s\u012bkdatnes.<\/li><li>S\u012bkdat\u0146u faili (t\u0101 sauktie &#8220;s\u012bkfaili&#8221;) ir IT dati, jo \u012bpa\u0161i teksta faili, kas tiek saglab\u0101ti Pakalpojumu lietot\u0101ja gal\u012bgaj\u0101 ier\u012bc\u0113 un ir paredz\u0113ti t\u012bmek\u013ca vietnes t\u012bmek\u013ca viet\u0146u izmanto\u0161anai. S\u012bkfaili parasti satur t\u012bmek\u013ca vietnes nosaukumu, no kuras tie n\u0101k, laiku, kad tie tiek saglab\u0101ti gala iek\u0101rt\u0101, un unik\u0101lu numuru.<\/li><li>Subjekts, kas ievieto s\u012bkfailus Pakalpojuma lietot\u0101ja gala ier\u012bc\u0113 un ieg\u016bst piek\u013cuvi tiem, ir Pakalpojuma operators.<\/li><li>S\u012bkfaili tiek izmantoti \u0161\u0101diem m\u0113r\u0137iem:<ol><li>saglab\u0101t Pakalpojuma lietot\u0101ja sesiju (p\u0113c pieteik\u0161an\u0101s), pateicoties kurai lietot\u0101jam nav atk\u0101rtoti j\u0101ievada savs pieteikumv\u0101rds un parole katr\u0101 Pakalpojuma apak\u0161lap\u0101;<\/li><li>iepriek\u0161 sada\u013c\u0101 &#8220;Attiec\u012bg\u0101s m\u0101rketinga metodes&#8221; izkl\u0101st\u012bto m\u0113r\u0137u sasnieg\u0161anu;<\/li><\/ol><\/li><li>Pakalpojums izmanto divu veidu s\u012bkfailus: &#8220;sesijas&#8221; s\u012bkdatnes (sesijas s\u012bkdatnes) un &#8220;past\u0101v\u012bg\u0101s&#8221; (past\u0101v\u012bg\u0101s s\u012bkdatnes). Sesijas&#8221; s\u012bkdatnes ir pagaidu faili, kas tiek saglab\u0101ti lietot\u0101ja gal\u012bgaj\u0101 ier\u012bc\u0113 l\u012bdz br\u012bdim, kad lietot\u0101js iziet no sist\u0113mas, atst\u0101j t\u012bmek\u013ca vietni vai izsl\u0113dz programmat\u016bru (t\u012bmek\u013ca p\u0101rl\u016bkprogrammu). &#8220;Past\u0101v\u012bg\u0101s&#8221; s\u012bkdatnes tiek glab\u0101tas lietot\u0101ja galiek\u0101rt\u0101 uz laiku, kas nor\u0101d\u012bts s\u012bkdat\u0146u parametros, vai l\u012bdz br\u012bdim, kad lietot\u0101js t\u0101s izdz\u0113\u0161.<\/li><li>T\u012bmek\u013ca p\u0101rl\u016bko\u0161anas programmat\u016bra (t\u012bmek\u013ca p\u0101rl\u016bkprogramma) parasti p\u0113c noklus\u0113juma \u013cauj saglab\u0101t s\u012bkfailus lietot\u0101ja gala ier\u012bc\u0113. Pakalpojumu lietot\u0101ji \u0161aj\u0101 jom\u0101 var main\u012bt iestat\u012bjumus. Interneta p\u0101rl\u016bkprogramma \u013cauj dz\u0113st s\u012bkfailus. Ir iesp\u0113jams ar\u012b autom\u0101tiski blo\u0137\u0113t s\u012bkfailus. S\u012bk\u0101ka inform\u0101cija par \u0161o t\u0113mu ir sniegta interneta p\u0101rl\u016bkprogrammas pal\u012bdz\u012bbas vai dokument\u0101cijas sada\u013c\u0101.<\/li><li>S\u012bkfailu izmanto\u0161anas ierobe\u017eojumi var ietekm\u0113t da\u017eas T\u012bmek\u013ca vietn\u0113 pieejam\u0101s funkcijas.<\/li><li>S\u012bkdatnes, kas tiek ievietotas t\u012bmek\u013ca vietnes lietot\u0101ja gala ier\u012bc\u0113, var izmantot ar\u012b ar t\u012bmek\u013ca vietnes operatoru sadarbojo\u0161\u0101s strukt\u016bras, jo \u012bpa\u0161i uz\u0146\u0113mumi: Google (Google Inc., kas atrodas ASV), Facebook (Facebook Inc., kas atrodas ASV), Twitter (Twitter Inc., kas atrodas ASV).<\/li><\/ol>\n\n\n\n<p><strong>9) S\u012bkdat\u0146u p\u0101rvald\u012bba &#8211; k\u0101 praks\u0113 dot un atsaukt piekri\u0161anu?<\/strong><\/p>\n\n\n\n<ol class=\"wp-block-list\"><li>Ja nev\u0113laties sa\u0146emt s\u012bkfailus, varat main\u012bt p\u0101rl\u016bkprogrammas iestat\u012bjumus. M\u0113s paturam ties\u012bbas atsl\u0113gt autentifik\u0101cijas procesiem, dro\u0161\u012bbai, lietot\u0101ja preferen\u010du uztur\u0113\u0161anai nepiecie\u0161amo s\u012bkfailu izmanto\u0161anu var apgr\u016btin\u0101t un \u0101rk\u0101rtas gad\u012bjumos var liegt izmantot vietnes.<\/li><\/ol>\n","protected":false},"excerpt":{"rendered":"<p>1 Visp\u0101r\u012bga inform\u0101cija \u0160\u012b politika attiecas uz t\u012bmek\u013ca vietni, kas darbojas ar url: consumers-views.com\/lv\/ Operators ir j\u016bsu personas datu p\u0101rzinis attiec\u012bb\u0101 uz Pakalpojum\u0101 br\u012bvpr\u0101t\u012bgi sniegtajiem datiem. Pakalpojums izmanto personas datus \u0161\u0101diem nol\u016bkiem: Koment\u0101ru sist\u0113mas darbin\u0101\u0161ana Piepras\u012bjumu apstr\u0101de ar veidlapu Pied\u0101v\u0101juma vai inform\u0101cijas snieg\u0161ana Pakalpojums veic inform\u0101cijas ieg\u016b\u0161anas funkcijas par lietot\u0101jiem un vi\u0146u uzved\u012bbu \u0161\u0101di: Izmantojot [&hellip;]<\/p>\n","protected":false},"author":1,"featured_media":0,"parent":0,"menu_order":0,"comment_status":"closed","ping_status":"closed","template":"","meta":{"footnotes":""},"class_list":["post-166","page","type-page","status-publish","hentry","box-post"],"_links":{"self":[{"href":"https:\/\/consumers-views.com\/lv\/wp-json\/wp\/v2\/pages\/166","targetHints":{"allow":["GET"]}}],"collection":[{"href":"https:\/\/consumers-views.com\/lv\/wp-json\/wp\/v2\/pages"}],"about":[{"href":"https:\/\/consumers-views.com\/lv\/wp-json\/wp\/v2\/types\/page"}],"author":[{"embeddable":true,"href":"https:\/\/consumers-views.com\/lv\/wp-json\/wp\/v2\/users\/1"}],"replies":[{"embeddable":true,"href":"https:\/\/consumers-views.com\/lv\/wp-json\/wp\/v2\/comments?post=166"}],"version-history":[{"count":1,"href":"https:\/\/consumers-views.com\/lv\/wp-json\/wp\/v2\/pages\/166\/revisions"}],"predecessor-version":[{"id":167,"href":"https:\/\/consumers-views.com\/lv\/wp-json\/wp\/v2\/pages\/166\/revisions\/167"}],"wp:attachment":[{"href":"https:\/\/consumers-views.com\/lv\/wp-json\/wp\/v2\/media?parent=166"}],"curies":[{"name":"wp","href":"https:\/\/api.w.org\/{rel}","templated":true}]}}