{"id":166,"date":"2021-06-01T11:47:38","date_gmt":"2021-06-01T09:47:38","guid":{"rendered":"https:\/\/consumers-views.com\/lt\/?page_id=166"},"modified":"2021-06-01T11:47:38","modified_gmt":"2021-06-01T09:47:38","slug":"privatumo-politika","status":"publish","type":"page","link":"https:\/\/consumers-views.com\/lt\/privatumo-politika\/","title":{"rendered":"Privatumo politika"},"content":{"rendered":"\n<p><strong>1 Bendroji informacija<\/strong><\/p>\n\n\n\n<ol class=\"wp-block-list\"><li>\u0160i politika taikoma svetainei, kuri veikia adresu url: <strong>consumers-views.com\/lt\/<\/strong><\/li><li>Operatorius yra j\u016bs\u0173 asmens duomen\u0173, susijusi\u0173 su savanori\u0161kai Paslaugoje pateiktais duomenimis, valdytojas.<\/li><li>Paslauga naudoja asmens duomenis \u0161iais tikslais:<ul><li>Komentar\u0173 sistemos paleidimas<\/li><li>U\u017eklaus\u0173 tvarkymas pagal form\u0105<\/li><li>Pasi\u016blymo ar informacijos pateikimas<\/li><li>Paslauga atlieka informacijos apie naudotojus ir j\u0173 elgsen\u0105 gavimo funkcijas:<\/li><\/ul><\/li><\/ol>\n\n\n\n<ol class=\"wp-block-list\"><li>per savanori\u0161kai \u012f formas \u012fra\u0161ytus duomenis, kurie \u012fvedami \u012f Operatoriaus sistemas.<\/li><li>i\u0161saugodami slapukus (vadinamuosius &#8222;slapukus&#8221;) j\u016bs\u0173 galin\u0117je \u012frangoje.<\/li><\/ol>\n\n\n\n<p><strong>2 Operatoriaus naudojami pasirinkti duomen\u0173 apsaugos metodai<\/strong><\/p>\n\n\n\n<ol class=\"wp-block-list\"><li>Prisijungimo ir asmenini\u0173 duomen\u0173 \u012fvedimo vietos yra apsaugotos perdavimo lygmenyje (SSL sertifikatas). Taip u\u017etikrinama, kad svetain\u0117je \u012fvesti asmeniniai ir prisijungimo duomenys naudotojo kompiuteryje b\u016bt\u0173 u\u017e\u0161ifruoti ir juos b\u016bt\u0173 galima perskaityti tik tiksliniame serveryje.<\/li><li>Naudotojo slapta\u017eod\u017eiai saugomi suglaudinta forma. \u0160e\u0161\u0117liavimo funkcija veikia vienakryp\u010diai &#8211; jos ne\u012fmanoma pakeisti, o tai \u0161iuo metu yra \u0161iuolaikinis naudotoj\u0173 slapta\u017eod\u017ei\u0173 saugojimo standartas.<\/li><li>Operatorius periodi\u0161kai kei\u010dia savo administracinius slapta\u017eod\u017eius.<\/li><li>Siekdamas apsaugoti duomenis, Operatorius reguliariai daro atsargines kopijas.<\/li><li>Svarbus duomen\u0173 apsaugos elementas yra reguliarus bet kokios Operatoriaus naudojamos programin\u0117s \u012frangos, skirtos asmens duomenims tvarkyti, atnaujinimas, o tai vis\u0173 pirma rei\u0161kia reguliar\u0173 programavimo komponent\u0173 atnaujinim\u0105.<\/li><\/ol>\n\n\n\n<p><strong>3. priegloba<\/strong><\/p>\n\n\n\n<ol class=\"wp-block-list\"><li>Paslauga teikiama operatoriaus serveryje: ovh.com.<\/li><li>Prieglobos \u012fmon\u0117:<ul><li>taiko apsaugos nuo duomen\u0173 praradimo priemones (pvz., disk\u0173 masyvus, reguliarias saugumo kopijas),<\/li><li>taikyti tinkamas priemones, skirtas apsaugoti perdirbimo vietas gaisro atveju (pvz., specialias gaisro gesinimo sistemas),<\/li><li>taiko tinkamas priemones apdorojimo sistemoms apsaugoti staigaus elektros energijos tiekimo nutr\u016bkimo atveju (pvz., dvigubos elektros linijos, generatoriai, UPS atsargin\u0117s sistemos),<\/li><li>taikyti priemones, skirtas fizi\u0161kai apsaugoti prieig\u0105 prie duomen\u0173 tvarkymo viet\u0173 (pvz., prieigos kontrol\u0117, steb\u0117jimas),<\/li><li>taiko priemones, u\u017etikrinan\u010dias tinkamas aplinkos s\u0105lygas serveriams, kurie yra duomen\u0173 apdorojimo sistemos dalis (pvz., aplinkos s\u0105lyg\u0173 kontrol\u0117, specialios oro kondicionavimo sistemos),<\/li><li>taiko organizacines priemones, u\u017etikrinan\u010dias auk\u0161\u010diausi\u0105 \u012fmanom\u0105 apsaugos ir konfidencialumo lyg\u012f (mokymai, vidaus taisykl\u0117s, slapta\u017eod\u017ei\u0173 politika ir t. t.),<\/li><li>paskyr\u0117 duomen\u0173 apsaugos pareig\u016bn\u0105.<\/li><\/ul><\/li><li>Prieglobos bendrov\u0117 saugo serverio lygio \u017eurnalus, kad u\u017etikrint\u0173 technin\u012f patikimum\u0105. \u017durnalai gali b\u016bti i\u0161saugomi:<ul><li>URL identifikatoriumi apibr\u0117\u017eti i\u0161tekliai (pra\u0161om\u0173 i\u0161tekli\u0173 &#8211; puslapi\u0173, fail\u0173 &#8211; adresai),<\/li><li>laiko, kol bus gautas paklausimas,<\/li><li>laikas i\u0161si\u0173sti atsakym\u0105,<\/li><li>kliento stoties vardas &#8211; HTTP protokole \u012fdiegta identifikacija,<\/li><li>informacij\u0105 apie HTTP sandori\u0173 vykdymo metu \u012fvykusias klaidas,<\/li><li>naudotojo anks\u010diau aplankyto puslapio URL (nuoroda), jei prie Paslaugos buvo prisijungta per nuorod\u0105,<\/li><li>informacij\u0105 apie j\u016bs\u0173 nar\u0161ykl\u0119,<\/li><li>IP adreso informacija,<\/li><li>Diagnostin\u0117 informacija, susijusi su savaranki\u0161ko paslaug\u0173 u\u017esakymo procesu naudojant svetain\u0117je esan\u010dius \u012fra\u0161ymo \u012frenginius,<\/li><li>informacij\u0105, susijusi\u0105 su Operatoriui adresuoto ir jo siun\u010diamo elektroninio pa\u0161to tvarkymu.<\/li><\/ul><\/li><\/ol>\n\n\n\n<p><strong>4. j\u016bs\u0173 teis\u0117s ir papildoma informacija apie j\u016bs\u0173 duomen\u0173 naudojim\u0105<\/strong><\/p>\n\n\n\n<ol class=\"wp-block-list\"><li>Tam tikrais atvejais Administratorius turi teis\u0119 perduoti j\u016bs\u0173 asmens duomenis kitiems gav\u0117jams, jei tai b\u016btina su jumis sudarytai sutar\u010diai vykdyti arba Administratoriaus \u012fsipareigojimams vykdyti. Tai taikoma tokioms gav\u0117j\u0173 grup\u0117ms:<ul><li>prieglobos \u012fmon\u0117 pasitik\u0117jimo pagrindu.<\/li><li>\u012fgalioti darbuotojai ir partneriai, kurie naudoja duomenis, kad pasiekt\u0173 svetain\u0117s tiksl\u0105.<\/li><\/ul><\/li><li>J\u016bs\u0173 asmens duomenis Administratorius tvarko ne ilgiau, nei tai b\u016btina su tuo susijusiai veiklai, nurodytai atskiruose teis\u0117s aktuose (pvz., buhalterinei apskaitai), vykdyti. Rinkodaros duomen\u0173 at\u017evilgiu duomenys tvarkomi ne ilgiau kaip 3 metus.<\/li><li>Turite teis\u0119 reikalauti i\u0161 administratoriaus:<ul><li>prieig\u0105 prie j\u016bs\u0173 asmenin\u0117s informacijos,<\/li><li>j\u0173 klaid\u0173 i\u0161taisymai,<\/li><li>i\u0161braukimai,<\/li><li>apdorojimo apribojimai,<\/li><li>ir duomen\u0173 perdavim\u0105.<\/li><\/ul><\/li><li>Turite teis\u0119 nesutikti su 3.3 punkto c papunktyje nurodytu asmens duomen\u0173 tvarkymu, kai asmens duomenys tvarkomi siekiant \u012fgyvendinti teis\u0117tus interesus, kuri\u0173 siekia Administratorius, \u012fskaitant profiliavim\u0105, ta\u010diau teis\u0117 nesutikti nebus \u012fgyvendinta, jei yra svarbi\u0173 teis\u0117t\u0173 duomen\u0173 tvarkymo prie\u017eas\u010di\u0173, interes\u0173, teisi\u0173 ir laisvi\u0173, kurie yra vir\u0161esni u\u017e j\u016bs\u0173 interesus, vis\u0173 pirma siekiant nustatyti, vykdyti ar ginti savo reikalavimus.<\/li><li>Asmens duomen\u0173 pateikimas yra savanori\u0161kas, ta\u010diau b\u016btinas Paslaugai teikti.<\/li><li>Jums gali b\u016bti taikoma automatizuota sprendim\u0173 pri\u0117mimo veikla, \u012fskaitant profiliavim\u0105, kad Administratorius gal\u0117t\u0173 teikti paslaugas pagal sutart\u012f ir vykdyti tiesiogin\u0119 rinkodar\u0105.<\/li><li>Asmens duomenys n\u0117ra perduodami i\u0161 tre\u010di\u0173j\u0173 \u0161ali\u0173, kaip apibr\u0117\u017eta duomen\u0173 apsaugos taisykl\u0117se. Tai rei\u0161kia, kad j\u0173 nesiun\u010diame u\u017e Europos S\u0105jungos rib\u0173.<\/li><\/ol>\n\n\n\n<p><strong>5. informacija formose<\/strong><\/p>\n\n\n\n<ol class=\"wp-block-list\"><li>Paslauga renka naudotojo savanori\u0161kai pateikt\u0105 informacij\u0105, \u012fskaitant asmens duomenis, jei toki\u0173 yra.<\/li><li>Paslauga gali i\u0161saugoti informacij\u0105 apie ry\u0161io parametrus (laiko \u017eym\u0105, IP adres\u0105).<\/li><li>Kai kuriais atvejais paslauga gali i\u0161saugoti informacij\u0105, kad b\u016bt\u0173 lengviau susieti formoje pateiktus duomenis su form\u0105 pildan\u010dio naudotojo el. pa\u0161to adresu. Tokiu atveju naudotojo el. pa\u0161to adresas rodomas puslapio, kuriame yra forma, url.<\/li><li>Formoje pateikti duomenys tvarkomi tikslu, kur\u012f lemia konkre\u010dios formos funkcija, pvz., siekiant apdoroti paslaug\u0173 u\u017eklaus\u0105 ar verslo kontakt\u0105, u\u017eregistruoti paslaugas ir pan. Kiekvien\u0105 kart\u0105 formos kontekste ir apra\u0161yme ai\u0161kiai nurodoma, kam ji naudojama.<\/li><\/ol>\n\n\n\n<p><strong>6 Administratori\u0173 \u017eurnalai<\/strong><\/p>\n\n\n\n<ol class=\"wp-block-list\"><li>Informacija apie naudotojo elges\u012f svetain\u0117je gali b\u016bti prisijungimo objektas. \u0160ie duomenys naudojami paslaugai administruoti.<\/li><\/ol>\n\n\n\n<p><strong>7 svarb\u016bs rinkodaros metodai<\/strong><\/p>\n\n\n\n<ol class=\"wp-block-list\"><li>Operatorius naudoja statistin\u0119 svetain\u0117s lankytoj\u0173 srauto analiz\u0119 per &#8222;Google Analytics&#8221;. Operatorius \u0161ios paslaugos operatoriui neperduoda asmens duomen\u0173, o tik nuasmenint\u0105 informacij\u0105. Paslauga grind\u017eiama slapuk\u0173 naudojimu j\u016bs\u0173 galin\u0117je \u012frangoje.<\/li><li>Operatorius naudoja pakartotin\u0117s rinkodaros metodus, kurie leid\u017eia reklaminius prane\u0161imus suderinti su naudotojo elgsena svetain\u0117je, tod\u0117l gali susidaryti iliuzija, kad naudotojo asmens duomenys naudojami naudotojo sekimui, ta\u010diau i\u0161 tikr\u0173j\u0173 Operatorius reklamos operatoriams neperduoda joki\u0173 asmens duomen\u0173. Toki\u0173 veiksm\u0173 technologin\u0117 s\u0105lyga &#8211; \u012fjungti slapukai.<\/li><li>Operatorius naudoja sprendim\u0105, kuris tiria naudotoj\u0173 elgsen\u0105 kurdamas \u0161ilumos \u017eem\u0117lapius ir fiksuodamas elgsen\u0105 svetain\u0117je. Prie\u0161 siun\u010diant \u0161i\u0105 informacij\u0105 paslaug\u0173 teik\u0117jui, ji nuasmeninama, kad jis ne\u017einot\u0173, kokiam asmeniui ji skirta. Vis\u0173 pirma slapta\u017eod\u017eiai ir kiti asmens duomenys n\u0117ra \u012fra\u0161omi.<\/li><\/ol>\n\n\n\n<p><strong>8. informacija apie slapukus<\/strong><\/p>\n\n\n\n<ol class=\"wp-block-list\"><li>Svetain\u0117je naudojami slapukai.<\/li><li>Slapuk\u0173 failai (vadinamieji &#8222;slapukai&#8221;) &#8211; tai IT duomenys, vis\u0173 pirma tekstiniai failai, kurie saugomi Paslaug\u0173 naudotojo galutiniame \u012frenginyje ir yra skirti naudotis Svetain\u0117s svetain\u0117mis. Slapukuose paprastai nurodomas svetain\u0117s, i\u0161 kurios jie gauti, pavadinimas, laikas, per kur\u012f jie saugomi galutiniame \u012frenginyje, ir unikalus numeris.<\/li><li>Paslaugos naudotojo galutiniame \u012frenginyje slapukus \u012fkelia ir prieig\u0105 prie j\u0173 gauna Paslaugos operatorius.<\/li><li>Slapukai naudojami \u0161iais tikslais:<ol><li>i\u0161laikyti Paslaugos naudotojo sesij\u0105 (po prisijungimo), tod\u0117l naudotojui nereikia i\u0161 naujo \u012fvesti savo prisijungimo vardo ir slapta\u017eod\u017eio kiekviename Paslaugos tinklalapyje;<\/li><li>pirmiau pateiktame skyriuje &#8222;Atitinkami rinkodaros b\u016bdai&#8221; nustatyt\u0173 tiksl\u0173 \u012fgyvendinimui;<\/li><\/ol><\/li><li>Paslaugoje naudojami dviej\u0173 pagrindini\u0173 tip\u0173 slapukai: &#8222;sesijos&#8221; slapukai (sesijos slapukai) ir &#8222;nuolatiniai&#8221; (nuolatiniai slapukai). Sesijos&#8221; slapukai yra laikini failai, kurie saugomi naudotojo galiniame \u012frenginyje tol, kol atsijungiama, i\u0161einama i\u0161 svetain\u0117s arba i\u0161jungiama programin\u0117 \u012franga (interneto nar\u0161ykl\u0117). &#8222;Nuolatiniai&#8221; slapukai saugomi naudotojo galiniame \u012frenginyje slapuk\u0173 parametruose nurodyt\u0105 laik\u0105 arba tol, kol naudotojas juos i\u0161trina.<\/li><li>Interneto nar\u0161ymo programin\u0117 \u012franga (interneto nar\u0161ykl\u0117) paprastai pagal numatytuosius nustatymus leid\u017eia saugoti slapukus naudotojo galiniame \u012frenginyje. Paslaug\u0173 naudotojai gali pakeisti \u0161ios srities nustatymus. Interneto nar\u0161ykl\u0117 leid\u017eia i\u0161trinti slapukus. Taip pat galima automati\u0161kai blokuoti slapukus. I\u0161sami informacija \u0161iuo klausimu pateikiama interneto nar\u0161ykl\u0117s \u017einyne arba dokumentuose.<\/li><li>Slapuk\u0173 naudojimo apribojimai gali tur\u0117ti \u012ftakos kai kurioms Svetain\u0117s funkcijoms.<\/li><li>Svetain\u0117s naudotojo galutiniame \u012frenginyje patalpintus slapukus taip pat gali naudoti su Svetain\u0117s operatoriumi bendradarbiaujantys subjektai, ypa\u010d \u012fmon\u0117s: &#8222;Google&#8221; (Google Inc., \u012fsik\u016brusi JAV), &#8222;Facebook&#8221; (Facebook Inc., \u012fsik\u016brusi JAV), &#8222;Twitter&#8221; (Twitter Inc., \u012fsik\u016brusi JAV).<\/li><\/ol>\n\n\n\n<p><strong>9) Slapuk\u0173 valdymas &#8211; kaip prakti\u0161kai duoti ir at\u0161aukti sutikim\u0105?<\/strong><\/p>\n\n\n\n<ol class=\"wp-block-list\"><li>Jei nenorite gauti slapuk\u0173, galite pakeisti nar\u0161ykl\u0117s nustatymus. Pasiliekame teis\u0119 u\u017edrausti naudoti slapukus, b\u016btinus autentifikavimo procesams, saugumui, naudotoj\u0173 nuostat\u0173 palaikymui, gali b\u016bti sud\u0117tinga, o kra\u0161tutiniais atvejais gali neleisti naudotis svetain\u0117mis<\/li><\/ol>\n","protected":false},"excerpt":{"rendered":"<p>1 Bendroji informacija \u0160i politika taikoma svetainei, kuri veikia adresu url: consumers-views.com\/lt\/ Operatorius yra j\u016bs\u0173 asmens duomen\u0173, susijusi\u0173 su savanori\u0161kai Paslaugoje pateiktais duomenimis, valdytojas. Paslauga naudoja asmens duomenis \u0161iais tikslais: Komentar\u0173 sistemos paleidimas U\u017eklaus\u0173 tvarkymas pagal form\u0105 Pasi\u016blymo ar informacijos pateikimas Paslauga atlieka informacijos apie naudotojus ir j\u0173 elgsen\u0105 gavimo funkcijas: per savanori\u0161kai \u012f formas [&hellip;]<\/p>\n","protected":false},"author":1,"featured_media":0,"parent":0,"menu_order":0,"comment_status":"closed","ping_status":"closed","template":"","meta":{"footnotes":""},"class_list":["post-166","page","type-page","status-publish","hentry","box-post"],"_links":{"self":[{"href":"https:\/\/consumers-views.com\/lt\/wp-json\/wp\/v2\/pages\/166","targetHints":{"allow":["GET"]}}],"collection":[{"href":"https:\/\/consumers-views.com\/lt\/wp-json\/wp\/v2\/pages"}],"about":[{"href":"https:\/\/consumers-views.com\/lt\/wp-json\/wp\/v2\/types\/page"}],"author":[{"embeddable":true,"href":"https:\/\/consumers-views.com\/lt\/wp-json\/wp\/v2\/users\/1"}],"replies":[{"embeddable":true,"href":"https:\/\/consumers-views.com\/lt\/wp-json\/wp\/v2\/comments?post=166"}],"version-history":[{"count":1,"href":"https:\/\/consumers-views.com\/lt\/wp-json\/wp\/v2\/pages\/166\/revisions"}],"predecessor-version":[{"id":167,"href":"https:\/\/consumers-views.com\/lt\/wp-json\/wp\/v2\/pages\/166\/revisions\/167"}],"wp:attachment":[{"href":"https:\/\/consumers-views.com\/lt\/wp-json\/wp\/v2\/media?parent=166"}],"curies":[{"name":"wp","href":"https:\/\/api.w.org\/{rel}","templated":true}]}}