{"id":166,"date":"2021-06-01T12:28:58","date_gmt":"2021-06-01T10:28:58","guid":{"rendered":"https:\/\/consumers-views.com\/it\/?page_id=166"},"modified":"2021-06-01T12:28:59","modified_gmt":"2021-06-01T10:28:59","slug":"informativa-sulla-privacy","status":"publish","type":"page","link":"https:\/\/consumers-views.com\/it\/informativa-sulla-privacy\/","title":{"rendered":"Informativa sulla privacy"},"content":{"rendered":"\n<p><strong>1 Informazioni generali<\/strong><\/p>\n\n\n\n<ol class=\"wp-block-list\"><li>Questa politica si applica al sito web, che opera all&#8217;url: <strong>consumers-views.com\/it\/<\/strong><\/li><li>L&#8217;Operatore \u00e8 l&#8217;Amministratore dei vostri dati personali in relazione ai dati forniti volontariamente nel Servizio.<\/li><li>Il servizio utilizza i dati personali per le seguenti finalit\u00e0:<ul><li>Esecuzione di un sistema di commento<\/li><li>Gestione delle richieste tramite modulo<\/li><li>Presentazione di un&#8217;offerta o di un&#8217;informazione<\/li><li>Il servizio svolge la funzione di ottenere informazioni sugli utenti e sul loro comportamento nel modo seguente:<\/li><\/ul><\/li><\/ol>\n\n\n\n<ol class=\"wp-block-list\"><li>Attraverso i dati inseriti volontariamente nei moduli, che vengono inseriti nei sistemi dell&#8217;Operatore.<\/li><li>Memorizzando i cookies (i cosiddetti &#8220;cookies&#8221;) sul vostro terminale.<\/li><\/ol>\n\n\n\n<p><strong>2 Metodi di protezione dei dati selezionati utilizzati dall&#8217;operatore<\/strong><\/p>\n\n\n\n<ol class=\"wp-block-list\"><li>I luoghi per il login e l&#8217;inserimento dei dati personali sono protetti nel layer di trasmissione (certificato SSL). In questo modo si garantisce che i dati personali e i dati di login inseriti sul sito web siano criptati sul computer dell&#8217;utente e possano essere letti solo sul server di destinazione.<\/li><li>Le password utente sono memorizzate in forma hash. La funzione hash funziona in modo unidirezionale &#8211; non \u00e8 possibile invertire il suo funzionamento, che \u00e8 attualmente lo standard moderno per la memorizzazione delle password utente.<\/li><li>L&#8217;operatore cambia periodicamente le sue password amministrative.<\/li><li>Per proteggere i dati, l&#8217;operatore effettua regolarmente copie di backup.<\/li><li>Un importante elemento di protezione dei dati \u00e8 l&#8217;aggiornamento regolare di qualsiasi software utilizzato dall&#8217;operatore per il trattamento dei dati personali, il che significa in particolare l&#8217;aggiornamento regolare dei componenti di programmazione.<\/li><\/ol>\n\n\n\n<p><strong>3. hosting<\/strong><\/p>\n\n\n\n<ol class=\"wp-block-list\"><li>Il servizio \u00e8 ospitato (tecnicamente mantenuto) sul server dell&#8217;operatore: ovh.com<\/li><li>Azienda di hosting:<ul><li>applica misure di protezione contro la perdita di dati (ad es. array di dischi, copie di sicurezza regolari),<\/li><li>applicare misure adeguate per proteggere i siti di lavorazione in caso di incendio (ad es. sistemi antincendio speciali),<\/li><li>applica misure adeguate per proteggere i sistemi di elaborazione in caso di mancanza improvvisa di corrente (ad es. linee elettriche doppie, generatori, sistemi di backup UPS),<\/li><li>applicare misure per proteggere fisicamente l&#8217;accesso ai siti di elaborazione dati (ad es. controllo degli accessi, monitoraggio),<\/li><li>applica misure per garantire condizioni ambientali adeguate per i server nell&#8217;ambito di un sistema di elaborazione dati (ad es. controllo delle condizioni ambientali, impianti di climatizzazione specializzati),<\/li><li>applica disposizioni organizzative per garantire il massimo livello possibile di protezione e riservatezza (formazione, regolamenti interni, politiche sulle password, ecc,)<\/li><li>ha nominato un responsabile della protezione dei dati.<\/li><\/ul><\/li><li>La societ\u00e0 di hosting tiene i registri a livello di server per garantire l&#8217;affidabilit\u00e0 tecnica. I registri possono essere salvati:<ul><li>risorse definite dall&#8217;identificatore di URL (indirizzi delle risorse richieste &#8211; pagine, file),<\/li><li>E&#8217; ora che arrivi l&#8217;inchiesta,<\/li><li>E&#8217; ora di inviare la risposta,<\/li><li>nome della stazione client &#8211; identificazione implementata dal protocollo HTTP,<\/li><li>informazioni sugli errori che si sono verificati durante l&#8217;esecuzione delle transazioni HTTP,<\/li><li>l&#8217;URL della pagina precedentemente visitata dall&#8217;utente (link di riferimento) &#8211; nel caso in cui l&#8217;accesso al Servizio sia stato effettuato tramite un link,<\/li><li>informazioni sul tuo browser,<\/li><li>Informazioni sull&#8217;indirizzo IP,<\/li><li>Informazioni diagnostiche relative al processo di auto-ordinamento dei servizi attraverso i registratori sul sito web,<\/li><li>informazioni relative al trattamento della posta elettronica indirizzata e inviata dall&#8217;Operatore.<\/li><\/ul><\/li><\/ol>\n\n\n\n<p><strong>4. i vostri diritti e ulteriori informazioni sull&#8217;utilizzo dei vostri dati<\/strong><\/p>\n\n\n\n<ol class=\"wp-block-list\"><li>In alcune situazioni, l&#8217;Amministratore ha il diritto di trasferire i vostri dati personali ad altri destinatari se \u00e8 necessario per eseguire il contratto concluso con voi o per adempiere agli obblighi dell&#8217;Amministratore. Ci\u00f2 vale per tali gruppi di destinatari:<ul><li>societ\u00e0 di hosting su base fiduciaria<\/li><li>dipendenti e collaboratori autorizzati che utilizzano i dati per raggiungere lo scopo del sito web<\/li><\/ul><\/li><li>I Suoi dati personali sono trattati dall&#8217;Amministratore per un periodo di tempo non superiore a quello necessario allo svolgimento delle relative attivit\u00e0 previste da un apposito regolamento (ad es. in materia di contabilit\u00e0). Per quanto riguarda i dati di marketing, i dati non saranno trattati per pi\u00f9 di 3 anni.<\/li><li>Avete il diritto di chiedere all&#8217;Amministratore:<ul><li>accesso alle vostre informazioni personali,<\/li><li>le loro rettifiche,<\/li><li>cancellazioni,<\/li><li>restrizioni di elaborazione,<\/li><li>e il trasferimento dei dati.<\/li><\/ul><\/li><li>Avete il diritto di opporvi al trattamento indicato al punto 3.3 c) al trattamento dei dati personali al fine di esercitare i legittimi interessi perseguiti dall&#8217;Amministratore, compresa la profilazione, ma il diritto di opposizione non sar\u00e0 esercitato se esistono validi motivi legali per il trattamento, interessi, diritti e libert\u00e0 che vi prevalgono, in particolare per stabilire, far valere o difendere le rivendicazioni.<\/li><li>Il conferimento dei dati personali \u00e8 facoltativo, ma necessario per il funzionamento del Servizio.<\/li><li>L&#8217;utente pu\u00f2 essere soggetto ad attivit\u00e0 decisionali automatizzate, inclusa la profilazione, al fine di fornire i servizi previsti dal contratto e di condurre il marketing diretto da parte dell&#8217;Amministratore.<\/li><li>I dati personali non vengono trasmessi da paesi terzi ai sensi delle norme sulla protezione dei dati. Ci\u00f2 significa che non li mandiamo al di fuori dell&#8217;Unione europea.<\/li><\/ol>\n\n\n\n<p><strong>5. informazioni nei moduli<\/strong><\/p>\n\n\n\n<ol class=\"wp-block-list\"><li>Il servizio raccoglie le informazioni fornite volontariamente dall&#8217;utente, compresi gli eventuali dati personali.<\/li><li>Il servizio pu\u00f2 salvare informazioni sui parametri di collegamento (marcatura oraria, indirizzo IP).<\/li><li>Il servizio, in alcuni casi, pu\u00f2 salvare informazioni per facilitare il collegamento dei dati del modulo all&#8217;indirizzo e-mail dell&#8217;utente che compila il modulo. In questo caso, l&#8217;indirizzo e-mail dell&#8217;utente appare all&#8217;interno dell&#8217;url della pagina contenente il modulo.<\/li><li>I dati forniti nel modulo sono trattati per le finalit\u00e0 derivanti dal funzionamento di un determinato modulo, ad esempio per gestire una richiesta di servizio o un contatto commerciale, servizi di registrazione, ecc. Ogni volta il contesto e la descrizione del modulo indicano chiaramente per cosa viene utilizzato.<\/li><\/ol>\n\n\n\n<p><strong>6 Diari degli amministratori<\/strong><\/p>\n\n\n\n<ol class=\"wp-block-list\"><li>Le informazioni sul comportamento degli utenti sul sito possono essere soggette a login. Questi dati vengono utilizzati per amministrare il servizio.<\/li><\/ol>\n\n\n\n<p><strong>7 Tecniche di marketing importanti<\/strong><\/p>\n\n\n\n<ol class=\"wp-block-list\"><li>Il gestore utilizza l&#8217;analisi statistica del traffico del sito web attraverso Google Analytics. Il gestore non trasmette dati personali al gestore di questo servizio, ma solo informazioni anonime. Il servizio si basa sull&#8217;utilizzo di cookie sul vostro terminale.<\/li><li>L&#8217;Operatore utilizza tecniche di remarketing che consentono di far corrispondere i messaggi pubblicitari con il comportamento dell&#8217;utente sul sito web, il che pu\u00f2 dare l&#8217;illusione che i dati personali dell&#8217;utente vengano utilizzati per rintracciare l&#8217;utente, ma in pratica non vi \u00e8 alcun trasferimento di dati personali dall&#8217;Operatore agli operatori pubblicitari. La condizione tecnologica per tali azioni \u00e8 che i cookie siano abilitati.<\/li><li>L&#8217;operatore utilizza una soluzione che indaga il comportamento dell&#8217;utente creando mappe di calore e registrando il comportamento sul sito. Queste informazioni vengono rese anonime prima di essere inviate al fornitore di servizi, in modo che egli non sappia a quale persona si riferiscono. In particolare, le password e gli altri dati personali non vengono registrati.<\/li><\/ol>\n\n\n\n<p><strong>8. informazioni sui cookie<\/strong><\/p>\n\n\n\n<ol class=\"wp-block-list\"><li>Il sito web utilizza i cookie.<\/li><li>I file cookie (i cosiddetti &#8220;cookies&#8221;) sono dati informatici, in particolare file di testo, che vengono memorizzati nel dispositivo finale dell&#8217;utente del servizio e sono concepiti per l&#8217;utilizzo dei siti web del sito web. I cookie contengono di solito il nome del sito web da cui provengono, l&#8217;ora in cui sono memorizzati sull&#8217;apparecchiatura terminale e un numero unico.<\/li><li>Soggetto che colloca i cookies sul dispositivo finale dell&#8217;Utente del Servizio e ne ottiene l&#8217;accesso \u00e8 l&#8217;Operatore del Servizio.<\/li><li>I cookie vengono utilizzati per i seguenti scopi:<ol><li>mantenere la sessione utente del Servizio (dopo aver effettuato il login), grazie alla quale l&#8217;utente non deve reinserire login e password su ogni sottopagina del Servizio;<\/li><li>il raggiungimento degli obiettivi di cui al punto &#8220;Tecniche di marketing rilevanti&#8221;;<\/li><\/ol><\/li><li>Il Servizio utilizza due tipi di cookie di base: &#8220;cookie &#8220;di sessione (cookie di sessione) e &#8220;permanente&#8221;. (cookies persistenti). I cookie &#8220;di sessione&#8221; sono file temporanei, che vengono memorizzati nel terminale dell&#8217;utente fino al momento del logout, dell&#8217;uscita dal sito web o dello spegnimento del software (browser web). I cookie &#8220;persistenti&#8221; sono memorizzati nell&#8217;apparecchio terminale dell&#8217;Utente per il tempo specificato nei parametri dei cookie o fino alla loro cancellazione da parte dell&#8217;Utente.<\/li><li>Il software per la navigazione sul web (web browser) di solito permette di memorizzare i cookie nel dispositivo terminale dell&#8217;utente. Gli utenti del servizio di assistenza possono modificare le loro impostazioni in quest&#8217;area. Il browser Internet consente di eliminare i cookie. \u00c8 inoltre possibile bloccare automaticamente i cookie. Informazioni dettagliate in merito sono contenute nella guida o nella documentazione del browser Internet.<\/li><li>Le restrizioni sull&#8217;uso dei cookie possono influire su alcune funzioni disponibili sul sito web.<\/li><li>I cookie inseriti nel dispositivo finale dell&#8217;utente del sito web possono essere utilizzati anche da entit\u00e0 che collaborano con l&#8217;operatore del sito web, in particolare da aziende: Google (Google Inc. con sede negli USA), Facebook (Facebook Inc. con sede negli USA), Twitter (Twitter Inc. con sede negli USA).<\/li><\/ol>\n\n\n\n<p><strong>9) Gestione dei cookie &#8211; come dare e ritirare il consenso in pratica?<\/strong><\/p>\n\n\n\n<ol class=\"wp-block-list\"><li>Se non si desidera ricevere cookie, \u00e8 possibile modificare le impostazioni del browser. Ci riserviamo il diritto di disabilitare l&#8217;uso dei cookie necessari per i processi di autenticazione, la sicurezza, il mantenimento delle preferenze dell&#8217;utente possono rendere difficile, e in casi estremi possono impedire l&#8217;uso dei siti web<\/li><\/ol>\n","protected":false},"excerpt":{"rendered":"<p>1 Informazioni generali Questa politica si applica al sito web, che opera all&#8217;url: consumers-views.com\/it\/ L&#8217;Operatore \u00e8 l&#8217;Amministratore dei vostri dati personali in relazione ai dati forniti volontariamente nel Servizio. Il servizio utilizza i dati personali per le seguenti finalit\u00e0: Esecuzione di un sistema di commento Gestione delle richieste tramite modulo Presentazione di un&#8217;offerta o di [&hellip;]<\/p>\n","protected":false},"author":1,"featured_media":0,"parent":0,"menu_order":0,"comment_status":"closed","ping_status":"closed","template":"","meta":{"footnotes":""},"class_list":["post-166","page","type-page","status-publish","hentry","box-post"],"_links":{"self":[{"href":"https:\/\/consumers-views.com\/it\/wp-json\/wp\/v2\/pages\/166","targetHints":{"allow":["GET"]}}],"collection":[{"href":"https:\/\/consumers-views.com\/it\/wp-json\/wp\/v2\/pages"}],"about":[{"href":"https:\/\/consumers-views.com\/it\/wp-json\/wp\/v2\/types\/page"}],"author":[{"embeddable":true,"href":"https:\/\/consumers-views.com\/it\/wp-json\/wp\/v2\/users\/1"}],"replies":[{"embeddable":true,"href":"https:\/\/consumers-views.com\/it\/wp-json\/wp\/v2\/comments?post=166"}],"version-history":[{"count":1,"href":"https:\/\/consumers-views.com\/it\/wp-json\/wp\/v2\/pages\/166\/revisions"}],"predecessor-version":[{"id":167,"href":"https:\/\/consumers-views.com\/it\/wp-json\/wp\/v2\/pages\/166\/revisions\/167"}],"wp:attachment":[{"href":"https:\/\/consumers-views.com\/it\/wp-json\/wp\/v2\/media?parent=166"}],"curies":[{"name":"wp","href":"https:\/\/api.w.org\/{rel}","templated":true}]}}