{"id":185,"date":"2021-06-01T12:27:03","date_gmt":"2021-06-01T10:27:03","guid":{"rendered":"https:\/\/consumers-views.com\/hu\/?page_id=185"},"modified":"2021-06-01T12:27:03","modified_gmt":"2021-06-01T10:27:03","slug":"adatvedelmi-szabalyzat","status":"publish","type":"page","link":"https:\/\/consumers-views.com\/hu\/adatvedelmi-szabalyzat\/","title":{"rendered":"Adatv\u00e9delmi szab\u00e1lyzat"},"content":{"rendered":"\n<p><strong>1 \u00c1ltal\u00e1nos inform\u00e1ci\u00f3k<\/strong><\/p>\n\n\n\n<ol class=\"wp-block-list\"><li>Ez a szab\u00e1lyzat a weboldalra vonatkozik, amely a k\u00f6vetkez\u0151 c\u00edmen m\u0171k\u00f6dik: <strong>consumers-views.com\/hu\/<\/strong><\/li><li>Az \u00dczemeltet\u0151 az \u00d6n szem\u00e9lyes adatainak kezel\u0151je a Szolg\u00e1ltat\u00e1sban \u00f6nk\u00e9ntesen megadott adatok tekintet\u00e9ben.<\/li><li>A szolg\u00e1ltat\u00e1s a szem\u00e9lyes adatokat a k\u00f6vetkez\u0151 c\u00e9lokra haszn\u00e1lja fel:<ul><li>Komment\u00e1rrendszer m\u0171k\u00f6dtet\u00e9se<\/li><li>Megkeres\u00e9sek kezel\u00e9se \u0171rlaponk\u00e9nt<\/li><li>Aj\u00e1nlat vagy inform\u00e1ci\u00f3 bemutat\u00e1sa<\/li><li>A szolg\u00e1ltat\u00e1s a felhaszn\u00e1l\u00f3kr\u00f3l \u00e9s viselked\u00e9s\u00fckr\u0151l sz\u00f3l\u00f3 inform\u00e1ci\u00f3k megszerz\u00e9s\u00e9vel kapcsolatos feladatokat a k\u00f6vetkez\u0151 m\u00f3don l\u00e1tja el:<\/li><\/ul><\/li><\/ol>\n\n\n\n<ol class=\"wp-block-list\"><li>Az \u0171rlapokon \u00f6nk\u00e9ntesen megadott adatokon kereszt\u00fcl, amelyek az \u00dczemeltet\u0151 rendszereibe ker\u00fclnek.<\/li><li>Az \u00d6n v\u00e9gberendez\u00e9s\u00e9n cookie-k (\u00fagynevezett &#8222;s\u00fctik&#8221;) t\u00e1rol\u00e1s\u00e1val.<\/li><\/ol>\n\n\n\n<p><strong>2 Az \u00fczemeltet\u0151 \u00e1ltal alkalmazott kiv\u00e1lasztott adatv\u00e9delmi m\u00f3dszerek<\/strong><\/p>\n\n\n\n<ol class=\"wp-block-list\"><li>A bejelentkez\u00e9s \u00e9s a szem\u00e9lyes adatok megad\u00e1s\u00e1nak helyei az \u00e1tviteli r\u00e9tegben v\u00e9dettek (SSL tan\u00fas\u00edtv\u00e1ny). Ez biztos\u00edtja, hogy a weboldalon megadott szem\u00e9lyes \u00e9s bejelentkez\u00e9si adatok titkos\u00edtva legyenek a felhaszn\u00e1l\u00f3 sz\u00e1m\u00edt\u00f3g\u00e9p\u00e9n, \u00e9s csak a c\u00e9lszerveren legyenek olvashat\u00f3k.<\/li><li>A felhaszn\u00e1l\u00f3i jelszavakat hashed form\u00e1ban t\u00e1rolj\u00e1k. A hash-f\u00fcggv\u00e9ny egyir\u00e1ny\u00faan m\u0171k\u00f6dik &#8211; nem lehet megford\u00edtani, ami jelenleg a felhaszn\u00e1l\u00f3i jelszavak t\u00e1rol\u00e1s\u00e1nak modern szabv\u00e1nya.<\/li><li>Az \u00fczemeltet\u0151 rendszeresen megv\u00e1ltoztatja a rendszergazdai jelszavakat.<\/li><li>Az adatok v\u00e9delme \u00e9rdek\u00e9ben az \u00fczemeltet\u0151 rendszeresen k\u00e9sz\u00edt biztons\u00e1gi m\u00e1solatokat.<\/li><li>Az adatv\u00e9delem fontos eleme az \u00fczemeltet\u0151 \u00e1ltal a szem\u00e9lyes adatok feldolgoz\u00e1s\u00e1ra haszn\u00e1lt szoftverek rendszeres friss\u00edt\u00e9se, ami k\u00fcl\u00f6n\u00f6sen a programoz\u00e1si elemek rendszeres friss\u00edt\u00e9s\u00e9t jelenti.<\/li><\/ol>\n\n\n\n<p><strong>3. t\u00e1rhely<\/strong><\/p>\n\n\n\n<ol class=\"wp-block-list\"><li>A szolg\u00e1ltat\u00e1st az \u00fczemeltet\u0151 szerver\u00e9n tartj\u00e1k fenn (technikailag karbantartj\u00e1k): ovh.com.<\/li><li>T\u00e1rhelyszolg\u00e1ltat\u00f3 c\u00e9g:<ul><li>adatveszt\u00e9s elleni v\u00e9delmi int\u00e9zked\u00e9seket alkalmaz (pl. lemezt\u00f6mb\u00f6k, rendszeres biztons\u00e1gi m\u00e1solatok),<\/li><li>megfelel\u0151 int\u00e9zked\u00e9seket kell alkalmazni a feldolgoz\u00f3helyek t\u0171z eset\u00e9n t\u00f6rt\u00e9n\u0151 v\u00e9delm\u00e9re (pl. speci\u00e1lis t\u0171zolt\u00f3rendszerek),<\/li><li>megfelel\u0151 int\u00e9zked\u00e9seket alkalmaz a feldolgoz\u00f3rendszerek v\u00e9delm\u00e9re hirtelen \u00e1ramkimarad\u00e1s eset\u00e9n (pl. kett\u0151s t\u00e1pvezet\u00e9kek, gener\u00e1torok, UPS tartal\u00e9krendszerek),<\/li><li>az adatfeldolgoz\u00f3 helyekhez val\u00f3 hozz\u00e1f\u00e9r\u00e9s fizikai v\u00e9delm\u00e9t szolg\u00e1l\u00f3 int\u00e9zked\u00e9sek alkalmaz\u00e1sa (pl. hozz\u00e1f\u00e9r\u00e9s-ellen\u0151rz\u00e9s, megfigyel\u00e9s),<\/li><li>int\u00e9zked\u00e9seket alkalmaz az adatfeldolgoz\u00f3 rendszer r\u00e9sz\u00e9t k\u00e9pez\u0151 szerverek megfelel\u0151 k\u00f6rnyezeti felt\u00e9teleinek biztos\u00edt\u00e1s\u00e1ra (pl. k\u00f6rnyezeti felt\u00e9telek ellen\u0151rz\u00e9se, speci\u00e1lis l\u00e9gkondicion\u00e1l\u00f3 rendszerek),<\/li><li>szervezeti int\u00e9zked\u00e9seket alkalmaz a lehet\u0151 legmagasabb fok\u00fa v\u00e9delem \u00e9s titoktart\u00e1s biztos\u00edt\u00e1s\u00e1ra (k\u00e9pz\u00e9s, bels\u0151 szab\u00e1lyzatok, jelsz\u00f3szab\u00e1lyok stb.),<\/li><li>adatv\u00e9delmi tisztvisel\u0151t nevezett ki.<\/li><\/ul><\/li><li>A t\u00e1rhelyszolg\u00e1ltat\u00f3 a technikai megb\u00edzhat\u00f3s\u00e1g biztos\u00edt\u00e1sa \u00e9rdek\u00e9ben szerverszinten napl\u00f3t vezet. A napl\u00f3k elmenthet\u0151k:<ul><li>az URL-azonos\u00edt\u00f3 \u00e1ltal meghat\u00e1rozott er\u0151forr\u00e1sok (a k\u00e9rt er\u0151forr\u00e1sok &#8211; oldalak, f\u00e1jlok &#8211; c\u00edmei),<\/li><li>a vizsg\u00e1lat meg\u00e9rkez\u00e9s\u00e9nek ideje,<\/li><li>a v\u00e1lasz elk\u00fcld\u00e9s\u00e9nek ideje,<\/li><li>\u00fcgyf\u00e9l\u00e1llom\u00e1s neve &#8211; a HTTP protokoll \u00e1ltal megval\u00f3s\u00edtott azonos\u00edt\u00e1s,<\/li><li>inform\u00e1ci\u00f3 a HTTP-tranzakci\u00f3k v\u00e9grehajt\u00e1sa sor\u00e1n fell\u00e9p\u0151 hib\u00e1kr\u00f3l,<\/li><li>a felhaszn\u00e1l\u00f3 \u00e1ltal kor\u00e1bban megl\u00e1togatott oldal URL c\u00edme (hivatkoz\u00e1si link) &#8211; abban az esetben, ha a Szolg\u00e1ltat\u00e1shoz val\u00f3 hozz\u00e1f\u00e9r\u00e9s egy hivatkoz\u00e1son kereszt\u00fcl t\u00f6rt\u00e9nt,<\/li><li>inform\u00e1ci\u00f3 a b\u00f6ng\u00e9sz\u0151j\u00e9r\u0151l,<\/li><li>IP-c\u00edmadatok,<\/li><li>Diagnosztikai inform\u00e1ci\u00f3k a szolg\u00e1ltat\u00e1sok \u00f6nrendel\u00e9s\u00e9nek folyamat\u00e1val kapcsolatban a weboldalon tal\u00e1lhat\u00f3 r\u00f6gz\u00edt\u0151k\u00f6n kereszt\u00fcl,<\/li><li>az \u00dczemeltet\u0151nek c\u00edmzett \u00e9s \u00e1ltala k\u00fcld\u00f6tt elektronikus levelek kezel\u00e9s\u00e9vel kapcsolatos inform\u00e1ci\u00f3k.<\/li><\/ul><\/li><\/ol>\n\n\n\n<p><strong>4. az \u00d6n jogai \u00e9s tov\u00e1bbi inform\u00e1ci\u00f3k az \u00d6n adatainak felhaszn\u00e1l\u00e1s\u00e1r\u00f3l<\/strong><\/p>\n\n\n\n<ol class=\"wp-block-list\"><li>Bizonyos helyzetekben az Adatkezel\u0151nek jog\u00e1ban \u00e1ll az \u00d6n szem\u00e9lyes adatait m\u00e1s c\u00edmzetteknek tov\u00e1bb\u00edtani, ha ez az \u00d6nnel k\u00f6t\u00f6tt szerz\u0151d\u00e9s teljes\u00edt\u00e9s\u00e9hez vagy az Adatkezel\u0151 k\u00f6telezetts\u00e9geinek teljes\u00edt\u00e9s\u00e9hez sz\u00fcks\u00e9ges. Ez a c\u00edmzettek ilyen csoportjaira vonatkozik:<ul><li>t\u00e1rhelyszolg\u00e1ltat\u00f3 c\u00e9g bizalmi alapon<\/li><li>a felhatalmazott alkalmazottak \u00e9s munkat\u00e1rsak, akik az adatokat a weboldal c\u00e9lj\u00e1nak el\u00e9r\u00e9se \u00e9rdek\u00e9ben haszn\u00e1lj\u00e1k fel<\/li><\/ul><\/li><li>Az \u00d6n szem\u00e9lyes adatait az Adatkezel\u0151 csak addig kezeli, ameddig az a k\u00fcl\u00f6n jogszab\u00e1lyokban meghat\u00e1rozott kapcsol\u00f3d\u00f3 tev\u00e9kenys\u00e9gek (pl. k\u00f6nyvel\u00e9s) elv\u00e9gz\u00e9s\u00e9hez sz\u00fcks\u00e9ges. A marketingadatok tekintet\u00e9ben az adatokat legfeljebb 3 \u00e9vig kezelik.<\/li><li>Jog\u00e1ban \u00e1ll k\u00e9rni a rendszergazd\u00e1t\u00f3l:<ul><li>az \u00d6n szem\u00e9lyes adataihoz val\u00f3 hozz\u00e1f\u00e9r\u00e9s,<\/li><li>a helyesb\u00edt\u00e9sek,<\/li><li>t\u00f6rl\u00e9sek,<\/li><li>feldolgoz\u00e1si korl\u00e1toz\u00e1sok,<\/li><li>\u00e9s adat\u00e1tvitel.<\/li><\/ul><\/li><li>\u00d6n jogosult tiltakozni a 3.3. c) pontban megjel\u00f6lt szem\u00e9lyes adatok feldolgoz\u00e1sa ellen a szem\u00e9lyes adatoknak az Adatkezel\u0151 \u00e1ltal k\u00f6vetett jogos \u00e9rdekek \u00e9rv\u00e9nyes\u00edt\u00e9se \u00e9rdek\u00e9ben t\u00f6rt\u00e9n\u0151 feldolgoz\u00e1sa ellen, ide\u00e9rtve a profilalkot\u00e1st is, de a tiltakoz\u00e1s joga nem gyakorolhat\u00f3, ha a feldolgoz\u00e1sra fontos jogos okok, \u00e9rdekek, jogok \u00e9s szabads\u00e1gok els\u0151bbs\u00e9get \u00e9lveznek az \u00d6n \u00e9rdekeivel szemben, k\u00fcl\u00f6n\u00f6sen az \u00d6n k\u00f6vetel\u00e9seinek meg\u00e1llap\u00edt\u00e1sa, \u00e9rv\u00e9nyes\u00edt\u00e9se vagy v\u00e9delme \u00e9rdek\u00e9ben.<\/li><li>A szem\u00e9lyes adatok megad\u00e1sa \u00f6nk\u00e9ntes, de a Szolg\u00e1ltat\u00e1s m\u0171k\u00f6dtet\u00e9s\u00e9hez sz\u00fcks\u00e9ges.<\/li><li>\u00d6nt automatiz\u00e1lt d\u00f6nt\u00e9shozatali tev\u00e9kenys\u00e9geknek vethetik al\u00e1, bele\u00e9rtve a profilalkot\u00e1st is, a szerz\u0151d\u00e9s szerinti szolg\u00e1ltat\u00e1sok ny\u00fajt\u00e1sa \u00e9s az Adatkezel\u0151 \u00e1ltal v\u00e9gzett k\u00f6zvetlen marketingtev\u00e9kenys\u00e9gek v\u00e9gz\u00e9se \u00e9rdek\u00e9ben.<\/li><li>Szem\u00e9lyes adatokat nem tov\u00e1bb\u00edtunk harmadik orsz\u00e1gokb\u00f3l az adatv\u00e9delmi el\u0151\u00edr\u00e1sok \u00e9rtelm\u00e9ben. Ez azt jelenti, hogy nem k\u00fcldj\u00fck \u0151ket az Eur\u00f3pai Uni\u00f3n k\u00edv\u00fclre.<\/li><\/ol>\n\n\n\n<p><strong>5. az \u0171rlapokon szerepl\u0151 inform\u00e1ci\u00f3k<\/strong><\/p>\n\n\n\n<ol class=\"wp-block-list\"><li>A szolg\u00e1ltat\u00e1s a felhaszn\u00e1l\u00f3 \u00e1ltal \u00f6nk\u00e9ntesen megadott inform\u00e1ci\u00f3kat gy\u0171jti, bele\u00e9rtve a szem\u00e9lyes adatokat is, ha vannak ilyenek.<\/li><li>A szolg\u00e1ltat\u00e1s k\u00e9pes elmenteni a kapcsolati param\u00e9terekre vonatkoz\u00f3 inform\u00e1ci\u00f3kat (id\u0151b\u00e9lyegz\u0151, IP-c\u00edm).<\/li><li>A szolg\u00e1ltat\u00e1s bizonyos esetekben inform\u00e1ci\u00f3kat menthet, hogy megk\u00f6nny\u00edtse az \u0171rlapon szerepl\u0151 adatok \u00f6sszekapcsol\u00e1s\u00e1t az \u0171rlapot kit\u00f6lt\u0151 felhaszn\u00e1l\u00f3 e-mail c\u00edm\u00e9vel. Ebben az esetben a felhaszn\u00e1l\u00f3 e-mail c\u00edme megjelenik az \u0171rlapot tartalmaz\u00f3 oldal url-j\u00e9n bel\u00fcl.<\/li><li>Az \u0171rlapon megadott adatokat az adott \u0171rlap funkci\u00f3j\u00e1b\u00f3l ad\u00f3d\u00f3 c\u00e9lb\u00f3l dolgozzuk fel, pl. szolg\u00e1ltat\u00e1si k\u00e9relem vagy \u00fczleti kapcsolatfelv\u00e9tel kezel\u00e9se, szolg\u00e1ltat\u00e1sok regisztr\u00e1l\u00e1sa stb. c\u00e9lj\u00e1b\u00f3l. Az \u0171rlap kontextus\u00e1b\u00f3l \u00e9s le\u00edr\u00e1s\u00e1b\u00f3l minden alkalommal egy\u00e9rtelm\u0171en kider\u00fcl, hogy mire haszn\u00e1lj\u00e1k.<\/li><\/ol>\n\n\n\n<p><strong>6 Rendszergazd\u00e1k napl\u00f3i<\/strong><\/p>\n\n\n\n<ol class=\"wp-block-list\"><li>A webhelyen a felhaszn\u00e1l\u00f3k viselked\u00e9s\u00e9re vonatkoz\u00f3 inform\u00e1ci\u00f3k bejelentkez\u00e9sre ker\u00fclhetnek. Ezeket az adatokat a szolg\u00e1ltat\u00e1s adminisztr\u00e1l\u00e1s\u00e1ra haszn\u00e1lj\u00e1k.<\/li><\/ol>\n\n\n\n<p><strong>7 Fontos marketing technik\u00e1k<\/strong><\/p>\n\n\n\n<ol class=\"wp-block-list\"><li>Az \u00fczemeltet\u0151 a weboldal forgalm\u00e1nak statisztikai elemz\u00e9s\u00e9t a Google Analytics seg\u00edts\u00e9g\u00e9vel v\u00e9gzi. Az \u00fczemeltet\u0151 nem ad \u00e1t szem\u00e9lyes adatokat e szolg\u00e1ltat\u00e1s \u00fczemeltet\u0151j\u00e9nek, hanem csak anonimiz\u00e1lt inform\u00e1ci\u00f3kat. A szolg\u00e1ltat\u00e1s az \u00d6n v\u00e9gberendez\u00e9s\u00e9n cookie-k haszn\u00e1lat\u00e1n alapul.<\/li><li>Az \u00dczemeltet\u0151 olyan remarketing technik\u00e1kat alkalmaz, amelyek lehet\u0151v\u00e9 teszik a rekl\u00e1m\u00fczenetek \u00e9s a felhaszn\u00e1l\u00f3 weboldalon tan\u00fas\u00edtott viselked\u00e9s\u00e9nek \u00f6sszehangol\u00e1s\u00e1t, ami azt az ill\u00fazi\u00f3t keltheti, hogy a felhaszn\u00e1l\u00f3 szem\u00e9lyes adatait a felhaszn\u00e1l\u00f3 nyomon k\u00f6vet\u00e9s\u00e9re haszn\u00e1lj\u00e1k, de a gyakorlatban az \u00dczemeltet\u0151 nem tov\u00e1bb\u00edt szem\u00e9lyes adatokat a rekl\u00e1mszolg\u00e1ltat\u00f3knak. Az ilyen tev\u00e9kenys\u00e9gek technol\u00f3giai felt\u00e9tele, hogy a cookie-k enged\u00e9lyezve legyenek.<\/li><li>Az \u00fczemeltet\u0151 olyan megold\u00e1st haszn\u00e1l, amely a felhaszn\u00e1l\u00f3i viselked\u00e9st h\u0151t\u00e9rk\u00e9pek l\u00e9trehoz\u00e1s\u00e1val \u00e9s a weboldalon val\u00f3 viselked\u00e9s r\u00f6gz\u00edt\u00e9s\u00e9vel vizsg\u00e1lja. Ezeket az inform\u00e1ci\u00f3kat anonimiz\u00e1lj\u00e1k, miel\u0151tt elk\u00fcldik a szolg\u00e1ltat\u00f3nak, \u00edgy az nem tudja, hogy melyik szem\u00e9lyr\u0151l van sz\u00f3. K\u00fcl\u00f6n\u00f6sen a jelszavak \u00e9s m\u00e1s szem\u00e9lyes adatok nem ker\u00fclnek r\u00f6gz\u00edt\u00e9sre.<\/li><\/ol>\n\n\n\n<p><strong>8. inform\u00e1ci\u00f3k a s\u00fctikr\u0151l<\/strong><\/p>\n\n\n\n<ol class=\"wp-block-list\"><li>A weboldal s\u00fctiket haszn\u00e1l.<\/li><li>A cookie-f\u00e1jlok (\u00fan. &#8222;s\u00fctik&#8221;) olyan informatikai adatok, k\u00fcl\u00f6n\u00f6sen sz\u00f6veges f\u00e1jlok, amelyeket a Szolg\u00e1ltat\u00e1s felhaszn\u00e1l\u00f3j\u00e1nak v\u00e9gs\u0151 eszk\u00f6z\u00e9n t\u00e1rolnak, \u00e9s amelyek a Weboldal weboldalainak haszn\u00e1lat\u00e1ra szolg\u00e1lnak. A s\u00fctik \u00e1ltal\u00e1ban tartalmazz\u00e1k annak a weboldalnak a nev\u00e9t, ahonnan sz\u00e1rmaznak, a v\u00e9gberendez\u00e9sen val\u00f3 t\u00e1rol\u00e1s idej\u00e9t \u00e9s egy egyedi sz\u00e1mot.<\/li><li>A cookie-kat a Szolg\u00e1ltat\u00e1s Felhaszn\u00e1l\u00f3j\u00e1nak v\u00e9gberendez\u00e9s\u00e9n elhelyez\u0151 \u00e9s az azokhoz val\u00f3 hozz\u00e1f\u00e9r\u00e9st biztos\u00edt\u00f3 alany a Szolg\u00e1ltat\u00e1s \u00dczemeltet\u0151je.<\/li><li>A s\u00fctiket a k\u00f6vetkez\u0151 c\u00e9lokra haszn\u00e1ljuk:<ol><li>a Szolg\u00e1ltat\u00e1s felhaszn\u00e1l\u00f3i munkamenet\u00e9nek fenntart\u00e1sa (a bejelentkez\u00e9s ut\u00e1n), aminek k\u00f6sz\u00f6nhet\u0151en a felhaszn\u00e1l\u00f3nak nem kell \u00fajra megadni a bejelentkez\u00e9si adatait \u00e9s jelszav\u00e1t a Szolg\u00e1ltat\u00e1s minden egyes aloldal\u00e1n;<\/li><li>a fentiekben a &#8222;Relev\u00e1ns marketingtechnik\u00e1k&#8221; alatt meghat\u00e1rozott c\u00e9lkit\u0171z\u00e9sek megval\u00f3s\u00edt\u00e1sa;<\/li><\/ol><\/li><li>A Szolg\u00e1ltat\u00e1s k\u00e9t alapvet\u0151 cookie-t\u00edpust haszn\u00e1l: &#8222;munkamenet&#8221; cookie-kat (session cookie-k) \u00e9s &#8222;\u00e1lland\u00f3&#8221; cookie-kat (persistent cookie-k). A &#8222;munkamenet&#8221; cookie-k olyan ideiglenes f\u00e1jlok, amelyek a felhaszn\u00e1l\u00f3 v\u00e9gberendez\u00e9s\u00e9n t\u00e1rol\u00f3dnak a kijelentkez\u00e9sig, a weboldal elhagy\u00e1s\u00e1ig vagy a szoftver (webb\u00f6ng\u00e9sz\u0151) kikapcsol\u00e1s\u00e1ig. A &#8222;tart\u00f3s&#8221; cookie-k a cookie-k param\u00e9tereiben meghat\u00e1rozott ideig vagy a felhaszn\u00e1l\u00f3 \u00e1ltali t\u00f6rl\u00e9sig t\u00e1rol\u00f3dnak a felhaszn\u00e1l\u00f3 v\u00e9gberendez\u00e9s\u00e9ben.<\/li><li>A webb\u00f6ng\u00e9sz\u0151 szoftverek (webb\u00f6ng\u00e9sz\u0151k) \u00e1ltal\u00e1ban alap\u00e9rtelmez\u00e9s szerint lehet\u0151v\u00e9 teszik a cookie-k t\u00e1rol\u00e1s\u00e1t a felhaszn\u00e1l\u00f3 v\u00e9gberendez\u00e9s\u00e9n. A szolg\u00e1ltat\u00e1s felhaszn\u00e1l\u00f3i ezen a ter\u00fcleten megv\u00e1ltoztathatj\u00e1k a be\u00e1ll\u00edt\u00e1sokat. Az internetes b\u00f6ng\u00e9sz\u0151 lehet\u0151v\u00e9 teszi a s\u00fctik t\u00f6rl\u00e9s\u00e9t. Lehet\u0151s\u00e9g van a s\u00fctik automatikus letilt\u00e1s\u00e1ra is. Err\u0151l a t\u00e9m\u00e1r\u00f3l r\u00e9szletes inform\u00e1ci\u00f3kat az internetes b\u00f6ng\u00e9sz\u0151 s\u00fag\u00f3j\u00e1ban vagy dokument\u00e1ci\u00f3j\u00e1ban tal\u00e1l.<\/li><li>A s\u00fctik haszn\u00e1lat\u00e1nak korl\u00e1toz\u00e1sa befoly\u00e1solhatja a Weboldalon el\u00e9rhet\u0151 egyes funkci\u00f3kat.<\/li><li>A Weboldal Felhaszn\u00e1l\u00f3j\u00e1nak v\u00e9gs\u0151 eszk\u00f6z\u00e9n elhelyezett s\u00fctiket a Weboldal \u00fczemeltet\u0151j\u00e9vel egy\u00fcttm\u0171k\u00f6d\u0151 szervezetek, k\u00fcl\u00f6n\u00f6sen v\u00e1llalatok is haszn\u00e1lhatj\u00e1k: Google (Google Inc., sz\u00e9khely: USA), Facebook (Facebook Inc., sz\u00e9khely: USA), Twitter (Twitter Inc., sz\u00e9khely: USA).<\/li><\/ol>\n\n\n\n<p><strong>9) Cookie-k kezel\u00e9se &#8211; hogyan adhat\u00f3 \u00e9s vonhat\u00f3 vissza a hozz\u00e1j\u00e1rul\u00e1s a gyakorlatban?<\/strong><\/p>\n\n\n\n<ol class=\"wp-block-list\"><li>Ha nem szeretne s\u00fctiket kapni, megv\u00e1ltoztathatja b\u00f6ng\u00e9sz\u0151je be\u00e1ll\u00edt\u00e1sait. Fenntartjuk a jogot, hogy letiltsuk a hiteles\u00edt\u00e9si folyamatokhoz, a biztons\u00e1ghoz, a felhaszn\u00e1l\u00f3i preferenci\u00e1k karbantart\u00e1s\u00e1hoz sz\u00fcks\u00e9ges cookie-k haszn\u00e1lat\u00e1t, ami megnehez\u00edtheti, \u00e9s sz\u00e9ls\u0151s\u00e9ges esetben megakad\u00e1lyozhatja a weboldalak haszn\u00e1lat\u00e1t.<\/li><\/ol>\n","protected":false},"excerpt":{"rendered":"<p>1 \u00c1ltal\u00e1nos inform\u00e1ci\u00f3k Ez a szab\u00e1lyzat a weboldalra vonatkozik, amely a k\u00f6vetkez\u0151 c\u00edmen m\u0171k\u00f6dik: consumers-views.com\/hu\/ Az \u00dczemeltet\u0151 az \u00d6n szem\u00e9lyes adatainak kezel\u0151je a Szolg\u00e1ltat\u00e1sban \u00f6nk\u00e9ntesen megadott adatok tekintet\u00e9ben. A szolg\u00e1ltat\u00e1s a szem\u00e9lyes adatokat a k\u00f6vetkez\u0151 c\u00e9lokra haszn\u00e1lja fel: Komment\u00e1rrendszer m\u0171k\u00f6dtet\u00e9se Megkeres\u00e9sek kezel\u00e9se \u0171rlaponk\u00e9nt Aj\u00e1nlat vagy inform\u00e1ci\u00f3 bemutat\u00e1sa A szolg\u00e1ltat\u00e1s a felhaszn\u00e1l\u00f3kr\u00f3l \u00e9s viselked\u00e9s\u00fckr\u0151l sz\u00f3l\u00f3 inform\u00e1ci\u00f3k [&hellip;]<\/p>\n","protected":false},"author":1,"featured_media":0,"parent":0,"menu_order":0,"comment_status":"closed","ping_status":"closed","template":"","meta":{"footnotes":""},"class_list":["post-185","page","type-page","status-publish","hentry","box-post"],"_links":{"self":[{"href":"https:\/\/consumers-views.com\/hu\/wp-json\/wp\/v2\/pages\/185","targetHints":{"allow":["GET"]}}],"collection":[{"href":"https:\/\/consumers-views.com\/hu\/wp-json\/wp\/v2\/pages"}],"about":[{"href":"https:\/\/consumers-views.com\/hu\/wp-json\/wp\/v2\/types\/page"}],"author":[{"embeddable":true,"href":"https:\/\/consumers-views.com\/hu\/wp-json\/wp\/v2\/users\/1"}],"replies":[{"embeddable":true,"href":"https:\/\/consumers-views.com\/hu\/wp-json\/wp\/v2\/comments?post=185"}],"version-history":[{"count":1,"href":"https:\/\/consumers-views.com\/hu\/wp-json\/wp\/v2\/pages\/185\/revisions"}],"predecessor-version":[{"id":186,"href":"https:\/\/consumers-views.com\/hu\/wp-json\/wp\/v2\/pages\/185\/revisions\/186"}],"wp:attachment":[{"href":"https:\/\/consumers-views.com\/hu\/wp-json\/wp\/v2\/media?parent=185"}],"curies":[{"name":"wp","href":"https:\/\/api.w.org\/{rel}","templated":true}]}}