{"id":197,"date":"2021-06-02T15:42:10","date_gmt":"2021-06-02T13:42:10","guid":{"rendered":"https:\/\/consumers-views.com\/fr\/?page_id=197"},"modified":"2021-06-22T11:20:55","modified_gmt":"2021-06-22T09:20:55","slug":"qui-sommes-nous","status":"publish","type":"page","link":"https:\/\/consumers-views.com\/fr\/qui-sommes-nous\/","title":{"rendered":"Qui sommes-nous"},"content":{"rendered":"\n<p>Trouver le bon produit de sant\u00e9 sur un march\u00e9 en constante \u00e9volution n&rsquo;est pas un mince probl\u00e8me, tout comme trouver les informations dont vous avez besoin sur le web mondial. Nous avons cr\u00e9\u00e9 notre site web pour vous faciliter la t\u00e2che et vous montrer ce qui peut fonctionner pour de nombreux maux et quelles pr\u00e9parations vous aideront dans leur traitement. Sur le site, nous recueillons et organisons des informations, en utilisant uniquement des sources av\u00e9r\u00e9es, les opinions des meilleurs sp\u00e9cialistes du domaine et les plus appr\u00e9ci\u00e9es.<\/p>\n\n\n\n<p>Il vaut la peine de lire les articles r\u00e9dig\u00e9s par notre \u00e9quipe de r\u00e9daction, qui teste chaque jour pour vous, entre autres, les compl\u00e9ments alimentaires qui aident \u00e0 perdre du poids, les probl\u00e8mes des hommes ou d&rsquo;autres affections courantes. Nous ne pr\u00e9tendons pas tout savoir \u00e0 ce sujet, mais nous acqu\u00e9rons constamment les connaissances n\u00e9cessaires, afin que chaque lecteur visitant notre site sache ce qui lui convient le mieux. Vos commentaires et remarques sont toujours les bienvenus et nous nous ferons un plaisir d&rsquo;y r\u00e9pondre.<\/p>\n\n\n\n<h2 class=\"wp-block-heading\">Kamila Lewandowska<\/h2>\n\n\n\n<div class=\"wp-block-image\"><figure class=\"alignleft size-large is-resized\"><figure id=\"attachment_202\" class=\"alignnone width-full\" style=\"width: 316px;\"><img loading=\"lazy\" decoding=\"async\" data-caption=\"\" src=\"https:\/\/consumers-views.com\/fr\/wp-content\/uploads\/2021\/06\/Kamila-Lewandowska-631x1024.jpg\" alt=\"\" class=\"wp-image-202\" width=\"316\" height=\"512\" title=\"\" srcset=\"https:\/\/consumers-views.com\/fr\/wp-content\/uploads\/2021\/06\/Kamila-Lewandowska-631x1024.jpg 631w, https:\/\/consumers-views.com\/fr\/wp-content\/uploads\/2021\/06\/Kamila-Lewandowska-185x300.jpg 185w, https:\/\/consumers-views.com\/fr\/wp-content\/uploads\/2021\/06\/Kamila-Lewandowska-768x1247.jpg 768w, https:\/\/consumers-views.com\/fr\/wp-content\/uploads\/2021\/06\/Kamila-Lewandowska-946x1536.jpg 946w, https:\/\/consumers-views.com\/fr\/wp-content\/uploads\/2021\/06\/Kamila-Lewandowska-15x24.jpg 15w, https:\/\/consumers-views.com\/fr\/wp-content\/uploads\/2021\/06\/Kamila-Lewandowska-22x36.jpg 22w, https:\/\/consumers-views.com\/fr\/wp-content\/uploads\/2021\/06\/Kamila-Lewandowska-30x48.jpg 30w, https:\/\/consumers-views.com\/fr\/wp-content\/uploads\/2021\/06\/Kamila-Lewandowska.jpg 924w\" sizes=\"auto, (max-width: 316px) 100vw, 316px\" \/><\/figure><\/figure><\/div>\n\n\n\n<p>Je m&rsquo;appelle Kamila Lewandowska. Je suis titulaire d&rsquo;une ma\u00eetrise en di\u00e9t\u00e9tique et dipl\u00f4m\u00e9e de l&rsquo;universit\u00e9 de la sant\u00e9, de la beaut\u00e9 et de l&rsquo;\u00e9ducation de Poznan. Promoteur d&rsquo;un mode de vie sain. Au quotidien, je travaille comme di\u00e9t\u00e9ticienne \u00e0 la maison de retraite de Toru\u0144 et je g\u00e8re mon cabinet priv\u00e9 au bureau de di\u00e9t\u00e9tique. J&rsquo;aide mes patients \u00e0 changer d&rsquo;avis, \u00e0 comprendre qu&rsquo;une alimentation saine n&rsquo;est pas un cauchemar. J&rsquo;appr\u00e9cie une cuisine simple, rapide et saine. J&rsquo;essaie en permanence d&rsquo;approfondir mes connaissances dans le domaine de la di\u00e9t\u00e9tique, j&rsquo;ai donc d\u00e9j\u00e0 particip\u00e9 \u00e0 de nombreux cours qui me permettent de le faire. Pendant mon temps libre, j&rsquo;aime voyager, faire du roller et lire des livre<\/p>\n\n\n\n<hr class=\"wp-block-separator\"\/>\n\n\n\n<h2 class=\"wp-block-heading\">Aleksandra Dziura<\/h2>\n\n\n\n<div class=\"wp-block-image\"><figure class=\"alignleft size-large is-resized\"><figure id=\"attachment_203\" class=\"alignnone width-full\" style=\"width: 350px;\"><img loading=\"lazy\" decoding=\"async\" data-caption=\"\" src=\"https:\/\/consumers-views.com\/fr\/wp-content\/uploads\/2021\/06\/Aleksandra-Dziura-699x1024.jpg\" alt=\"\" class=\"wp-image-203\" width=\"350\" height=\"512\" title=\"\" srcset=\"https:\/\/consumers-views.com\/fr\/wp-content\/uploads\/2021\/06\/Aleksandra-Dziura-699x1024.jpg 699w, https:\/\/consumers-views.com\/fr\/wp-content\/uploads\/2021\/06\/Aleksandra-Dziura-205x300.jpg 205w, https:\/\/consumers-views.com\/fr\/wp-content\/uploads\/2021\/06\/Aleksandra-Dziura-768x1126.jpg 768w, https:\/\/consumers-views.com\/fr\/wp-content\/uploads\/2021\/06\/Aleksandra-Dziura-1048x1536.jpg 1048w, https:\/\/consumers-views.com\/fr\/wp-content\/uploads\/2021\/06\/Aleksandra-Dziura-16x24.jpg 16w, https:\/\/consumers-views.com\/fr\/wp-content\/uploads\/2021\/06\/Aleksandra-Dziura-25x36.jpg 25w, https:\/\/consumers-views.com\/fr\/wp-content\/uploads\/2021\/06\/Aleksandra-Dziura-33x48.jpg 33w, https:\/\/consumers-views.com\/fr\/wp-content\/uploads\/2021\/06\/Aleksandra-Dziura.jpg 924w\" sizes=\"auto, (max-width: 350px) 100vw, 350px\" \/><\/figure><\/figure><\/div>\n\n\n\n<p>Dipl\u00f4m\u00e9e de la licence et de la ma\u00eetrise en di\u00e9t\u00e9tique \u00e0 l&rsquo;universit\u00e9 de m\u00e9decine de Varsovie, fondatrice de la clinique NutriAid, di\u00e9t\u00e9ticienne au centre de m\u00e9decine sportive. Participant au programme expert de troisi\u00e8me cycle en nutrition sportive IOPN Diploma in Performance Nutrition. Elle a suivi un certain nombre de formations sp\u00e9cialis\u00e9es, organis\u00e9es par des institutions polonaises et \u00e9trang\u00e8res, notamment un cours de six mois intitul\u00e9 \u00ab\u00a0The low FODMAP diet for IBS\u00a0\u00bb (le r\u00e9gime pauvre en FODMAP pour le syndrome du c\u00f4lon irritable), dispens\u00e9 par l&rsquo;universit\u00e9 australienne Monash. Auteur d&rsquo;articles, de livres et d&rsquo;ebooks de vulgarisation scientifique.<\/p>\n\n\n\n<hr class=\"wp-block-separator\"\/>\n\n\n\n<h2 class=\"wp-block-heading\">Piotr Koz\u0142owski<\/h2>\n\n\n\n<div class=\"wp-block-image\"><figure class=\"alignleft size-large\"><figure id=\"attachment_204\" class=\"alignnone width-full text-columns-nobreak\" style=\"width: ;\"><img loading=\"lazy\" decoding=\"async\" width=\"305\" height=\"508\" data-caption=\"\" src=\"https:\/\/consumers-views.com\/fr\/wp-content\/uploads\/2021\/06\/PiotrK3.jpg\" alt=\"\" class=\"wp-image-204\" title=\"\" srcset=\"https:\/\/consumers-views.com\/fr\/wp-content\/uploads\/2021\/06\/PiotrK3.jpg 305w, https:\/\/consumers-views.com\/fr\/wp-content\/uploads\/2021\/06\/PiotrK3-180x300.jpg 180w, https:\/\/consumers-views.com\/fr\/wp-content\/uploads\/2021\/06\/PiotrK3-14x24.jpg 14w, https:\/\/consumers-views.com\/fr\/wp-content\/uploads\/2021\/06\/PiotrK3-22x36.jpg 22w, https:\/\/consumers-views.com\/fr\/wp-content\/uploads\/2021\/06\/PiotrK3-29x48.jpg 29w\" sizes=\"auto, (max-width: 305px) 100vw, 305px\" \/><\/figure><\/figure><\/div>\n\n\n\n<p>Ma passion est tout ce qui est li\u00e9 \u00e0 un mode de vie sain. Je m&rsquo;occupe de di\u00e9t\u00e9tique et de sujets connexes depuis pr\u00e8s de 10 ans et, pendant cette p\u00e9riode, j&rsquo;ai suivi de nombreux cours professionnels dans ce domaine. J&rsquo;ai ainsi acquis de nombreuses connaissances, une base solide pour formuler les principes d&rsquo;une alimentation saine, que j&rsquo;ai d&rsquo;abord test\u00e9e sur moi-m\u00eame. J&rsquo;ai moi-m\u00eame lutt\u00e9 contre l&rsquo;exc\u00e8s de poids et, lorsque divers r\u00e9gimes al\u00e9atoires n&rsquo;ont donn\u00e9 aucun effet, j&rsquo;ai d\u00e9cid\u00e9 d&rsquo;aborder ce sujet de mani\u00e8re professionnelle et j&rsquo;ai finalement r\u00e9ussi \u00e0 perdre du poids.<\/p>\n\n\n\n<p>\u00c0 partir de ce moment-l\u00e0, j&rsquo;ai commenc\u00e9 \u00e0 d\u00e9velopper ma passion et, petit \u00e0 petit, j&rsquo;ai ajout\u00e9 d&rsquo;autres aspects de la sant\u00e9 \u00e0 la perte de poids. Tout d&rsquo;abord, l&rsquo;activit\u00e9 physique, sans laquelle on ne peut r\u00eaver de perdre du poids, et ensuite les questions li\u00e9es aux probl\u00e8mes qui touchent un grand nombre d&rsquo;hommes, entra\u00eenant une baisse de la libido ou une acc\u00e9l\u00e9ration de la calvitie. Je recherche de nouveaux compl\u00e9ments alimentaires, tant pour la perte de poids que pour l&rsquo;am\u00e9lioration de la sant\u00e9 en g\u00e9n\u00e9ral. Lorsque je les passe en revue, je d\u00e9compose leur composition en premiers facteurs, d\u00e9crivant pour vous l&rsquo;action de chaque substance active. Je suis \u00e9galement passionn\u00e9 par la phytoth\u00e9rapie et je ne cesse de trouver et de d\u00e9crire des plantes qui peuvent remplacer avec succ\u00e8s la plupart des ingr\u00e9dients artificiels des m\u00e9dicaments populaires.<\/p>\n\n\n\n<hr class=\"wp-block-separator\"\/>\n\n\n\n<h2 class=\"wp-block-heading\">Karolina Wieczorek<\/h2>\n\n\n\n<div class=\"wp-block-image\"><figure class=\"alignleft size-large is-resized\"><figure id=\"attachment_205\" class=\"alignnone width-full\" style=\"width: 288px;\"><img loading=\"lazy\" decoding=\"async\" data-caption=\"\" src=\"https:\/\/consumers-views.com\/fr\/wp-content\/uploads\/2021\/06\/Karolina2.jpg\" alt=\"\" class=\"wp-image-205\" width=\"288\" height=\"481\" title=\"\" srcset=\"https:\/\/consumers-views.com\/fr\/wp-content\/uploads\/2021\/06\/Karolina2.jpg 384w, https:\/\/consumers-views.com\/fr\/wp-content\/uploads\/2021\/06\/Karolina2-180x300.jpg 180w, https:\/\/consumers-views.com\/fr\/wp-content\/uploads\/2021\/06\/Karolina2-14x24.jpg 14w, https:\/\/consumers-views.com\/fr\/wp-content\/uploads\/2021\/06\/Karolina2-22x36.jpg 22w, https:\/\/consumers-views.com\/fr\/wp-content\/uploads\/2021\/06\/Karolina2-29x48.jpg 29w\" sizes=\"auto, (max-width: 288px) 100vw, 288px\" \/><\/figure><\/figure><\/div>\n\n\n\n<p>Je suis un adepte de la vie active et de l&rsquo;alimentation naturelle. Chaque jour, j&rsquo;am\u00e9liore mon corps et mon esprit : je cours, je m&rsquo;entra\u00eene \u00e0 la salle de sport, je marche, je m\u00e9dite, je me plonge dans les arcanes d&rsquo;une cuisine saine, l\u00e9g\u00e8re, mais savoureuse et aromatique. Ma vie avait l&rsquo;air compl\u00e8tement diff\u00e9rente. J&rsquo;avais l&rsquo;habitude de mener un mode de vie typiquement s\u00e9dentaire &#8211; travail sur ordinateur, pas de sport, peu de temps pass\u00e9 \u00e0 l&rsquo;ext\u00e9rieur, malbouffe, des tonnes de caf\u00e9\u2026 Lorsque j&rsquo;ai r\u00e9alis\u00e9 que le manque de mouvement et une mauvaise alimentation avaient un effet d\u00e9sastreux sur ma beaut\u00e9, ma sant\u00e9, mon humeur et ma condition physique, j&rsquo;ai d\u00e9cid\u00e9 de tout changer !<\/p>\n\n\n\n<p>Dans un premier temps, j&rsquo;ai modifi\u00e9 mon mode d&rsquo;alimentation et introduit dans mon emploi du temps des promenades r\u00e9guli\u00e8res dans les parcs, les prairies et les for\u00eats. Avec le temps, la vie naturelle et saine m&rsquo;a compl\u00e8tement absorb\u00e9e. J&rsquo;ai commenc\u00e9 \u00e0 explorer la litt\u00e9rature professionnelle sur la di\u00e9t\u00e9tique, le modelage du corps et \u00e0 rechercher des faits int\u00e9ressants sur les soins de la peau. J&rsquo;ai mis ces connaissances en pratique : j&rsquo;ai r\u00e9ussi \u00e0 me cr\u00e9er la silhouette de mes r\u00eaves, \u00e0 retrouver une forme parfaite, \u00e0 am\u00e9liorer durablement mon humeur et \u00e0 am\u00e9liorer fortement l&rsquo;\u00e9tat de ma peau et de mes cheveux.<\/p>\n\n\n\n<p>Aujourd&rsquo;hui, je partage mon exp\u00e9rience et mes connaissances sur la sant\u00e9, la beaut\u00e9, l&rsquo;entra\u00eenement du corps et le mannequinat en publiant des articles sur des portails et des blogs th\u00e9matiques. Dans mes textes, vous trouverez des conseils int\u00e9ressants et utiles sur la mani\u00e8re de mener une vie saine et vitale et de lutter efficacement contre les imperfections de la silhouette et de la beaut\u00e9. J&rsquo;\u00e9cris \u00e9galement des critiques sur des compl\u00e9ments alimentaires, des cosm\u00e9tiques et des pr\u00e9parations m\u00e9dicinales int\u00e9ressants. Je vous invite \u00e0 lire !<\/p>\n","protected":false},"excerpt":{"rendered":"<p>Trouver le bon produit de sant\u00e9 sur un march\u00e9 en constante \u00e9volution n&rsquo;est pas un mince probl\u00e8me, tout comme trouver les informations dont vous avez besoin sur le web mondial. Nous avons cr\u00e9\u00e9 notre site web pour vous faciliter la t\u00e2che et vous montrer ce qui peut fonctionner pour de nombreux maux et quelles pr\u00e9parations [&hellip;]<\/p>\n","protected":false},"author":1,"featured_media":0,"parent":0,"menu_order":0,"comment_status":"closed","ping_status":"closed","template":"","meta":{"footnotes":""},"class_list":["post-197","page","type-page","status-publish","hentry","box-post"],"_links":{"self":[{"href":"https:\/\/consumers-views.com\/fr\/wp-json\/wp\/v2\/pages\/197","targetHints":{"allow":["GET"]}}],"collection":[{"href":"https:\/\/consumers-views.com\/fr\/wp-json\/wp\/v2\/pages"}],"about":[{"href":"https:\/\/consumers-views.com\/fr\/wp-json\/wp\/v2\/types\/page"}],"author":[{"embeddable":true,"href":"https:\/\/consumers-views.com\/fr\/wp-json\/wp\/v2\/users\/1"}],"replies":[{"embeddable":true,"href":"https:\/\/consumers-views.com\/fr\/wp-json\/wp\/v2\/comments?post=197"}],"version-history":[{"count":7,"href":"https:\/\/consumers-views.com\/fr\/wp-json\/wp\/v2\/pages\/197\/revisions"}],"predecessor-version":[{"id":296,"href":"https:\/\/consumers-views.com\/fr\/wp-json\/wp\/v2\/pages\/197\/revisions\/296"}],"wp:attachment":[{"href":"https:\/\/consumers-views.com\/fr\/wp-json\/wp\/v2\/media?parent=197"}],"curies":[{"name":"wp","href":"https:\/\/api.w.org\/{rel}","templated":true}]}}