{"id":137,"date":"2021-06-01T10:44:03","date_gmt":"2021-06-01T08:44:03","guid":{"rendered":"https:\/\/consumers-views.com\/fi\/?page_id=137"},"modified":"2021-06-01T10:44:03","modified_gmt":"2021-06-01T08:44:03","slug":"tietosuojakaytanto","status":"publish","type":"page","link":"https:\/\/consumers-views.com\/fi\/tietosuojakaytanto\/","title":{"rendered":"Tietosuojak\u00e4yt\u00e4nt\u00f6"},"content":{"rendered":"\n<p><strong>1 Yleist\u00e4<\/strong><\/p>\n\n\n\n<ol class=\"wp-block-list\"><li>T\u00e4m\u00e4 k\u00e4yt\u00e4nt\u00f6 koskee verkkosivustoa, joka toimii osoitteessa url: <strong>consumers-views.com\/fi\/<\/strong><\/li><li>Operaattori on henkil\u00f6tietojesi hallinnoija niiden tietojen osalta, jotka annat vapaaehtoisesti palvelussa.<\/li><li>Palvelu k\u00e4ytt\u00e4\u00e4 henkil\u00f6tietoja seuraaviin tarkoituksiin:<ul><li>Kommenttij\u00e4rjestelm\u00e4n k\u00e4ytt\u00e4minen<\/li><li>Tiedustelujen k\u00e4sittely lomakkeella<\/li><li>Tarjouksen tai tietojen esitt\u00e4minen<\/li><li>Palvelun teht\u00e4v\u00e4n\u00e4 on hankkia tietoa k\u00e4ytt\u00e4jist\u00e4 ja heid\u00e4n k\u00e4ytt\u00e4ytymisest\u00e4\u00e4n seuraavalla tavalla:<\/li><\/ul><\/li><\/ol>\n\n\n\n<ol class=\"wp-block-list\"><li>Lomakkeisiin vapaaehtoisesti sy\u00f6tettyjen tietojen avulla, jotka sy\u00f6tet\u00e4\u00e4n operaattorin j\u00e4rjestelmiin.<\/li><li>Tallentamalla ev\u00e4steit\u00e4 (ns. &#8221;ev\u00e4steit\u00e4&#8221;) p\u00e4\u00e4telaitteeseesi.<\/li><\/ol>\n\n\n\n<p><strong>2 Operaattorin k\u00e4ytt\u00e4m\u00e4t tietosuojakeinot<\/strong><\/p>\n\n\n\n<ol class=\"wp-block-list\"><li>Sis\u00e4\u00e4nkirjautumisen ja henkil\u00f6tietojen sy\u00f6tt\u00e4misen paikat on suojattu siirtokerroksessa (SSL-sertifikaatti). N\u00e4in varmistetaan, ett\u00e4 verkkosivustolla sy\u00f6tetyt henkil\u00f6- ja kirjautumistiedot salataan k\u00e4ytt\u00e4j\u00e4n tietokoneella ja ne voidaan lukea vain kohdepalvelimella.<\/li><li>K\u00e4ytt\u00e4j\u00e4n salasanat tallennetaan hashed-muodossa. Hash-funktio toimii yksisuuntaisesti &#8211; sit\u00e4 ei ole mahdollista k\u00e4\u00e4nt\u00e4\u00e4 toisinp\u00e4in, mik\u00e4 on nykyisin standardi k\u00e4ytt\u00e4jien salasanojen tallentamisessa.<\/li><li>Operaattori vaihtaa s\u00e4\u00e4nn\u00f6llisesti hallinnolliset salasanansa.<\/li><li>Tietojen suojaamiseksi operaattori tekee s\u00e4\u00e4nn\u00f6llisesti varmuuskopioita.<\/li><li>T\u00e4rke\u00e4 osa tietosuojaa on operaattorin henkil\u00f6tietojen k\u00e4sittelyyn k\u00e4ytt\u00e4mien ohjelmistojen s\u00e4\u00e4nn\u00f6llinen p\u00e4ivitt\u00e4minen, mik\u00e4 tarkoittaa erityisesti ohjelmointikomponenttien s\u00e4\u00e4nn\u00f6llist\u00e4 p\u00e4ivitt\u00e4mist\u00e4.<\/li><\/ol>\n\n\n\n<p><strong>3. hosting<\/strong><\/p>\n\n\n\n<ol class=\"wp-block-list\"><li>Palvelua yll\u00e4pidet\u00e4\u00e4n (teknisesti) operaattorin palvelimella: ovh.com.<\/li><li>Is\u00e4nn\u00f6intiyritys:<ul><li>soveltaa tietojen katoamisen est\u00e4miseen t\u00e4ht\u00e4\u00e4vi\u00e4 toimenpiteit\u00e4 (esim. levyasemat, s\u00e4\u00e4nn\u00f6lliset turvakopiot),<\/li><li>soveltamaan asianmukaisia toimenpiteit\u00e4 k\u00e4sittelypaikkojen suojaamiseksi tulipalon sattuessa (esim. erityiset palonsammutusj\u00e4rjestelm\u00e4t),<\/li><li>soveltaa asianmukaisia toimenpiteit\u00e4 prosessointij\u00e4rjestelmien suojaamiseksi \u00e4killisen s\u00e4hk\u00f6katkoksen sattuessa (esim. kaksoisjohdot, generaattorit, UPS-varaj\u00e4rjestelm\u00e4t),<\/li><li>soveltaa toimenpiteit\u00e4, joilla suojataan fyysisesti p\u00e4\u00e4sy tietojenk\u00e4sittelypaikoille (esim. kulunvalvonta, valvonta),<\/li><li>soveltaa toimenpiteit\u00e4, joilla varmistetaan asianmukaiset ymp\u00e4rist\u00f6olosuhteet palvelimille osana tietojenk\u00e4sittelyj\u00e4rjestelm\u00e4\u00e4 (esim. ymp\u00e4rist\u00f6olosuhteiden valvonta, erityiset ilmastointij\u00e4rjestelm\u00e4t),<\/li><li>soveltaa organisatorisia j\u00e4rjestelyj\u00e4, joilla varmistetaan mahdollisimman korkea suoja- ja luottamuksellisuustaso (koulutus, sis\u00e4iset m\u00e4\u00e4r\u00e4ykset, salasanak\u00e4yt\u00e4nn\u00f6t jne.),<\/li><li>on nimitt\u00e4nyt tietosuojavastaavan.<\/li><\/ul><\/li><li>Is\u00e4nn\u00f6intiyritys pit\u00e4\u00e4 lokitietoja palvelintasolla teknisen luotettavuuden varmistamiseksi. Lokit voidaan tallentaa:<ul><li>URL-tunnisteen m\u00e4\u00e4rittelem\u00e4t resurssit (pyydettyjen resurssien &#8211; sivujen, tiedostojen &#8211; osoitteet),<\/li><li>aikaa kyselyn saapumiseen,<\/li><li>aika l\u00e4hett\u00e4\u00e4 vastaus,<\/li><li>asiakasaseman nimi &#8211; HTTP-protokollan toteuttama tunniste,<\/li><li>tiedot HTTP-transaktioiden suorittamisen aikana tapahtuneista virheist\u00e4,<\/li><li>sen sivun URL-osoite, jolla k\u00e4ytt\u00e4j\u00e4 on aiemmin vieraillut (referer-linkki), jos palveluun on siirrytty linkin kautta,<\/li><li>tietoja selaimestasi,<\/li><li>IP-osoitetiedot,<\/li><li>Diagnoositiedot, jotka liittyv\u00e4t palvelujen itsetilausprosessiin verkkosivuston tallentimien kautta,<\/li><li>tiedot, jotka liittyv\u00e4t operaattorille osoitetun ja h\u00e4nen l\u00e4hett\u00e4m\u00e4ns\u00e4 s\u00e4hk\u00f6postin k\u00e4sittelyyn.<\/li><\/ul><\/li><\/ol>\n\n\n\n<p><strong>4. oikeutesi ja lis\u00e4tietoja tietojesi k\u00e4yt\u00f6st\u00e4<\/strong><\/p>\n\n\n\n<ol class=\"wp-block-list\"><li>Joissakin tilanteissa yll\u00e4pit\u00e4j\u00e4ll\u00e4 on oikeus siirt\u00e4\u00e4 henkil\u00f6tietojasi muille vastaanottajille, jos se on tarpeen kanssasi tehdyn sopimuksen t\u00e4ytt\u00e4miseksi tai yll\u00e4pit\u00e4j\u00e4n velvoitteiden t\u00e4ytt\u00e4miseksi. T\u00e4m\u00e4 koskee t\u00e4llaisia vastaanottajaryhmi\u00e4:<ul><li>hosting-yritys luottamuspohjalta<\/li><li>valtuutetut ty\u00f6ntekij\u00e4t ja yhteisty\u00f6kumppanit, jotka k\u00e4ytt\u00e4v\u00e4t tietoja verkkosivuston tarkoituksen toteuttamiseksi.<\/li><\/ul><\/li><li>Hallinnoija k\u00e4sittelee henkil\u00f6tietojasi vain niin kauan kuin se on tarpeen erillisiss\u00e4 s\u00e4\u00e4nn\u00f6ksiss\u00e4 m\u00e4\u00e4riteltyjen toimintojen suorittamiseksi (esim. kirjanpito). Markkinointitietojen osalta tietoja k\u00e4sitell\u00e4\u00e4n enint\u00e4\u00e4n 3 vuotta.<\/li><li>Sinulla on oikeus vaatia yll\u00e4pit\u00e4j\u00e4lt\u00e4:<ul><li>p\u00e4\u00e4sy henkil\u00f6kohtaisiin tietoihin,<\/li><li>niiden oikaisut,<\/li><li>poistot,<\/li><li>k\u00e4sittelyrajoitukset,<\/li><li>ja tiedonsiirto.<\/li><\/ul><\/li><li>Sinulla on oikeus vastustaa kohdassa 3.3 c) mainittua henkil\u00f6tietojen k\u00e4sittely\u00e4 henkil\u00f6tietojen k\u00e4sittely\u00e4, joka tapahtuu hallintovirkamiehen oikeutettujen etujen toteuttamiseksi, mukaan lukien profilointi, mutta oikeutta vastustaa k\u00e4sittely\u00e4 ei k\u00e4ytet\u00e4, jos k\u00e4sittelyyn on painavia oikeutettuja syit\u00e4, etuja, oikeuksia ja vapauksia, jotka syrj\u00e4ytt\u00e4v\u00e4t etusi, erityisesti vaateidesi laatimiseksi, esitt\u00e4miseksi tai puolustamiseksi.<\/li><li>Henkil\u00f6tietojen antaminen on vapaaehtoista, mutta se on v\u00e4ltt\u00e4m\u00e4t\u00f6nt\u00e4 palvelun k\u00e4ytt\u00e4miseksi.<\/li><li>Sinuun saatetaan soveltaa automatisoitua p\u00e4\u00e4t\u00f6ksentekoa, mukaan lukien profilointi, jotta yll\u00e4pit\u00e4j\u00e4 voi tarjota sopimuksen mukaisia palveluja ja harjoittaa suoramarkkinointia.<\/li><li>Henkil\u00f6tietoja ei siirret\u00e4 kolmansista maista tietosuojas\u00e4\u00e4nn\u00f6sten mukaisesti. T\u00e4m\u00e4 tarkoittaa, ett\u00e4 emme l\u00e4het\u00e4 niit\u00e4 Euroopan unionin ulkopuolelle.<\/li><\/ol>\n\n\n\n<p><strong>5. lomakkeissa olevat tiedot<\/strong><\/p>\n\n\n\n<ol class=\"wp-block-list\"><li>Palvelu ker\u00e4\u00e4 k\u00e4ytt\u00e4j\u00e4n vapaaehtoisesti antamia tietoja, mukaan lukien mahdolliset henkil\u00f6tiedot.<\/li><li>Palvelu voi tallentaa tietoja yhteysparametreista (aikaleima, IP-osoite).<\/li><li>Palvelu voi joissakin tapauksissa tallentaa tietoja, jotka helpottavat lomakkeen tietojen yhdist\u00e4mist\u00e4 lomakkeen t\u00e4ytt\u00e4v\u00e4n k\u00e4ytt\u00e4j\u00e4n s\u00e4hk\u00f6postiosoitteeseen. T\u00e4ll\u00f6in k\u00e4ytt\u00e4j\u00e4n s\u00e4hk\u00f6postiosoite n\u00e4kyy lomakkeen sis\u00e4lt\u00e4v\u00e4n sivun url-osoitteessa.<\/li><li>Lomakkeessa annettuja tietoja k\u00e4sitell\u00e4\u00e4n tietyn lomakkeen toiminnosta johtuvaan tarkoitukseen, esimerkiksi palvelupyynn\u00f6n tai liikekontaktin k\u00e4sittelemiseksi, palvelujen rekister\u00f6imiseksi jne. Lomakkeen asiayhteydest\u00e4 ja kuvauksesta k\u00e4y aina selv\u00e4sti ilmi, mihin sit\u00e4 k\u00e4ytet\u00e4\u00e4n.<\/li><\/ol>\n\n\n\n<p><strong>6 J\u00e4rjestelm\u00e4nvalvojien lokit<\/strong><\/p>\n\n\n\n<ol class=\"wp-block-list\"><li>K\u00e4ytt\u00e4jien k\u00e4ytt\u00e4ytymist\u00e4 sivustolla koskeviin tietoihin voidaan kirjautua. N\u00e4it\u00e4 tietoja k\u00e4ytet\u00e4\u00e4n palvelun hallinnointiin.<\/li><\/ol>\n\n\n\n<p><strong>7 T\u00e4rkeit\u00e4 markkinointitekniikoita<\/strong><\/p>\n\n\n\n<ol class=\"wp-block-list\"><li>Operaattori k\u00e4ytt\u00e4\u00e4 verkkosivuston liikenteen tilastollista analysointia Google Analyticsin avulla. Operaattori ei luovuta henkil\u00f6tietoja t\u00e4m\u00e4n palvelun operaattorille, vaan ainoastaan anonymisoituja tietoja. Palvelu perustuu ev\u00e4steiden k\u00e4ytt\u00f6\u00f6n p\u00e4\u00e4telaitteessasi.<\/li><li>Operaattori k\u00e4ytt\u00e4\u00e4 uudelleenmarkkinointitekniikoita, joiden avulla mainosviestej\u00e4 voidaan sovittaa yhteen k\u00e4ytt\u00e4j\u00e4n k\u00e4ytt\u00e4ytymisen kanssa verkkosivustolla, mik\u00e4 voi antaa sen vaikutelman, ett\u00e4 k\u00e4ytt\u00e4j\u00e4n henkil\u00f6tietoja k\u00e4ytet\u00e4\u00e4n k\u00e4ytt\u00e4j\u00e4n seuraamiseen, mutta k\u00e4yt\u00e4nn\u00f6ss\u00e4 mit\u00e4\u00e4n henkil\u00f6tietoja ei siirret\u00e4 operaattorilta mainosoperaattoreille. T\u00e4llaisten toimien tekninen edellytys on, ett\u00e4 ev\u00e4steet ovat k\u00e4yt\u00f6ss\u00e4.<\/li><li>Operaattori k\u00e4ytt\u00e4\u00e4 ratkaisua, jolla tutkitaan k\u00e4ytt\u00e4jien k\u00e4ytt\u00e4ytymist\u00e4 luomalla l\u00e4mp\u00f6karttoja ja tallentamalla k\u00e4ytt\u00e4ytymist\u00e4 verkkosivustolla. N\u00e4m\u00e4 tiedot anonymisoidaan ennen niiden l\u00e4hett\u00e4mist\u00e4 palveluntarjoajalle, jotta t\u00e4m\u00e4 ei tied\u00e4, ket\u00e4 henkil\u00f6it\u00e4 ne koskevat. Erityisesti salasanoja ja muita henkil\u00f6tietoja ei tallenneta.<\/li><\/ol>\n\n\n\n<p><strong>8. tietoa ev\u00e4steist\u00e4<\/strong><\/p>\n\n\n\n<ol class=\"wp-block-list\"><li>Sivusto k\u00e4ytt\u00e4\u00e4 ev\u00e4steit\u00e4.<\/li><li>Ev\u00e4stetiedostot (niin sanotut &#8221;ev\u00e4steet&#8221;) ovat tietoteknisi\u00e4 tietoja, erityisesti tekstitiedostoja, jotka tallennetaan Palvelun k\u00e4ytt\u00e4j\u00e4n lopulliseen laitteeseen ja jotka on suunniteltu Verkkosivuston verkkosivustojen k\u00e4ytt\u00f6\u00e4 varten. Ev\u00e4steet sis\u00e4lt\u00e4v\u00e4t yleens\u00e4 sen verkkosivuston nimen, jolta ne ovat per\u00e4isin, ajan, jolloin ne on tallennettu p\u00e4\u00e4telaitteeseen, ja yksil\u00f6llisen numeron.<\/li><li>Ev\u00e4steiden sijoittaminen Palvelun k\u00e4ytt\u00e4j\u00e4n p\u00e4\u00e4telaitteelle ja p\u00e4\u00e4sy niihin on Palvelun yll\u00e4pit\u00e4j\u00e4n teht\u00e4v\u00e4.<\/li><li>Ev\u00e4steit\u00e4 k\u00e4ytet\u00e4\u00e4n seuraaviin tarkoituksiin:<ol><li>palvelun k\u00e4ytt\u00e4j\u00e4istunnon yll\u00e4pit\u00e4minen (kirjautumisen j\u00e4lkeen), mink\u00e4 ansiosta k\u00e4ytt\u00e4j\u00e4n ei tarvitse sy\u00f6tt\u00e4\u00e4 k\u00e4ytt\u00e4j\u00e4tunnusta ja salasanaa uudelleen jokaisella palvelun alasivulla;<\/li><li>edell\u00e4 kohdassa &#8221;Asianmukaiset markkinointitekniikat&#8221; esitettyjen tavoitteiden saavuttaminen;<\/li><\/ol><\/li><li>Palvelu k\u00e4ytt\u00e4\u00e4 kahta perustyyppi\u00e4 ev\u00e4steit\u00e4: &#8221;istuntoev\u00e4steet&#8221; (istuntoev\u00e4steet) ja &#8221;pysyv\u00e4t&#8221; (pysyv\u00e4t ev\u00e4steet). Istuntoev\u00e4steet ovat v\u00e4liaikaisia tiedostoja, jotka tallennetaan k\u00e4ytt\u00e4j\u00e4n p\u00e4\u00e4telaitteeseen, kunnes kirjaudutaan ulos, poistutaan verkkosivustolta tai sammutetaan ohjelmisto (verkkoselain). &#8221;Pysyv\u00e4t&#8221; ev\u00e4steet tallennetaan k\u00e4ytt\u00e4j\u00e4n p\u00e4\u00e4telaitteeseen ev\u00e4steiden parametreissa m\u00e4\u00e4ritellyksi ajaksi tai kunnes k\u00e4ytt\u00e4j\u00e4 poistaa ne.<\/li><li>Verkkoselainohjelmisto (verkkoselain) sallii yleens\u00e4 oletusarvoisesti ev\u00e4steiden tallentamisen k\u00e4ytt\u00e4j\u00e4n p\u00e4\u00e4telaitteeseen. Palvelun k\u00e4ytt\u00e4j\u00e4t voivat muuttaa asetuksiaan t\u00e4ll\u00e4 alueella. Internet-selaimen avulla voit poistaa ev\u00e4steet. Ev\u00e4steet on my\u00f6s mahdollista est\u00e4\u00e4 automaattisesti. Yksityiskohtaisia tietoja t\u00e4st\u00e4 aiheesta on Internet-selaimen ohjeessa tai dokumentaatiossa.<\/li><li>Ev\u00e4steiden k\u00e4ytt\u00f6\u00e4 koskevat rajoitukset voivat vaikuttaa joihinkin verkkosivuston ominaisuuksiin.<\/li><li>Verkkosivuston k\u00e4ytt\u00e4j\u00e4n lopulliseen laitteeseen sijoitettuja ev\u00e4steit\u00e4 voivat k\u00e4ytt\u00e4\u00e4 my\u00f6s verkkosivuston yll\u00e4pit\u00e4j\u00e4n kanssa yhteisty\u00f6t\u00e4 tekev\u00e4t tahot, erityisesti yritykset: Google (Google Inc., kotipaikka Yhdysvallat), Facebook (Facebook Inc., kotipaikka Yhdysvallat), Twitter (Twitter Inc., kotipaikka Yhdysvallat).<\/li><\/ol>\n\n\n\n<p><strong>9) Ev\u00e4steiden hallinta &#8211; miten suostumus annetaan ja peruutetaan k\u00e4yt\u00e4nn\u00f6ss\u00e4?<\/strong><\/p>\n\n\n\n<ol class=\"wp-block-list\"><li>Jos et halua vastaanottaa ev\u00e4steit\u00e4, voit muuttaa selaimesi asetuksia. Pid\u00e4t\u00e4mme oikeuden poistaa k\u00e4yt\u00f6st\u00e4 ev\u00e4steet, jotka ovat v\u00e4ltt\u00e4m\u00e4tt\u00f6mi\u00e4 todennusprosesseja, turvallisuutta, k\u00e4ytt\u00e4j\u00e4n asetusten yll\u00e4pitoa ja voivat vaikeuttaa ja \u00e4\u00e4ritapauksissa est\u00e4\u00e4 verkkosivustojen k\u00e4yt\u00f6n.<\/li><\/ol>\n","protected":false},"excerpt":{"rendered":"<p>1 Yleist\u00e4 T\u00e4m\u00e4 k\u00e4yt\u00e4nt\u00f6 koskee verkkosivustoa, joka toimii osoitteessa url: consumers-views.com\/fi\/ Operaattori on henkil\u00f6tietojesi hallinnoija niiden tietojen osalta, jotka annat vapaaehtoisesti palvelussa. Palvelu k\u00e4ytt\u00e4\u00e4 henkil\u00f6tietoja seuraaviin tarkoituksiin: Kommenttij\u00e4rjestelm\u00e4n k\u00e4ytt\u00e4minen Tiedustelujen k\u00e4sittely lomakkeella Tarjouksen tai tietojen esitt\u00e4minen Palvelun teht\u00e4v\u00e4n\u00e4 on hankkia tietoa k\u00e4ytt\u00e4jist\u00e4 ja heid\u00e4n k\u00e4ytt\u00e4ytymisest\u00e4\u00e4n seuraavalla tavalla: Lomakkeisiin vapaaehtoisesti sy\u00f6tettyjen tietojen avulla, jotka sy\u00f6tet\u00e4\u00e4n operaattorin [&hellip;]<\/p>\n","protected":false},"author":1,"featured_media":0,"parent":0,"menu_order":0,"comment_status":"closed","ping_status":"closed","template":"","meta":{"footnotes":""},"class_list":["post-137","page","type-page","status-publish","hentry","box-post"],"_links":{"self":[{"href":"https:\/\/consumers-views.com\/fi\/wp-json\/wp\/v2\/pages\/137","targetHints":{"allow":["GET"]}}],"collection":[{"href":"https:\/\/consumers-views.com\/fi\/wp-json\/wp\/v2\/pages"}],"about":[{"href":"https:\/\/consumers-views.com\/fi\/wp-json\/wp\/v2\/types\/page"}],"author":[{"embeddable":true,"href":"https:\/\/consumers-views.com\/fi\/wp-json\/wp\/v2\/users\/1"}],"replies":[{"embeddable":true,"href":"https:\/\/consumers-views.com\/fi\/wp-json\/wp\/v2\/comments?post=137"}],"version-history":[{"count":1,"href":"https:\/\/consumers-views.com\/fi\/wp-json\/wp\/v2\/pages\/137\/revisions"}],"predecessor-version":[{"id":138,"href":"https:\/\/consumers-views.com\/fi\/wp-json\/wp\/v2\/pages\/137\/revisions\/138"}],"wp:attachment":[{"href":"https:\/\/consumers-views.com\/fi\/wp-json\/wp\/v2\/media?parent=137"}],"curies":[{"name":"wp","href":"https:\/\/api.w.org\/{rel}","templated":true}]}}