{"id":197,"date":"2021-06-02T15:22:52","date_gmt":"2021-06-02T13:22:52","guid":{"rendered":"https:\/\/consumers-views.com\/es\/?page_id=197"},"modified":"2021-06-24T09:29:16","modified_gmt":"2021-06-24T07:29:16","slug":"sobre-nosotros","status":"publish","type":"page","link":"https:\/\/consumers-views.com\/es\/sobre-nosotros\/","title":{"rendered":"Sobre nosotros"},"content":{"rendered":"\n<p>Encontrar el producto sanitario adecuado en un mercado en constante crecimiento no es un problema menor, como tampoco lo es encontrar la informaci\u00f3n que se necesita en la red mundial. Hemos creado nuestra p\u00e1gina web para facilitarte la tarea y mostrarte qu\u00e9 puede funcionar para muchas dolencias y qu\u00e9 preparados te ayudar\u00e1n en su tratamiento. En el sitio recopilamos y organizamos la informaci\u00f3n, utilizando s\u00f3lo fuentes probadas, opiniones de los mejores y valorados especialistas en la materia.<\/p>\n\n\n\n<p>Merece la pena conocer los art\u00edculos redactados por nuestra redacci\u00f3n, que cada d\u00eda pone a prueba para usted, entre otros, los suplementos diet\u00e9ticos que ayudan a perder peso, los problemas de los hombres u otras dolencias comunes. No pretendemos saberlo todo al respecto, pero estamos adquiriendo constantemente los conocimientos necesarios, para que cada lector que visite nuestro sitio sepa qu\u00e9 es lo mejor para \u00e9l. Sus comentarios y observaciones son siempre bienvenidos y los responderemos con mucho gusto.<\/p>\n\n\n\n<h2 class=\"wp-block-heading\">Kamila Lewandowska<\/h2>\n\n\n\n<div class=\"wp-block-image\"><figure class=\"alignleft size-large is-resized\"><figure id=\"attachment_202\" class=\"alignnone width-full\" style=\"width: 316px;\"><img loading=\"lazy\" decoding=\"async\" data-caption=\"\" src=\"https:\/\/consumers-views.com\/es\/wp-content\/uploads\/2021\/06\/Kamila-Lewandowska-631x1024.jpg\" alt=\"\" class=\"wp-image-202\" width=\"316\" height=\"512\" title=\"\" srcset=\"https:\/\/consumers-views.com\/es\/wp-content\/uploads\/2021\/06\/Kamila-Lewandowska-631x1024.jpg 631w, https:\/\/consumers-views.com\/es\/wp-content\/uploads\/2021\/06\/Kamila-Lewandowska-185x300.jpg 185w, https:\/\/consumers-views.com\/es\/wp-content\/uploads\/2021\/06\/Kamila-Lewandowska-768x1247.jpg 768w, https:\/\/consumers-views.com\/es\/wp-content\/uploads\/2021\/06\/Kamila-Lewandowska-946x1536.jpg 946w, https:\/\/consumers-views.com\/es\/wp-content\/uploads\/2021\/06\/Kamila-Lewandowska-15x24.jpg 15w, https:\/\/consumers-views.com\/es\/wp-content\/uploads\/2021\/06\/Kamila-Lewandowska-22x36.jpg 22w, https:\/\/consumers-views.com\/es\/wp-content\/uploads\/2021\/06\/Kamila-Lewandowska-30x48.jpg 30w, https:\/\/consumers-views.com\/es\/wp-content\/uploads\/2021\/06\/Kamila-Lewandowska.jpg 924w\" sizes=\"auto, (max-width: 316px) 100vw, 316px\" \/><\/figure><\/figure><\/div>\n\n\n\n<p>Me llamo Kamila Lewandowska. Soy m\u00e1ster en diet\u00e9tica y licenciada por la Universidad de Salud, Belleza y Educaci\u00f3n de Poznan. Soy un promotor de un estilo de vida saludable. En el d\u00eda a d\u00eda, trabajo como dietista en el Hogar de Ancianos de Toru\u0144 y llevo mi consulta privada en la oficina de diet\u00e9tica. Ayudo a mis pacientes a cambiar de opini\u00f3n, a que la alimentaci\u00f3n sana no sea una pesadilla. Aprecio la cocina sencilla, r\u00e1pida y saludable. Todo el tiempo trato de profundizar mis conocimientos en el campo de la diet\u00e9tica, por lo que ya he participado en muchos cursos que me permiten hacerlo. En mi tiempo libre me gusta viajar, pasar el tiempo activamente en patines y leer libros.<br><br><br><br><br><\/p>\n\n\n\n<hr class=\"wp-block-separator\"\/>\n\n\n\n<h2 class=\"wp-block-heading\">Aleksandra Dziura<\/h2>\n\n\n\n<div class=\"wp-block-image\"><figure class=\"alignleft size-large is-resized\"><figure id=\"attachment_203\" class=\"alignnone width-full\" style=\"width: 350px;\"><img loading=\"lazy\" decoding=\"async\" data-caption=\"\" src=\"https:\/\/consumers-views.com\/es\/wp-content\/uploads\/2021\/06\/Aleksandra-Dziura-699x1024.jpg\" alt=\"\" class=\"wp-image-203\" width=\"350\" height=\"512\" title=\"\" srcset=\"https:\/\/consumers-views.com\/es\/wp-content\/uploads\/2021\/06\/Aleksandra-Dziura-699x1024.jpg 699w, https:\/\/consumers-views.com\/es\/wp-content\/uploads\/2021\/06\/Aleksandra-Dziura-205x300.jpg 205w, https:\/\/consumers-views.com\/es\/wp-content\/uploads\/2021\/06\/Aleksandra-Dziura-768x1126.jpg 768w, https:\/\/consumers-views.com\/es\/wp-content\/uploads\/2021\/06\/Aleksandra-Dziura-1048x1536.jpg 1048w, https:\/\/consumers-views.com\/es\/wp-content\/uploads\/2021\/06\/Aleksandra-Dziura-16x24.jpg 16w, https:\/\/consumers-views.com\/es\/wp-content\/uploads\/2021\/06\/Aleksandra-Dziura-25x36.jpg 25w, https:\/\/consumers-views.com\/es\/wp-content\/uploads\/2021\/06\/Aleksandra-Dziura-33x48.jpg 33w, https:\/\/consumers-views.com\/es\/wp-content\/uploads\/2021\/06\/Aleksandra-Dziura.jpg 924w\" sizes=\"auto, (max-width: 350px) 100vw, 350px\" \/><\/figure><\/figure><\/div>\n\n\n\n<p>Licenciada y graduada en Diet\u00e9tica por la Universidad M\u00e9dica de Varsovia, fundadora de la cl\u00ednica NutriAid, dietista en el Centro de Medicina Deportiva. Participante en el programa de postgrado experto en nutrici\u00f3n deportiva IOPN Diploma in Performance Nutrition. Complet\u00f3 una serie de formaciones especializadas, organizadas por instituciones polacas y extranjeras, incluido un curso de seis meses \u00abLa dieta baja en FODMAP para el SII\u00bb, impartido por la Universidad australiana de Monash. Autor de art\u00edculos, libros y libros electr\u00f3nicos de divulgaci\u00f3n cient\u00edfica.<br><br><br><br><br><\/p>\n\n\n\n<hr class=\"wp-block-separator\"\/>\n\n\n\n<h2 class=\"wp-block-heading\">Piotr Koz\u0142owski<\/h2>\n\n\n\n<div class=\"wp-block-image\"><figure class=\"alignleft size-large\"><figure id=\"attachment_204\" class=\"alignnone width-full text-columns-nobreak\" style=\"width: ;\"><img loading=\"lazy\" decoding=\"async\" width=\"305\" height=\"508\" data-caption=\"\" src=\"https:\/\/consumers-views.com\/es\/wp-content\/uploads\/2021\/06\/PiotrK3.jpg\" alt=\"\" class=\"wp-image-204\" title=\"\" srcset=\"https:\/\/consumers-views.com\/es\/wp-content\/uploads\/2021\/06\/PiotrK3.jpg 305w, https:\/\/consumers-views.com\/es\/wp-content\/uploads\/2021\/06\/PiotrK3-180x300.jpg 180w, https:\/\/consumers-views.com\/es\/wp-content\/uploads\/2021\/06\/PiotrK3-14x24.jpg 14w, https:\/\/consumers-views.com\/es\/wp-content\/uploads\/2021\/06\/PiotrK3-22x36.jpg 22w, https:\/\/consumers-views.com\/es\/wp-content\/uploads\/2021\/06\/PiotrK3-29x48.jpg 29w\" sizes=\"auto, (max-width: 305px) 100vw, 305px\" \/><\/figure><\/figure><\/div>\n\n\n\n<p>Mi pasi\u00f3n es todo lo relacionado con un estilo de vida saludable. Llevo casi 10 a\u00f1os dedic\u00e1ndome a la diet\u00e9tica y a los temas relacionados con ella y durante ese tiempo he realizado muchos cursos profesionales en este campo. Esto me dio muchos conocimientos, una base s\u00f3lida para formular los principios de la alimentaci\u00f3n sana, que primero prob\u00e9 en m\u00ed mismo. Yo misma luchaba contra el exceso de peso, y cuando varias dietas aleatorias no surtieron efecto, decid\u00ed abordar este tema de forma profesional y finalmente consegu\u00ed perder peso.<\/p>\n\n\n\n<p>A partir de ese momento empec\u00e9 a desarrollar mi pasi\u00f3n y poco a poco fui a\u00f1adiendo otros aspectos de salud a la p\u00e9rdida de peso. En primer lugar, la actividad f\u00edsica, sin la cual no se puede so\u00f1ar con perder peso, y luego las cuestiones relacionadas con los problemas que afectan a un gran n\u00famero de hombres, provocando una disminuci\u00f3n de la libido o una calvicie acelerada. Busco nuevos suplementos diet\u00e9ticos, tanto para la p\u00e9rdida de peso como para la mejora de la salud en general, y al revisarlos, desgloso su composici\u00f3n en primeros factores, describiendo la acci\u00f3n de las sustancias activas individuales para usted. Tambi\u00e9n me apasiona la fitoterapia, constantemente encuentro y describo plantas que pueden sustituir con \u00e9xito la mayor\u00eda de los ingredientes artificiales de los medicamentos populares.<\/p>\n\n\n\n<hr class=\"wp-block-separator\"\/>\n\n\n\n<h2 class=\"wp-block-heading\">Karolina Wieczorek<\/h2>\n\n\n\n<div class=\"wp-block-image\"><figure class=\"alignleft size-large is-resized\"><figure id=\"attachment_205\" class=\"alignnone width-full\" style=\"width: 288px;\"><img loading=\"lazy\" decoding=\"async\" data-caption=\"\" src=\"https:\/\/consumers-views.com\/es\/wp-content\/uploads\/2021\/06\/Karolina2.jpg\" alt=\"\" class=\"wp-image-205\" width=\"288\" height=\"481\" title=\"\" srcset=\"https:\/\/consumers-views.com\/es\/wp-content\/uploads\/2021\/06\/Karolina2.jpg 384w, https:\/\/consumers-views.com\/es\/wp-content\/uploads\/2021\/06\/Karolina2-180x300.jpg 180w, https:\/\/consumers-views.com\/es\/wp-content\/uploads\/2021\/06\/Karolina2-14x24.jpg 14w, https:\/\/consumers-views.com\/es\/wp-content\/uploads\/2021\/06\/Karolina2-22x36.jpg 22w, https:\/\/consumers-views.com\/es\/wp-content\/uploads\/2021\/06\/Karolina2-29x48.jpg 29w\" sizes=\"auto, (max-width: 288px) 100vw, 288px\" \/><\/figure><\/figure><\/div>\n\n\n\n<p>Soy un entusiasta de la vida activa y la nutrici\u00f3n natural. Cada d\u00eda mejoro mi cuerpo y mi mente: corro, entreno en el gimnasio, camino, medito, me sumerjo en los arcanos de la cocina sana y ligera, pero sabrosa y arom\u00e1tica. Mi vida sol\u00eda ser completamente diferente. Sol\u00eda llevar un estilo de vida t\u00edpicamente sedentario: trabajar con el ordenador, no hacer deporte, pasar el m\u00ednimo tiempo al aire libre, comer comida basura, tomar toneladas de caf\u00e9\u2026 Cuando me di cuenta de que la falta de movimiento y una mala alimentaci\u00f3n tienen un efecto desastroso en mi belleza, mi salud, mi estado de \u00e1nimo y mi condici\u00f3n f\u00edsica, \u00a1decid\u00ed cambiarlo todo!<\/p>\n\n\n\n<p>Al principio modifiqu\u00e9 mi estilo de alimentaci\u00f3n e introduje en mi agenda paseos regulares por parques, prados y bosques. Con el tiempo, la vida natural y saludable me absorbi\u00f3 por completo. Empec\u00e9 a explorar la literatura profesional sobre diet\u00e9tica, modelado del cuerpo y a buscar datos interesantes sobre el cuidado de la piel. Puse en pr\u00e1ctica estos conocimientos: consegu\u00ed crear la figura de mis sue\u00f1os, ponerme en perfecta forma, mejorar permanentemente mi estado de \u00e1nimo y mejorar fuertemente el estado de mi piel y mi cabello.<\/p>\n\n\n\n<p>Hoy comparto mi experiencia y conocimientos sobre salud, belleza y entrenamiento corporal y modelaje publicando art\u00edculos en portales tem\u00e1ticos y blogs. En mis textos puedes encontrar consejos interesantes y \u00fatiles sobre c\u00f3mo llevar una vida sana y vital y c\u00f3mo luchar eficazmente contra las imperfecciones de la figura y la belleza. Tambi\u00e9n escribo rese\u00f1as de interesantes suplementos diet\u00e9ticos, cosm\u00e9ticos y preparados medicinales. \u00a1Te invito a leer!<\/p>\n","protected":false},"excerpt":{"rendered":"<p>Encontrar el producto sanitario adecuado en un mercado en constante crecimiento no es un problema menor, como tampoco lo es encontrar la informaci\u00f3n que se necesita en la red mundial. Hemos creado nuestra p\u00e1gina web para facilitarte la tarea y mostrarte qu\u00e9 puede funcionar para muchas dolencias y qu\u00e9 preparados te ayudar\u00e1n en su tratamiento. [&hellip;]<\/p>\n","protected":false},"author":1,"featured_media":0,"parent":0,"menu_order":0,"comment_status":"closed","ping_status":"closed","template":"","meta":{"footnotes":""},"class_list":["post-197","page","type-page","status-publish","hentry","box-post"],"_links":{"self":[{"href":"https:\/\/consumers-views.com\/es\/wp-json\/wp\/v2\/pages\/197","targetHints":{"allow":["GET"]}}],"collection":[{"href":"https:\/\/consumers-views.com\/es\/wp-json\/wp\/v2\/pages"}],"about":[{"href":"https:\/\/consumers-views.com\/es\/wp-json\/wp\/v2\/types\/page"}],"author":[{"embeddable":true,"href":"https:\/\/consumers-views.com\/es\/wp-json\/wp\/v2\/users\/1"}],"replies":[{"embeddable":true,"href":"https:\/\/consumers-views.com\/es\/wp-json\/wp\/v2\/comments?post=197"}],"version-history":[{"count":6,"href":"https:\/\/consumers-views.com\/es\/wp-json\/wp\/v2\/pages\/197\/revisions"}],"predecessor-version":[{"id":318,"href":"https:\/\/consumers-views.com\/es\/wp-json\/wp\/v2\/pages\/197\/revisions\/318"}],"wp:attachment":[{"href":"https:\/\/consumers-views.com\/es\/wp-json\/wp\/v2\/media?parent=197"}],"curies":[{"name":"wp","href":"https:\/\/api.w.org\/{rel}","templated":true}]}}