{"id":185,"date":"2021-06-01T11:57:48","date_gmt":"2021-06-01T09:57:48","guid":{"rendered":"https:\/\/consumers-views.com\/es\/?page_id=185"},"modified":"2021-06-24T09:42:00","modified_gmt":"2021-06-24T07:42:00","slug":"politica-de-privacidad","status":"publish","type":"page","link":"https:\/\/consumers-views.com\/es\/politica-de-privacidad\/","title":{"rendered":"Pol\u00edtica de privacidad"},"content":{"rendered":"\n<p><strong>1 Informaci\u00f3n general<\/strong><\/p>\n\n\n\n<ol class=\"wp-block-list\"><li>Esta pol\u00edtica se aplica al sitio web, que opera en la url:<strong> consumers-views.com\/es\/<\/strong><\/li><li>El Operador es el Administrador de sus datos personales en relaci\u00f3n con los datos proporcionados voluntariamente en el Servicio.<\/li><li>El servicio utiliza los datos personales para los siguientes fines:<ul><li>Ejecutar un sistema de comentarios<\/li><li>Gesti\u00f3n de consultas por medio de un formulario<\/li><li>Presentaci\u00f3n de una oferta o informaci\u00f3n<\/li><li>El servicio realiza las funciones de obtener informaci\u00f3n sobre los usuarios y su comportamiento de la siguiente manera:<\/li><\/ul><\/li><\/ol>\n\n\n\n<ol class=\"wp-block-list\"><li>A trav\u00e9s de los datos introducidos voluntariamente en los formularios, que se introducen en los sistemas del Operador.<\/li><li>Almacenando cookies (las llamadas \u00abcookies\u00bb) en su equipo terminal.<\/li><\/ol>\n\n\n\n<p><strong>2 M\u00e9todos seleccionados de protecci\u00f3n de datos utilizados por el Operador<\/strong><\/p>\n\n\n\n<ol class=\"wp-block-list\"><li>Los lugares de acceso e introducci\u00f3n de datos personales est\u00e1n protegidos en la capa de transmisi\u00f3n (certificado SSL). Esto garantiza que los datos personales y de acceso introducidos en el sitio web est\u00e1n codificados en la computadora del usuario y s\u00f3lo pueden ser le\u00eddos en el servidor de destino.<\/li><li>Las contrase\u00f1as de los usuarios se almacenan en forma de hash. La funci\u00f3n de hash funciona de forma unidireccional &#8211; no es posible invertir su funcionamiento, que es actualmente el est\u00e1ndar moderno para almacenar las contrase\u00f1as de los usuarios.<\/li><li>El Operador cambia peri\u00f3dicamente sus contrase\u00f1as administrativas.<\/li><li>Para proteger los datos, el Operador hace regularmente copias de seguridad.<\/li><li>Un elemento importante de la protecci\u00f3n de los datos es la actualizaci\u00f3n peri\u00f3dica de todo el software utilizado por el Operador para procesar los datos personales, lo que significa en particular la actualizaci\u00f3n peri\u00f3dica de los componentes de programaci\u00f3n.<\/li><\/ol>\n\n\n\n<p><strong>3. alojamiento<\/strong><\/p>\n\n\n\n<ol class=\"wp-block-list\"><li>El servicio est\u00e1 alojado (con mantenimiento t\u00e9cnico) en el servidor del operador: ovh.com<\/li><li>Empresa de hospedaje:<ul><li>aplica medidas de protecci\u00f3n contra la p\u00e9rdida de datos (por ejemplo, matrices de discos, copias de seguridad regulares),<\/li><li>aplicar medidas apropiadas para proteger los lugares de procesamiento en caso de incendio (por ejemplo, sistemas especiales de lucha contra incendios),<\/li><li>aplica medidas adecuadas para proteger los sistemas de procesamiento en caso de un corte repentino de energ\u00eda (por ejemplo, l\u00edneas el\u00e9ctricas duales, generadores, sistemas de respaldo de UPS),<\/li><li>aplicar medidas para proteger f\u00edsicamente el acceso a los lugares de procesamiento de datos (por ejemplo, control de acceso, vigilancia),<\/li><li>aplica medidas para garantizar unas condiciones ambientales adecuadas para los servidores como parte de un sistema de procesamiento de datos (por ejemplo, control de las condiciones ambientales, sistemas especializados de aire acondicionado),<\/li><li>aplica disposiciones organizativas para garantizar el mayor nivel posible de protecci\u00f3n y confidencialidad (formaci\u00f3n, reglamentos internos, pol\u00edticas de contrase\u00f1as, etc.),<\/li><li>ha nombrado a un Oficial de Protecci\u00f3n de Datos.<\/li><\/ul><\/li><li>La empresa de alojamiento mantiene registros a nivel de servidor para asegurar la fiabilidad t\u00e9cnica. Los registros pueden ser guardados:<ul><li>recursos definidos por el identificador de URL (direcciones de los recursos solicitados &#8211; p\u00e1ginas, archivos),<\/li><li>tiempo para que la investigaci\u00f3n llegue,<\/li><li>es hora de enviar la respuesta,<\/li><li>nombre de la estaci\u00f3n del cliente &#8211; identificaci\u00f3n implementada por el protocolo HTTP,<\/li><li>informaci\u00f3n sobre los errores que se produjeron durante la ejecuci\u00f3n de las transacciones HTTP,<\/li><li>la URL de la p\u00e1gina visitada anteriormente por el usuario (enlace referencial) &#8211; en el caso de que el acceso al Servicio se haya realizado a trav\u00e9s de un enlace,<\/li><li>informaci\u00f3n sobre su navegador,<\/li><li>Informaci\u00f3n de la direcci\u00f3n IP,<\/li><li>Informaci\u00f3n de diagn\u00f3stico relacionada con el proceso de auto-ordenaci\u00f3n de servicios a trav\u00e9s de grabadoras en el sitio web,<\/li><li>informaci\u00f3n relacionada con el manejo del correo electr\u00f3nico dirigido y enviado por el Operador.<\/li><\/ul><\/li><\/ol>\n\n\n\n<p><strong>4. sus derechos e informaci\u00f3n adicional sobre el uso de sus datos<\/strong><\/p>\n\n\n\n<ol class=\"wp-block-list\"><li>En algunas situaciones, el Administrador tiene derecho a transferir sus datos personales a otros destinatarios si es necesario para cumplir el contrato celebrado con usted o para cumplir las obligaciones del Administrador. Esto se aplica a esos grupos de receptores:<ul><li>empresa de hospedaje en r\u00e9gimen de fideicomiso<\/li><li>empleados y asociados autorizados que utilizan los datos para lograr el prop\u00f3sito del sitio web<\/li><\/ul><\/li><li>Sus datos personales son procesados por el Administrador no m\u00e1s de lo necesario para realizar las actividades conexas especificadas en reglamentos separados (por ejemplo, sobre contabilidad). En cuanto a los datos de comercializaci\u00f3n, no se procesar\u00e1n durante m\u00e1s de 3 a\u00f1os.<\/li><li>Tiene el derecho de exigir al Administrador:<ul><li>acceso a su informaci\u00f3n personal,<\/li><li>sus correcciones,<\/li><li>eliminaciones,<\/li><li>restricciones de procesamiento,<\/li><li>y la transferencia de datos.<\/li><\/ul><\/li><li>Usted tiene derecho a oponerse al tratamiento indicado en el punto 3.3 c) al tratamiento de datos personales para ejercer los intereses leg\u00edtimos perseguidos por el Administrador, incluido el establecimiento de perfiles, pero el derecho de oposici\u00f3n no se ejercer\u00e1 si existen motivos legales v\u00e1lidos para el tratamiento, intereses, derechos y libertades que le superen, en particular para establecer, hacer valer o defender reclamaciones.<\/li><li>El suministro de datos personales es voluntario, pero necesario para el funcionamiento del Servicio.<\/li><li>Usted puede estar sujeto a actividades automatizadas de toma de decisiones, incluida la elaboraci\u00f3n de perfiles, a fin de prestar servicios en el marco del contrato y realizar actividades de comercializaci\u00f3n directa por parte del Administrador.<\/li><li>Los datos personales no se transfieren desde terceros pa\u00edses en el sentido de las normas de protecci\u00f3n de datos. Esto significa que no los enviamos fuera de la Uni\u00f3n Europea.<\/li><\/ol>\n\n\n\n<p><strong>5. informaci\u00f3n en los formularios<\/strong><\/p>\n\n\n\n<ol class=\"wp-block-list\"><li>El servicio recoge la informaci\u00f3n proporcionada voluntariamente por el usuario, incluidos los datos personales, si los hubiera.<\/li><li>El servicio puede guardar informaci\u00f3n sobre los par\u00e1metros de conexi\u00f3n (sello de tiempo, direcci\u00f3n IP).<\/li><li>En algunos casos, el servicio puede guardar informaci\u00f3n para facilitar la vinculaci\u00f3n de los datos del formulario con la direcci\u00f3n de correo electr\u00f3nico del usuario que lo rellena. En este caso, la direcci\u00f3n de correo electr\u00f3nico del usuario aparece dentro de la url de la p\u00e1gina que contiene el formulario.<\/li><li>Los datos facilitados en el formulario se procesan con la finalidad que se deriva de la funci\u00f3n de un formulario concreto, por ejemplo, para tramitar una solicitud de servicio o un contacto comercial, registrar servicios, etc. Cada vez el contexto y la descripci\u00f3n de la forma indican claramente para qu\u00e9 se utiliza.<\/li><\/ol>\n\n\n\n<p><strong>6 Registros de los administradores<\/strong><\/p>\n\n\n\n<ol class=\"wp-block-list\"><li>La informaci\u00f3n sobre el comportamiento de los usuarios en el sitio puede estar sujeta a la conexi\u00f3n. Estos datos se utilizan para administrar el servicio.<\/li><\/ol>\n\n\n\n<p><strong>7 Importantes t\u00e9cnicas de marketing<\/strong><\/p>\n\n\n\n<ol class=\"wp-block-list\"><li>El operador utiliza el an\u00e1lisis estad\u00edstico del tr\u00e1fico del sitio web a trav\u00e9s de Google Analytics. El operador no transmite datos personales al operador de este servicio, sino s\u00f3lo informaci\u00f3n an\u00f3nima. El servicio se basa en el uso de cookies en su equipo terminal.<\/li><li>El Operador utiliza t\u00e9cnicas de remarketing que permiten hacer coincidir los mensajes publicitarios con el comportamiento del usuario en el sitio web, lo que puede dar la ilusi\u00f3n de que los datos personales del usuario se utilizan para seguirle la pista, pero en la pr\u00e1ctica no se transfiere ning\u00fan dato personal del Operador a los operadores publicitarios. La condici\u00f3n tecnol\u00f3gica para tales acciones es que las cookies est\u00e9n habilitadas.<\/li><li>El operador utiliza una soluci\u00f3n que investiga el comportamiento de los usuarios creando mapas de calor y registrando el comportamiento en el sitio. Esta informaci\u00f3n es anonimizada antes de ser enviada al proveedor de servicios para que no sepa a qu\u00e9 individuo se refiere. En particular, no se registran las contrase\u00f1as y otros datos personales.<\/li><\/ol>\n\n\n\n<p><strong>8. informaci\u00f3n sobre las cookies<\/strong><\/p>\n\n\n\n<ol class=\"wp-block-list\"><li>El sitio web utiliza cookies.<\/li><li>Los archivos de cookies (denominados \u00abcookies\u00bb) son datos inform\u00e1ticos, en particular archivos de texto, que se almacenan en el dispositivo final del usuario del servicio y est\u00e1n dise\u00f1ados para utilizar los sitios web del sitio web. Las cookies suelen contener el nombre del sitio web del que proceden, la hora en que se almacenan en el equipo terminal y un n\u00famero \u00fanico.<\/li><li>El sujeto que coloca las cookies en el dispositivo final del Usuario del Servicio y obtiene acceso a ellas es el Operador del Servicio.<\/li><li>Las cookies se utilizan para los siguientes fines:<ol><li>mantener la sesi\u00f3n de usuario del Servicio (despu\u00e9s de iniciar sesi\u00f3n), gracias a lo cual el usuario no tiene que volver a introducir su nombre de usuario y contrase\u00f1a en cada subp\u00e1gina del Servicio;<\/li><li>el logro de los objetivos establecidos anteriormente en \u00abT\u00e9cnicas de comercializaci\u00f3n pertinentes\u00bb;<\/li><\/ol><\/li><li>El Servicio utiliza dos tipos b\u00e1sicos de cookies: galletas de \u00absesi\u00f3n\u00bb (cookies de sesi\u00f3n) y \u00abpermanente\u00bb (galletas persistentes). Las cookies de \u00absesi\u00f3n\u00bb son archivos temporales que se almacenan en el dispositivo terminal del usuario hasta que se cierra la sesi\u00f3n, se abandona el sitio web o se apaga el software (navegador web). Las cookies \u00abpersistentes\u00bb se almacenan en el equipo terminal del usuario durante el tiempo especificado en los par\u00e1metros de las cookies o hasta que el usuario las borra.<\/li><li>El software para la navegaci\u00f3n en la web (navegador web) suele permitir, por defecto, almacenar cookies en el dispositivo terminal del usuario. Los usuarios del servicio pueden cambiar su configuraci\u00f3n en esta \u00e1rea. El navegador de Internet le permite eliminar las cookies. Tambi\u00e9n es posible bloquear autom\u00e1ticamente las cookies. En la ayuda o documentaci\u00f3n del navegador de Internet se encuentra informaci\u00f3n detallada sobre este tema.<\/li><li>Las restricciones en el uso de cookies pueden afectar a algunas caracter\u00edsticas disponibles en el sitio web.<\/li><li>Las cookies colocadas en el dispositivo final del usuario del sitio web tambi\u00e9n pueden ser utilizadas por entidades que cooperan con el operador del sitio web, en particular empresas: Google (Google Inc. con sede en los EE.UU.), Facebook (Facebook Inc. con sede en los EE.UU.), Twitter (Twitter Inc. con sede en los EE.UU.).<\/li><\/ol>\n\n\n\n<p><strong>9) Manejo de las galletas &#8211; \u00bfc\u00f3mo dar y retirar el consentimiento en la pr\u00e1ctica?<\/strong><\/p>\n\n\n\n<ol class=\"wp-block-list\"><li>Si no desea recibir cookies, puede cambiar la configuraci\u00f3n de su navegador. Nos reservamos el derecho de desactivar el uso de las cookies necesarias para los procesos de autenticaci\u00f3n, la seguridad, el mantenimiento de las preferencias de los usuarios puede dificultar, y en casos extremos puede impedir el uso de los sitios web<\/li><\/ol>\n","protected":false},"excerpt":{"rendered":"<p>1 Informaci\u00f3n general Esta pol\u00edtica se aplica al sitio web, que opera en la url: consumers-views.com\/es\/ El Operador es el Administrador de sus datos personales en relaci\u00f3n con los datos proporcionados voluntariamente en el Servicio. El servicio utiliza los datos personales para los siguientes fines: Ejecutar un sistema de comentarios Gesti\u00f3n de consultas por medio [&hellip;]<\/p>\n","protected":false},"author":1,"featured_media":0,"parent":0,"menu_order":0,"comment_status":"closed","ping_status":"closed","template":"","meta":{"footnotes":""},"class_list":["post-185","page","type-page","status-publish","hentry","box-post"],"_links":{"self":[{"href":"https:\/\/consumers-views.com\/es\/wp-json\/wp\/v2\/pages\/185","targetHints":{"allow":["GET"]}}],"collection":[{"href":"https:\/\/consumers-views.com\/es\/wp-json\/wp\/v2\/pages"}],"about":[{"href":"https:\/\/consumers-views.com\/es\/wp-json\/wp\/v2\/types\/page"}],"author":[{"embeddable":true,"href":"https:\/\/consumers-views.com\/es\/wp-json\/wp\/v2\/users\/1"}],"replies":[{"embeddable":true,"href":"https:\/\/consumers-views.com\/es\/wp-json\/wp\/v2\/comments?post=185"}],"version-history":[{"count":2,"href":"https:\/\/consumers-views.com\/es\/wp-json\/wp\/v2\/pages\/185\/revisions"}],"predecessor-version":[{"id":320,"href":"https:\/\/consumers-views.com\/es\/wp-json\/wp\/v2\/pages\/185\/revisions\/320"}],"wp:attachment":[{"href":"https:\/\/consumers-views.com\/es\/wp-json\/wp\/v2\/media?parent=185"}],"curies":[{"name":"wp","href":"https:\/\/api.w.org\/{rel}","templated":true}]}}