{"id":197,"date":"2021-06-02T15:47:27","date_gmt":"2021-06-02T13:47:27","guid":{"rendered":"https:\/\/consumers-views.com\/ee\/?page_id=197"},"modified":"2021-06-22T11:23:21","modified_gmt":"2021-06-22T09:23:21","slug":"meie-kohta","status":"publish","type":"page","link":"https:\/\/consumers-views.com\/ee\/meie-kohta\/","title":{"rendered":"Meie kohta"},"content":{"rendered":"\n<p>\u00d5ige tervisetoote leidmine \u00fcha kasvaval turul ei ole v\u00e4ike probleem, nagu ka vajaliku teabe leidmine \u00fclemaailmsest veebist. Oleme loonud oma veebilehe, et teha see teile lihtsamaks ja n\u00e4idata teile, mis v\u00f5ib toimida paljude terviseh\u00e4irete puhul ja millised preparaadid aitavad nende ravimisel. Veebilehel kogume ja korraldame teavet, kasutades ainult t\u00f5estatud allikaid, valdkonna parimate ja hinnatud spetsialistide arvamusi.<\/p>\n\n\n\n<p>Tasub lugeda meie toimetuse kirjutatud artikleid, mis iga p\u00e4ev testib teie jaoks muu hulgas toidulisandeid, mis aitavad kaalulanguse, meeste probleemide v\u00f5i muude levinud terviseh\u00e4irete puhul. Me ei v\u00e4ida, et teame sellest k\u00f5ike, kuid me omandame pidevalt vajalikke teadmisi, et iga lugeja, kes meie saiti k\u00fclastab, teaks, mis on tema jaoks parim. Kutsume teid \u00fcles lugema ja jagama oma kommentaare ja m\u00e4rkusi. Teie kommentaarid ja m\u00e4rkused on alati teretulnud ja me vastame neile hea meelega.<\/p>\n\n\n\n<h2 class=\"wp-block-heading\">Kamila Lewandowska<\/h2>\n\n\n\n<div class=\"wp-block-image\"><figure class=\"alignleft size-large is-resized\"><figure id=\"attachment_202\" class=\"alignnone width-full\" style=\"width: 316px;\"><img loading=\"lazy\" decoding=\"async\" data-caption=\"\" src=\"https:\/\/consumers-views.com\/ee\/wp-content\/uploads\/2021\/06\/Kamila-Lewandowska-631x1024.jpg\" alt=\"\" class=\"wp-image-202\" width=\"316\" height=\"512\" title=\"\" srcset=\"https:\/\/consumers-views.com\/ee\/wp-content\/uploads\/2021\/06\/Kamila-Lewandowska-631x1024.jpg 631w, https:\/\/consumers-views.com\/ee\/wp-content\/uploads\/2021\/06\/Kamila-Lewandowska-185x300.jpg 185w, https:\/\/consumers-views.com\/ee\/wp-content\/uploads\/2021\/06\/Kamila-Lewandowska-768x1247.jpg 768w, https:\/\/consumers-views.com\/ee\/wp-content\/uploads\/2021\/06\/Kamila-Lewandowska-946x1536.jpg 946w, https:\/\/consumers-views.com\/ee\/wp-content\/uploads\/2021\/06\/Kamila-Lewandowska-15x24.jpg 15w, https:\/\/consumers-views.com\/ee\/wp-content\/uploads\/2021\/06\/Kamila-Lewandowska-22x36.jpg 22w, https:\/\/consumers-views.com\/ee\/wp-content\/uploads\/2021\/06\/Kamila-Lewandowska-30x48.jpg 30w, https:\/\/consumers-views.com\/ee\/wp-content\/uploads\/2021\/06\/Kamila-Lewandowska.jpg 924w\" sizes=\"auto, (max-width: 316px) 100vw, 316px\" \/><\/figure><\/figure><\/div>\n\n\n\n<p>Minu nimi on Kamila Lewandowska. Olen magistrikraadiga dietoloog ja l\u00f5petanud Poznani Tervishoiu-, ilu- ja haridusteaduskonna (University of Health, Beauty and Education). Tervislike eluviiside edendaja. T\u00f6\u00f6tan igap\u00e4evaselt Toru\u0144i hooldekodus toitumisspetsialistina ja pean oma erapraksist toitumisb\u00fcroos. Ma aitan oma patsientidel muuta oma m\u00f5tteid, et tervislik toitumine ei ole \u00f5udusunen\u00e4gu. Hindan lihtsat, kiiret ja tervislikku toitu. P\u00fc\u00fcan kogu aeg s\u00fcvendada oma teadmisi toitumisvaldkonnas, nii et olen juba osalenud paljudel kursustel, mis seda v\u00f5imaldavad. Vabal ajal armastan reisida, aktiivselt rulluisutada ja lugeda raamatuid.<\/p>\n\n\n\n<hr class=\"wp-block-separator\"\/>\n\n\n\n<h2 class=\"wp-block-heading\">Aleksandra Dziura<\/h2>\n\n\n\n<div class=\"wp-block-image\"><figure class=\"alignleft size-large is-resized\"><figure id=\"attachment_203\" class=\"alignnone width-full\" style=\"width: 350px;\"><img loading=\"lazy\" decoding=\"async\" data-caption=\"\" src=\"https:\/\/consumers-views.com\/ee\/wp-content\/uploads\/2021\/06\/Aleksandra-Dziura-699x1024.jpg\" alt=\"\" class=\"wp-image-203\" width=\"350\" height=\"512\" title=\"\" srcset=\"https:\/\/consumers-views.com\/ee\/wp-content\/uploads\/2021\/06\/Aleksandra-Dziura-699x1024.jpg 699w, https:\/\/consumers-views.com\/ee\/wp-content\/uploads\/2021\/06\/Aleksandra-Dziura-205x300.jpg 205w, https:\/\/consumers-views.com\/ee\/wp-content\/uploads\/2021\/06\/Aleksandra-Dziura-768x1126.jpg 768w, https:\/\/consumers-views.com\/ee\/wp-content\/uploads\/2021\/06\/Aleksandra-Dziura-1048x1536.jpg 1048w, https:\/\/consumers-views.com\/ee\/wp-content\/uploads\/2021\/06\/Aleksandra-Dziura-16x24.jpg 16w, https:\/\/consumers-views.com\/ee\/wp-content\/uploads\/2021\/06\/Aleksandra-Dziura-25x36.jpg 25w, https:\/\/consumers-views.com\/ee\/wp-content\/uploads\/2021\/06\/Aleksandra-Dziura-33x48.jpg 33w, https:\/\/consumers-views.com\/ee\/wp-content\/uploads\/2021\/06\/Aleksandra-Dziura.jpg 924w\" sizes=\"auto, (max-width: 350px) 100vw, 350px\" \/><\/figure><\/figure><\/div>\n\n\n\n<p>Varssavi Meditsiini\u00fclikooli toitumisteaduse bakalaureuse- ja magistrikraadi l\u00f5petanud, NutriAid-kliiniku asutaja, spordimeditsiinikeskuse toitumisspetsialist. Sporditoitumise ekspertide kraadi\u00f5ppeprogrammi IOPN Diploma in Performance Nutrition osaleja. Ta on l\u00e4binud mitmeid erialaseid koolitusi, mida on korraldanud Poola ja v\u00e4lismaised asutused, sealhulgas kuuekuulise kursuse &#8220;IBS-i madala FODMAP-dieet&#8221;, mille viis l\u00e4bi Austraalia Monashi \u00fclikool. Artiklite, raamatute ja populaarteaduslike e-raamatute autor.<\/p>\n\n\n\n<hr class=\"wp-block-separator\"\/>\n\n\n\n<h2 class=\"wp-block-heading\">Piotr Koz\u0142owski<\/h2>\n\n\n\n<div class=\"wp-block-image\"><figure class=\"alignleft size-large\"><figure id=\"attachment_204\" class=\"alignnone width-full text-columns-nobreak\" style=\"width: ;\"><img loading=\"lazy\" decoding=\"async\" width=\"305\" height=\"508\" data-caption=\"\" src=\"https:\/\/consumers-views.com\/ee\/wp-content\/uploads\/2021\/06\/PiotrK3.jpg\" alt=\"\" class=\"wp-image-204\" title=\"\" srcset=\"https:\/\/consumers-views.com\/ee\/wp-content\/uploads\/2021\/06\/PiotrK3.jpg 305w, https:\/\/consumers-views.com\/ee\/wp-content\/uploads\/2021\/06\/PiotrK3-180x300.jpg 180w, https:\/\/consumers-views.com\/ee\/wp-content\/uploads\/2021\/06\/PiotrK3-14x24.jpg 14w, https:\/\/consumers-views.com\/ee\/wp-content\/uploads\/2021\/06\/PiotrK3-22x36.jpg 22w, https:\/\/consumers-views.com\/ee\/wp-content\/uploads\/2021\/06\/PiotrK3-29x48.jpg 29w\" sizes=\"auto, (max-width: 305px) 100vw, 305px\" \/><\/figure><\/figure><\/div>\n\n\n\n<p>Minu kirg on k\u00f5ik, mis on seotud tervisliku eluviisiga. Olen tegelenud toitumisalase ja sellega seotud teemadega peaaegu 10 aastat ning selle aja jooksul olen l\u00e4binud mitmeid erialaseid kursusi selles valdkonnas. See andis mulle palju teadmisi, kindla aluse tervisliku toitumise p\u00f5him\u00f5tete s\u00f5nastamiseks, mida proovisin k\u00f5igepealt iseenda peal. Ma ise v\u00f5itlesin varem \u00fclekaaluga ja kui erinevad juhuslikud dieedid ei andnud mingit tulemust, otsustasin l\u00e4heneda sellele teemale professionaalselt ja l\u00f5puks \u00f5nnestus mul kaalust alla v\u00f5tta.<\/p>\n\n\n\n<p>Sellest hetkest alates hakkasin oma kirge arendama ja j\u00e4rk-j\u00e4rgult lisasin kehakaalu langetamisele ka teisi terviseaspekte. K\u00f5igepealt kehaline aktiivsus, ilma milleta ei saa unistada kehakaalu langetamisest, ja seej\u00e4rel probleeme, mis on seotud paljude meeste probleeme, mis p\u00f5hjustavad libiido v\u00e4henemist v\u00f5i kiirendatud kiilasp\u00e4isust. Otsin uusi toidulisandeid nii kaalulangetamiseks kui ka \u00fcldise tervise parandamiseks ning nende l\u00e4bivaatamisel jagan nende koostise esimesteks teguriteks, kirjeldades teile \u00fcksikute toimeainete toimet. Ma olen ka kirglik ravimtaimede vastu ning leian ja kirjeldan pidevalt taimi, mis suudavad edukalt asendada enamiku populaarsete ravimite kunstlikke koostisosi.<\/p>\n\n\n\n<hr class=\"wp-block-separator\"\/>\n\n\n\n<h2 class=\"wp-block-heading\">Karolina Wieczorek<\/h2>\n\n\n\n<div class=\"wp-block-image\"><figure class=\"alignleft size-large is-resized\"><figure id=\"attachment_205\" class=\"alignnone width-full\" style=\"width: 288px;\"><img loading=\"lazy\" decoding=\"async\" data-caption=\"\" src=\"https:\/\/consumers-views.com\/ee\/wp-content\/uploads\/2021\/06\/Karolina2.jpg\" alt=\"\" class=\"wp-image-205\" width=\"288\" height=\"481\" title=\"\" srcset=\"https:\/\/consumers-views.com\/ee\/wp-content\/uploads\/2021\/06\/Karolina2.jpg 384w, https:\/\/consumers-views.com\/ee\/wp-content\/uploads\/2021\/06\/Karolina2-180x300.jpg 180w, https:\/\/consumers-views.com\/ee\/wp-content\/uploads\/2021\/06\/Karolina2-14x24.jpg 14w, https:\/\/consumers-views.com\/ee\/wp-content\/uploads\/2021\/06\/Karolina2-22x36.jpg 22w, https:\/\/consumers-views.com\/ee\/wp-content\/uploads\/2021\/06\/Karolina2-29x48.jpg 29w\" sizes=\"auto, (max-width: 288px) 100vw, 288px\" \/><\/figure><\/figure><\/div>\n\n\n\n<p>Olen aktiivse elu ja loodusliku toitumise entusiast. Iga p\u00e4ev parandan oma keha ja vaimu &#8211; jooksen, treenin j\u00f5usaalis, k\u00f5nnin, mediteerin, s\u00fcvenen tervislike, kergete, kuid maitsvate ja aromaatsete toitude arkaanasse. Minu elu n\u00e4gi varem t\u00e4iesti teistsugune v\u00e4lja. Varem elasin t\u00fc\u00fcpiliselt istuva eluviisiga &#8211; t\u00f6\u00f6tasin arvutis, ei teinud sporti, veetsin minimaalselt aega \u00f5ues, s\u00f5in r\u00e4mpstoitu, tarbisin tonnide viisi kohvi\u2026 Kui sain aru, et v\u00e4hene liikumine ja halb toitumine m\u00f5juvad katastroofiliselt mu ilule, tervisele, meeleolule ja seisundile, otsustasin k\u00f5ike muuta!<\/p>\n\n\n\n<p>Alguses muutsin oma toitumisstiili ja lisasin oma p\u00e4evakavasse regulaarsed jalutusk\u00e4igud parkides, niitudel ja metsades. Aja jooksul imendas loomulik, tervislik elu mind t\u00e4ielikult. Hakkasin uurima erialast kirjandust dieetoloogia ja kehakujunduse kohta ning otsisin huvitavaid fakte nahahoolduse kohta. Rakendasin need teadmised praktikasse &#8211; mul \u00f5nnestus luua oma unistuste figuur, saavutada t\u00e4iuslik vorm, parandada p\u00fcsivalt oma meeleolu ning parandada tugevalt oma naha ja juuste seisundit.<\/p>\n\n\n\n<p>T\u00e4na jagan oma kogemusi ja teadmisi tervise, ilu ja kehakoolituse ning modelleerimise kohta, avaldades artikleid temaatilistes portaalides ja blogides. Minu tekstidest leiate huvitavaid ja kasulikke n\u00f5uandeid, kuidas elada tervislikult ja eluj\u00f5uliselt ning kuidas t\u00f5husalt v\u00f5idelda figuuri ja iluvigade vastu. Kirjutan ka \u00fclevaateid huvitavatest toidulisanditest, kosmeetikatoodetest ja ravimpreparaatidest. Kutsun teid lugema!<\/p>\n","protected":false},"excerpt":{"rendered":"<p>\u00d5ige tervisetoote leidmine \u00fcha kasvaval turul ei ole v\u00e4ike probleem, nagu ka vajaliku teabe leidmine \u00fclemaailmsest veebist. Oleme loonud oma veebilehe, et teha see teile lihtsamaks ja n\u00e4idata teile, mis v\u00f5ib toimida paljude terviseh\u00e4irete puhul ja millised preparaadid aitavad nende ravimisel. Veebilehel kogume ja korraldame teavet, kasutades ainult t\u00f5estatud allikaid, valdkonna parimate ja hinnatud spetsialistide [&hellip;]<\/p>\n","protected":false},"author":1,"featured_media":0,"parent":0,"menu_order":0,"comment_status":"closed","ping_status":"closed","template":"","meta":{"footnotes":""},"class_list":["post-197","page","type-page","status-publish","hentry","box-post"],"_links":{"self":[{"href":"https:\/\/consumers-views.com\/ee\/wp-json\/wp\/v2\/pages\/197","targetHints":{"allow":["GET"]}}],"collection":[{"href":"https:\/\/consumers-views.com\/ee\/wp-json\/wp\/v2\/pages"}],"about":[{"href":"https:\/\/consumers-views.com\/ee\/wp-json\/wp\/v2\/types\/page"}],"author":[{"embeddable":true,"href":"https:\/\/consumers-views.com\/ee\/wp-json\/wp\/v2\/users\/1"}],"replies":[{"embeddable":true,"href":"https:\/\/consumers-views.com\/ee\/wp-json\/wp\/v2\/comments?post=197"}],"version-history":[{"count":5,"href":"https:\/\/consumers-views.com\/ee\/wp-json\/wp\/v2\/pages\/197\/revisions"}],"predecessor-version":[{"id":294,"href":"https:\/\/consumers-views.com\/ee\/wp-json\/wp\/v2\/pages\/197\/revisions\/294"}],"wp:attachment":[{"href":"https:\/\/consumers-views.com\/ee\/wp-json\/wp\/v2\/media?parent=197"}],"curies":[{"name":"wp","href":"https:\/\/api.w.org\/{rel}","templated":true}]}}