{"id":136,"date":"2021-06-01T10:30:30","date_gmt":"2021-06-01T08:30:30","guid":{"rendered":"https:\/\/consumers-views.com\/ee\/?page_id=136"},"modified":"2021-06-01T10:30:30","modified_gmt":"2021-06-01T08:30:30","slug":"privaatsuspoliitika","status":"publish","type":"page","link":"https:\/\/consumers-views.com\/ee\/privaatsuspoliitika\/","title":{"rendered":"Privaatsuspoliitika"},"content":{"rendered":"\n<p><strong>1 \u00dcldine teave<\/strong><\/p>\n\n\n\n<ol class=\"wp-block-list\"><li>K\u00e4esolevat poliitikat kohaldatakse veebisaidi suhtes, mis tegutseb aadressil url: <strong>consumers-views.com\/ee\/<\/strong><\/li><li>Operaator on teie isikuandmete haldaja seoses teenuses vabatahtlikult esitatud andmetega.<\/li><li>Teenus kasutab isikuandmeid j\u00e4rgmistel eesm\u00e4rkidel:<ul><li>Kommenteerimiss\u00fcsteemi k\u00e4ivitamine<\/li><li>P\u00e4ringute k\u00e4sitlemine vormide kaupa<\/li><li>Pakkumise v\u00f5i teabe esitamine<\/li><li>Teenus t\u00e4idab kasutajate ja nende k\u00e4itumise kohta teabe saamise funktsioone j\u00e4rgmiselt:<\/li><\/ul><\/li><\/ol>\n\n\n\n<ol class=\"wp-block-list\"><li>Vormidel vabatahtlikult sisestatud andmete kaudu, mis sisestatakse operaatori s\u00fcsteemidesse.<\/li><li>salvestades teie l\u00f5ppseadmesse k\u00fcpsiseid (nn &#8220;k\u00fcpsiseid&#8221;).<\/li><\/ol>\n\n\n\n<p><strong>2 Operaatori valitud andmekaitsemeetodid<\/strong><\/p>\n\n\n\n<ol class=\"wp-block-list\"><li>Sisselogimise ja isikuandmete sisestamise kohad on kaitstud \u00fclekandekihis (SSL-sertifikaat). See tagab, et veebisaidil sisestatud isiku- ja sisselogimisandmed on kasutaja arvutis kr\u00fcpteeritud ja neid saab lugeda ainult sihtserveris.<\/li><li>Kasutajate paroole hoitakse r\u00e4situd kujul. Hash-funktsioon t\u00f6\u00f6tab \u00fchesuunaliselt &#8211; seda ei ole v\u00f5imalik \u00fcmber p\u00f6\u00f6rata, mis on praegu kaasaegne standard kasutajate paroolide salvestamiseks.<\/li><li>Operaator muudab perioodiliselt oma halduss\u00f5nu.<\/li><li>Andmete kaitsmiseks teeb operaator regulaarselt varukoopiaid.<\/li><li>Andmekaitse oluline element on operaatori poolt isikuandmete t\u00f6\u00f6tlemiseks kasutatava tarkvara korrap\u00e4rane ajakohastamine, mis t\u00e4hendab eelk\u00f5ige programmeerimiskomponentide regulaarset ajakohastamist.<\/li><\/ol>\n\n\n\n<p><strong>3. hosting<\/strong><\/p>\n\n\n\n<ol class=\"wp-block-list\"><li>Teenust hoitakse (tehniliselt hooldatakse) operaatori serveris: ovh.com.<\/li><li>Hosting-firma:<ul><li>kohaldab andmekaotuse kaitsemeetmeid (nt kettamassiivid, korrap\u00e4rased turvakoopiad),<\/li><li>rakendada asjakohaseid meetmeid t\u00f6\u00f6tlemiskohtade kaitsmiseks tulekahju korral (nt spetsiaalsed tulekustutuss\u00fcsteemid),<\/li><li>rakendab asjakohaseid meetmeid t\u00f6\u00f6tlemiss\u00fcsteemide kaitsmiseks ootamatu elektrikatkestuse korral (nt topeltvooluliinid, generaatorid, UPSi varus\u00fcsteemid),<\/li><li>rakendada meetmeid, et f\u00fc\u00fcsiliselt kaitsta juurdep\u00e4\u00e4su andmet\u00f6\u00f6tluskohtadele (nt juurdep\u00e4\u00e4sukontroll, j\u00e4relevalve),<\/li><li>kohaldab meetmeid, et tagada andmet\u00f6\u00f6tluss\u00fcsteemi osana serverite jaoks sobivad keskkonnatingimused (nt keskkonnatingimuste kontroll, spetsiaalsed kliimaseadmed),<\/li><li>kohaldab organisatsioonilisi meetmeid, et tagada v\u00f5imalikult suur kaitse ja konfidentsiaalsus (koolitus, sisekorraeeskirjad, paroolide kasutamise p\u00f5him\u00f5tted jne),<\/li><li>on m\u00e4\u00e4ranud andmekaitseametniku.<\/li><\/ul><\/li><li>Tehnilise t\u00f6\u00f6kindluse tagamiseks s\u00e4ilitab hostingufirma logisid serveri tasandil. Logisid v\u00f5ib salvestada:<ul><li>URL-tunnusega m\u00e4\u00e4ratletud ressursid (taotletud ressursside &#8211; lehek\u00fclgede, failide &#8211; aadressid),<\/li><li>aeg p\u00e4ringu saabumiseks,<\/li><li>aeg vastuse saatmiseks,<\/li><li>kliendi jaama nimi &#8211; HTTP-protokolliga rakendatud identifikatsioon,<\/li><li>teave HTTP-tehingute t\u00e4itmise ajal ilmnenud vigade kohta,<\/li><li>kasutaja poolt eelnevalt k\u00fclastatud lehek\u00fclje URL (referer link) &#8211; juhul, kui juurdep\u00e4\u00e4s teenusele toimus lingi kaudu,<\/li><li>teave teie brauseri kohta,<\/li><li>IP-aadressi teave,<\/li><li>Diagnostiline teave, mis on seotud teenuste isetellimise protsessiga veebilehel olevate salvestite kaudu,<\/li><li>teave, mis on seotud operaatorile adresseeritud ja tema poolt saadetud elektroonilise posti k\u00e4itlemisega.<\/li><\/ul><\/li><\/ol>\n\n\n\n<p><strong>4. teie \u00f5igused ja lisateave teie andmete kasutamise kohta<\/strong><\/p>\n\n\n\n<ol class=\"wp-block-list\"><li>M\u00f5nes olukorras on halduril \u00f5igus edastada teie isikuandmeid teistele vastuv\u00f5tjatele, kui see on vajalik teiega s\u00f5lmitud lepingu t\u00e4itmiseks v\u00f5i halduri kohustuste t\u00e4itmiseks. See kehtib selliste vastuv\u00f5tjate r\u00fchmade suhtes:<ul><li>hosting-firma usalduse alusel<\/li><li>volitatud t\u00f6\u00f6tajad ja t\u00f6\u00f6tajad, kes kasutavad andmeid veebilehe eesm\u00e4rgi saavutamiseks.<\/li><\/ul><\/li><li>Haldaja ei t\u00f6\u00f6tle teie isikuandmeid kauem, kui see on vajalik eraldi eeskirjades s\u00e4testatud tegevuste (nt raamatupidamise) teostamiseks. Turundusandmeid ei t\u00f6\u00f6delda kauem kui 3 aastat.<\/li><li>Teil on \u00f5igus n\u00f5uda administraatorilt:<ul><li>juurdep\u00e4\u00e4s teie isikuandmetele,<\/li><li>nende parandused,<\/li><li>kustutused,<\/li><li>t\u00f6\u00f6tlemispiirangud,<\/li><li>ja andmeedastus.<\/li><\/ul><\/li><li>Teil on \u00f5igus esitada vastuv\u00e4iteid punktis 3.3 c) osutatud isikuandmete t\u00f6\u00f6tlemisele, et teostada haldaja \u00f5igustatud huve, sealhulgas profiilianal\u00fc\u00fcsi, kuid vastuv\u00e4iteid ei esitata, kui on olemas olulised \u00f5igusp\u00e4rased p\u00f5hjused, mis kaaluvad \u00fcles teie huvid, huvid, \u00f5igused ja vabadused, eelk\u00f5ige teie n\u00f5uete kehtestamiseks, teostamiseks v\u00f5i kaitsmiseks.<\/li><li>Isikuandmete esitamine on vabatahtlik, kuid teenuse toimimiseks vajalik.<\/li><li>Teie suhtes v\u00f5idakse kohaldada automatiseeritud otsustusprotsessi, sealhulgas profiilianal\u00fc\u00fcsi, et pakkuda lepingu kohaseid teenuseid ja teostada haldaja poolt otseturundust.<\/li><li>Isikuandmeid ei edastata kolmandatest riikidest andmekaitse-eeskirjade t\u00e4henduses. See t\u00e4hendab, et me ei saada neid v\u00e4ljapoole Euroopa Liitu.<\/li><\/ol>\n\n\n\n<p><strong>5. teave vormidel<\/strong><\/p>\n\n\n\n<ol class=\"wp-block-list\"><li>Teenus kogub kasutaja poolt vabatahtlikult esitatud teavet, sealhulgas isikuandmeid, kui neid on.<\/li><li>Teenus v\u00f5ib salvestada teavet \u00fchenduse parameetrite kohta (ajatempel, IP-aadress).<\/li><li>M\u00f5nel juhul v\u00f5ib teenus salvestada teavet, et h\u00f5lbustada vormi andmete sidumist vormi t\u00e4itva kasutaja e-posti aadressiga. Sellisel juhul ilmub kasutaja e-posti aadress vormi sisaldava lehe url&#8217;i sees.<\/li><li>Vormis esitatud andmeid t\u00f6\u00f6deldakse konkreetse vormi funktsioonist tuleneval eesm\u00e4rgil, nt teenuse taotluse v\u00f5i \u00e4rikontakti k\u00e4sitlemiseks, teenuste registreerimiseks jne. Iga kord on vormi kontekstist ja kirjeldusest selgelt n\u00e4ha, milleks seda vormi kasutatakse.<\/li><\/ol>\n\n\n\n<p><strong>6 Administraatorite logid<\/strong><\/p>\n\n\n\n<ol class=\"wp-block-list\"><li>Teave kasutajate k\u00e4itumise kohta saidil v\u00f5ib olla sisselogimise objektiks. Neid andmeid kasutatakse teenuse haldamiseks.<\/li><\/ol>\n\n\n\n<p><strong>7 olulist turundustehnikat<\/strong><\/p>\n\n\n\n<ol class=\"wp-block-list\"><li>Operaator kasutab veebilehe k\u00fclastatavuse statistilist anal\u00fc\u00fcsi Google Analyticsi kaudu. Operaator ei edasta selle teenuse operaatorile isikuandmeid, vaid ainult anon\u00fc\u00fcmset teavet. Teenus p\u00f5hineb k\u00fcpsiste kasutamisel teie l\u00f5ppseadmes.<\/li><li>Operaator kasutab remarketingi meetodeid, mis v\u00f5imaldavad sobitada reklaams\u00f5numeid kasutaja k\u00e4itumisega veebilehel, mis v\u00f5ib tekitada illusiooni, et kasutaja isikuandmeid kasutatakse kasutaja j\u00e4lgimiseks, kuid tegelikkuses ei edastata operaatorilt reklaamioperaatoritele mingeid isikuandmeid. Selliste tegevuste tehnoloogiline tingimus on, et k\u00fcpsised on lubatud.<\/li><li>Operaator kasutab lahendust, mis uurib kasutajate k\u00e4itumist, luues soojuskaarte ja salvestades k\u00e4itumist veebilehel. See teave anon\u00fc\u00fcmseks muudetakse enne teenusepakkujale saatmist, nii et ta ei tea, millist isikut see puudutab. Eelk\u00f5ige ei salvestata paroole ega muid isikuandmeid.<\/li><\/ol>\n\n\n\n<p><strong>8. teave k\u00fcpsiste kohta<\/strong><\/p>\n\n\n\n<ol class=\"wp-block-list\"><li>Veebisait kasutab k\u00fcpsiseid.<\/li><li>K\u00fcpsisefailid (nn &#8220;k\u00fcpsised&#8221;) on IT-andmed, eelk\u00f5ige tekstifailid, mis salvestatakse teenuse kasutaja l\u00f5ppseadmesse ja mis on m\u00f5eldud veebilehe veebisaitide kasutamiseks. K\u00fcpsised sisaldavad tavaliselt selle veebisaidi nime, millelt need p\u00e4rinevad, aega, mil need l\u00f5ppseadmesse salvestatakse, ja unikaalset numbrit.<\/li><li>Teenuse kasutaja l\u00f5ppseadmesse k\u00fcpsiste paigutamise ja neile juurdep\u00e4\u00e4su saamise subjektiks on teenuse operaator.<\/li><li>K\u00fcpsiseid kasutatakse j\u00e4rgmistel eesm\u00e4rkidel:<ol><li>Teenuse kasutajasessiooni s\u00e4ilitamine (p\u00e4rast sisselogimist), t\u00e4nu millele ei pea kasutaja igal Teenuse alamlehel oma kasutajatunnust ja parooli uuesti sisestama;<\/li><li>eespool punktis &#8220;Asjakohased turundustehnikad&#8221; s\u00e4testatud eesm\u00e4rkide saavutamine;<\/li><\/ol><\/li><li>Teenus kasutab kahte p\u00f5hilist k\u00fcpsiste t\u00fc\u00fcpi: &#8220;seansik\u00fcpsised&#8221; (seansik\u00fcpsised) ja &#8220;p\u00fcsik\u00fcpsised&#8221; (p\u00fcsik\u00fcpsised). Seansik\u00fcpsised on ajutised failid, mida s\u00e4ilitatakse kasutaja l\u00f5ppseadmes kuni v\u00e4lja logimiseni, veebilehelt lahkumiseni v\u00f5i tarkvara (veebilehitseja) v\u00e4ljal\u00fclitamiseni. &#8220;P\u00fcsivad&#8221; k\u00fcpsised salvestatakse kasutaja l\u00f5ppseadmes k\u00fcpsiste parameetrites m\u00e4\u00e4ratud ajaks v\u00f5i kuni kasutaja kustutab need.<\/li><li>Veebilehitseja tarkvara (veebilehitseja) v\u00f5imaldab tavaliselt vaikimisi salvestada k\u00fcpsiseid kasutaja l\u00f5ppseadmesse. Teenuse kasutajad saavad selles valdkonnas oma seadeid muuta. Internetibrauser v\u00f5imaldab k\u00fcpsiseid kustutada. Samuti on v\u00f5imalik k\u00fcpsised automaatselt blokeerida. \u00dcksikasjalik teave sel teemal on esitatud internetibrauseri abis v\u00f5i dokumentatsioonis.<\/li><li>K\u00fcpsiste kasutamise piirangud v\u00f5ivad m\u00f5jutada m\u00f5ningaid veebisaidi funktsioone.<\/li><li>Veebisaidi kasutaja l\u00f5ppseadmesse paigutatud k\u00fcpsiseid v\u00f5ivad kasutada ka veebilehe operaatoriga koost\u00f6\u00f6d tegevad \u00fcksused, eelk\u00f5ige ettev\u00f5tted: Google (Google Inc., asukoht USA), Facebook (Facebook Inc., asukoht USA), Twitter (Twitter Inc., asukoht USA).<\/li><\/ol>\n\n\n\n<p><strong>9) K\u00fcpsiste haldamine &#8211; kuidas anda ja t\u00fchistada n\u00f5usolekut praktikas?<\/strong><\/p>\n\n\n\n<ol class=\"wp-block-list\"><li>Kui te ei soovi k\u00fcpsiseid saada, saate muuta oma brauseri seadeid. Me j\u00e4tame endale \u00f5iguse keelata autentimisprotsesside, turvalisuse, kasutajate eelistuste s\u00e4ilitamise jaoks vajalike k\u00fcpsiste kasutamise, mis v\u00f5ib raskendada ja \u00e4\u00e4rmuslikel juhtudel takistada veebisaitide kasutamist.<\/li><\/ol>\n","protected":false},"excerpt":{"rendered":"<p>1 \u00dcldine teave K\u00e4esolevat poliitikat kohaldatakse veebisaidi suhtes, mis tegutseb aadressil url: consumers-views.com\/ee\/ Operaator on teie isikuandmete haldaja seoses teenuses vabatahtlikult esitatud andmetega. Teenus kasutab isikuandmeid j\u00e4rgmistel eesm\u00e4rkidel: Kommenteerimiss\u00fcsteemi k\u00e4ivitamine P\u00e4ringute k\u00e4sitlemine vormide kaupa Pakkumise v\u00f5i teabe esitamine Teenus t\u00e4idab kasutajate ja nende k\u00e4itumise kohta teabe saamise funktsioone j\u00e4rgmiselt: Vormidel vabatahtlikult sisestatud andmete kaudu, mis [&hellip;]<\/p>\n","protected":false},"author":1,"featured_media":0,"parent":0,"menu_order":0,"comment_status":"closed","ping_status":"closed","template":"","meta":{"footnotes":""},"class_list":["post-136","page","type-page","status-publish","hentry","box-post"],"_links":{"self":[{"href":"https:\/\/consumers-views.com\/ee\/wp-json\/wp\/v2\/pages\/136","targetHints":{"allow":["GET"]}}],"collection":[{"href":"https:\/\/consumers-views.com\/ee\/wp-json\/wp\/v2\/pages"}],"about":[{"href":"https:\/\/consumers-views.com\/ee\/wp-json\/wp\/v2\/types\/page"}],"author":[{"embeddable":true,"href":"https:\/\/consumers-views.com\/ee\/wp-json\/wp\/v2\/users\/1"}],"replies":[{"embeddable":true,"href":"https:\/\/consumers-views.com\/ee\/wp-json\/wp\/v2\/comments?post=136"}],"version-history":[{"count":1,"href":"https:\/\/consumers-views.com\/ee\/wp-json\/wp\/v2\/pages\/136\/revisions"}],"predecessor-version":[{"id":137,"href":"https:\/\/consumers-views.com\/ee\/wp-json\/wp\/v2\/pages\/136\/revisions\/137"}],"wp:attachment":[{"href":"https:\/\/consumers-views.com\/ee\/wp-json\/wp\/v2\/media?parent=136"}],"curies":[{"name":"wp","href":"https:\/\/api.w.org\/{rel}","templated":true}]}}