{"id":198,"date":"2021-06-02T15:50:47","date_gmt":"2021-06-02T13:50:47","guid":{"rendered":"https:\/\/consumers-views.com\/dk\/?page_id=198"},"modified":"2021-06-22T11:23:20","modified_gmt":"2021-06-22T09:23:20","slug":"om-os","status":"publish","type":"page","link":"https:\/\/consumers-views.com\/dk\/om-os\/","title":{"rendered":"Om os"},"content":{"rendered":"\n<p>Det er ikke let at finde det rigtige sundhedsprodukt p\u00e5 det stadigt voksende marked, og det er heller ikke let at finde de oplysninger, du har brug for, p\u00e5 det globale net. Vi har oprettet vores websted for at g\u00f8re det lettere for dig og for at vise dig, hvad der kan virke mod mange lidelser, og hvilke pr\u00e6parater der kan hj\u00e6lpe med behandlingen. P\u00e5 webstedet indsamler og organiserer vi oplysninger, idet vi kun bruger dokumenterede kilder, udtalelser fra de bedste og v\u00e6rdsatte specialister p\u00e5 omr\u00e5det.<\/p>\n\n\n\n<p>Det er v\u00e6rd at l\u00e6se de artikler, der er skrevet af vores redaktion, som hver dag tester for dig bl.a. kosttilskud, der hj\u00e6lper med v\u00e6gttab, problemer for m\u00e6nd eller andre almindelige lidelser. Vi p\u00e5st\u00e5r ikke, at vi ved alt om det, men vi tilegner os hele tiden den n\u00f8dvendige viden, s\u00e5 hver enkelt l\u00e6ser, der bes\u00f8ger vores hjemmeside, ved, hvad der er bedst for ham. Vi inviterer dig til at l\u00e6se og dele dine kommentarer og bem\u00e6rkninger. Dine kommentarer og bem\u00e6rkninger er altid velkomne, og vi vil med gl\u00e6de besvare dem.<\/p>\n\n\n\n<h2 class=\"wp-block-heading\">Kamila Lewandowska<\/h2>\n\n\n\n<div class=\"wp-block-image\"><figure class=\"alignleft size-large is-resized\"><figure id=\"attachment_203\" class=\"alignnone width-full\" style=\"width: 316px;\"><img loading=\"lazy\" decoding=\"async\" data-caption=\"\" src=\"https:\/\/consumers-views.com\/dk\/wp-content\/uploads\/2021\/06\/Kamila-Lewandowska-631x1024.jpg\" alt=\"\" class=\"wp-image-203\" width=\"316\" height=\"512\" title=\"\" srcset=\"https:\/\/consumers-views.com\/dk\/wp-content\/uploads\/2021\/06\/Kamila-Lewandowska-631x1024.jpg 631w, https:\/\/consumers-views.com\/dk\/wp-content\/uploads\/2021\/06\/Kamila-Lewandowska-185x300.jpg 185w, https:\/\/consumers-views.com\/dk\/wp-content\/uploads\/2021\/06\/Kamila-Lewandowska-768x1247.jpg 768w, https:\/\/consumers-views.com\/dk\/wp-content\/uploads\/2021\/06\/Kamila-Lewandowska-946x1536.jpg 946w, https:\/\/consumers-views.com\/dk\/wp-content\/uploads\/2021\/06\/Kamila-Lewandowska-15x24.jpg 15w, https:\/\/consumers-views.com\/dk\/wp-content\/uploads\/2021\/06\/Kamila-Lewandowska-22x36.jpg 22w, https:\/\/consumers-views.com\/dk\/wp-content\/uploads\/2021\/06\/Kamila-Lewandowska-30x48.jpg 30w, https:\/\/consumers-views.com\/dk\/wp-content\/uploads\/2021\/06\/Kamila-Lewandowska.jpg 924w\" sizes=\"auto, (max-width: 316px) 100vw, 316px\" \/><\/figure><\/figure><\/div>\n\n\n\n<p>Mit navn er Kamila Lewandowska. Jeg er uddannet cand.scient.scient.i di\u00e6tetik og er uddannet fra University of Health, Beauty and Education i Poznan. Fremme af en sund livsstil. Til daglig arbejder jeg som di\u00e6tist p\u00e5 plejehjemmet i Toru\u0144, og jeg driver min private praksis p\u00e5 di\u00e6tetikerkontoret. Jeg hj\u00e6lper mine patienter med at \u00e6ndre deres tankegang, s\u00e5 sund kost ikke er et mareridt. Jeg s\u00e6tter pris p\u00e5 enkle, hurtige og sunde retter. Jeg fors\u00f8ger hele tiden at uddybe min viden inden for di\u00e6tetik, s\u00e5 jeg har allerede deltaget i mange kurser, der giver mig mulighed for at g\u00f8re det. I min fritid elsker jeg at rejse, at bruge tid p\u00e5 rullesk\u00f8jter og at l\u00e6se b\u00f8ger.<\/p>\n\n\n\n<hr class=\"wp-block-separator\"\/>\n\n\n\n<h2 class=\"wp-block-heading\">Aleksandra Dziura<\/h2>\n\n\n\n<div class=\"wp-block-image\"><figure class=\"alignleft size-large is-resized\"><figure id=\"attachment_204\" class=\"alignnone width-full\" style=\"width: 350px;\"><img loading=\"lazy\" decoding=\"async\" data-caption=\"\" src=\"https:\/\/consumers-views.com\/dk\/wp-content\/uploads\/2021\/06\/Aleksandra-Dziura-699x1024.jpg\" alt=\"\" class=\"wp-image-204\" width=\"350\" height=\"512\" title=\"\" srcset=\"https:\/\/consumers-views.com\/dk\/wp-content\/uploads\/2021\/06\/Aleksandra-Dziura-699x1024.jpg 699w, https:\/\/consumers-views.com\/dk\/wp-content\/uploads\/2021\/06\/Aleksandra-Dziura-205x300.jpg 205w, https:\/\/consumers-views.com\/dk\/wp-content\/uploads\/2021\/06\/Aleksandra-Dziura-768x1126.jpg 768w, https:\/\/consumers-views.com\/dk\/wp-content\/uploads\/2021\/06\/Aleksandra-Dziura-1048x1536.jpg 1048w, https:\/\/consumers-views.com\/dk\/wp-content\/uploads\/2021\/06\/Aleksandra-Dziura-16x24.jpg 16w, https:\/\/consumers-views.com\/dk\/wp-content\/uploads\/2021\/06\/Aleksandra-Dziura-25x36.jpg 25w, https:\/\/consumers-views.com\/dk\/wp-content\/uploads\/2021\/06\/Aleksandra-Dziura-33x48.jpg 33w, https:\/\/consumers-views.com\/dk\/wp-content\/uploads\/2021\/06\/Aleksandra-Dziura.jpg 924w\" sizes=\"auto, (max-width: 350px) 100vw, 350px\" \/><\/figure><\/figure><\/div>\n\n\n\n<p>Kandidat og kandidat i di\u00e6tetik fra det medicinske universitet i Warszawa, stifter af NutriAid-klinikken, di\u00e6tist p\u00e5 Sports Medicine Centre. Deltager i ekspertuddannelsen i sportsern\u00e6ring IOPN Diploma in Performance Nutrition. Hun har gennemf\u00f8rt en r\u00e6kke specialiserede kurser, som er organiseret af polske og udenlandske institutioner, herunder et seks m\u00e5neders kursus &#8220;The low FODMAP diet for IBS&#8221;, som blev gennemf\u00f8rt af det australske Monash University. Forfatter af artikler, b\u00f8ger og popul\u00e6rvidenskabelige e-b\u00f8ger.<\/p>\n\n\n\n<hr class=\"wp-block-separator\"\/>\n\n\n\n<h2 class=\"wp-block-heading\">Piotr Koz\u0142owski<\/h2>\n\n\n\n<div class=\"wp-block-image\"><figure class=\"alignleft size-large\"><figure id=\"attachment_205\" class=\"alignnone width-full text-columns-nobreak\" style=\"width: ;\"><img loading=\"lazy\" decoding=\"async\" width=\"305\" height=\"508\" data-caption=\"\" src=\"https:\/\/consumers-views.com\/dk\/wp-content\/uploads\/2021\/06\/PiotrK3.jpg\" alt=\"\" class=\"wp-image-205\" title=\"\" srcset=\"https:\/\/consumers-views.com\/dk\/wp-content\/uploads\/2021\/06\/PiotrK3.jpg 305w, https:\/\/consumers-views.com\/dk\/wp-content\/uploads\/2021\/06\/PiotrK3-180x300.jpg 180w, https:\/\/consumers-views.com\/dk\/wp-content\/uploads\/2021\/06\/PiotrK3-14x24.jpg 14w, https:\/\/consumers-views.com\/dk\/wp-content\/uploads\/2021\/06\/PiotrK3-22x36.jpg 22w, https:\/\/consumers-views.com\/dk\/wp-content\/uploads\/2021\/06\/PiotrK3-29x48.jpg 29w\" sizes=\"auto, (max-width: 305px) 100vw, 305px\" \/><\/figure><\/figure><\/div>\n\n\n\n<p>Min passion er alt, hvad der har med en sund livsstil at g\u00f8re. Jeg har besk\u00e6ftiget mig med di\u00e6tetik og relaterede emner i n\u00e6sten 10 \u00e5r, og i den tid har jeg gennemf\u00f8rt mange faglige kurser p\u00e5 dette omr\u00e5de. Det gav mig en masse viden og et solidt grundlag for at formulere principperne for sund kost, som jeg f\u00f8rst pr\u00f8vede p\u00e5 mig selv. Jeg k\u00e6mpede selv med overv\u00e6gt, og da forskellige tilf\u00e6ldige di\u00e6ter ikke gav nogen effekt, besluttede jeg mig for at tage fat p\u00e5 emnet professionelt, og det lykkedes mig endelig at tabe mig.<\/p>\n\n\n\n<p>Fra det \u00f8jeblik begyndte jeg at udvikle min passion, og efterh\u00e5nden tilf\u00f8jede jeg andre sundhedsaspekter til v\u00e6gttab. F\u00f8rst og fremmest fysisk aktivitet, uden hvilken du ikke kan dr\u00f8mme om at tabe dig, og derefter sp\u00f8rgsm\u00e5l forbundet med problemer, der p\u00e5virker et stort antal m\u00e6nd, hvilket for\u00e5rsager et fald i libido eller fremskyndet skaldethed. Jeg leder efter nye kosttilskud, b\u00e5de til v\u00e6gttab og til forbedring af den generelle sundhed, og n\u00e5r jeg gennemg\u00e5r dem, opdeler jeg deres sammens\u00e6tning i f\u00f8rste faktorer og beskriver de enkelte aktive stoffers virkning for dig. Jeg br\u00e6nder ogs\u00e5 for urtemedicin, og jeg bliver ved med at finde og beskrive planter, som med succes kan erstatte de fleste kunstige ingredienser i popul\u00e6r medicin.<\/p>\n\n\n\n<hr class=\"wp-block-separator\"\/>\n\n\n\n<h2 class=\"wp-block-heading\">Karolina Wieczorek<\/h2>\n\n\n\n<div class=\"wp-block-image\"><figure class=\"alignleft size-large is-resized\"><figure id=\"attachment_206\" class=\"alignnone width-full\" style=\"width: 288px;\"><img loading=\"lazy\" decoding=\"async\" data-caption=\"\" src=\"https:\/\/consumers-views.com\/dk\/wp-content\/uploads\/2021\/06\/Karolina2.jpg\" alt=\"\" class=\"wp-image-206\" width=\"288\" height=\"481\" title=\"\" srcset=\"https:\/\/consumers-views.com\/dk\/wp-content\/uploads\/2021\/06\/Karolina2.jpg 384w, https:\/\/consumers-views.com\/dk\/wp-content\/uploads\/2021\/06\/Karolina2-180x300.jpg 180w, https:\/\/consumers-views.com\/dk\/wp-content\/uploads\/2021\/06\/Karolina2-14x24.jpg 14w, https:\/\/consumers-views.com\/dk\/wp-content\/uploads\/2021\/06\/Karolina2-22x36.jpg 22w, https:\/\/consumers-views.com\/dk\/wp-content\/uploads\/2021\/06\/Karolina2-29x48.jpg 29w\" sizes=\"auto, (max-width: 288px) 100vw, 288px\" \/><\/figure><\/figure><\/div>\n\n\n\n<p>Jeg er en entusiast af et aktivt liv og naturlig ern\u00e6ring. Hver dag forbedrer jeg min krop og mit sind &#8211; jeg l\u00f8ber, tr\u00e6ner i fitnesscenteret, g\u00e5r, mediterer, fordyber mig i det sunde, lette, men alligevel velsmagende og aromatiske k\u00f8kken. Mit liv plejede at se helt anderledes ud. Jeg plejede at leve en typisk stillesiddende livsstil &#8211; arbejde ved computeren, ingen sport, minimal tid udend\u00f8rs, junkfood, masser af kaffe\u2026 Da jeg inds\u00e5, at manglende bev\u00e6gelse og d\u00e5rlig kost har en katastrofal effekt p\u00e5 min sk\u00f8nhed, sundhed, hum\u00f8r og kondition, besluttede jeg at \u00e6ndre alt!<\/p>\n\n\n\n<p>I f\u00f8rste omgang \u00e6ndrede jeg min kost og indf\u00f8rte regelm\u00e6ssige g\u00e5ture i parker, enge og skove i mit skema. Med tiden optog det naturlige, sunde liv mig helt og holdent. Jeg begyndte at udforske faglitteratur om di\u00e6tetik, kropsformning og s\u00f8ge efter interessante fakta om hudpleje. Jeg satte denne viden i praksis &#8211; det lykkedes mig at skabe min dr\u00f8mmefigur, komme i perfekt form, forbedre mit hum\u00f8r permanent og kraftigt forbedre min hud og mit h\u00e5r.<\/p>\n\n\n\n<p>I dag deler jeg min erfaring og viden om sundhed, sk\u00f8nhed, kropstr\u00e6ning og modelarbejde ved at udgive artikler p\u00e5 tematiske portaler og blogs. I mine tekster kan du finde interessante og nyttige r\u00e5d om, hvordan du kan leve et sundt og vitalt liv, og hvordan du effektivt bek\u00e6mper figur- og sk\u00f8nhedsfejl. Jeg skriver ogs\u00e5 anmeldelser af interessante kosttilskud, kosmetik og medicinske pr\u00e6parater. Jeg inviterer dig til at l\u00e6se!<\/p>\n","protected":false},"excerpt":{"rendered":"<p>Det er ikke let at finde det rigtige sundhedsprodukt p\u00e5 det stadigt voksende marked, og det er heller ikke let at finde de oplysninger, du har brug for, p\u00e5 det globale net. Vi har oprettet vores websted for at g\u00f8re det lettere for dig og for at vise dig, hvad der kan virke mod mange [&hellip;]<\/p>\n","protected":false},"author":1,"featured_media":0,"parent":0,"menu_order":0,"comment_status":"closed","ping_status":"closed","template":"","meta":{"footnotes":""},"class_list":["post-198","page","type-page","status-publish","hentry","box-post"],"_links":{"self":[{"href":"https:\/\/consumers-views.com\/dk\/wp-json\/wp\/v2\/pages\/198","targetHints":{"allow":["GET"]}}],"collection":[{"href":"https:\/\/consumers-views.com\/dk\/wp-json\/wp\/v2\/pages"}],"about":[{"href":"https:\/\/consumers-views.com\/dk\/wp-json\/wp\/v2\/types\/page"}],"author":[{"embeddable":true,"href":"https:\/\/consumers-views.com\/dk\/wp-json\/wp\/v2\/users\/1"}],"replies":[{"embeddable":true,"href":"https:\/\/consumers-views.com\/dk\/wp-json\/wp\/v2\/comments?post=198"}],"version-history":[{"count":5,"href":"https:\/\/consumers-views.com\/dk\/wp-json\/wp\/v2\/pages\/198\/revisions"}],"predecessor-version":[{"id":296,"href":"https:\/\/consumers-views.com\/dk\/wp-json\/wp\/v2\/pages\/198\/revisions\/296"}],"wp:attachment":[{"href":"https:\/\/consumers-views.com\/dk\/wp-json\/wp\/v2\/media?parent=198"}],"curies":[{"name":"wp","href":"https:\/\/api.w.org\/{rel}","templated":true}]}}