{"id":186,"date":"2021-06-01T10:28:34","date_gmt":"2021-06-01T08:28:34","guid":{"rendered":"https:\/\/consumers-views.com\/dk\/?page_id=186"},"modified":"2021-06-01T10:28:34","modified_gmt":"2021-06-01T08:28:34","slug":"fortrolighedspolitik","status":"publish","type":"page","link":"https:\/\/consumers-views.com\/dk\/fortrolighedspolitik\/","title":{"rendered":"Fortrolighedspolitik"},"content":{"rendered":"\n<p><strong>1 Generelle oplysninger<\/strong><\/p>\n\n\n\n<ol class=\"wp-block-list\"><li>Denne politik g\u00e6lder for webstedet, som opererer p\u00e5 adressen: <strong>consumers-views.com\/dk\/<\/strong><\/li><li>Operat\u00f8ren er administrator af dine personoplysninger i forbindelse med de data, som du frivilligt afgiver i tjenesten.<\/li><li>Tjenesten bruger personoplysninger til f\u00f8lgende form\u00e5l:<ul><li>K\u00f8rsel af et kommentarsystem<\/li><li>H\u00e5ndtering af foresp\u00f8rgsler via formular<\/li><li>Freml\u00e6ggelse af et tilbud eller oplysninger<\/li><li>Tjenesten udf\u00f8rer funktionerne for at indhente oplysninger om brugerne og deres adf\u00e6rd p\u00e5 f\u00f8lgende m\u00e5de:<\/li><\/ul><\/li><\/ol>\n\n\n\n<ol class=\"wp-block-list\"><li>Gennem de data, der frivilligt indtastes i formularerne, som indl\u00e6ses i operat\u00f8rens systemer.<\/li><li>Ved at lagre cookies (s\u00e5kaldte &#8220;cookies&#8221;) p\u00e5 dit terminaludstyr.<\/li><\/ol>\n\n\n\n<p><strong>2 Udvalgte databeskyttelsesmetoder, der anvendes af operat\u00f8ren<\/strong><\/p>\n\n\n\n<ol class=\"wp-block-list\"><li>De steder, hvor du logger ind og indtaster personlige data, er beskyttet i transmissionslaget (SSL-certifikat). Dette sikrer, at de personlige data og login-data, der indtastes p\u00e5 webstedet, krypteres p\u00e5 brugerens computer og kun kan l\u00e6ses p\u00e5 m\u00e5lserveren.<\/li><li>Brugernes adgangskoder gemmes i en hashed form. Hashfunktionen fungerer ensrettet &#8211; det er ikke muligt at vende den om, hvilket i \u00f8jeblikket er den moderne standard for lagring af brugeradgangskoder.<\/li><li>Operat\u00f8ren \u00e6ndrer regelm\u00e6ssigt sine administrative adgangskoder.<\/li><li>For at beskytte dataene foretager operat\u00f8ren regelm\u00e6ssigt sikkerhedskopier.<\/li><li>Et vigtigt element i databeskyttelsen er regelm\u00e6ssig opdatering af enhver software, som operat\u00f8ren anvender til behandling af personoplysninger, hvilket is\u00e6r betyder regelm\u00e6ssig opdatering af programmeringskomponenter.<\/li><\/ol>\n\n\n\n<p><strong>3. hosting<\/strong><\/p>\n\n\n\n<ol class=\"wp-block-list\"><li>Tjenesten er hostet (teknisk vedligeholdt) p\u00e5 operat\u00f8rens server: ovh.com<\/li><li>Hostingvirksomhed:<ul><li>anvender foranstaltninger til beskyttelse mod datatab (f.eks. disk arrays, regelm\u00e6ssige sikkerhedskopier),<\/li><li>anvende passende foranstaltninger til beskyttelse af forarbejdningsanl\u00e6g i tilf\u00e6lde af brand (f.eks. s\u00e6rlige brandslukningsanl\u00e6g),<\/li><li>anvender passende foranstaltninger til at beskytte processystemerne i tilf\u00e6lde af pludselig str\u00f8mafbrydelse (f.eks. dobbelte str\u00f8mledninger, generatorer, UPS-backup-systemer),<\/li><li>anvende foranstaltninger til fysisk beskyttelse af adgangen til databehandlingssteder (f.eks. adgangskontrol, overv\u00e5gning),<\/li><li>anvender foranstaltninger til at sikre passende milj\u00f8forhold for servere som en del af et databehandlingssystem (f.eks. kontrol af milj\u00f8forhold, specialiserede klimaanl\u00e6g),<\/li><li>anvender organisatoriske foranstaltninger for at sikre den h\u00f8jest mulige grad af beskyttelse og fortrolighed (uddannelse, interne regler, adgangskodepolitik osv.),<\/li><li>har udpeget en databeskyttelsesr\u00e5dgiver.<\/li><\/ul><\/li><li>Hostingfirmaet f\u00f8rer logs p\u00e5 serverniveau for at sikre teknisk p\u00e5lidelighed. Logs kan gemmes:<ul><li>ressourcer defineret ved URL-identifikatoren (adresser p\u00e5 de \u00f8nskede ressourcer &#8211; sider, filer),<\/li><li>tid til, at foresp\u00f8rgslen ankommer,<\/li><li>tid til at sende svaret,<\/li><li>klientstationsnavn &#8211; identifikation, der implementeres af HTTP-protokollen,<\/li><li>oplysninger om fejl, der er opst\u00e5et under udf\u00f8relsen af HTTP-transaktioner,<\/li><li>URL-adressen for den side, som brugeren tidligere har bes\u00f8gt (referer-link) &#8211; i tilf\u00e6lde hvor adgangen til tjenesten er sket via et link,<\/li><li>oplysninger om din browser,<\/li><li>Oplysninger om IP-adresse,<\/li><li>Diagnostiske oplysninger vedr\u00f8rende processen for selvbestilling af tjenester via optagere p\u00e5 webstedet,<\/li><li>oplysninger om h\u00e5ndtering af elektronisk post, der er adresseret til og sendt af operat\u00f8ren.<\/li><\/ul><\/li><\/ol>\n\n\n\n<p><strong>4. dine rettigheder og yderligere oplysninger om brugen af dine oplysninger<\/strong><\/p>\n\n\n\n<ol class=\"wp-block-list\"><li>I visse situationer har administratoren ret til at overf\u00f8re dine personoplysninger til andre modtagere, hvis det er n\u00f8dvendigt for at opfylde den kontrakt, der er indg\u00e5et med dig, eller for at opfylde administratorens forpligtelser. Dette g\u00e6lder for s\u00e5danne grupper af modtagere:<ul><li>hostingvirksomhed p\u00e5 et tillidsgrundlag<\/li><li>autoriserede medarbejdere og samarbejdspartnere, der bruger oplysningerne for at opfylde webstedets form\u00e5l<\/li><\/ul><\/li><li>Dine personoplysninger behandles af administratoren ikke l\u00e6ngere, end det er n\u00f8dvendigt for at udf\u00f8re de relaterede aktiviteter, der er specificeret i s\u00e6rskilte bestemmelser (f.eks. om regnskaber). Med hensyn til markedsf\u00f8ringsdata behandles dataene ikke i mere end 3 \u00e5r.<\/li><li>Du har ret til at kr\u00e6ve det af administratoren:<ul><li>adgang til dine personlige oplysninger,<\/li><li>deres berigtigelser,<\/li><li>sletninger,<\/li><li>forarbejdningsrestriktioner,<\/li><li>og dataoverf\u00f8rsel.<\/li><\/ul><\/li><li>Du har ret til at g\u00f8re indsigelse mod den behandling af personoplysninger, der er anf\u00f8rt i punkt 3.3 c), mod behandling af personoplysninger med henblik p\u00e5 at varetage administratorens legitime interesser, herunder profilering, men retten til at g\u00f8re indsigelse vil ikke blive ud\u00f8vet, hvis der er vigtige legitime grunde til behandling, interesser, rettigheder og frihedsrettigheder, der g\u00e5r forud for dine interesser, navnlig for at fastsl\u00e5, forf\u00f8lge eller forsvare dine krav.<\/li><li>Det er frivilligt at afgive personoplysninger, men det er n\u00f8dvendigt for at kunne drive tjenesten.<\/li><li>Du kan v\u00e6re genstand for automatiseret beslutningstagning, herunder profilering, med henblik p\u00e5 at levere tjenester i henhold til kontrakten og for at gennemf\u00f8re direkte markedsf\u00f8ring af administratoren.<\/li><li>Personoplysninger overf\u00f8res ikke fra tredjelande i henhold til databeskyttelsesreglerne. Det betyder, at vi ikke sender dem uden for Den Europ\u00e6iske Union.<\/li><\/ol>\n\n\n\n<p><strong>5. oplysninger i formularerne<\/strong><\/p>\n\n\n\n<ol class=\"wp-block-list\"><li>Tjenesten indsamler oplysninger, som brugeren frivilligt giver, herunder eventuelle personlige oplysninger.<\/li><li>Tjenesten kan gemme oplysninger om forbindelsesparametre (tidsstempel, IP-adresse).<\/li><li>Tjenesten kan i nogle tilf\u00e6lde gemme oplysninger for at g\u00f8re det lettere at knytte oplysningerne i formularen til den e-mailadresse, som brugeren, der udfylder formularen, har. I dette tilf\u00e6lde vises brugerens e-mail-adresse i url&#8217;en p\u00e5 den side, der indeholder formularen.<\/li><li>De oplysninger, der gives i formularen, behandles til det form\u00e5l, der f\u00f8lger af funktionen af en bestemt formular, f.eks. til at h\u00e5ndtere en serviceanmodning eller forretningskontakt, registrere tjenester osv. Det fremg\u00e5r hver gang tydeligt af formularens kontekst og beskrivelse, hvad den anvendes til.<\/li><\/ol>\n\n\n\n<p><strong>6 Logfiler for administratorer<\/strong><\/p>\n\n\n\n<ol class=\"wp-block-list\"><li>Oplysninger om brugeradf\u00e6rd p\u00e5 webstedet kan v\u00e6re underlagt login. Disse data bruges til at administrere tjenesten.<\/li><\/ol>\n\n\n\n<p><strong>7 vigtige markedsf\u00f8ringsteknikker<\/strong><\/p>\n\n\n\n<ol class=\"wp-block-list\"><li>Operat\u00f8ren anvender statistisk analyse af trafikken p\u00e5 webstedet via Google Analytics. Operat\u00f8ren videregiver ikke personlige data til operat\u00f8ren af denne tjeneste, men kun anonymiserede oplysninger. Tjenesten er baseret p\u00e5 brugen af cookies p\u00e5 dit terminaludstyr.<\/li><li>Operat\u00f8ren anvender remarketingteknikker, der g\u00f8r det muligt at matche reklamebudskaber med brugerens adf\u00e6rd p\u00e5 webstedet, hvilket kan give indtryk af, at brugerens personoplysninger bruges til at spore brugeren, men i praksis overf\u00f8res der ingen personoplysninger fra Operat\u00f8ren til reklameoperat\u00f8rerne. Den teknologiske betingelse for s\u00e5danne handlinger er, at cookies er aktiveret.<\/li><li>Operat\u00f8ren bruger en l\u00f8sning, der unders\u00f8ger brugeradf\u00e6rd ved at oprette varmekort og registrere adf\u00e6rd p\u00e5 webstedet. Disse oplysninger anonymiseres, inden de sendes til tjenesteudbyderen, s\u00e5 denne ikke ved, hvilken person de vedr\u00f8rer. Navnlig registreres passwords og andre personlige oplysninger ikke.<\/li><\/ol>\n\n\n\n<p><strong>8. oplysninger om cookies<\/strong><\/p>\n\n\n\n<ol class=\"wp-block-list\"><li>Webstedet bruger cookies.<\/li><li>Cookie-filer (s\u00e5kaldte &#8220;cookies&#8221;) er IT-data, is\u00e6r tekstfiler, som gemmes p\u00e5 tjenestebrugerens endelige enhed og er beregnet til at bruge webstedets websteder. Cookies indeholder normalt navnet p\u00e5 det websted, som de kommer fra, det tidspunkt, hvor de er gemt p\u00e5 terminaludstyret, og et unikt nummer.<\/li><li>Emnet, der placerer cookies p\u00e5 Tjenestebrugerens slutenhed og f\u00e5r adgang til dem, er Tjenesteoperat\u00f8ren.<\/li><li>Cookies bruges til f\u00f8lgende form\u00e5l:<ol><li>opretholdelse af tjenestens brugersession (efter logon), hvorved brugeren ikke beh\u00f8ver at indtaste sit login og sin adgangskode igen p\u00e5 hver underside af tjenesten;<\/li><li>opfyldelse af de m\u00e5l, der er anf\u00f8rt ovenfor under &#8220;Relevante markedsf\u00f8ringsteknikker&#8221;;<\/li><\/ol><\/li><li>Tjenesten bruger to grundl\u00e6ggende typer cookies: Tjenesten indeholder to grundl\u00e6ggende typer af cookies: &#8220;sessions-cookies&#8221; (sessions-cookies) og &#8220;permanente&#8221; (vedvarende cookies). Sessionscookies er midlertidige filer, som gemmes i brugerens terminal, indtil brugeren logger ud, forlader hjemmesiden eller slukker for softwaren (webbrowser). &#8220;Permanente&#8221; cookies gemmes i brugerens terminaludstyr i det tidsrum, der er angivet i parametrene for cookies, eller indtil brugeren sletter dem.<\/li><li>Software til webbrowsing (webbrowser) tillader normalt som standard at gemme cookies i brugerens terminal. Tjenestebrugere kan \u00e6ndre deres indstillinger p\u00e5 dette omr\u00e5de. Internetbrowseren giver mulighed for at slette cookies. Det er ogs\u00e5 muligt at blokere cookies automatisk. Detaljerede oplysninger om dette emne findes i hj\u00e6lpen eller dokumentationen til internetbrowseren.<\/li><li>Begr\u00e6nsninger i brugen af cookies kan p\u00e5virke visse funktioner p\u00e5 webstedet.<\/li><li>Cookies, der placeres i webstedsbrugerens endelige enhed, kan ogs\u00e5 anvendes af enheder, der samarbejder med webstedsoperat\u00f8ren, navnlig virksomheder: Google (Google Inc. med hjemsted i USA), Facebook (Facebook Inc. med hjemsted i USA), Twitter (Twitter Inc. med hjemsted i USA).<\/li><\/ol>\n\n\n\n<p><strong>9) Cookieh\u00e5ndtering &#8211; hvordan giver og tilbagekalder man samtykke i praksis?<\/strong><\/p>\n\n\n\n<ol class=\"wp-block-list\"><li>Hvis du ikke \u00f8nsker at modtage cookies, kan du \u00e6ndre dine browserindstillinger. Vi forbeholder os ret til at deaktivere brugen af cookies, der er n\u00f8dvendige for autentificeringsprocesser, sikkerhed, vedligeholdelse af brugerpr\u00e6ferencer kan g\u00f8re det vanskeligt, og i ekstreme tilf\u00e6lde kan forhindre brugen af websteder<\/li><\/ol>\n","protected":false},"excerpt":{"rendered":"<p>1 Generelle oplysninger Denne politik g\u00e6lder for webstedet, som opererer p\u00e5 adressen: consumers-views.com\/dk\/ Operat\u00f8ren er administrator af dine personoplysninger i forbindelse med de data, som du frivilligt afgiver i tjenesten. Tjenesten bruger personoplysninger til f\u00f8lgende form\u00e5l: K\u00f8rsel af et kommentarsystem H\u00e5ndtering af foresp\u00f8rgsler via formular Freml\u00e6ggelse af et tilbud eller oplysninger Tjenesten udf\u00f8rer funktionerne for [&hellip;]<\/p>\n","protected":false},"author":1,"featured_media":0,"parent":0,"menu_order":0,"comment_status":"closed","ping_status":"closed","template":"","meta":{"footnotes":""},"class_list":["post-186","page","type-page","status-publish","hentry","box-post"],"_links":{"self":[{"href":"https:\/\/consumers-views.com\/dk\/wp-json\/wp\/v2\/pages\/186","targetHints":{"allow":["GET"]}}],"collection":[{"href":"https:\/\/consumers-views.com\/dk\/wp-json\/wp\/v2\/pages"}],"about":[{"href":"https:\/\/consumers-views.com\/dk\/wp-json\/wp\/v2\/types\/page"}],"author":[{"embeddable":true,"href":"https:\/\/consumers-views.com\/dk\/wp-json\/wp\/v2\/users\/1"}],"replies":[{"embeddable":true,"href":"https:\/\/consumers-views.com\/dk\/wp-json\/wp\/v2\/comments?post=186"}],"version-history":[{"count":1,"href":"https:\/\/consumers-views.com\/dk\/wp-json\/wp\/v2\/pages\/186\/revisions"}],"predecessor-version":[{"id":187,"href":"https:\/\/consumers-views.com\/dk\/wp-json\/wp\/v2\/pages\/186\/revisions\/187"}],"wp:attachment":[{"href":"https:\/\/consumers-views.com\/dk\/wp-json\/wp\/v2\/media?parent=186"}],"curies":[{"name":"wp","href":"https:\/\/api.w.org\/{rel}","templated":true}]}}