{"id":197,"date":"2021-06-02T15:52:27","date_gmt":"2021-06-02T13:52:27","guid":{"rendered":"https:\/\/consumers-views.com\/de\/?page_id=197"},"modified":"2021-06-22T11:20:35","modified_gmt":"2021-06-22T09:20:35","slug":"ueber-uns","status":"publish","type":"page","link":"https:\/\/consumers-views.com\/de\/ueber-uns\/","title":{"rendered":"\u00dcber uns"},"content":{"rendered":"\n<p>Das richtige Gesundheitsprodukt auf dem st\u00e4ndig wachsenden Markt zu finden, ist kein kleines Problem, ebenso wenig wie die Suche nach den ben\u00f6tigten Informationen im globalen Web. Wir haben unsere Website erstellt, um es Ihnen leichter zu machen und um Ihnen zu zeigen, was bei vielen Beschwerden helfen kann und welche Pr\u00e4parate bei der Behandlung helfen. Auf der Seite sammeln und organisieren wir Informationen, wobei wir nur bew\u00e4hrte Quellen, Meinungen der besten und gesch\u00e4tzten Spezialisten auf dem Gebiet verwenden.<\/p>\n\n\n\n<p>Es lohnt sich, die Artikel unserer Redaktion zu lesen, die t\u00e4glich f\u00fcr Sie u.a. Nahrungserg\u00e4nzungsmittel testet, die beim Abnehmen, bei M\u00e4nnerproblemen oder anderen h\u00e4ufigen Beschwerden helfen. Wir behaupten nicht, alles dar\u00fcber zu wissen, aber wir eignen uns st\u00e4ndig das n\u00f6tige Wissen an, damit jeder Leser, der unsere Seite besucht, wei\u00df, was das Beste f\u00fcr ihn ist. Wir laden Sie ein, Ihre Kommentare und Anmerkungen zu lesen und zu teilen. Ihre Kommentare und Anmerkungen sind immer willkommen und wir werden sie gerne beantworten.<\/p>\n\n\n\n<h2 class=\"wp-block-heading\">Kamila Lewandowska<\/h2>\n\n\n\n<div class=\"wp-block-image\"><figure class=\"alignleft size-large is-resized\"><figure id=\"attachment_202\" class=\"alignnone width-full\" style=\"width: 316px;\"><img loading=\"lazy\" decoding=\"async\" data-caption=\"\" src=\"https:\/\/consumers-views.com\/de\/wp-content\/uploads\/2021\/06\/Kamila-Lewandowska-631x1024.jpg\" alt=\"\" class=\"wp-image-202\" width=\"316\" height=\"512\" title=\"\" srcset=\"https:\/\/consumers-views.com\/de\/wp-content\/uploads\/2021\/06\/Kamila-Lewandowska-631x1024.jpg 631w, https:\/\/consumers-views.com\/de\/wp-content\/uploads\/2021\/06\/Kamila-Lewandowska-185x300.jpg 185w, https:\/\/consumers-views.com\/de\/wp-content\/uploads\/2021\/06\/Kamila-Lewandowska-768x1247.jpg 768w, https:\/\/consumers-views.com\/de\/wp-content\/uploads\/2021\/06\/Kamila-Lewandowska-946x1536.jpg 946w, https:\/\/consumers-views.com\/de\/wp-content\/uploads\/2021\/06\/Kamila-Lewandowska-15x24.jpg 15w, https:\/\/consumers-views.com\/de\/wp-content\/uploads\/2021\/06\/Kamila-Lewandowska-22x36.jpg 22w, https:\/\/consumers-views.com\/de\/wp-content\/uploads\/2021\/06\/Kamila-Lewandowska-30x48.jpg 30w, https:\/\/consumers-views.com\/de\/wp-content\/uploads\/2021\/06\/Kamila-Lewandowska.jpg 924w\" sizes=\"auto, (max-width: 316px) 100vw, 316px\" \/><\/figure><\/figure><\/div>\n\n\n\n<p>Mein Name ist Kamila Lewandowska. Ich bin Master of Science in Di\u00e4tetik und Absolventin der Universit\u00e4t f\u00fcr Gesundheit, Sch\u00f6nheit und Bildung in Poznan. F\u00f6rderer eines gesunden Lebensstils. T\u00e4glich arbeite ich als Di\u00e4tassistentin im Pflegeheim in Toru\u0144 und f\u00fchre meine Privatpraxis im Di\u00e4tb\u00fcro. Ich helfe meinen Patienten umzudenken, dass gesunde Ern\u00e4hrung kein Albtraum ist. Ich sch\u00e4tze einfache, schnelle und gesunde K\u00fcche. Ich versuche st\u00e4ndig, mein Wissen im Bereich der Di\u00e4tetik zu vertiefen, deshalb habe ich schon an vielen Kursen teilgenommen, die mir dies erm\u00f6glichen. In meiner Freizeit liebe ich es zu reisen, aktiv auf Rollschuhen unterwegs zu sein und B\u00fccher zu lesen.<\/p>\n\n\n\n<hr class=\"wp-block-separator\"\/>\n\n\n\n<h2 class=\"wp-block-heading\">Aleksandra Dziura<\/h2>\n\n\n\n<div class=\"wp-block-image\"><figure class=\"alignleft size-large is-resized\"><figure id=\"attachment_203\" class=\"alignnone width-full\" style=\"width: 350px;\"><img loading=\"lazy\" decoding=\"async\" data-caption=\"\" src=\"https:\/\/consumers-views.com\/de\/wp-content\/uploads\/2021\/06\/Aleksandra-Dziura-699x1024.jpg\" alt=\"\" class=\"wp-image-203\" width=\"350\" height=\"512\" title=\"\" srcset=\"https:\/\/consumers-views.com\/de\/wp-content\/uploads\/2021\/06\/Aleksandra-Dziura-699x1024.jpg 699w, https:\/\/consumers-views.com\/de\/wp-content\/uploads\/2021\/06\/Aleksandra-Dziura-205x300.jpg 205w, https:\/\/consumers-views.com\/de\/wp-content\/uploads\/2021\/06\/Aleksandra-Dziura-768x1126.jpg 768w, https:\/\/consumers-views.com\/de\/wp-content\/uploads\/2021\/06\/Aleksandra-Dziura-1048x1536.jpg 1048w, https:\/\/consumers-views.com\/de\/wp-content\/uploads\/2021\/06\/Aleksandra-Dziura-16x24.jpg 16w, https:\/\/consumers-views.com\/de\/wp-content\/uploads\/2021\/06\/Aleksandra-Dziura-25x36.jpg 25w, https:\/\/consumers-views.com\/de\/wp-content\/uploads\/2021\/06\/Aleksandra-Dziura-33x48.jpg 33w, https:\/\/consumers-views.com\/de\/wp-content\/uploads\/2021\/06\/Aleksandra-Dziura.jpg 924w\" sizes=\"auto, (max-width: 350px) 100vw, 350px\" \/><\/figure><\/figure><\/div>\n\n\n\n<p>Absolventin des Bachelor- und Masterstudiums der Di\u00e4tetik an der Medizinischen Universit\u00e4t Warschau, Gr\u00fcnderin der NutriAid-Klinik, Di\u00e4tassistentin im Zentrum f\u00fcr Sportmedizin. Teilnehmer des Experten-Postgraduierten-Programms f\u00fcr Sportern\u00e4hrung IOPN Diploma in Performance Nutrition. Sie absolvierte eine Reihe von Fachschulungen, die von polnischen und ausl\u00e4ndischen Institutionen organisiert wurden, darunter einen sechsmonatigen Kurs &#8222;The low FODMAP diet for IBS&#8220;, der von der australischen Monash University durchgef\u00fchrt wurde. Autor von Artikeln, B\u00fcchern und popul\u00e4rwissenschaftlichen Ebooks.<\/p>\n\n\n\n<hr class=\"wp-block-separator\"\/>\n\n\n\n<h2 class=\"wp-block-heading\">Piotr Koz\u0142owski<\/h2>\n\n\n\n<div class=\"wp-block-image\"><figure class=\"alignleft size-large\"><figure id=\"attachment_204\" class=\"alignnone width-full text-columns-nobreak\" style=\"width: ;\"><img loading=\"lazy\" decoding=\"async\" width=\"305\" height=\"508\" data-caption=\"\" src=\"https:\/\/consumers-views.com\/de\/wp-content\/uploads\/2021\/06\/PiotrK3.jpg\" alt=\"\" class=\"wp-image-204\" title=\"\" srcset=\"https:\/\/consumers-views.com\/de\/wp-content\/uploads\/2021\/06\/PiotrK3.jpg 305w, https:\/\/consumers-views.com\/de\/wp-content\/uploads\/2021\/06\/PiotrK3-180x300.jpg 180w, https:\/\/consumers-views.com\/de\/wp-content\/uploads\/2021\/06\/PiotrK3-14x24.jpg 14w, https:\/\/consumers-views.com\/de\/wp-content\/uploads\/2021\/06\/PiotrK3-22x36.jpg 22w, https:\/\/consumers-views.com\/de\/wp-content\/uploads\/2021\/06\/PiotrK3-29x48.jpg 29w\" sizes=\"auto, (max-width: 305px) 100vw, 305px\" \/><\/figure><\/figure><\/div>\n\n\n\n<p>Meine Leidenschaft ist alles, was mit einem gesunden Lebensstil zu tun hat. Ich besch\u00e4ftige mich seit fast 10 Jahren mit Di\u00e4tetik und verwandten Themen und habe in dieser Zeit viele professionelle Kurse in diesem Bereich absolviert. Das gab mir eine Menge Wissen, eine solide Basis, um die Prinzipien der gesunden Ern\u00e4hrung zu formulieren, die ich zun\u00e4chst an mir selbst ausprobierte. Ich hatte fr\u00fcher selbst mit \u00dcbergewicht zu k\u00e4mpfen, und als diverse Zufallsdi\u00e4ten keine Wirkung zeigten, beschloss ich, das Thema professionell anzugehen und schaffte es schlie\u00dflich, abzunehmen.<\/p>\n\n\n\n<p>Von diesem Moment an begann ich meine Leidenschaft zu entwickeln und f\u00fcgte nach und nach weitere gesundheitliche Aspekte zum Abnehmen hinzu. Erstens die k\u00f6rperliche Aktivit\u00e4t, ohne die man nicht vom Abnehmen tr\u00e4umen kann, und dann die Fragen, die mit Problemen verbunden sind, die eine gro\u00dfe Anzahl von M\u00e4nnern betreffen, die eine Abnahme der Libido oder eine beschleunigte Glatzenbildung verursachen. Ich halte Ausschau nach neuen Nahrungserg\u00e4nzungsmitteln, sowohl zur Gewichtsabnahme als auch zur Verbesserung der allgemeinen Gesundheit, und wenn ich sie rezensiere, zerlege ich ihre Zusammensetzung in erste Faktoren und beschreibe die Wirkung der einzelnen Wirkstoffe f\u00fcr Sie. Meine Leidenschaft gilt auch der Kr\u00e4utermedizin und ich finde und beschreibe immer wieder Pflanzen, die die meisten k\u00fcnstlichen Inhaltsstoffe der g\u00e4ngigen Medikamente erfolgreich ersetzen k\u00f6nnen.<\/p>\n\n\n\n<hr class=\"wp-block-separator\"\/>\n\n\n\n<h2 class=\"wp-block-heading\">Karolina Wieczorek<\/h2>\n\n\n\n<div class=\"wp-block-image\"><figure class=\"alignleft size-large is-resized\"><figure id=\"attachment_205\" class=\"alignnone width-full\" style=\"width: 288px;\"><img loading=\"lazy\" decoding=\"async\" data-caption=\"\" src=\"https:\/\/consumers-views.com\/de\/wp-content\/uploads\/2021\/06\/Karolina2.jpg\" alt=\"\" class=\"wp-image-205\" width=\"288\" height=\"481\" title=\"\" srcset=\"https:\/\/consumers-views.com\/de\/wp-content\/uploads\/2021\/06\/Karolina2.jpg 384w, https:\/\/consumers-views.com\/de\/wp-content\/uploads\/2021\/06\/Karolina2-180x300.jpg 180w, https:\/\/consumers-views.com\/de\/wp-content\/uploads\/2021\/06\/Karolina2-14x24.jpg 14w, https:\/\/consumers-views.com\/de\/wp-content\/uploads\/2021\/06\/Karolina2-22x36.jpg 22w, https:\/\/consumers-views.com\/de\/wp-content\/uploads\/2021\/06\/Karolina2-29x48.jpg 29w\" sizes=\"auto, (max-width: 288px) 100vw, 288px\" \/><\/figure><\/figure><\/div>\n\n\n\n<p>Ich bin ein Enthusiast des aktiven Lebens und der nat\u00fcrlichen Ern\u00e4hrung. Jeden Tag verbessere ich meinen K\u00f6rper und meinen Geist &#8211; ich laufe, trainiere im Fitnessstudio, gehe spazieren, meditiere, tauche ein in das Arkanum der gesunden, leichten, aber dennoch schmackhaften und aromatischen K\u00fcche. Mein Leben sah fr\u00fcher ganz anders aus. Fr\u00fcher f\u00fchrte ich einen typisch sitzenden Lebensstil &#8211; Arbeit am Computer, kein Sport, wenig Zeit im Freien, Junkfood, tonnenweise Kaffee\u2026 Als ich erkannte, dass der Bewegungsmangel und die schlechte Ern\u00e4hrung eine katastrophale Wirkung auf meine Sch\u00f6nheit, Gesundheit, Stimmung und Kondition haben, beschloss ich, alles zu \u00e4ndern!<\/p>\n\n\n\n<p>Zun\u00e4chst \u00e4nderte ich meinen Ern\u00e4hrungsstil und f\u00fchrte regelm\u00e4\u00dfige Spazierg\u00e4nge in Parks, Wiesen und W\u00e4ldern in meinen Zeitplan ein. Mit der Zeit hat mich das nat\u00fcrliche, gesunde Leben v\u00f6llig absorbiert. Ich begann, Fachliteratur \u00fcber Di\u00e4tetik und K\u00f6rperformung zu studieren und nach interessanten Fakten \u00fcber Hautpflege zu suchen. Ich habe dieses Wissen in die Praxis umgesetzt &#8211; ich habe es geschafft, meine Traumfigur zu schaffen, in perfekte Form zu kommen, meine Stimmung dauerhaft zu verbessern und den Zustand meiner Haut und Haare stark zu verbessern.<\/p>\n\n\n\n<p>Heute teile ich meine Erfahrungen und mein Wissen \u00fcber Gesundheit, Sch\u00f6nheit, K\u00f6rpertraining und Modeling, indem ich Artikel auf Themenportalen und Blogs ver\u00f6ffentliche. In meinen Texten finden Sie interessante und n\u00fctzliche Ratschl\u00e4ge, wie Sie ein gesundes und vitales Leben f\u00fchren und wie Sie effektiv gegen Figur- und Sch\u00f6nheitsm\u00e4ngel vorgehen k\u00f6nnen. Ich schreibe auch Rezensionen \u00fcber interessante Nahrungserg\u00e4nzungsmittel, Kosmetika und medizinische Pr\u00e4parate. Ich lade Sie zum Lesen ein!<\/p>\n","protected":false},"excerpt":{"rendered":"<p>Das richtige Gesundheitsprodukt auf dem st\u00e4ndig wachsenden Markt zu finden, ist kein kleines Problem, ebenso wenig wie die Suche nach den ben\u00f6tigten Informationen im globalen Web. Wir haben unsere Website erstellt, um es Ihnen leichter zu machen und um Ihnen zu zeigen, was bei vielen Beschwerden helfen kann und welche Pr\u00e4parate bei der Behandlung helfen. [&hellip;]<\/p>\n","protected":false},"author":1,"featured_media":0,"parent":0,"menu_order":0,"comment_status":"closed","ping_status":"closed","template":"","meta":{"footnotes":""},"class_list":["post-197","page","type-page","status-publish","hentry","box-post"],"_links":{"self":[{"href":"https:\/\/consumers-views.com\/de\/wp-json\/wp\/v2\/pages\/197","targetHints":{"allow":["GET"]}}],"collection":[{"href":"https:\/\/consumers-views.com\/de\/wp-json\/wp\/v2\/pages"}],"about":[{"href":"https:\/\/consumers-views.com\/de\/wp-json\/wp\/v2\/types\/page"}],"author":[{"embeddable":true,"href":"https:\/\/consumers-views.com\/de\/wp-json\/wp\/v2\/users\/1"}],"replies":[{"embeddable":true,"href":"https:\/\/consumers-views.com\/de\/wp-json\/wp\/v2\/comments?post=197"}],"version-history":[{"count":7,"href":"https:\/\/consumers-views.com\/de\/wp-json\/wp\/v2\/pages\/197\/revisions"}],"predecessor-version":[{"id":297,"href":"https:\/\/consumers-views.com\/de\/wp-json\/wp\/v2\/pages\/197\/revisions\/297"}],"wp:attachment":[{"href":"https:\/\/consumers-views.com\/de\/wp-json\/wp\/v2\/media?parent=197"}],"curies":[{"name":"wp","href":"https:\/\/api.w.org\/{rel}","templated":true}]}}