{"id":166,"date":"2021-06-01T12:02:41","date_gmt":"2021-06-01T10:02:41","guid":{"rendered":"https:\/\/consumers-views.com\/de\/?page_id=166"},"modified":"2021-06-01T12:02:41","modified_gmt":"2021-06-01T10:02:41","slug":"datenschutzerklaerung","status":"publish","type":"page","link":"https:\/\/consumers-views.com\/de\/datenschutzerklaerung\/","title":{"rendered":"Datenschutzerkl\u00e4rung"},"content":{"rendered":"\n<p><strong>1 Allgemeine Informationen<\/strong><\/p>\n\n\n\n<ol class=\"wp-block-list\"><li>Diese Richtlinie gilt f\u00fcr die Website, die unter der URL: <strong>consumers-views.com\/de\/<\/strong> betrieben wird.<\/li><li>Der Betreiber ist der Verwalter Ihrer pers\u00f6nlichen Daten in Bezug auf die freiwillig im Dienst zur Verf\u00fcgung gestellten Daten.<\/li><li>Der Dienst verwendet pers\u00f6nliche Daten f\u00fcr die folgenden Zwecke:<ul><li>Ausf\u00fchren eines Kommentarsystems<\/li><li>Bearbeitung der Anfrage per Formular<\/li><li>Pr\u00e4sentation eines Angebots oder einer Information<\/li><li>Der Dienst erf\u00fcllt die Funktionen der Informationsbeschaffung \u00fcber Benutzer und deren Verhalten auf folgende Weise:<\/li><\/ul><\/li><\/ol>\n\n\n\n<ol class=\"wp-block-list\"><li>Durch die freiwillig in die Formulare eingegebenen Daten, die in die Systeme des Betreibers eingegeben werden.<\/li><li>Durch das Speichern von Cookies (sog. &#8222;Kekse&#8220;) auf Ihrem Endger\u00e4t.<\/li><\/ol>\n\n\n\n<p><strong>2 Ausgew\u00e4hlte Datenschutzmethoden des Betreibers<\/strong><\/p>\n\n\n\n<ol class=\"wp-block-list\"><li>Die Stellen zum Einloggen und zur Eingabe pers\u00f6nlicher Daten sind in der \u00dcbertragungsschicht gesch\u00fctzt (SSL-Zertifikat). Dadurch wird sichergestellt, dass die auf der Website eingegebenen pers\u00f6nlichen Daten und Anmeldedaten auf dem Computer des Benutzers verschl\u00fcsselt werden und nur auf dem Zielserver gelesen werden k\u00f6nnen.<\/li><li>Benutzerpassw\u00f6rter werden in einer Hash-Form gespeichert. Die Hash-Funktion arbeitet unidirektional &#8211; es ist nicht m\u00f6glich, ihren Betrieb umzukehren, was derzeit der moderne Standard f\u00fcr die Speicherung von Benutzerpassw\u00f6rtern ist.<\/li><li>Der Operator \u00e4ndert regelm\u00e4\u00dfig seine administrativen Passw\u00f6rter.<\/li><li>Um die Daten zu sch\u00fctzen, erstellt der Betreiber regelm\u00e4\u00dfig Sicherungskopien.<\/li><li>Ein wichtiges Element des Datenschutzes ist die regelm\u00e4\u00dfige Aktualisierung jeglicher Software, die vom Betreiber zur Verarbeitung personenbezogener Daten verwendet wird, was insbesondere regelm\u00e4\u00dfige Aktualisierungen der Programmkomponenten bedeutet.<\/li><\/ol>\n\n\n\n<p><strong>3. Gastgeber<\/strong><\/p>\n\n\n\n<ol class=\"wp-block-list\"><li>Der Dienst wird auf dem Server des Betreibers gehostet (technisch gewartet): ovh.com<\/li><li>Gastgebendes Unternehmen:<ul><li>wendet Ma\u00dfnahmen zum Schutz vor Datenverlust an (z.B. Disk-Arrays, regelm\u00e4\u00dfige Sicherheitskopien),<\/li><li>Anwendung geeigneter Ma\u00dfnahmen zum Schutz der Verarbeitungsst\u00e4tten im Brandfall (z.B. spezielle Feuerl\u00f6schanlagen),<\/li><li>wendet angemessene Ma\u00dfnahmen zum Schutz von Verarbeitungssystemen bei pl\u00f6tzlichem Stromausfall an (z.B. doppelte Stromleitungen, Generatoren, USV-Backup-Systeme),<\/li><li>Ma\u00dfnahmen anwenden, um den Zugang zu Datenverarbeitungsanlagen physisch zu sch\u00fctzen (z.B. Zugangskontrolle, \u00dcberwachung),<\/li><li>wendet Ma\u00dfnahmen an, um angemessene Umgebungsbedingungen f\u00fcr Server als Teil eines Datenverarbeitungssystems zu gew\u00e4hrleisten (z.B. Kontrolle der Umgebungsbedingungen, spezielle Klimaanlagen),<\/li><li>wendet organisatorische Vorkehrungen an, um das h\u00f6chstm\u00f6gliche Ma\u00df an Schutz und Vertraulichkeit zu gew\u00e4hrleisten (Ausbildung, interne Regelungen, Passwortrichtlinien usw.),<\/li><li>hat einen Datenschutzbeauftragten ernannt.<\/li><\/ul><\/li><li>Das Hosting-Unternehmen f\u00fchrt Protokolle auf Serverebene, um die technische Zuverl\u00e4ssigkeit zu gew\u00e4hrleisten. Protokolle k\u00f6nnen gespeichert werden:<ul><li>Ressourcen, die durch den URL-Identifikator definiert sind (Adressen der angeforderten Ressourcen &#8211; Seiten, Dateien),<\/li><li>Zeit f\u00fcr das Eintreffen der Anfrage,<\/li><li>Zeit, um die Antwort zu senden,<\/li><li>Name der Client-Station &#8211; durch das HTTP-Protokoll implementierte Identifikation,<\/li><li>Informationen \u00fcber Fehler, die bei der Ausf\u00fchrung von HTTP-Transaktionen aufgetreten sind,<\/li><li>die URL der zuvor vom Benutzer besuchten Seite (Referer-Link) &#8211; falls der Zugriff auf den Dienst \u00fcber einen Link erfolgt ist,<\/li><li>Informationen \u00fcber Ihren Browser,<\/li><li>Informationen zur IP-Adresse,<\/li><li>Diagnostische Informationen im Zusammenhang mit dem Prozess der Selbstbestellung von Dienstleistungen \u00fcber Aufnahmeger\u00e4te auf der Website,<\/li><li>Informationen im Zusammenhang mit der Handhabung von elektronischer Post, die an den Betreiber adressiert ist und von ihm versandt wird.<\/li><\/ul><\/li><\/ol>\n\n\n\n<p><strong>4. Ihre Rechte und zus\u00e4tzliche Informationen \u00fcber die Verwendung Ihrer Daten<\/strong><\/p>\n\n\n\n<ol class=\"wp-block-list\"><li>In einigen Situationen hat der Verwalter das Recht, Ihre pers\u00f6nlichen Daten an andere Empf\u00e4nger weiterzugeben, wenn dies zur Erf\u00fcllung des mit Ihnen geschlossenen Vertrags oder zur Erf\u00fcllung der Verpflichtungen des Verwalters erforderlich ist. Dies gilt f\u00fcr solche Empf\u00e4ngergruppen:<ul><li>gastgebende Firma auf Treuhandbasis<\/li><li>autorisierte Angestellte und Mitarbeiter, die die Daten verwenden, um den Zweck der Website zu erreichen<\/li><\/ul><\/li><li>Ihre pers\u00f6nlichen Daten werden vom Verwalter nicht l\u00e4nger verarbeitet, als es f\u00fcr die Durchf\u00fchrung der damit verbundenen, in gesonderten Vorschriften (z.B. zur Buchhaltung) festgelegten T\u00e4tigkeiten erforderlich ist. Was die Marketingdaten betrifft, so werden die Daten nicht l\u00e4nger als 3 Jahre verarbeitet.<\/li><li>Sie haben das Recht, vom Administrator zu verlangen:<ul><li>Zugang zu Ihren pers\u00f6nlichen Informationen,<\/li><li>ihre Korrigenda,<\/li><li>L\u00f6schungen,<\/li><li>Verarbeitungsbeschr\u00e4nkungen,<\/li><li>und Datentransfer.<\/li><\/ul><\/li><li>Sie haben das Recht, gegen die Verarbeitung personenbezogener Daten gem\u00e4\u00df Punkt 3.3 c) Einspruch gegen die Verarbeitung personenbezogener Daten zu erheben, um die vom Verwalter verfolgten legitimen Interessen, einschlie\u00dflich der Erstellung von Profilen, auszu\u00fcben. Das Einspruchsrecht wird jedoch nicht ausge\u00fcbt, wenn es wichtige legitime Gr\u00fcnde f\u00fcr die Verarbeitung gibt, Interessen, Rechte und Freiheiten, die Ihre Interessen \u00fcberwiegen, insbesondere zur Begr\u00fcndung, Verfolgung oder Verteidigung Ihrer Anspr\u00fcche.<\/li><li>Die Angabe pers\u00f6nlicher Daten ist freiwillig, aber f\u00fcr den Betrieb des Dienstes notwendig.<\/li><li>Sie k\u00f6nnen automatisierten Entscheidungsfindungsaktivit\u00e4ten, einschlie\u00dflich der Erstellung von Profilen, unterworfen werden, um vertraglich vereinbarte Dienstleistungen zu erbringen und um Direktmarketing durch den Administrator durchzuf\u00fchren.<\/li><li>Personenbezogene Daten werden im Sinne der Datenschutzbestimmungen nicht aus Drittstaaten \u00fcbermittelt. Das bedeutet, dass wir sie nicht in L\u00e4nder au\u00dferhalb der Europ\u00e4ischen Union schicken.<\/li><\/ol>\n\n\n\n<p><strong>5. Informationen in den Formularen<\/strong><\/p>\n\n\n\n<ol class=\"wp-block-list\"><li>Der Dienst sammelt Informationen, die vom Benutzer freiwillig zur Verf\u00fcgung gestellt werden, einschlie\u00dflich pers\u00f6nlicher Daten, falls vorhanden.<\/li><li>Der Dienst kann Informationen \u00fcber die Verbindungsparameter (Zeitstempel, IP-Adresse) speichern.<\/li><li>In einigen F\u00e4llen kann der Dienst Informationen speichern, um die Verkn\u00fcpfung der Daten im Formular mit der E-Mail-Adresse des Benutzers, der das Formular ausf\u00fcllt, zu erleichtern. In diesem Fall erscheint die E-Mail-Adresse des Benutzers innerhalb der Url der Seite, die das Formular enth\u00e4lt.<\/li><li>Die im Formular angegebenen Daten werden f\u00fcr den Zweck verarbeitet, der sich aus der Funktion eines bestimmten Formulars ergibt, z.B. zur Bearbeitung einer Serviceanfrage oder eines Gesch\u00e4ftskontakts, zur Registrierung von Dienstleistungen usw. Jedes Mal ist aus dem Kontext und der Beschreibung des Formulars klar ersichtlich, wof\u00fcr es verwendet wird.<\/li><\/ol>\n\n\n\n<p><strong>6 Protokolle der Administratoren<\/strong><\/p>\n\n\n\n<ol class=\"wp-block-list\"><li>Informationen \u00fcber das Nutzerverhalten auf der Website k\u00f6nnen Gegenstand einer Anmeldung sein. Diese Daten werden zur Verwaltung des Dienstes verwendet.<\/li><\/ol>\n\n\n\n<p><strong>7 Wichtige Marketing-Techniken<\/strong><\/p>\n\n\n\n<ol class=\"wp-block-list\"><li>Der Betreiber nutzt die statistische Auswertung des Website-Traffics durch Google Analytics. Der Betreiber gibt keine pers\u00f6nlichen Daten an den Betreiber dieses Dienstes weiter, sondern nur anonymisierte Informationen. Der Dienst basiert auf der Verwendung von Cookies auf Ihrem Endger\u00e4t.<\/li><li>Der Betreiber setzt Remarketing-Techniken ein, die es erm\u00f6glichen, Werbebotschaften mit dem Verhalten des Benutzers auf der Website abzugleichen, was die Illusion erwecken kann, dass die pers\u00f6nlichen Daten des Benutzers zur Verfolgung des Benutzers verwendet werden, aber in der Praxis gibt es keine \u00dcbertragung von pers\u00f6nlichen Daten vom Betreiber an die Werbetreibenden. Die technische Voraussetzung f\u00fcr solche Aktionen ist, dass Cookies aktiviert sind.<\/li><li>Der Betreiber verwendet eine L\u00f6sung, die das Nutzerverhalten untersucht, indem sie Heatmaps erstellt und das Verhalten auf der Website aufzeichnet. Diese Informationen werden anonymisiert, bevor sie an den Dienstanbieter gesendet werden, so dass dieser nicht wei\u00df, um welche Person es sich handelt. Insbesondere werden Passw\u00f6rter und andere pers\u00f6nliche Daten nicht aufgezeichnet.<\/li><\/ol>\n\n\n\n<p><strong>8. Informationen \u00fcber Cookies<\/strong><\/p>\n\n\n\n<ol class=\"wp-block-list\"><li>Die Website verwendet Cookies.<\/li><li>Cookie-Dateien (so genannte &#8222;Cookies&#8220;) sind IT-Daten, insbesondere Textdateien, die im Endger\u00e4t des Dienstleistungsnutzers gespeichert werden und f\u00fcr die Nutzung der Websites der Website bestimmt sind. Cookies enthalten in der Regel den Namen der Website, von der sie kommen, die Zeit, zu der sie auf dem Endger\u00e4t gespeichert werden, und eine eindeutige Nummer.<\/li><li>Subjekt, das Cookies auf dem Endger\u00e4t des Dienstbenutzers platziert und Zugang zu ihnen erh\u00e4lt, ist der Betreiber des Dienstes.<\/li><li>Die Cookies werden f\u00fcr die folgenden Zwecke verwendet:<ol><li>die Aufrechterhaltung der Benutzersitzung des Dienstes (nach dem Einloggen), dank derer der Benutzer sein Login und Passwort nicht auf jeder Unterseite des Dienstes erneut eingeben muss;<\/li><li>die Erreichung der oben unter &#8222;Relevante Marketingtechniken&#8220; dargelegten Ziele;<\/li><\/ol><\/li><li>Der Dienst verwendet zwei grundlegende Arten von Cookies: &#8222;Session&#8220;-Cookies (Sitzungs-Cookies) und &#8222;permanent&#8220;. (persistente Cookies). Session&#8220;-Cookies sind tempor\u00e4re Dateien, die auf dem Endger\u00e4t des Benutzers gespeichert werden, bis er sich abmeldet, die Website verl\u00e4sst oder die Software (Webbrowser) ausschaltet. &#8222;Persistente&#8220; Cookies werden im Endger\u00e4t des Benutzers f\u00fcr die in den Parametern der Cookies angegebene Zeit oder bis zu ihrer L\u00f6schung durch den Benutzer gespeichert.<\/li><li>Software f\u00fcr das Web-Browsing (Web-Browser) erlaubt in der Regel standardm\u00e4\u00dfig die Speicherung von Cookies auf dem Endger\u00e4t des Benutzers. Service-Benutzer k\u00f6nnen ihre Einstellungen in diesem Bereich \u00e4ndern. Der Internet-Browser erlaubt es Ihnen, Cookies zu l\u00f6schen. Es ist auch m\u00f6glich, Cookies automatisch zu blockieren. Detaillierte Informationen zu diesem Thema finden Sie in der Hilfe oder Dokumentation des Internet-Browsers.<\/li><li>Einschr\u00e4nkungen bei der Verwendung von Cookies k\u00f6nnen einige auf der Website verf\u00fcgbare Funktionen beeintr\u00e4chtigen.<\/li><li>Cookies, die auf dem Endger\u00e4t des Website-Benutzers platziert werden, k\u00f6nnen auch von Einrichtungen verwendet werden, die mit dem Website-Betreiber zusammenarbeiten, insbesondere von Unternehmen: Google (Google Inc. mit Sitz in den USA), Facebook (Facebook Inc. mit Sitz in den USA), Twitter (Twitter Inc. mit Sitz in den USA).<\/li><\/ol>\n\n\n\n<p><strong>9) Cookie-Management &#8211; wie wird die Zustimmung in der Praxis erteilt und zur\u00fcckgezogen?<\/strong><\/p>\n\n\n\n<ol class=\"wp-block-list\"><li>Wenn Sie keine Cookies erhalten m\u00f6chten, k\u00f6nnen Sie Ihre Browsereinstellungen \u00e4ndern. Wir behalten uns das Recht vor, die Verwendung von Cookies zu deaktivieren, die f\u00fcr Authentifizierungsprozesse, die Sicherheit und die Aufrechterhaltung der Benutzereinstellungen erforderlich sind, was die Nutzung von Websites erschweren und in extremen F\u00e4llen verhindern kann.<\/li><\/ol>\n","protected":false},"excerpt":{"rendered":"<p>1 Allgemeine Informationen Diese Richtlinie gilt f\u00fcr die Website, die unter der URL: consumers-views.com\/de\/ betrieben wird. Der Betreiber ist der Verwalter Ihrer pers\u00f6nlichen Daten in Bezug auf die freiwillig im Dienst zur Verf\u00fcgung gestellten Daten. Der Dienst verwendet pers\u00f6nliche Daten f\u00fcr die folgenden Zwecke: Ausf\u00fchren eines Kommentarsystems Bearbeitung der Anfrage per Formular Pr\u00e4sentation eines Angebots [&hellip;]<\/p>\n","protected":false},"author":1,"featured_media":0,"parent":0,"menu_order":0,"comment_status":"closed","ping_status":"closed","template":"","meta":{"footnotes":""},"class_list":["post-166","page","type-page","status-publish","hentry","box-post"],"_links":{"self":[{"href":"https:\/\/consumers-views.com\/de\/wp-json\/wp\/v2\/pages\/166","targetHints":{"allow":["GET"]}}],"collection":[{"href":"https:\/\/consumers-views.com\/de\/wp-json\/wp\/v2\/pages"}],"about":[{"href":"https:\/\/consumers-views.com\/de\/wp-json\/wp\/v2\/types\/page"}],"author":[{"embeddable":true,"href":"https:\/\/consumers-views.com\/de\/wp-json\/wp\/v2\/users\/1"}],"replies":[{"embeddable":true,"href":"https:\/\/consumers-views.com\/de\/wp-json\/wp\/v2\/comments?post=166"}],"version-history":[{"count":1,"href":"https:\/\/consumers-views.com\/de\/wp-json\/wp\/v2\/pages\/166\/revisions"}],"predecessor-version":[{"id":167,"href":"https:\/\/consumers-views.com\/de\/wp-json\/wp\/v2\/pages\/166\/revisions\/167"}],"wp:attachment":[{"href":"https:\/\/consumers-views.com\/de\/wp-json\/wp\/v2\/media?parent=166"}],"curies":[{"name":"wp","href":"https:\/\/api.w.org\/{rel}","templated":true}]}}