{"id":186,"date":"2021-06-01T10:17:17","date_gmt":"2021-06-01T08:17:17","guid":{"rendered":"https:\/\/consumers-views.com\/cz\/?page_id=186"},"modified":"2021-06-01T10:17:17","modified_gmt":"2021-06-01T08:17:17","slug":"zasady-ochrany-osobnich-udaju","status":"publish","type":"page","link":"https:\/\/consumers-views.com\/cz\/zasady-ochrany-osobnich-udaju\/","title":{"rendered":"Z\u00e1sady ochrany osobn\u00edch \u00fadaj\u016f"},"content":{"rendered":"\n<p><strong>1 Obecn\u00e9 informace<\/strong><\/p>\n\n\n\n<ol class=\"wp-block-list\"><li>Tyto z\u00e1sady se vztahuj\u00ed na webov\u00e9 str\u00e1nky, kter\u00e9 funguj\u00ed na adrese url: <strong>consumers-views.com\/cz\/<\/strong><\/li><li>Provozovatel je spr\u00e1vcem va\u0161ich osobn\u00edch \u00fadaj\u016f v souvislosti s \u00fadaji, kter\u00e9 jste dobrovoln\u011b poskytli v r\u00e1mci slu\u017eby.<\/li><li>Slu\u017eba pou\u017e\u00edv\u00e1 osobn\u00ed \u00fadaje k n\u00e1sleduj\u00edc\u00edm \u00fa\u010del\u016fm:<ul><li>Provozov\u00e1n\u00ed koment\u00e1\u0159ov\u00e9ho syst\u00e9mu<\/li><li>Vy\u0159izov\u00e1n\u00ed dotaz\u016f pomoc\u00ed formul\u00e1\u0159e<\/li><li>P\u0159edlo\u017een\u00ed nab\u00eddky nebo informac\u00ed<\/li><li>Slu\u017eba pln\u00ed funkci z\u00edsk\u00e1v\u00e1n\u00ed informac\u00ed o u\u017eivatel\u00edch a jejich chov\u00e1n\u00ed n\u00e1sleduj\u00edc\u00edm zp\u016fsobem:<\/li><\/ul><\/li><\/ol>\n\n\n\n<ol class=\"wp-block-list\"><li>Prost\u0159ednictv\u00edm \u00fadaj\u016f dobrovoln\u011b zadan\u00fdch do formul\u00e1\u0159\u016f, kter\u00e9 jsou vlo\u017eeny do syst\u00e9m\u016f provozovatele.<\/li><li>Ukl\u00e1d\u00e1n\u00edm soubor\u016f cookie (tzv. &#8222;cookies&#8220;) do va\u0161eho koncov\u00e9ho za\u0159\u00edzen\u00ed.<\/li><\/ol>\n\n\n\n<p><strong>2 Vybran\u00e9 metody ochrany \u00fadaj\u016f pou\u017e\u00edvan\u00e9 provozovatelem<\/strong><\/p>\n\n\n\n<ol class=\"wp-block-list\"><li>M\u00edsta pro p\u0159ihl\u00e1\u0161en\u00ed a zad\u00e1v\u00e1n\u00ed osobn\u00edch \u00fadaj\u016f jsou chr\u00e1n\u011bna v p\u0159enosov\u00e9 vrstv\u011b (certifik\u00e1t SSL). T\u00edm je zaji\u0161t\u011bno, \u017ee osobn\u00ed a p\u0159ihla\u0161ovac\u00ed \u00fadaje zadan\u00e9 na webov\u00e9 str\u00e1nce jsou v po\u010d\u00edta\u010di u\u017eivatele za\u0161ifrov\u00e1ny a lze je p\u0159e\u010d\u00edst pouze na c\u00edlov\u00e9m serveru.<\/li><li>Hesla u\u017eivatel\u016f jsou ulo\u017eena v zaheslovan\u00e9 podob\u011b. Hashovac\u00ed funkce funguje jednosm\u011brn\u011b &#8211; nen\u00ed mo\u017en\u00e9 ji obr\u00e1tit, co\u017e je v sou\u010dasn\u00e9 dob\u011b modern\u00ed standard pro ukl\u00e1d\u00e1n\u00ed u\u017eivatelsk\u00fdch hesel.<\/li><li>Provozovatel pravideln\u011b m\u011bn\u00ed sv\u00e1 hesla pro spr\u00e1vu.<\/li><li>V z\u00e1jmu ochrany dat Provozovatel pravideln\u011b vytv\u00e1\u0159\u00ed z\u00e1lo\u017en\u00ed kopie.<\/li><li>D\u016fle\u017eit\u00fdm prvkem ochrany \u00fadaj\u016f je pravideln\u00e1 aktualizace ve\u0161ker\u00e9ho softwaru pou\u017e\u00edvan\u00e9ho provozovatelem ke zpracov\u00e1n\u00ed osobn\u00edch \u00fadaj\u016f, co\u017e znamen\u00e1 zejm\u00e9na pravideln\u00e9 aktualizace programov\u00fdch komponent.<\/li><\/ol>\n\n\n\n<p><strong>3. hosting<\/strong><\/p>\n\n\n\n<ol class=\"wp-block-list\"><li>Slu\u017eba je hostov\u00e1na (technicky udr\u017eov\u00e1na) na serveru provozovatele: ovh.com.<\/li><li>Hostitelsk\u00e1 spole\u010dnost:<ul><li>pou\u017e\u00edv\u00e1 opat\u0159en\u00ed na ochranu proti ztr\u00e1t\u011b dat (nap\u0159. diskov\u00e1 pole, pravideln\u00e9 bezpe\u010dnostn\u00ed kopie),<\/li><li>pou\u017e\u00edt vhodn\u00e1 opat\u0159en\u00ed na ochranu zpracovatelsk\u00fdch m\u00edst v p\u0159\u00edpad\u011b po\u017e\u00e1ru (nap\u0159. speci\u00e1ln\u00ed protipo\u017e\u00e1rn\u00ed syst\u00e9my),<\/li><li>uplat\u0148uje vhodn\u00e1 opat\u0159en\u00ed na ochranu syst\u00e9m\u016f zpracov\u00e1n\u00ed v p\u0159\u00edpad\u011b n\u00e1hl\u00e9ho v\u00fdpadku nap\u00e1jen\u00ed (nap\u0159. zdvojen\u00e9 elektrick\u00e9 veden\u00ed, gener\u00e1tory, z\u00e1lo\u017en\u00ed syst\u00e9my UPS),<\/li><li>uplat\u0148ovat opat\u0159en\u00ed na fyzickou ochranu p\u0159\u00edstupu k m\u00edst\u016fm zpracov\u00e1n\u00ed \u00fadaj\u016f (nap\u0159. kontrola p\u0159\u00edstupu, monitorov\u00e1n\u00ed),<\/li><li>uplat\u0148uje opat\u0159en\u00ed k zaji\u0161t\u011bn\u00ed vhodn\u00fdch podm\u00ednek prost\u0159ed\u00ed pro servery jako sou\u010d\u00e1st syst\u00e9mu zpracov\u00e1n\u00ed dat (nap\u0159. kontrola podm\u00ednek prost\u0159ed\u00ed, specializovan\u00e9 klimatiza\u010dn\u00ed syst\u00e9my),<\/li><li>uplat\u0148uje organiza\u010dn\u00ed opat\u0159en\u00ed k zaji\u0161t\u011bn\u00ed co nejvy\u0161\u0161\u00edho stupn\u011b ochrany a d\u016fv\u011brnosti (\u0161kolen\u00ed, vnit\u0159n\u00ed p\u0159edpisy, z\u00e1sady pro pou\u017e\u00edv\u00e1n\u00ed hesel atd.),<\/li><li>jmenovala pov\u011b\u0159ence pro ochranu osobn\u00edch \u00fadaj\u016f.<\/li><\/ul><\/li><li>Hostingov\u00e1 spole\u010dnost uchov\u00e1v\u00e1 protokoly na \u00farovni serveru, aby zajistila technickou spolehlivost. Protokoly mohou b\u00fdt ulo\u017eeny:<ul><li>zdroje definovan\u00e9 identifik\u00e1torem URL (adresy po\u017eadovan\u00fdch zdroj\u016f &#8211; str\u00e1nek, soubor\u016f),<\/li><li>\u010das, ne\u017e doraz\u00ed dotaz,<\/li><li>\u010das na odesl\u00e1n\u00ed odpov\u011bdi,<\/li><li>n\u00e1zev klientsk\u00e9 stanice &#8211; identifikace realizovan\u00e1 protokolem HTTP,<\/li><li>informace o chyb\u00e1ch, kter\u00e9 se vyskytly b\u011bhem prov\u00e1d\u011bn\u00ed transakc\u00ed HTTP,<\/li><li>adresu URL str\u00e1nky, kterou u\u017eivatel d\u0159\u00edve nav\u0161t\u00edvil (odkaz) &#8211; v p\u0159\u00edpad\u011b, \u017ee byl p\u0159\u00edstup ke slu\u017eb\u011b uskute\u010dn\u011bn prost\u0159ednictv\u00edm odkazu,<\/li><li>informace o prohl\u00ed\u017ee\u010di,<\/li><li>Informace o IP adrese,<\/li><li>Diagnostick\u00e9 informace t\u00fdkaj\u00edc\u00ed se procesu samostatn\u00e9ho objedn\u00e1v\u00e1n\u00ed slu\u017eeb prost\u0159ednictv\u00edm z\u00e1znamn\u00edk\u016f na webov\u00fdch str\u00e1nk\u00e1ch,<\/li><li>informace t\u00fdkaj\u00edc\u00ed se nakl\u00e1d\u00e1n\u00ed s elektronickou po\u0161tou adresovanou a zas\u00edlanou Provozovatelem.<\/li><\/ul><\/li><\/ol>\n\n\n\n<p><strong>4. va\u0161e pr\u00e1va a dal\u0161\u00ed informace o pou\u017e\u00edv\u00e1n\u00ed va\u0161ich \u00fadaj\u016f.<\/strong><\/p>\n\n\n\n<ol class=\"wp-block-list\"><li>V n\u011bkter\u00fdch situac\u00edch m\u00e1 spr\u00e1vce pr\u00e1vo p\u0159edat va\u0161e osobn\u00ed \u00fadaje dal\u0161\u00edm p\u0159\u00edjemc\u016fm, pokud je to nezbytn\u00e9 pro pln\u011bn\u00ed smlouvy uzav\u0159en\u00e9 s v\u00e1mi nebo pro pln\u011bn\u00ed povinnost\u00ed spr\u00e1vce. To se t\u00fdk\u00e1 t\u011bchto skupin p\u0159\u00edjemc\u016f:<ul><li>hostingov\u00e9 spole\u010dnosti na z\u00e1klad\u011b d\u016fv\u011bry<\/li><li>opr\u00e1vn\u011bn\u00ed zam\u011bstnanci a spolupracovn\u00edci, kte\u0159\u00ed pou\u017e\u00edvaj\u00ed \u00fadaje k dosa\u017een\u00ed \u00fa\u010delu webov\u00fdch str\u00e1nek.<\/li><\/ul><\/li><li>Spr\u00e1vce zpracov\u00e1v\u00e1 va\u0161e osobn\u00ed \u00fadaje nejd\u00e9le po dobu nezbytn\u011b nutnou k prov\u00e1d\u011bn\u00ed souvisej\u00edc\u00edch \u010dinnost\u00ed stanoven\u00fdch zvl\u00e1\u0161tn\u00edmi p\u0159edpisy (nap\u0159. p\u0159i veden\u00ed \u00fa\u010detnictv\u00ed). Pokud jde o marketingov\u00e9 \u00fadaje, nebudou zpracov\u00e1v\u00e1ny d\u00e9le ne\u017e 3 roky.<\/li><li>M\u00e1te pr\u00e1vo po\u017eadovat od spr\u00e1vce:<ul><li>p\u0159\u00edstup k va\u0161im osobn\u00edm \u00fadaj\u016fm,<\/li><li>jejich opravy,<\/li><li>v\u00fdmazy,<\/li><li>omezen\u00ed zpracov\u00e1n\u00ed,<\/li><li>a p\u0159enos dat.<\/li><\/ul><\/li><li>M\u00e1te pr\u00e1vo vzn\u00e9st n\u00e1mitku proti zpracov\u00e1n\u00ed osobn\u00edch \u00fadaj\u016f uveden\u00fdch v bod\u011b 3.3 c) proti zpracov\u00e1n\u00ed osobn\u00edch \u00fadaj\u016f za \u00fa\u010delem uplatn\u011bn\u00ed opr\u00e1vn\u011bn\u00fdch z\u00e1jm\u016f Spr\u00e1vce, v\u010detn\u011b profilov\u00e1n\u00ed, av\u0161ak pr\u00e1vo vzn\u00e9st n\u00e1mitku nebude uplatn\u011bno, pokud existuj\u00ed z\u00e1va\u017en\u00e9 opr\u00e1vn\u011bn\u00e9 d\u016fvody pro zpracov\u00e1n\u00ed, z\u00e1jmy, pr\u00e1va a svobody, kter\u00e9 p\u0159eva\u017euj\u00ed nad va\u0161imi z\u00e1jmy, zejm\u00e9na za \u00fa\u010delem ur\u010den\u00ed, v\u00fdkonu nebo obhajoby va\u0161ich n\u00e1rok\u016f.<\/li><li>Poskytnut\u00ed osobn\u00edch \u00fadaj\u016f je dobrovoln\u00e9, ale nezbytn\u00e9 pro provoz slu\u017eby.<\/li><li>M\u016f\u017eete b\u00fdt p\u0159edm\u011btem automatizovan\u00e9ho rozhodov\u00e1n\u00ed, v\u010detn\u011b profilov\u00e1n\u00ed, za \u00fa\u010delem poskytov\u00e1n\u00ed slu\u017eeb podle smlouvy a prov\u00e1d\u011bn\u00ed p\u0159\u00edm\u00e9ho marketingu Spr\u00e1vcem.<\/li><li>Osobn\u00ed \u00fadaje nejsou p\u0159ed\u00e1v\u00e1ny ze t\u0159et\u00edch zem\u00ed ve smyslu p\u0159edpis\u016f o ochran\u011b osobn\u00edch \u00fadaj\u016f. To znamen\u00e1, \u017ee je nepos\u00edl\u00e1me mimo Evropskou unii.<\/li><\/ol>\n\n\n\n<p><strong>5. informace ve formul\u00e1\u0159\u00edch<\/strong><\/p>\n\n\n\n<ol class=\"wp-block-list\"><li>Slu\u017eba shroma\u017e\u010fuje informace dobrovoln\u011b poskytnut\u00e9 u\u017eivatelem, v\u010detn\u011b p\u0159\u00edpadn\u00fdch osobn\u00edch \u00fadaj\u016f.<\/li><li>Slu\u017eba m\u016f\u017ee ukl\u00e1dat informace o parametrech p\u0159ipojen\u00ed (\u010dasov\u00e9 raz\u00edtko, IP adresa).<\/li><li>Slu\u017eba m\u016f\u017ee v n\u011bkter\u00fdch p\u0159\u00edpadech ukl\u00e1dat informace, kter\u00e9 usnad\u0148uj\u00ed propojen\u00ed \u00fadaj\u016f ve formul\u00e1\u0159i s e-mailovou adresou u\u017eivatele, kter\u00fd formul\u00e1\u0159 vypl\u0148uje. V takov\u00e9m p\u0159\u00edpad\u011b se e-mailov\u00e1 adresa u\u017eivatele zobraz\u00ed v url adrese str\u00e1nky obsahuj\u00edc\u00ed formul\u00e1\u0159.<\/li><li>\u00dadaje uveden\u00e9 ve formul\u00e1\u0159i jsou zpracov\u00e1v\u00e1ny za \u00fa\u010delem vypl\u00fdvaj\u00edc\u00edm z funkce konkr\u00e9tn\u00edho formul\u00e1\u0159e, nap\u0159. za \u00fa\u010delem vy\u0159\u00edzen\u00ed \u017e\u00e1dosti o slu\u017ebu nebo obchodn\u00edho kontaktu, registrace slu\u017eeb atd. Kontext a popis formul\u00e1\u0159e poka\u017ed\u00e9 jasn\u011b nazna\u010duj\u00ed, k \u010demu slou\u017e\u00ed.<\/li><\/ol>\n\n\n\n<p><strong>6 Protokoly spr\u00e1vc\u016f<\/strong><\/p>\n\n\n\n<ol class=\"wp-block-list\"><li>Informace o chov\u00e1n\u00ed u\u017eivatel\u016f na webu mohou b\u00fdt p\u0159edm\u011btem p\u0159ihl\u00e1\u0161en\u00ed. Tyto \u00fadaje slou\u017e\u00ed ke spr\u00e1v\u011b slu\u017eby.<\/li><\/ol>\n\n\n\n<p><strong>7 d\u016fle\u017eit\u00fdch marketingov\u00fdch technik<\/strong><\/p>\n\n\n\n<ol class=\"wp-block-list\"><li>Provozovatel pou\u017e\u00edv\u00e1 statistickou anal\u00fdzu n\u00e1v\u0161t\u011bvnosti webov\u00fdch str\u00e1nek prost\u0159ednictv\u00edm slu\u017eby Google Analytics. Provozovatel nep\u0159ed\u00e1v\u00e1 osobn\u00ed \u00fadaje provozovateli t\u00e9to slu\u017eby, ale pouze anonymizovan\u00e9 informace. Slu\u017eba je zalo\u017eena na pou\u017e\u00edv\u00e1n\u00ed soubor\u016f cookie ve va\u0161em koncov\u00e9m za\u0159\u00edzen\u00ed.<\/li><li>Provozovatel pou\u017e\u00edv\u00e1 techniky remarketingu, kter\u00e9 umo\u017e\u0148uj\u00ed porovn\u00e1vat reklamn\u00ed sd\u011blen\u00ed s chov\u00e1n\u00edm u\u017eivatele na webov\u00fdch str\u00e1nk\u00e1ch, co\u017e m\u016f\u017ee vyvolat dojem, \u017ee ke sledov\u00e1n\u00ed u\u017eivatele jsou pou\u017eity jeho osobn\u00ed \u00fadaje, ale ve skute\u010dnosti nedoch\u00e1z\u00ed k p\u0159ed\u00e1v\u00e1n\u00ed \u017e\u00e1dn\u00fdch osobn\u00edch \u00fadaj\u016f ze strany provozovatele provozovatel\u016fm reklamy. Technologickou podm\u00ednkou pro takov\u00e9 akce je, aby byly povoleny soubory cookie.<\/li><li>Provozovatel pou\u017e\u00edv\u00e1 \u0159e\u0161en\u00ed, kter\u00e9 zkoum\u00e1 chov\u00e1n\u00ed u\u017eivatel\u016f vytv\u00e1\u0159en\u00edm tepeln\u00fdch map a zaznamen\u00e1v\u00e1n\u00edm chov\u00e1n\u00ed na webov\u00fdch str\u00e1nk\u00e1ch. Tyto informace jsou p\u0159ed odesl\u00e1n\u00edm poskytovateli slu\u017eeb anonymizov\u00e1ny, aby nev\u011bd\u011bl, kter\u00e9 osoby se t\u00fdkaj\u00ed. Zejm\u00e9na nejsou zaznamen\u00e1v\u00e1na hesla a dal\u0161\u00ed osobn\u00ed \u00fadaje.<\/li><\/ol>\n\n\n\n<p><strong>8. informace o souborech cookie<\/strong><\/p>\n\n\n\n<ol class=\"wp-block-list\"><li>Webov\u00e9 str\u00e1nky pou\u017e\u00edvaj\u00ed soubory cookie.<\/li><li>Soubory cookie (tzv. &#8222;cookies&#8220;) jsou data IT, zejm\u00e9na textov\u00e9 soubory, kter\u00e9 jsou ulo\u017eeny v koncov\u00e9m za\u0159\u00edzen\u00ed u\u017eivatele slu\u017eby a jsou ur\u010deny k pou\u017e\u00edv\u00e1n\u00ed webov\u00fdch str\u00e1nek webov\u00fdch str\u00e1nek. Soubory cookie obvykle obsahuj\u00ed n\u00e1zev webov\u00e9 str\u00e1nky, ze kter\u00e9 poch\u00e1zej\u00ed, dobu, po kterou jsou ulo\u017eeny v koncov\u00e9m za\u0159\u00edzen\u00ed, a jedine\u010dn\u00e9 \u010d\u00edslo.<\/li><li>Subjektem, kter\u00fd umis\u0165uje soubory cookie na koncov\u00e9 za\u0159\u00edzen\u00ed u\u017eivatele slu\u017eby a z\u00edsk\u00e1v\u00e1 k nim p\u0159\u00edstup, je provozovatel slu\u017eby.<\/li><li>Soubory cookie se pou\u017e\u00edvaj\u00ed k n\u00e1sleduj\u00edc\u00edm \u00fa\u010del\u016fm:<ol><li>udr\u017eov\u00e1n\u00ed relace u\u017eivatele slu\u017eby (po p\u0159ihl\u00e1\u0161en\u00ed), d\u00edky \u010demu\u017e nemus\u00ed u\u017eivatel na ka\u017ed\u00e9 podstr\u00e1nce slu\u017eby znovu zad\u00e1vat sv\u00e9 p\u0159ihla\u0161ovac\u00ed jm\u00e9no a heslo;<\/li><li>dosa\u017een\u00ed c\u00edl\u016f uveden\u00fdch v\u00fd\u0161e v \u010d\u00e1sti &#8222;P\u0159\u00edslu\u0161n\u00e9 marketingov\u00e9 techniky&#8220;;<\/li><\/ol><\/li><li>Slu\u017eba pou\u017e\u00edv\u00e1 dva z\u00e1kladn\u00ed typy soubor\u016f cookie: &#8222;rela\u010dn\u00ed&#8220; (session cookies) a &#8222;trval\u00e9&#8220; (persistent cookies). Soubory &#8222;session&#8220; jsou do\u010dasn\u00e9 soubory, kter\u00e9 se ukl\u00e1daj\u00ed v koncov\u00e9m za\u0159\u00edzen\u00ed u\u017eivatele a\u017e do odhl\u00e1\u0161en\u00ed, opu\u0161t\u011bn\u00ed webov\u00e9 str\u00e1nky nebo vypnut\u00ed softwaru (webov\u00e9ho prohl\u00ed\u017ee\u010de). &#8222;Trval\u00e9&#8220; soubory cookie se ukl\u00e1daj\u00ed v koncov\u00e9m za\u0159\u00edzen\u00ed u\u017eivatele po dobu uvedenou v parametrech soubor\u016f cookie nebo do doby, ne\u017e je u\u017eivatel vyma\u017ee.<\/li><li>Software pro prohl\u00ed\u017een\u00ed webov\u00fdch str\u00e1nek (webov\u00fd prohl\u00ed\u017ee\u010d) obvykle ve v\u00fdchoz\u00edm nastaven\u00ed umo\u017e\u0148uje ukl\u00e1dat soubory cookie do koncov\u00e9ho za\u0159\u00edzen\u00ed u\u017eivatele. U\u017eivatel\u00e9 slu\u017eby mohou v t\u00e9to oblasti zm\u011bnit nastaven\u00ed. Internetov\u00fd prohl\u00ed\u017ee\u010d umo\u017e\u0148uje soubory cookie odstranit. Je tak\u00e9 mo\u017en\u00e9 soubory cookie automaticky blokovat. Podrobn\u00e9 informace k tomuto t\u00e9matu jsou obsa\u017eeny v n\u00e1pov\u011bd\u011b nebo dokumentaci internetov\u00e9ho prohl\u00ed\u017ee\u010de.<\/li><li>Omezen\u00ed pou\u017e\u00edv\u00e1n\u00ed soubor\u016f cookie m\u016f\u017ee ovlivnit n\u011bkter\u00e9 funkce dostupn\u00e9 na webov\u00fdch str\u00e1nk\u00e1ch.<\/li><li>Soubory cookie um\u00edst\u011bn\u00e9 v koncov\u00e9m za\u0159\u00edzen\u00ed u\u017eivatele webov\u00fdch str\u00e1nek mohou pou\u017e\u00edvat tak\u00e9 subjekty spolupracuj\u00edc\u00ed s provozovatelem webov\u00fdch str\u00e1nek, zejm\u00e9na spole\u010dnosti: Google (Google Inc. se s\u00eddlem v USA), Facebook (Facebook Inc. se s\u00eddlem v USA), Twitter (Twitter Inc. se s\u00eddlem v USA).<\/li><\/ol>\n\n\n\n<p><strong>9) Spr\u00e1va soubor\u016f cookie &#8211; jak ud\u011blit a odvolat souhlas v praxi?<\/strong><\/p>\n\n\n\n<ol class=\"wp-block-list\"><li>Pokud si nep\u0159ejete p\u0159ij\u00edmat soubory cookie, m\u016f\u017eete zm\u011bnit nastaven\u00ed prohl\u00ed\u017ee\u010de. Vyhrazujeme si pr\u00e1vo zak\u00e1zat pou\u017e\u00edv\u00e1n\u00ed soubor\u016f cookie, kter\u00e9 jsou nezbytn\u00e9 pro procesy ov\u011b\u0159ov\u00e1n\u00ed, zabezpe\u010den\u00ed, \u00fadr\u017ebu u\u017eivatelsk\u00fdch preferenc\u00ed, m\u016f\u017ee to zt\u00ed\u017eit a v krajn\u00edm p\u0159\u00edpad\u011b m\u016f\u017ee zabr\u00e1nit pou\u017e\u00edv\u00e1n\u00ed webov\u00fdch str\u00e1nek.<\/li><\/ol>\n","protected":false},"excerpt":{"rendered":"<p>1 Obecn\u00e9 informace Tyto z\u00e1sady se vztahuj\u00ed na webov\u00e9 str\u00e1nky, kter\u00e9 funguj\u00ed na adrese url: consumers-views.com\/cz\/ Provozovatel je spr\u00e1vcem va\u0161ich osobn\u00edch \u00fadaj\u016f v souvislosti s \u00fadaji, kter\u00e9 jste dobrovoln\u011b poskytli v r\u00e1mci slu\u017eby. Slu\u017eba pou\u017e\u00edv\u00e1 osobn\u00ed \u00fadaje k n\u00e1sleduj\u00edc\u00edm \u00fa\u010del\u016fm: Provozov\u00e1n\u00ed koment\u00e1\u0159ov\u00e9ho syst\u00e9mu Vy\u0159izov\u00e1n\u00ed dotaz\u016f pomoc\u00ed formul\u00e1\u0159e P\u0159edlo\u017een\u00ed nab\u00eddky nebo informac\u00ed Slu\u017eba pln\u00ed funkci z\u00edsk\u00e1v\u00e1n\u00ed [&hellip;]<\/p>\n","protected":false},"author":1,"featured_media":0,"parent":0,"menu_order":0,"comment_status":"closed","ping_status":"closed","template":"","meta":{"footnotes":""},"class_list":["post-186","page","type-page","status-publish","hentry","box-post"],"_links":{"self":[{"href":"https:\/\/consumers-views.com\/cz\/wp-json\/wp\/v2\/pages\/186","targetHints":{"allow":["GET"]}}],"collection":[{"href":"https:\/\/consumers-views.com\/cz\/wp-json\/wp\/v2\/pages"}],"about":[{"href":"https:\/\/consumers-views.com\/cz\/wp-json\/wp\/v2\/types\/page"}],"author":[{"embeddable":true,"href":"https:\/\/consumers-views.com\/cz\/wp-json\/wp\/v2\/users\/1"}],"replies":[{"embeddable":true,"href":"https:\/\/consumers-views.com\/cz\/wp-json\/wp\/v2\/comments?post=186"}],"version-history":[{"count":1,"href":"https:\/\/consumers-views.com\/cz\/wp-json\/wp\/v2\/pages\/186\/revisions"}],"predecessor-version":[{"id":187,"href":"https:\/\/consumers-views.com\/cz\/wp-json\/wp\/v2\/pages\/186\/revisions\/187"}],"wp:attachment":[{"href":"https:\/\/consumers-views.com\/cz\/wp-json\/wp\/v2\/media?parent=186"}],"curies":[{"name":"wp","href":"https:\/\/api.w.org\/{rel}","templated":true}]}}